{"id":7957,"date":"2018-04-07T20:25:53","date_gmt":"2018-04-07T20:25:53","guid":{"rendered":"http:\/\/hlrnet.com\/sites\/gzorg\/?page_id=7957"},"modified":"2026-02-14T15:56:20","modified_gmt":"2026-02-14T15:56:20","slug":"tandheelkunde","status":"publish","type":"page","link":"https:\/\/hlrnet.com\/sites\/gzorg\/tandheelkunde\/","title":{"rendered":"Tandheelkunde"},"content":{"rendered":"<ul>\n<li><a href=\"http:\/\/www.acta.nl\" target=\"_blank\" rel=\"noopener noreferrer\">ACTA &#8211; Academisch Centrum Tandheelkunde Amsterdam<\/a><\/li>\n<li><a href=\"http:\/\/www.aacd.com\/\">AACD &#8211; American Academy of Cosmetic Dentistry<\/a><\/li>\n<li><a href=\"http:\/\/www.ada.org.au\/\" target=\"_blank\" rel=\"noopener noreferrer\">Australian Dental Association<\/a><\/li>\n<li><a href=\"http:\/\/www.bda.org\/\" target=\"_blank\" rel=\"noopener noreferrer\">British Dental Association<\/a><\/li>\n<li><a href=\"http:\/\/www.dentalhealth.org\/\" target=\"_blank\" rel=\"noopener noreferrer\">British Dental Health Foundation<\/a><\/li>\n<li><a href=\"http:\/\/www.cda.org\/\" target=\"_blank\" rel=\"noopener noreferrer\">California Dental Association<\/a><\/li>\n<li><a href=\"http:\/\/www.cda-adc.ca\/\" target=\"_blank\" rel=\"noopener noreferrer\">Canadian Dental Association &#8211; Association dentaire canadienne<\/a><\/li>\n<li><a href=\"http:\/\/creedd.org\/\">Center for Research to Evaluate and Eliminate Dental Disparities<\/a><\/li>\n<li><a href=\"http:\/\/www.dentalcare.com\/\" target=\"_blank\" rel=\"noopener noreferrer\">Dentalcare: P&amp;G global dental resources<\/a><\/li>\n<li><a href=\"http:\/\/www.dhed.net\/\" target=\"_blank\" rel=\"noopener noreferrer\">Dental Hygiene Education<\/a><\/li>\n<li><a href=\"http:\/\/www.dental-resources.com\/\" target=\"_blank\" rel=\"noopener noreferrer\">Dental Resources<\/a><\/li>\n<li><a href=\"http:\/\/www.dentalsite.com\/\" target=\"_blank\" rel=\"noopener noreferrer\">Dentalsite<\/a><\/li>\n<li><a href=\"http:\/\/www.kodak.com\/\" target=\"_blank\" rel=\"noopener noreferrer\">Kodak<\/a>: Dental Systems<\/li>\n<li><a href=\"http:\/\/www.metrex.com\/\" target=\"_blank\" rel=\"noopener noreferrer\">Metrex: infection prevention products<\/a><\/li>\n<li><a href=\"http:\/\/www.markpreston.co.uk\/\" target=\"_blank\" rel=\"noopener noreferrer\">Mark Preston<\/a><\/li>\n<li><a href=\"http:\/\/www.mijntandarts.be\/\">MijnTandarts<\/a>: online kabinetten<\/li>\n<li><a href=\"http:\/\/www.bracesinfo.com\/\">Orthodontic Braces Information Page<\/a><\/li>\n<li><a href=\"http:\/\/www.tandarts.be\/\">Tandarts.be<\/a><\/li>\n<li>Producten\n<ul>\n<li><a href=\"http:\/\/www.oralb.com\/\">Oral B<\/a><\/li>\n<\/ul>\n<\/li>\n<li>Tijdschiften &#8211; Journals\n<ul>\n<li><a href=\"https:\/\/onlinelibrary.wiley.com\/journal\/10.1111\/%28ISSN%291600-0501\" target=\"_blank\" rel=\"noopener noreferrer\">Clinical Oral Implants Research<\/a><\/li>\n<li><a href=\"https:\/\/onlinelibrary.wiley.com\/journal\/10.1111\/%28ISSN%291600-0528\" target=\"_blank\" rel=\"noopener noreferrer\">Community Dentistry and Oral Epidemiology<\/a><\/li>\n<li><a href=\"https:\/\/onlinelibrary.wiley.com\/journal\/10.1111\/%28ISSN%291600-9657\" target=\"_blank\" rel=\"noopener noreferrer\">Dental Traumatology<\/a><\/li>\n<li><a href=\"https:\/\/onlinelibrary.wiley.com\/journal\/10.1111\/%28ISSN%291600-0579\" target=\"_blank\" rel=\"noopener noreferrer\">European Journal of Dental Education<\/a><\/li>\n<li><a href=\"http:\/\/www.thejcdp.com\/\">Journal<br \/>\nof Contemporary Dental Practice<\/a><\/li>\n<\/ul>\n<\/li>\n<li>Verenigingen\n<ul>\n<li><a href=\"http:\/\/www.ada.org\/\" target=\"_blank\" rel=\"noopener noreferrer\">ADA &#8211; American Dental Association<\/a><\/li>\n<li><a href=\"http:\/\/www.aapd.org\/\">American Acdemy of Pediatric Dentistry<\/a><\/li>\n<li><a href=\"http:\/\/www.adha.org\/\" target=\"_blank\" rel=\"noopener noreferrer\">The American Dental Hygienist&#8217;s Association<\/a><\/li>\n<li><a href=\"http:\/\/www.iadt-dentaltrauma.org\/\">International Association of Dental Traumatology<\/a><\/li>\n<li><a href=\"http:\/\/www.nvoi.nl\/index.php?option=com_frontpage&amp;Itemid=1\">NVOI &#8211; Nederlandse Vereniging voor Orale Implantologie<\/a><\/li>\n<li><a href=\"http:\/\/www.nvvp.org\/\" target=\"_blank\" rel=\"noopener noreferrer\">NVVP &#8211; Nederlandse Vereniging voor Parodontologie<\/a><\/li>\n<li><a href=\"http:\/\/www.dentiste.be\/\" target=\"_blank\" rel=\"noopener noreferrer\">Soci\u00e9t\u00e9 de M\u00e9decine Dentaire<\/a> (BE)<\/li>\n<li><a href=\"http:\/\/www.sfodf.org\/\">Soci\u00e9t\u00e9 fran\u00e7aise d&#8217;Orthop\u00e9die dento-faciale<\/a> (SFODF)<\/li>\n<li><a href=\"http:\/\/www.ufsbd.fr\/\">Union Fran\u00e7aise pour la Sant\u00e9 Bucco-Dentaire<\/a> (UFSBD)<\/li>\n<li><a href=\"http:\/\/www.vvt.be\/\">VVT<\/a><\/li>\n<\/ul>\n<\/li>\n<li>Stomatologie\n<ul>\n<li><a href=\"http:\/\/www.omfs.be\/\">OMFS: Oro-Maxillo-Facial Surgery<\/a><\/li>\n<\/ul>\n<\/li>\n<li>Voor pati\u00ebnten\n<ul>\n<li><a href=\"https:\/\/www.allesoverhetgebit.nl\/\">Alles over het gebit.nl<\/a><\/li>\n<li><a href=\"https:\/\/www.dentalclinics.nl\/nieuws\/tanderosie-steeds-grotere-bedreiging-voor-het-gezonde-gebit\/\">Dentaclinics.nl<\/a><\/li>\n<li><a href=\"https:\/\/www.studentist.nl\/\">Studentist<\/a><\/li>\n<li><a href=\"https:\/\/www.tandarts.nl\/\">Tandarts.nl<\/a><\/li>\n<\/ul>\n<\/li>\n<li>Open Source initiatieven\n<ul>\n<li><a href=\"http:\/\/sourceforge.net\/projects\/dentinn\/\" target=\"_blank\" rel=\"noopener noreferrer\"> Dent-Inn<\/a> &#8211; Dent-Inn es una aplicaci\u00f3n de gesti\u00f3n para cl\u00ednicas dentales. Almacena los datos de los pacientes, dentigramas, citas y tratamientos, presupuestos, radiograf\u00edas, informes, etc.<\/li>\n<\/ul>\n<\/li>\n<\/ul>\n<span class=\"last-modified-timestamp\">feb 14, 2026 @ 3:56 pm<\/span>\n","protected":false},"excerpt":{"rendered":"<p>ACTA &#8211; Academisch Centrum Tandheelkunde Amsterdam AACD &#8211; American Academy of Cosmetic Dentistry Australian Dental Association British Dental Association British Dental Health Foundation California Dental Association Canadian Dental Association &#8211; Association dentaire canadienne Center for Research to Evaluate and Eliminate Dental Disparities Dentalcare: P&amp;G global dental resources Dental Hygiene Education<\/p>\n","protected":false},"author":1,"featured_media":0,"parent":0,"menu_order":0,"comment_status":"closed","ping_status":"closed","template":"","meta":{"footnotes":"","_wp_rev_ctl_limit":""},"class_list":["post-7957","page","type-page","status-publish","hentry"],"publishpress_future_action":{"enabled":false,"date":"2026-04-30 16:37:00","action":"delete","newStatus":"draft","terms":[],"taxonomy":"","extraData":[]},"publishpress_future_workflow_manual_trigger":{"enabledWorkflows":[]},"_links":{"self":[{"href":"https:\/\/hlrnet.com\/sites\/gzorg\/wp-json\/wp\/v2\/pages\/7957","targetHints":{"allow":["GET"]}}],"collection":[{"href":"https:\/\/hlrnet.com\/sites\/gzorg\/wp-json\/wp\/v2\/pages"}],"about":[{"href":"https:\/\/hlrnet.com\/sites\/gzorg\/wp-json\/wp\/v2\/types\/page"}],"author":[{"embeddable":true,"href":"https:\/\/hlrnet.com\/sites\/gzorg\/wp-json\/wp\/v2\/users\/1"}],"replies":[{"embeddable":true,"href":"https:\/\/hlrnet.com\/sites\/gzorg\/wp-json\/wp\/v2\/comments?post=7957"}],"version-history":[{"count":4,"href":"https:\/\/hlrnet.com\/sites\/gzorg\/wp-json\/wp\/v2\/pages\/7957\/revisions"}],"predecessor-version":[{"id":25190,"href":"https:\/\/hlrnet.com\/sites\/gzorg\/wp-json\/wp\/v2\/pages\/7957\/revisions\/25190"}],"wp:attachment":[{"href":"https:\/\/hlrnet.com\/sites\/gzorg\/wp-json\/wp\/v2\/media?parent=7957"}],"curies":[{"name":"wp","href":"https:\/\/api.w.org\/{rel}","templated":true}]}}