{"id":7951,"date":"2018-04-07T18:32:23","date_gmt":"2018-04-07T18:32:23","guid":{"rendered":"http:\/\/hlrnet.com\/sites\/gzorg\/?page_id=7951"},"modified":"2025-04-29T12:14:01","modified_gmt":"2025-04-29T12:14:01","slug":"chirugie-heelkunde","status":"publish","type":"page","link":"https:\/\/hlrnet.com\/sites\/gzorg\/chirugie-heelkunde\/","title":{"rendered":"Chirurgie &#8211; heelkunde"},"content":{"rendered":"<ul>\n<li><a href=\"http:\/\/www.fascrs.org\/\" target=\"_blank\" rel=\"noopener noreferrer\">ASCRS: American Society of Colon and Rectal Surgeons<\/a><\/li>\n<li><a href=\"http:\/\/amsn.org\/\">Academy of Medical-Surgery Nurses<\/a> (AMSN)<\/li>\n<li><a href=\"http:\/\/www.belsurg.org\/\">Belsurg<\/a>: Belgian Surgical Website<\/li>\n<li><a href=\"http:\/\/www.c3.be\/\" target=\"_blank\" rel=\"noopener noreferrer\">C3<\/a>\u00a0(BE)<\/li>\n<li><a href=\"http:\/\/www.chirurg.co.at\/\" target=\"_blank\" rel=\"noopener noreferrer\">Chirurg.co.at<\/a><\/li>\n<li><a href=\"http:\/\/www.chirurgenoperatie.nl\/\" target=\"_blank\" rel=\"noopener noreferrer\">CHIRURGenOPERATIE<\/a><\/li>\n<li><a href=\"http:\/\/deelkunde.nl\/\">Deelkunde<\/a>: gedeelde besluitvorming (<em>\u2018shared decision making\u2019<\/em>)\u00a0in de Heelkunde<\/li>\n<li><a href=\"http:\/\/www.eatonhand.com\/\" target=\"_blank\" rel=\"noopener noreferrer\">Electronic Textbook of Hand Surgery<\/a><\/li>\n<li><a href=\"http:\/\/www.EBPOM.org\">Evidence Based Perioperative Medicine<\/a><\/li>\n<li><a href=\"http:\/\/www.thehand.com\/\" target=\"_blank\" rel=\"noopener noreferrer\">The hand (handchirurgie)<\/a><\/li>\n<li><a href=\"https:\/\/heelkunde.nl\/\">Heelkunde.nl<\/a><\/li>\n<li><a href=\"http:\/\/www.much.org\/\" target=\"_blank\" rel=\"noopener noreferrer\">MUCH: multim\u00e9dia et chirurgie<\/a><\/li>\n<li><a href=\"http:\/\/www.operatieverpleegkundige.be\">Operatieverpleegkundige.be<\/a><\/li>\n<li><a href=\"http:\/\/www.chirurgie-ges.at\/\" target=\"_blank\" rel=\"noopener noreferrer\">\u00d6sterreichische Gesellschaft f\u00fcr Chirurgie<\/a><\/li>\n<li><a href=\"http:\/\/www.handchirurgen.at\/\" target=\"_blank\" rel=\"noopener noreferrer\">\u00d6sterreichische Gesellschaft f\u00fcr HandChirurgie (\u00d6GH)<\/a><\/li>\n<li><a href=\"http:\/\/www.operatieverpleegkundige.be\/\">Vlaamse Operatieverpleegkundigen<\/a><\/li>\n<li>Plastische chirurgie\n<ul>\n<li><a href=\"http:\/\/www.xthetic.com\/\" target=\"_blank\" rel=\"noopener noreferrer\">Chirurgiaestetica<\/a>\u00a0(IT)<\/li>\n<li><a href=\"http:\/\/www.medix.it\/\" target=\"_blank\" rel=\"noopener noreferrer\">Chirurgia estetica interattiva<\/a>\u00a0(IT)<\/li>\n<li><a href=\"http:\/\/www.dgpraec.de\/\">Deutschen Gesellschaft der Plastischen, Rekonstruktiven und \u00c4sthetischen Chirurgen<\/a><\/li>\n<li><a href=\"http:\/\/www.rbsps.org\/\" target=\"_blank\" rel=\"noopener noreferrer\">Koninklijke Belgische Vereniging voor Plastische, Reconctructieve en Esthetische chirurgie<\/a><\/li>\n<li><a href=\"http:\/\/www.sfme.info\/\">Soci\u00e9t\u00e9 fran\u00e7aise de m\u00e9decine esth\u00e9tique<\/a><\/li>\n<\/ul>\n<\/li>\n<\/ul>\n<span class=\"last-modified-timestamp\">apr 29, 2025 @ 12:14 pm<\/span>\n<div id=\"simple-translate\" class=\"simple-translate-system-theme\">\n<div>\n<div class=\"simple-translate-button isShow\" style=\"background-image: url('moz-extension:\/\/37e44441-594c-4b50-b456-e2df16779982\/icons\/512.png'); height: 22px; width: 22px; top: 485px; left: 41px;\"><\/div>\n<div class=\"simple-translate-panel \" style=\"width: 300px; height: 200px; top: 0px; left: 0px; font-size: 13px;\">\n<div class=\"simple-translate-result-wrapper\" style=\"overflow: hidden;\">\n<div class=\"simple-translate-move\" draggable=\"true\"><\/div>\n<div class=\"simple-translate-result-contents\">\n<p class=\"simple-translate-result\" dir=\"auto\">\n<p class=\"simple-translate-candidate\" dir=\"auto\">\n<\/div>\n<\/div>\n<\/div>\n<\/div>\n<\/div>\n","protected":false},"excerpt":{"rendered":"<p>ASCRS: American Society of Colon and Rectal Surgeons Academy of Medical-Surgery Nurses (AMSN) Belsurg: Belgian Surgical Website C3\u00a0(BE) Chirurg.co.at CHIRURGenOPERATIE Deelkunde: gedeelde besluitvorming (\u2018shared decision making\u2019)\u00a0in de Heelkunde Electronic Textbook of Hand Surgery Evidence Based Perioperative Medicine The hand (handchirurgie) Heelkunde.nl MUCH: multim\u00e9dia et chirurgie Operatieverpleegkundige.be \u00d6sterreichische Gesellschaft f\u00fcr Chirurgie<\/p>\n","protected":false},"author":1,"featured_media":0,"parent":0,"menu_order":0,"comment_status":"closed","ping_status":"closed","template":"","meta":{"footnotes":"","_wp_rev_ctl_limit":""},"class_list":["post-7951","page","type-page","status-publish","hentry"],"publishpress_future_action":{"enabled":false,"date":"2026-04-30 18:00:46","action":"delete","newStatus":"draft","terms":[],"taxonomy":"","extraData":[]},"publishpress_future_workflow_manual_trigger":{"enabledWorkflows":[]},"_links":{"self":[{"href":"https:\/\/hlrnet.com\/sites\/gzorg\/wp-json\/wp\/v2\/pages\/7951","targetHints":{"allow":["GET"]}}],"collection":[{"href":"https:\/\/hlrnet.com\/sites\/gzorg\/wp-json\/wp\/v2\/pages"}],"about":[{"href":"https:\/\/hlrnet.com\/sites\/gzorg\/wp-json\/wp\/v2\/types\/page"}],"author":[{"embeddable":true,"href":"https:\/\/hlrnet.com\/sites\/gzorg\/wp-json\/wp\/v2\/users\/1"}],"replies":[{"embeddable":true,"href":"https:\/\/hlrnet.com\/sites\/gzorg\/wp-json\/wp\/v2\/comments?post=7951"}],"version-history":[{"count":5,"href":"https:\/\/hlrnet.com\/sites\/gzorg\/wp-json\/wp\/v2\/pages\/7951\/revisions"}],"predecessor-version":[{"id":24262,"href":"https:\/\/hlrnet.com\/sites\/gzorg\/wp-json\/wp\/v2\/pages\/7951\/revisions\/24262"}],"wp:attachment":[{"href":"https:\/\/hlrnet.com\/sites\/gzorg\/wp-json\/wp\/v2\/media?parent=7951"}],"curies":[{"name":"wp","href":"https:\/\/api.w.org\/{rel}","templated":true}]}}