{"id":7949,"date":"2018-04-07T18:30:45","date_gmt":"2018-04-07T18:30:45","guid":{"rendered":"http:\/\/hlrnet.com\/sites\/gzorg\/?page_id=7949"},"modified":"2024-06-20T10:42:44","modified_gmt":"2024-06-20T10:42:44","slug":"cardiologie","status":"publish","type":"page","link":"https:\/\/hlrnet.com\/sites\/gzorg\/cardiologie\/","title":{"rendered":"Cardiologie"},"content":{"rendered":"<ul>\n<li>Algemeen &#8211; information\n<ul>\n<li><a href=\"http:\/\/www.acls.net\/\" target=\"_blank\" rel=\"noopener noreferrer\">ACLS- Advanced Cardiac Certification<\/a><\/li>\n<li><a href=\"http:\/\/www.cardiologia.net\/\" target=\"_blank\" rel=\"noopener noreferrer\">Cardiolog\u00eda.net<\/a>\u00a0(ES)<\/li>\n<li><a href=\"http:\/\/www.cardiologie.nl\/\" target=\"_blank\" rel=\"noopener noreferrer\">Cardiologie.nl<\/a><\/li>\n<li><a href=\"http:\/\/www.cardiologyinreview.com\/\" target=\"_blank\" rel=\"noopener noreferrer\">Cardiology in Review<\/a><\/li>\n<li><a href=\"http:\/\/www.cardiologytoday.com\/\" target=\"_blank\" rel=\"noopener noreferrer\">Cardiology Today: Current News in Cardiovascular Disease<\/a><\/li>\n<li><a href=\"http:\/\/www.cardiovascular.cx\/\">The Gross Physiology of the Cardiovascular System<\/a><\/li>\n<li><a href=\"https:\/\/hartziekte.be\/\">Hartziekte.be<\/a><\/li>\n<li><a href=\"http:\/\/heart.bmjjournals.com\/\" target=\"_blank\" rel=\"noopener noreferrer\">Heart Online<\/a><\/li>\n<li><a href=\"http:\/\/www.vascularweb.org\">VascularWeb<\/a><\/li>\n<\/ul>\n<\/li>\n<li>Bedrijven\n<ul>\n<li><a href=\"http:\/\/www.edwards.com\/\">Edwards Lifesciences<\/a><\/li>\n<li><a href=\"http:\/\/www.vermed.com\/\" target=\"_blank\" rel=\"noopener noreferrer\">Vermont Medical<\/a>: disposable EKG, ECG electrodes for use in all cardiac monitoring and diagnostic applications<\/li>\n<li><a href=\"http:\/\/www.zoll.com\/\" target=\"_blank\" rel=\"noopener noreferrer\">ZOLL Medical Corporation<\/a>: proprietary noninvasice cardiac<br \/>\nresuscitation devices, disposable electrods and mobile ECG systems<\/li>\n<\/ul>\n<\/li>\n<li>Tijdschriften &#8211; Journals\n<ul>\n<li><a href=\"http:\/\/www.cardiab.com\/\">Cardiovascular diabetology<\/a><\/li>\n<li><a href=\"http:\/\/cardiovascres.oxfordjournals.org\/\">Cardiovascular Research<\/a><\/li>\n<li><a href=\"http:\/\/www.cardiovascularultrasound.com\/\">Cardiovascular Ultrasound<\/a><\/li>\n<li><a href=\"http:\/\/www.chestjournal.org\/\" target=\"_blank\" rel=\"noopener noreferrer\">Chest Journal<\/a><\/li>\n<li><a href=\"http:\/\/circ.ahajournals.org\/\" target=\"_blank\" rel=\"noopener noreferrer\">Circulation<\/a> (American Heart Association)<\/li>\n<li><a href=\"http:\/\/circres.ahajournals.org\/\" target=\"_blank\" rel=\"noopener noreferrer\">Circulation Research<\/a> (American Heart Association)<\/li>\n<li><a href=\"http:\/\/www.co-cardiology.com\/\" target=\"_blank\" rel=\"noopener noreferrer\">Current Opinion in Cardiology<\/a><\/li>\n<li><a href=\"http:\/\/www.kup.at\/jcbc\" target=\"_blank\" rel=\"noopener noreferrer\">Journal of Clinical and Basic Cardiology<\/a><\/li>\n<\/ul>\n<ul>\n<li><a href=\"http:\/\/www.nature.com\/ncpcardio\/\">Nature Clinical Practice: Cardiovascular Medicine<\/a><\/li>\n<li><a href=\"http:\/\/thorax.bmj.com\/\" target=\"_blank\" rel=\"noopener noreferrer\">Thorax Journal<\/a><\/li>\n<\/ul>\n<\/li>\n<li>Verenigingen &#8211; Associations\n<ul>\n<li><a href=\"http:\/\/www.acc.org\/\" target=\"_blank\" rel=\"noopener noreferrer\">American College of Cardiology<\/a><\/li>\n<li><a href=\"http:\/\/www.heart.org\/\">American Heart Association<\/a><\/li>\n<\/ul>\n<ul>\n<li><a href=\"http:\/\/www.enfermeriaencardiologia.com\">Asociaci\u00f3n Espa\u00f1ola de Enfermer\u00eda en Cardiolog\u00eda<\/a><\/li>\n<\/ul>\n<ul>\n<li><a href=\"http:\/\/www.bscardio.be\">BSC: Belgian Society of Cardiology<\/a><\/li>\n<li><a href=\"https:\/\/bwgcvn.be\/\">Belgische Werkgroep Cardiovasculaire Verpleegkunde<\/a><\/li>\n<li><a href=\"http:\/\/www.ccs.ca\/\">Canadian Cardiovascular Society<\/a><\/li>\n<li><a href=\"http:\/\/www.escardio.org\/\" target=\"_blank\" rel=\"noopener noreferrer\">European Society of Cardiology, Soci\u00e9t\u00e9 Europ\u00e9enne de Cardiologie<\/a><\/li>\n<\/ul>\n<ul>\n<li><a href=\"http:\/\/www.carvasz.nl\/\">Nederlandse Vereniging voor Hart en Vaat Verpleegkundigen<\/a><\/li>\n<li><a href=\"http:\/\/www.sfcardio.fr\">Soci\u00e9t\u00e9 fran\u00e7aise de cardiologie<\/a><\/li>\n<li><a href=\"http:\/\/www.scai.org\/\" target=\"_blank\" rel=\"noopener noreferrer\">Society for Cardiovascular Angiography and Interventions<\/a><\/li>\n<li><a href=\"http:\/\/www.vascularweb.org\/\">Vascular Web<\/a>: Society of vascular surgery<\/li>\n<li><a href=\"http:\/\/www.world-heart-federation.org\/\">World Hearth Federation<\/a><\/li>\n<\/ul>\n<\/li>\n<li>Voor pati\u00ebnten\n<ul>\n<li><a href=\"http:\/\/www.americanheart.org\">American Heart<\/a><\/li>\n<li><a href=\"https:\/\/www.hartwijzer.nl\/\">Hartwijzer<\/a><\/li>\n<li><a href=\"http:\/\/www.hartstichting.nl\/\" target=\"_blank\" rel=\"noopener noreferrer\">Nederlandse hartstichting<\/a>\u00a0(NL)<\/li>\n<\/ul>\n<\/li>\n<\/ul>\n<span class=\"last-modified-timestamp\">jun 20, 2024 @ 10:42 am<\/span>\n","protected":false},"excerpt":{"rendered":"<p>Algemeen &#8211; information ACLS- Advanced Cardiac Certification Cardiolog\u00eda.net\u00a0(ES) Cardiologie.nl Cardiology in Review Cardiology Today: Current News in Cardiovascular Disease The Gross Physiology of the Cardiovascular System Hartziekte.be Heart Online VascularWeb Bedrijven Edwards Lifesciences Vermont Medical: disposable EKG, ECG electrodes for use in all cardiac monitoring and diagnostic applications ZOLL Medical<\/p>\n","protected":false},"author":1,"featured_media":0,"parent":0,"menu_order":0,"comment_status":"closed","ping_status":"closed","template":"","meta":{"footnotes":"","_wp_rev_ctl_limit":""},"class_list":["post-7949","page","type-page","status-publish","hentry"],"publishpress_future_action":{"enabled":false,"date":"2026-04-30 23:56:23","action":"delete","newStatus":"draft","terms":[],"taxonomy":"","extraData":[]},"publishpress_future_workflow_manual_trigger":{"enabledWorkflows":[]},"_links":{"self":[{"href":"https:\/\/hlrnet.com\/sites\/gzorg\/wp-json\/wp\/v2\/pages\/7949","targetHints":{"allow":["GET"]}}],"collection":[{"href":"https:\/\/hlrnet.com\/sites\/gzorg\/wp-json\/wp\/v2\/pages"}],"about":[{"href":"https:\/\/hlrnet.com\/sites\/gzorg\/wp-json\/wp\/v2\/types\/page"}],"author":[{"embeddable":true,"href":"https:\/\/hlrnet.com\/sites\/gzorg\/wp-json\/wp\/v2\/users\/1"}],"replies":[{"embeddable":true,"href":"https:\/\/hlrnet.com\/sites\/gzorg\/wp-json\/wp\/v2\/comments?post=7949"}],"version-history":[{"count":0,"href":"https:\/\/hlrnet.com\/sites\/gzorg\/wp-json\/wp\/v2\/pages\/7949\/revisions"}],"wp:attachment":[{"href":"https:\/\/hlrnet.com\/sites\/gzorg\/wp-json\/wp\/v2\/media?parent=7949"}],"curies":[{"name":"wp","href":"https:\/\/api.w.org\/{rel}","templated":true}]}}