{"id":7945,"date":"2018-04-07T18:26:38","date_gmt":"2018-04-07T18:26:38","guid":{"rendered":"http:\/\/hlrnet.com\/sites\/gzorg\/?page_id=7945"},"modified":"2025-02-25T13:20:48","modified_gmt":"2025-02-25T13:20:48","slug":"autisme","status":"publish","type":"page","link":"https:\/\/hlrnet.com\/sites\/gzorg\/autisme\/","title":{"rendered":"Autisme"},"content":{"rendered":"<ul>\n<li>Informatie\n<ul>\n<li><a href=\"http:\/\/www.autisme.net\/\" target=\"_blank\" rel=\"noopener noreferrer\">Aide \u00e0 l&#8217;enfance autiste<\/a><\/li>\n<li><a href=\"http:\/\/www.autismecentraal.com\/\" target=\"_blank\" rel=\"noopener noreferrer\">Autisme Centraal<\/a><\/li>\n<li><a href=\"http:\/\/www.autismediffusion.com\/\" target=\"_blank\" rel=\"noopener noreferrer\">Autisme Diffision<\/a><\/li>\n<li><a href=\"http:\/\/www.fondation-autisme.org\/\" target=\"_blank\" rel=\"noopener noreferrer\">Fondation Autisme<\/a><\/li>\n<li><a href=\"http:\/\/www.landelijknetwerkautisme.nl\/\" target=\"_blank\" rel=\"noopener noreferrer\">Landelijk Netwerk Autisme<\/a><\/li>\n<li><a href=\"http:\/\/www.autisme.dk\/\" target=\"_blank\" rel=\"noopener noreferrer\">Videnscenter for Autisme<\/a> (DK)<\/li>\n<\/ul>\n<\/li>\n<li>Tijdschriften\n<ul>\n<li><a href=\"http:\/\/www.autism.com\/\">Autism Research Institute<\/a><\/li>\n<\/ul>\n<\/li>\n<li>Verenigingen\n<ul>\n<li><a href=\"http:\/\/www.autismeurope.org\/\" target=\"_blank\" rel=\"noopener noreferrer\">Autism Europe<\/a><\/li>\n<li><a href=\"http:\/\/www.autismuk.com\/\" target=\"_blank\" rel=\"noopener noreferrer\">Autism Independent UK &#8211; Society For The Autistically Handicapped<\/a><\/li>\n<li><a href=\"http:\/\/autisme.france.free.fr\/\" target=\"_blank\" rel=\"noopener noreferrer\">Autisme France<\/a><\/li>\n<li><a href=\"http:\/\/www.autisme-montreal.com\/\" target=\"_blank\" rel=\"noopener noreferrer\">Autisme Montr\u00e9al<\/a><\/li>\n<li><a href=\"https:\/\/autismcanada.org\/\" target=\"_blank\" rel=\"noopener noreferrer\">Autism Society Canada<\/a><\/li>\n<li><a href=\"http:\/\/www.autisme.ch\/\" target=\"_blank\" rel=\"noopener noreferrer\">Autisme Suisse Romande<\/a><\/li>\n<li><a href=\"http:\/\/www.autisme.qc.ca\/\" target=\"_blank\" rel=\"noopener noreferrer\">F\u00e9d\u00e9ration qu\u00e9becoise de l&#8217;autisme et des autres troubles envahissants du d\u00e9veloppement <\/a><\/li>\n<li><a href=\"http:\/\/www.autism.org.uk\/\" target=\"_blank\" rel=\"noopener noreferrer\">National Autistic Society<\/a> (UK)<\/li>\n<li><a href=\"http:\/\/www.autismevlaanderen.be\/\" target=\"_blank\" rel=\"noopener noreferrer\">Vlaamse Vereniging Autisme<\/a><\/li>\n<\/ul>\n<\/li>\n<li>Initiatieven voor autisten\n<ul>\n<li><a href=\"http:\/\/www.autisme.com\/\" target=\"_blank\" rel=\"noopener noreferrer\">Autism la Garriga project<\/a><\/li>\n<li><a href=\"https:\/\/www.aacandautism.com\/\">The Center for AAC &amp; Autism<\/a> | <a href=\"https:\/\/www.aacandautism.com\/why-aac\">Why AAC?<\/a><\/li>\n<\/ul>\n<\/li>\n<li>Andere\n<ul>\n<li><a href=\"http:\/\/www.susa.be\/\" target=\"_blank\" rel=\"noopener noreferrer\">Susa<\/a>: service universitaire sp\u00e9cialis\u00e9 pour personnes avec autisme<\/li>\n<\/ul>\n<\/li>\n<\/ul>\n<span class=\"last-modified-timestamp\">feb 25, 2025 @ 1:20 pm<\/span>\n<div id=\"simple-translate\" class=\"simple-translate-system-theme\">\n<div>\n<div class=\"simple-translate-button isShow\" style=\"background-image: url('moz-extension:\/\/bb6e946f-335c-4d61-b033-c0e4e42322f9\/icons\/512.png'); height: 22px; width: 22px; top: 732px; left: 74px;\"><\/div>\n<div class=\"simple-translate-panel \" style=\"width: 300px; height: 200px; top: 0px; left: 0px; font-size: 13px;\">\n<div class=\"simple-translate-result-wrapper\" style=\"overflow: hidden;\">\n<div class=\"simple-translate-move\" draggable=\"true\"><\/div>\n<div class=\"simple-translate-result-contents\">\n<p class=\"simple-translate-result\" dir=\"auto\">\n<p class=\"simple-translate-candidate\" dir=\"auto\">\n<\/div>\n<\/div>\n<\/div>\n<\/div>\n<\/div>\n","protected":false},"excerpt":{"rendered":"<p>Informatie Aide \u00e0 l&#8217;enfance autiste Autisme Centraal Autisme Diffision Fondation Autisme Landelijk Netwerk Autisme Videnscenter for Autisme (DK) Tijdschriften Autism Research Institute Verenigingen Autism Europe Autism Independent UK &#8211; Society For The Autistically Handicapped Autisme France Autisme Montr\u00e9al Autism Society Canada Autisme Suisse Romande F\u00e9d\u00e9ration qu\u00e9becoise de l&#8217;autisme et des<\/p>\n","protected":false},"author":1,"featured_media":0,"parent":0,"menu_order":0,"comment_status":"closed","ping_status":"closed","template":"","meta":{"footnotes":"","_wp_rev_ctl_limit":""},"class_list":["post-7945","page","type-page","status-publish","hentry"],"publishpress_future_action":{"enabled":false,"date":"2026-04-30 23:11:50","action":"delete","newStatus":"draft","terms":[],"taxonomy":"","extraData":[]},"publishpress_future_workflow_manual_trigger":{"enabledWorkflows":[]},"_links":{"self":[{"href":"https:\/\/hlrnet.com\/sites\/gzorg\/wp-json\/wp\/v2\/pages\/7945","targetHints":{"allow":["GET"]}}],"collection":[{"href":"https:\/\/hlrnet.com\/sites\/gzorg\/wp-json\/wp\/v2\/pages"}],"about":[{"href":"https:\/\/hlrnet.com\/sites\/gzorg\/wp-json\/wp\/v2\/types\/page"}],"author":[{"embeddable":true,"href":"https:\/\/hlrnet.com\/sites\/gzorg\/wp-json\/wp\/v2\/users\/1"}],"replies":[{"embeddable":true,"href":"https:\/\/hlrnet.com\/sites\/gzorg\/wp-json\/wp\/v2\/comments?post=7945"}],"version-history":[{"count":3,"href":"https:\/\/hlrnet.com\/sites\/gzorg\/wp-json\/wp\/v2\/pages\/7945\/revisions"}],"predecessor-version":[{"id":24114,"href":"https:\/\/hlrnet.com\/sites\/gzorg\/wp-json\/wp\/v2\/pages\/7945\/revisions\/24114"}],"wp:attachment":[{"href":"https:\/\/hlrnet.com\/sites\/gzorg\/wp-json\/wp\/v2\/media?parent=7945"}],"curies":[{"name":"wp","href":"https:\/\/api.w.org\/{rel}","templated":true}]}}