{"id":7941,"date":"2018-04-07T18:23:32","date_gmt":"2018-04-07T18:23:32","guid":{"rendered":"http:\/\/hlrnet.com\/sites\/gzorg\/?page_id=7941"},"modified":"2024-10-26T18:40:39","modified_gmt":"2024-10-26T18:40:39","slug":"verenigingen-en-vakbladen-voor-verpleegkundigen","status":"publish","type":"page","link":"https:\/\/hlrnet.com\/sites\/gzorg\/verenigingen-en-vakbladen-voor-verpleegkundigen\/","title":{"rendered":"Verenigingen en vakbladen voor verpleegkundigen"},"content":{"rendered":"<ul>\n<li>Tijdschriften\n<ul>\n<li><a href=\"http:\/\/www.biomedcentral.com\/bmcnurs\/\">BMC Nursing<\/a><\/li>\n<li><a href=\"http:\/\/journals.bmj.com\/\" target=\"_blank\" rel=\"noopener noreferrer\">BMJ Journals<\/a><\/li>\n<li><a href=\"http:\/\/www.bmj.com\" target=\"_blank\" rel=\"noopener noreferrer\">British Medical Journal<\/a><\/li>\n<li><a href=\"http:\/\/www.longwoods.com\/publications\/nursing-leadership\" target=\"_blank\" rel=\"noopener noreferrer\">Canadian Journal of Nursing Leadership<\/a><\/li>\n<li><a href=\"http:\/\/www.cnh.nl\/\" target=\"_blank\" rel=\"noopener noreferrer\">Care Net Holland<\/a><\/li>\n<li><a href=\"http:\/\/ebn.bmj.com\/\" target=\"_blank\" rel=\"noopener noreferrer\">Evidence Based Nursing<\/a><\/li>\n<li><a href=\"http:\/\/www.bepress.com\/ijnes\/\">International Journal of Nursing Education Scholarship<\/a><\/li>\n<li><a href=\"http:\/\/www.invert.be\/\" target=\"_blank\" rel=\"noopener noreferrer\">Invert<\/a>: index van Nederlandstalige verpleegkundige tijdschriftliteratuur<\/li>\n<li><a href=\"http:\/\/www.jmir.org\/\" target=\"_blank\" rel=\"noopener noreferrer\">Journal of Medical Internet Resources<\/a><\/li>\n<li><a href=\"https:\/\/jrn.sagepub.com\/\">Journal of Research in Nursing<\/a><\/li>\n<li><a href=\"http:\/\/www.thelancet.com\/\" target=\"_blank\" rel=\"noopener noreferrer\">The Lancet<\/a><\/li>\n<li><a href=\"http:\/\/www.nejm.org\/\" target=\"_blank\" rel=\"noopener noreferrer\">New England Journal of Medicine<\/a><\/li>\n<li><a href=\"http:\/\/www.informaticsnurse.com\/\">Nursing Informatics<\/a><\/li>\n<li><a href=\"http:\/\/www.rcn.org.uk\/\">Royal College of Nursing<\/a> (UK)<\/li>\n<li><a href=\"https:\/\/www.witgelekruis.be\/publicatie\/thuis-verplegen\">Thuis verplegen<\/a><\/li>\n<li><a href=\"http:\/\/www.tijdschriftverpleegkunde.nl\/\">Tijdschift Verpleegkunde<\/a><\/li>\n<li><a href=\"http:\/\/www.tvvonline.nl\/\">TVVOnline, Tijdschift voor Verzorgenden<\/a><\/li>\n<li><a href=\"http:\/\/www.tijdschriftverpleegkunde.nl\/\">Verpleegkunde<\/a>: Nederlands-Vlaams wetenschappelijk tijdschrift voor verpleegkundigen<\/li>\n<\/ul>\n<\/li>\n<li>Verenigingen\n<ul>\n<li><a href=\"http:\/\/amsn.org\/\">Academy of Medical-Surgery Nurses<\/a> (AMSN)<\/li>\n<li><a href=\"https:\/\/www.infirmieres.be\/\">ACN &#8211; Association belge des praticiens de l&#8217;art infirmier<\/a> (infirmieres.be)<\/li>\n<li><a href=\"https:\/\/www.aacnnursing.org\/\" target=\"_blank\" rel=\"noopener noreferrer\"> American Association of Colleges of Nursing<\/a><br \/>\n(AACN)<\/li>\n<li><a href=\"http:\/\/www.nursingworld.org\/\" target=\"_blank\" rel=\"noopener noreferrer\">American Association of Critical Care Nurses<\/a><\/li>\n<li><a href=\"http:\/\/www.aahn.org\/\" target=\"_blank\" rel=\"noopener noreferrer\">American Association for the History of Nursing (AAHN)<\/a><\/li>\n<li><a href=\"http:\/\/www.ania.org\/\" target=\"_blank\" rel=\"noopener noreferrer\">American Nursing Informatics Association (ANIA)<\/a><\/li>\n<li><a href=\"http:\/\/www.infirmieres.be\/\">Association belge des praticiens de l&#8217;art infirmier (ACN)<\/a><\/li>\n<li><a href=\"http:\/\/www.afiscep.be\/\">Association Francophone d\u2019Infirmiers(\u00e8res) en Stomath\u00e9rapie, Cicatrisation et Plaie de Belgique<\/a><\/li>\n<li><a href=\"http:\/\/www.afisteb.be\/\">Association Francophone des Infirmiers de Sant\u00e9 au Travail en Belgique (AFISTEB)<\/a><\/li>\n<li><a href=\"http:\/\/asso-arsi.fr\/\">Association de Recherche en Soins Infirmiers (ARSI)<\/a><\/li>\n<li><a href=\"http:\/\/www.aiib-vukb.be\/\">Association des Infirmi\u00e8res Ind\u00e9pendantes de Belgique (AIIB &#8211; VUKB)<\/a><\/li>\n<li><a href=\"http:\/\/www.anpde.asso.fr\">Association nationale des pu\u00e9ricultrices dipl\u00f4m\u00e9es et des \u00e9tudiantes<\/a> (ANPDE)<\/li>\n<li><a href=\"http:\/\/www.aacn.org\/\" target=\"_blank\" rel=\"noopener noreferrer\">Association of Critical Care Nurses<\/a><\/li>\n<li><a href=\"http:\/\/www.aorn.org\/\" target=\"_blank\" rel=\"noopener noreferrer\">Association of preOperative Registered Nurses<\/a><\/li>\n<li><a href=\"https:\/\/sbk-asi.ch\/fr\/\">Association suisse des infirmiers et infirmi\u00e8res (ASI)<\/a><\/li>\n<li><a href=\"http:\/\/ambulancezorg.venvn.nl\/\" target=\"_blank\" rel=\"noopener noreferrer\">BeroepsVereniging Ambulancezorg<\/a><\/li>\n<li><a href=\"http:\/\/www.calnurse.org\/\" target=\"_blank\" rel=\"noopener noreferrer\">Californian Nurses Association<\/a><\/li>\n<li><a href=\"http:\/\/www.fnbv.be\/\">Federale Neutrale Beroepsvereniging Verpleegkundigen<\/a><\/li>\n<li><a href=\"http:\/\/www.fnib.be\">F\u00e9d\u00e9ration Nationale des Infirmi\u00e8res de Belgique &#8211; Nationale Federatie van Belgische Verpleegkundigen<\/a><\/li>\n<li><a href=\"http:\/\/www.sidiief.org\/\">Secr\u00e9tariat international des infirmi\u00e8res et infirmiers de l\u2019espace francophone (SIDIIEF)<\/a><\/li>\n<li><a href=\"http:\/\/www.nursingsociety.org\/\">Honor Society of Nursing<\/a><\/li>\n<li><a href=\"http:\/\/www.icn.ch\/\" target=\"_blank\" rel=\"noopener noreferrer\">International Council of Nurses<\/a><\/li>\n<li><a href=\"https:\/\/www.kpvdb.be\/\">KVDB: deutschsprachige Berufsvereinigung f\u00fcr Krankenpflege und Pflegehilfe in Belgien<\/a><\/li>\n<li><a href=\"http:\/\/www.nln.org\/\" target=\"_blank\" rel=\"noopener noreferrer\">National League for Nursing &#8211; NLN<\/a><\/li>\n<li><a href=\"http:\/\/www.nvic.nl\/\" target=\"_blank\" rel=\"noopener noreferrer\">Nederlandse Vereniging voor Intensive Care<\/a><\/li>\n<li><a href=\"https:\/\/www.netwerkverpleegkunde.be\/\">Netwerk Verpleegkunde<\/a><\/li>\n<li><a href=\"http:\/\/www.nu91.nl\/\" target=\"_blank\" rel=\"noopener noreferrer\">NU &#8217;91<\/a> &#8211; beroepsorganisatie van verpleging en verzorging (NL)<\/li>\n<li><a href=\"http:\/\/www.nursingworld.org\/\" target=\"_blank\" rel=\"noopener noreferrer\">NursingWorld<\/a> &#8211; American Nurses Association<\/li>\n<li><a href=\"http:\/\/www.oiiq.org\/\">Ordre des infirmi\u00e8res et des infirmiers du Qu\u00e9bec (OIIQ)<\/a><\/li>\n<li><a href=\"http:\/\/sofia.medicalistes.org\/\">Soci\u00e9t\u00e9 Fran\u00e7aise des Infirmier(e)s Anesth\u00e9sistes<\/a><\/li>\n<li><a href=\"https:\/\/www.syndicat-infirmier.com\/\">Syndicat National des Professionnels Infirmiers<\/a><\/li>\n<li><a href=\"http:\/\/www.venvn.nl\/\">V&amp;VN: verpleegkundigen en verzorgenden Nederland<\/a><\/li>\n<li><a href=\"http:\/\/militaireverpleegkunde-venvn.nl\/\">V&amp;VN Militaire Verpleegkunde en Verzorging<\/a><\/li>\n<li><a href=\"http:\/\/kinderverpleegkunde.venvn.nl\/\" target=\"_blank\" rel=\"noopener noreferrer\">VKVV:Vereniging van Kinderverpleegkundigen<\/a><\/li>\n<li><a href=\"http:\/\/www.vvvs.be\/\">Vlaamse Vereniging Verpleegkundigen Spoedgevallenzorg<\/a><\/li>\n<li><a href=\"http:\/\/www.vvro.be\/\">Vereniging voor Verpleegkundigen Radiotherapie &amp; Oncologie (VVRO)<\/a><\/li>\n<li><a href=\"http:\/\/www.vbzv.be\/\">Vlaamse Beroepsvereniging voor Zelfstandige Verpleegkunidgen<\/a><\/li>\n<li><a href=\"http:\/\/www.operatieverpleegkundige.be\/\">Vlaamse Operatieverpleegkundigen<\/a><\/li>\n<li><a href=\"http:\/\/www.vvizv.be\">Vlaamse Vereniging van Intensieve Zorgenverpleegkundigen (VVIZV)<\/a><\/li>\n<\/ul>\n<\/li>\n<li>Andere\n<ul>\n<li><a href=\"http:\/\/www.levv.nl\/\" target=\"_blank\" rel=\"noopener noreferrer\">Landelijk Expertisecentrum Verpleging &amp; Verzorging<\/a><\/li>\n<li><a href=\"http:\/\/www.lww.com\/\" target=\"_blank\" rel=\"noopener noreferrer\">Lippincot Williams &amp; Wilkins (Publisher)<\/a><\/li>\n<li><a href=\"http:\/\/www.medicalnewstoday.com\/index.php?page=newsfeed\">MedicalNewsToday<\/a>: RSS feeds<\/li>\n<li><a href=\"http:\/\/www.nursezone.com\/\">NurseZone<\/a>: RSS feeds<\/li>\n<\/ul>\n<\/li>\n<\/ul>\n","protected":false},"excerpt":{"rendered":"<p>Tijdschriften BMC Nursing BMJ Journals British Medical Journal Canadian Journal of Nursing Leadership Care Net Holland Evidence Based Nursing International Journal of Nursing Education Scholarship Invert: index van Nederlandstalige verpleegkundige tijdschriftliteratuur Journal of Medical Internet Resources Journal of Research in Nursing The Lancet New England Journal of Medicine Nursing Informatics<\/p>\n","protected":false},"author":1,"featured_media":0,"parent":0,"menu_order":0,"comment_status":"closed","ping_status":"closed","template":"","meta":{"footnotes":"","_wp_rev_ctl_limit":""},"class_list":["post-7941","page","type-page","status-publish","hentry"],"publishpress_future_action":{"enabled":false,"date":"2026-05-01 13:24:48","action":"delete","newStatus":"draft","terms":[],"taxonomy":"","extraData":[]},"publishpress_future_workflow_manual_trigger":{"enabledWorkflows":[]},"_links":{"self":[{"href":"https:\/\/hlrnet.com\/sites\/gzorg\/wp-json\/wp\/v2\/pages\/7941","targetHints":{"allow":["GET"]}}],"collection":[{"href":"https:\/\/hlrnet.com\/sites\/gzorg\/wp-json\/wp\/v2\/pages"}],"about":[{"href":"https:\/\/hlrnet.com\/sites\/gzorg\/wp-json\/wp\/v2\/types\/page"}],"author":[{"embeddable":true,"href":"https:\/\/hlrnet.com\/sites\/gzorg\/wp-json\/wp\/v2\/users\/1"}],"replies":[{"embeddable":true,"href":"https:\/\/hlrnet.com\/sites\/gzorg\/wp-json\/wp\/v2\/comments?post=7941"}],"version-history":[{"count":5,"href":"https:\/\/hlrnet.com\/sites\/gzorg\/wp-json\/wp\/v2\/pages\/7941\/revisions"}],"predecessor-version":[{"id":23639,"href":"https:\/\/hlrnet.com\/sites\/gzorg\/wp-json\/wp\/v2\/pages\/7941\/revisions\/23639"}],"wp:attachment":[{"href":"https:\/\/hlrnet.com\/sites\/gzorg\/wp-json\/wp\/v2\/media?parent=7941"}],"curies":[{"name":"wp","href":"https:\/\/api.w.org\/{rel}","templated":true}]}}