{"id":7937,"date":"2018-04-07T13:26:19","date_gmt":"2018-04-07T13:26:19","guid":{"rendered":"http:\/\/hlrnet.com\/sites\/gzorg\/?page_id=7937"},"modified":"2026-02-14T15:53:11","modified_gmt":"2026-02-14T15:53:11","slug":"anesthesie-en-anesthesiologie-reanimatie-en-spoed","status":"publish","type":"page","link":"https:\/\/hlrnet.com\/sites\/gzorg\/anesthesie-en-anesthesiologie-reanimatie-en-spoed\/","title":{"rendered":"Anesthesie en anesthesiologie, reanimatie en spoed"},"content":{"rendered":"<ul>\n<li>Zie ook: <a href=\"http:\/\/hlrnet.com\/sites\/gzorg\/pijn\/\">pijn<\/a><\/li>\n<li>\u00a0Informatie\n<ul>\n<li><a href=\"http:\/\/www.anesthesia-analgesia.org\/\" target=\"_blank\" rel=\"noopener\">Anesthesia &amp; Analgesia<\/a><\/li>\n<li><a href=\"http:\/\/www.howstuffworks.com\/anesthesia.htm\" target=\"_blank\" rel=\"noopener\">How Stuff Works: Anesthesia<\/a><\/li>\n<li><a href=\"http:\/\/www.nwas.com\/\" target=\"_blank\" rel=\"noopener\">Northwest Anesthesia Seminars, Continuing Education for Medical Care Providers<\/a><\/li>\n<li><a href=\"http:\/\/www.pain.com\/\" target=\"_blank\" rel=\"noopener\">Pain.com<\/a><\/li>\n<\/ul>\n<\/li>\n<li>Tijdschriften\n<ul>\n<li><a href=\"http:\/\/bja.oxfordjournals.org\/\" target=\"_blank\" rel=\"noopener\">British Journal of Anaesthesia<\/a><\/li>\n<li><a href=\"http:\/\/www.ispub.com\/journal\/the-internet-journal-of-anesthesiology\/\" target=\"_blank\" rel=\"noopener\">Internet Journal of Anesthesiology<\/a><\/li>\n<li><a href=\"http:\/\/www.jnsa.com\/\" target=\"_blank\" rel=\"noopener\">Journal of Neurosurgical Anesthesiology<\/a><\/li>\n<li><a href=\"http:\/\/www.anesthesiology.org\/\" target=\"_blank\" rel=\"noopener\">Journal of the American Society of Anesthesiologists<\/a><\/li>\n<li><a href=\"http:\/\/journals.lww.com\/obstetricanesthesia\" target=\"_blank\" rel=\"noopener\">Obstetric Anesthesia Digest<\/a><\/li>\n<li><a href=\"http:\/\/www.sciencedirect.com\/science\/journal\/16240693\">R\u00e9animation<\/a><\/li>\n<li><a href=\"http:\/\/www.surveyanesthesiology.com\/\" target=\"_blank\" rel=\"noopener\">Survey of Anesthesiology<\/a><\/li>\n<\/ul>\n<\/li>\n<li>Onderzoekscentra\n<ul>\n<li><a href=\"http:\/\/anesthesia.uchicago.edu\/\" target=\"_blank\" rel=\"noopener\">Anesthesia &amp; Critical Care (University of Chicago)<\/a><\/li>\n<li><a href=\"http:\/\/www.anes.upmc.edu\/\" target=\"_blank\" rel=\"noopener\">Department of Anesthesiology and Critical Care Medicine (University of Pittsburgh)<\/a><\/li>\n<li><a href=\"http:\/\/www.anesthesiology.umn.edu\/\" target=\"_blank\" rel=\"noopener\">University of Minnesota &#8211; Anesthesiology<\/a><\/li>\n<li><a href=\"http:\/\/anesthesia.uthscsa.edu\/\" target=\"_blank\" rel=\"noopener\">University of Texas Health Science Center Department of Anesthesiology<\/a><\/li>\n<\/ul>\n<\/li>\n<li>Medische beroepsverenigingen\n<ul>\n<li><a href=\"http:\/\/www.asra.com\/\" target=\"_blank\" rel=\"noopener\">American Society of Regional Anesthesia and Pain Medicine<\/a><\/li>\n<li>BRV &#8211; Beroepsvereniging van Revecobery Verpleegkundigen (NL)<\/li>\n<li><a href=\"http:\/\/www.sambahq.org\/\" target=\"_blank\" rel=\"noopener\">SAMBA &#8211; The Society for Ambulatory Anesthesia<\/a><\/li>\n<li><a href=\"https:\/\/www.sedar.es\/\">SEDAR &#8211; Sociedad espa\u00f1ola de anestesiolog\u00eda, reanimaci\u00f3n y terap\u00e9utica del dolor<\/a><\/li>\n<li><a href=\"http:\/\/www.sfar.org\/\">SFAR &#8211; Soci\u00e9t\u00e9 fran\u00e7aise d&#8217;anesth\u00e9sie et de\u00a0r\u00e9animation<\/a><\/li>\n<li><a href=\"http:\/\/www.srlf.org\/\">Soci\u00e9t\u00e9 de R\u00e9animation de Langue Fran\u00e7aise<\/a><\/li>\n<li><a href=\"http:\/\/www.pedsanesthesia.org\/\" target=\"_blank\" rel=\"noopener\">Society for Pediatric Anesthesia<\/a><\/li>\n<\/ul>\n<\/li>\n<li>Verpleegkundige beroepsverenigingen\n<ul>\n<li><a href=\"http:\/\/sofia.medicalistes.org\/\">Soci\u00e9t\u00e9 Fran\u00e7aise des Infirmier(e)s Anesth\u00e9sistes<\/a><\/li>\n<li><a href=\"http:\/\/www.vvvs.be\/\">Vlaamse Vereniging Verpleegkundigen Spoedgevallenzorg<\/a><\/li>\n<\/ul>\n<\/li>\n<\/ul>\n<span class=\"last-modified-timestamp\">feb 14, 2026 @ 3:53 pm<\/span>\n","protected":false},"excerpt":{"rendered":"<p>Zie ook: pijn \u00a0Informatie Anesthesia &amp; Analgesia How Stuff Works: Anesthesia Northwest Anesthesia Seminars, Continuing Education for Medical Care Providers <a href=\"http:\/\/Pain.com\" class=\"autohyperlink\">Pain.com<\/a> Tijdschriften British Journal of Anaesthesia Internet Journal of Anesthesiology Journal of Neurosurgical Anesthesiology Journal of the American Society of Anesthesiologists Obstetric Anesthesia Digest R\u00e9animation Survey of Anesthesiology Onderzoekscentra Anesthesia<\/p>\n","protected":false},"author":1,"featured_media":0,"parent":0,"menu_order":0,"comment_status":"closed","ping_status":"closed","template":"","meta":{"footnotes":"","_wp_rev_ctl_limit":""},"class_list":["post-7937","page","type-page","status-publish","hentry"],"publishpress_future_action":{"enabled":false,"date":"2026-05-01 13:24:33","action":"delete","newStatus":"draft","terms":[],"taxonomy":"","extraData":[]},"publishpress_future_workflow_manual_trigger":{"enabledWorkflows":[]},"_links":{"self":[{"href":"https:\/\/hlrnet.com\/sites\/gzorg\/wp-json\/wp\/v2\/pages\/7937","targetHints":{"allow":["GET"]}}],"collection":[{"href":"https:\/\/hlrnet.com\/sites\/gzorg\/wp-json\/wp\/v2\/pages"}],"about":[{"href":"https:\/\/hlrnet.com\/sites\/gzorg\/wp-json\/wp\/v2\/types\/page"}],"author":[{"embeddable":true,"href":"https:\/\/hlrnet.com\/sites\/gzorg\/wp-json\/wp\/v2\/users\/1"}],"replies":[{"embeddable":true,"href":"https:\/\/hlrnet.com\/sites\/gzorg\/wp-json\/wp\/v2\/comments?post=7937"}],"version-history":[{"count":5,"href":"https:\/\/hlrnet.com\/sites\/gzorg\/wp-json\/wp\/v2\/pages\/7937\/revisions"}],"predecessor-version":[{"id":25186,"href":"https:\/\/hlrnet.com\/sites\/gzorg\/wp-json\/wp\/v2\/pages\/7937\/revisions\/25186"}],"wp:attachment":[{"href":"https:\/\/hlrnet.com\/sites\/gzorg\/wp-json\/wp\/v2\/media?parent=7937"}],"curies":[{"name":"wp","href":"https:\/\/api.w.org\/{rel}","templated":true}]}}