{"id":6740,"date":"2017-03-21T21:02:55","date_gmt":"2017-03-21T21:02:55","guid":{"rendered":"http:\/\/hlrnet.com\/sites\/gzorg\/?page_id=6740"},"modified":"2026-03-20T19:51:26","modified_gmt":"2026-03-20T19:51:26","slug":"online-lexica-per-discipline","status":"publish","type":"page","link":"https:\/\/hlrnet.com\/sites\/gzorg\/online-lexica-per-discipline\/","title":{"rendered":"Online lexica per discipline"},"content":{"rendered":"<p>Algemeen<\/p>\n<ul>\n<li>MedFNE: MedicaFR-NL-EN (Huis van het Nederlands) \/\/ <a href=\"https:\/\/hlrnet.com\/sites\/gzorg\/files\/2024\/10\/Medica-fr-nl-en-Huis-van-het-Nederlands-Brussel.pdf\">PDF<\/a><\/li>\n<li>OpNL: <a href=\"https:\/\/www.domusmedica.be\/actueel\/waar-de-spoeddienst-desole-je-ne-vous-comprends-pas\">Op\u00e9ration NL: phrases cl\u00e9 et vocabulaire principal nl-fr<\/a><\/li>\n<li>Last met Nederlands? Begin <a href=\"https:\/\/hlrnet.com\/sites\/gzorg\/nl\/\">hier<\/a><\/li>\n<\/ul>\n<p>Op zoek naar een <strong>medisch lexicon<\/strong>?<\/p>\n<ul>\n<li><a href=\"https:\/\/dptm.es\/\">Diccionario panhisp\u00e1nico de t\u00e9rminos m\u00e9dicos<\/a><\/li>\n<li><a href=\"https:\/\/www.cms.gov\/glossary\">Glossary of Health Insurance and Medical Terms<\/a> &#8211; CMS<\/li>\n<li><a href=\"https:\/\/www.schulich.uwo.ca\/pathol\/about_us\/resources\/glossary_of_medical_terms.html\">Glossary of Medical Terms &#8211; Pathology and Laboratory Medicine<\/a> &#8211; Western University<\/li>\n<li><a href=\"https:\/\/www.honorhealth.com\/patients-visitors\/average-pricing\/medical-glossary\">Glossary of Medical Terms: Common Procedures and Tests<\/a> | HonorHealth<\/li>\n<li><a href=\"https:\/\/www.englishclub.com\/english-for-work\/medical-vocabulary.htm\">Medical English Vocabulary | English for Work<\/a> | EnglishClub<\/li>\n<li><a href=\"https:\/\/www.kidshealth.org\/en\/kids\/word\/\">Kids&#8217; Medical Dictionary (for Kids)<\/a> &#8211; Nemours KidsHealth<\/li>\n<li><a href=\"https:\/\/medisch-woordenboek.nl\/\">Medisch Woordenboek<\/a><\/li>\n<li><a href=\"http:\/\/www.gezondheidsplein.nl\/medisch-woordenboek\">Medisch woordenboek<\/a> (Gezondheidsplein)<\/li>\n<li><a href=\"http:\/\/taalunieversum.org\/inhoud\/termenlijsten\/medische-terminologie\">Ned-Term<\/a><\/li>\n<li><a href=\"http:\/\/www.medisch-woordenboek.nl\/\">Online medisch woordenboek<\/a><\/li>\n<li><a href=\"https:\/\/www.masantefacile.com\/lexique.php\">Lexique<\/a> \u2022 Ma Sant\u00e9 Facile<\/li>\n<li><a href=\"https:\/\/www.esculape.com\/cherche-dico_medical-html\">Esculape.com<\/a><\/li>\n<li><a href=\"https:\/\/www.cancer.be\/lexique\">Lexique<\/a> | Fondation contre le Cancer<\/li>\n<li><a href=\"https:\/\/www.erasme.ulb.ac.be\/fr\/services-de-soins\/glossaire-medical\">Glossaire m\u00e9dical<\/a> | H\u00f4pital Erasme<\/li>\n<li><a href=\"http:\/\/www.elsevier-data.de\/rochelexikon5a\/\">Rochelexikon (Anatomie)<\/a><\/li>\n<li><a href=\"https:\/\/accessmedicina.mhmedical.com\/book.aspx?bookid=1720\">Terminolog\u00eda M\u00e9dica, 5e<\/a> | AccessMedicina | McGraw Hill Medical<\/li>\n<li><a href=\"https:\/\/www.btb.termiumplus.gc.ca\">TERMIUM Plus<\/a><\/li>\n<li><a href=\"https:\/\/www.cms.gov\/cciio\/resources\/files\/downloads\/sbc-uniform-glossary-spanish.pdf\">Glossary of Health Insurance and Medical Terms &#8211; Spanish<\/a><\/li>\n<\/ul>\n<p>Op zoek naar een lexicon <strong>anatomie<\/strong>?<\/p>\n<ul>\n<li><a href=\"https:\/\/www.lexicool.com\/dictionnaires-en-ligne.asp?FSP=C25&amp;FKW=anatomie\">Dictionnaire anatomie<\/a> | Lexicool<\/li>\n<li><a href=\"https:\/\/ifaa.net\/committees\/anatomical-terminology-fipat\/\">Anatomical Terminology (FIPAT)<\/a> &#8211; IFAA<\/li>\n<li><a href=\"https:\/\/en.wikipedia.org\/wiki\/Terminologia_Anatomica\">Terminologia Anatomica<\/a> &#8211; Wikipedia<\/li>\n<li><a href=\"https:\/\/visionmedicavirtual.com\/es\/terminologia-anatomica\">Terminolog\u00eda anat\u00f3mica<\/a> | Visi\u00f3n M\u00e9dica Virtual (ES)<\/li>\n<\/ul>\n<p>Op zoek naar een ander lexicon <strong>medische beeldvorming en radiotherapie<\/strong>? Een vertaallexicon nl-fr (verder dan mijn eigen lexicon) kan ik niet aanbieden, maar wel dit:<\/p>\n<ul>\n<li><a href=\"http:\/\/www.bio-top.net\/\">Bio-Top: terminologie m\u00e9dicale<\/a><\/li>\n<li><a href=\"http:\/\/www.irsn.fr\/FR\/professionnels_sante\/documentation\/Documents\/guide_bon_usage_imagerie.pdf\">Guide du bon usage des examens d&#8217;imagerie m\u00e9dicale<\/a><\/li>\n<li><a href=\"http:\/\/www.imageriejuras.fr\/lexique-medical-radiologique\">Lexique m\u00e9dical radiologique<\/a><\/li>\n<li><a href=\"https:\/\/www.chuv.ch\/fr\/neurochirurgie\/nch-home\/patients-et-familles\/lexique\">Lexique &#8211; Service de neurochirurgie &#8211; CHUV<\/a><\/li>\n<li><a href=\"http:\/\/euridice.be\/nl\/content\/lexicon\">European Underground Research Infrastructure for Disposal of nuclear waste in Clay Environment<\/a><\/li>\n<li><a href=\"https:\/\/sites.google.com\/site\/limageriemedicale\/lexique\">L&#8217;imagerie m\u00e9dicale: Lexique<\/a><\/li>\n<li><a href=\"https:\/\/www.kanker.be\/lexicon\">Stichting tegen kanker: lexicon<\/a><\/li>\n<li><a href=\"https:\/\/rasloimaging.com\/glossary-of-terms\/\">Glossary (Radiology Associates)<\/a><\/li>\n<li><a href=\"https:\/\/www.radiologyinfo.org\/en\/glossary\/browse-glossary.cfm?all=1\">Glossary of Terms | RadiologyInfo.org<\/a><\/li>\n<li><a href=\"https:\/\/www.hsdl.org\/?view&amp;did=480056\">Glossary or radiological terms (CDC)<\/a><\/li>\n<li><a href=\"https:\/\/radiopaedia.org\/articles\/terms-used-in-radiology\">Terms used in radiology | Radiology Reference Article | Radiopaedia.org<\/a><\/li>\n<li><a href=\"https:\/\/www.kanker.be\/lexicon\">Lexicon | Stichting tegen Kanker<\/a><\/li>\n<\/ul>\n<p>Op zoek naar een ander lexicon <strong>ergotherapie<\/strong>? Een vertaallexicon nl-fr (verder dan mijn lexicon) kan ik niet aanbieden, maar wel dit:<\/p>\n<ul>\n<li><a href=\"https:\/\/www.health.belgium.be\/nl\/gezondheid\/zorgberoepen\/paramedische-beroepen\/ergotherapeut\">FOD Volgsgezondheid: ergotherapeut<\/a><\/li>\n<li><a href=\"https:\/\/wms.flexious.be\/editor\/plugins\/imagemanager\/content\/2064\/Ouderen%20uniforme_terminologie2008.pdf\">Uniforme terminologie voor ergotherapeuten<\/a> &#8211; Flexious<\/li>\n<li><a href=\"https:\/\/www.skvshop.de\/objects\/downloads\/de\/271.pdf\">Fachw\u00f6rterbuch Ergotherapie: Deutsch \u2013 Englisch \/\/ Englisch \u2013 Deutsch<\/a><\/li>\n<li><a href=\"http:\/\/claude.hamonet.free.fr\/fr\/glos.htm\">Claude Hamonet: lexique des termes usuels de la m\u00e9decine de r\u00e9\u00e9ducation et de l\u2019handicapologie<\/a><\/li>\n<li><a href=\"https:\/\/www.studeersnel.nl\/nl\/document\/haute-ecole-louvain-en-hainaut\/anglais\/overige\/lexique-ergotherapie-en-anglais\/644168\">Haute \u00c9cole Louvain en Hainaut: Lexique ergoth\u00e9rapie en anglais<\/a><\/li>\n<li><a href=\"https:\/\/www.caot.ca\/site\/pd\/lexicon?language=fr_FR&amp;nav=sidebar\">CAOT Lexicon &#8211; Canadian Association of Occupational Therapists | Association canadienne des ergoth\u00e9rapeutes<\/a><\/li>\n<li><a href=\"https:\/\/www.mcgill.ca\/spot\/files\/spot\/Lexique_OT_Ergo_Eng_Fr.pdf\">Lexique fran\u00e7ais-anglais d&#8217;ergoth\u00e9rapie<\/a> (1990)<\/li>\n<li><a href=\"http:\/\/alzheimer-recherche.org\/la-maladie-dalzheimer\/lexique\/\">Lexique de la maladie d&#8217;Alzheimer<\/a><\/li>\n<li><a href=\"http:\/\/claude.hamonet.free.fr\/fr\/glos.htm\">Lexique des termes usuels de la m\u00e9decine de r\u00e9\u00e9ducation et de l\u2019handicapologie<\/a><\/li>\n<li><a href=\"https:\/\/www.plateformepsylux.be\/lexique\/\">Lexique | Plate-forme de Concertation en Sant\u00e9 Mentale de la province du Luxembourg<\/a><\/li>\n<li><a href=\"https:\/\/alzheimer-recherche.org\/la-maladie-alzheimer\/lexique\/\">Lexique &#8211; Fondation pour la Recherche sur Alzheimer<\/a><\/li>\n<li><a href=\"https:\/\/www.le-cap.org\/lexique\/\">Lexique &#8211; Le Cap<\/a><\/li>\n<li><a href=\"https:\/\/www.cotad.org\/spanish-resources\">Spanish Resources<\/a> &#8211; COTAD Chapters \u2014 COTAD<\/li>\n<li><a href=\"http:\/\/asistentesto.weebly.com\/uploads\/5\/9\/0\/9\/59095801\/terminolog_a_uniforme_de_terapia_ocupacional_en_espa_ol.pdf\">Terminolog\u00eda Uniforme de Terapia Ocupacional<\/a><\/li>\n<li><a href=\"https:\/\/www.bibl.ulaval.ca\/explorer-par-discipline\/ergotherapie\/dictionnaires-et-encyclopedies\">Universit\u00e9 de Laval: ergotherapie &#8211; atlas, dictionnaires et encyclop\u00e9dies<\/a><\/li>\n<li><a href=\"http:\/\/www.lexicool.com\/dictionnaire.asp?ID=HY1TK12777\">WFOT- Glossaire de l&#8217;Ergoth\u00e9rapie (EN&gt;FR-DE-ES)<\/a><\/li>\n<li><a href=\"https:\/\/1library.co\/article\/glosario-terapia-ocupacional-asociaci%C3%B3n-terapeutas-ocupacionales-pichincha-gu%C3%ADa.ydl702lz\">GLOSARIO DE TERAPIA OCUPACIONAL<\/a> &#8211; ASOCIACI\u00d3N DE TERAPEUTAS OCUPACIONALES DE PICHINCHA.<\/li>\n<li><a href=\"http:\/\/glosariodeterapiaocupacional.blogspot.com\/\">GLOSARIO DE TERAPIA OCUPACIONAL<\/a><\/li>\n<li><a href=\"https:\/\/www.lexicool.com\/diccionario.asp?ID=HY1TK12777\">WFOT- Glosario de Terapia Ocupacional (EN&gt;FR-DE-ES)<\/a> | Lexicool<\/li>\n<li><a href=\"https:\/\/www.aulaabierta.edu.co\/img\/uploads\/item\/GLOSARIO_DE_TERAPIA_OCUPACIONAL_AULA_ABIERTA.pdf\">GLOSARIO DE TERAPIA OCUPACIONAL<\/a> &#8211; Aula Abierta<\/li>\n<li><a href=\"https:\/\/rogersbh.org\/es\/what-expect\/glossary-terms\">Glosario de t\u00e9rminos<\/a> (Rogers Behavioral Health)<\/li>\n<\/ul>\n<p>Op zoek naar een ander lexicon <strong>oogzorg<\/strong>?<\/p>\n<ul>\n<li><a href=\"https:\/\/www.oxfordreference.com\/view\/10.1093\/acref\/9780191830099.001.0001\/acref-9780191830099\">Dictionary of Ophthalmology<\/a> &#8211; Oxford Reference<\/li>\n<li><a href=\"https:\/\/www.advancedeyecarefl.com\/educational-resources\/eye-care-glossary\/\">Eye Care Glossary<\/a> &#8211; Advanced Eye Care Associates<\/li>\n<li><a href=\"https:\/\/www.nynjeye.com\/glossary\/\">Eye Care Glossary<\/a> &#8211; NY NL Eye Institute<\/li>\n<li><a href=\"https:\/\/www.stahlny.com\/patient-resources\/eye-care-glossary\/\">Eye Care Glossary<\/a> &#8211; Stahl NY<\/li>\n<li><a href=\"https:\/\/www.canyonvieweyecare.com\/eye-care-services\/your-eye-health\/glossary-of-eye-care-terms\/\">Glossary of Eye Care Terms<\/a> &#8211; Canyon View Eye Care<\/li>\n<li><a href=\"https:\/\/medicine.uiowa.edu\/eye\/patient-care\/glossary-eye-terms\">Glossary of Eye Terms<\/a> &#8211; Univ. Iowa<\/li>\n<li><a href=\"https:\/\/www.webmd.com\/eye-health\/eye-glossary\">Glossary of Eye Terms<\/a> &#8211; WebMD<\/li>\n<li>++++<\/li>\n<li><a href=\"http:\/\/www.1000lentilles.fr\/glossaire-optique\">1000lentilles: Glossaire de l&#8217;optique<\/a><\/li>\n<li><a href=\"http:\/\/www.chirurgivision.com\/lexique\">Chirurgivision: Lexique<\/a><\/li>\n<li><a href=\"https:\/\/www.cmpop.com\/fr\/lexique\/\">Cliniques Michel Pop: Glossaire de termes techniques<\/a><\/li>\n<li><a href=\"https:\/\/www.creteilophtalmo.fr\/patient\/informations-generales\/lexique\/\">Cr\u00e9teil ophtalmo: lexique<\/a><\/li>\n<li><a href=\"https:\/\/www.elsan.care\/fr\/pathologie-et-traitement\/glossaire-medical\/ophtalmologie\">Elsan: glossaire de l&#8217;opthalmologie<\/a><\/li>\n<li><a href=\"https:\/\/www.allaboutvision.com\/resources\/glossary.htm\">Vision Care Glossary | Definitions of Eye Care and Vision<\/a><\/li>\n<li><a href=\"https:\/\/www.cmpop.com\/fr\/lexique\/\">Lexique | Cliniques Michel Pop<\/a><\/li>\n<li><a href=\"https:\/\/www.verre2vue.com\/glossaire-optique\">GLOSSAIRE optique : tout le vocabulaire de l&#8217;opticien<\/a><\/li>\n<li><a href=\"https:\/\/www.guide-vue.fr\/glossaire\">Guide-Vue: glossaire<\/a><\/li>\n<li><a href=\"http:\/\/www.ophtalmo.net\/bv\/GP\/IndexGP\/G\/Lexique\/lexique.htm\">LEXIQUE DU HANDICAP VISUEL<\/a><\/li>\n<li><a href=\"https:\/\/www.chirurgivision.com\/lexique\">Lexique &#8211; ChirurgiVision | Chirurgie laser | Correction de la vue<\/a><\/li>\n<li><a href=\"https:\/\/fr.wiktionary.org\/wiki\/Cat%C3%A9gorie:Lexique_en_fran%C3%A7ais_de_l%E2%80%99ophtalmologie\">Lexique en fran\u00e7ais de l&#8217;ophtalmologie<\/a> | Wikip\u00e9dia<\/li>\n<li><a href=\"https:\/\/www.optical-center.fr\/Lexique-de-l-optique\">Optical Center: Lexique de l&#8217;optique<\/a><\/li>\n<li><a href=\"https:\/\/www.opticiensparconviction.fr\/le-lexique-de-l-optique-et-de-la-vision\">Opticiens par conviction<\/a><\/li>\n<li><a href=\"http:\/\/www.dicoptic.izispot.com\/\">L&#8217;Optique de A \u00e0 Z: dictionnaire d&#8217;optique<\/a><\/li>\n<li><a href=\"http:\/\/www.optique-tunisie.com\/fr\/lexique-optique.htm\">Optique Tunisie: Lexique Optique<\/a><\/li>\n<li><a href=\"https:\/\/opto.ca\/sites\/default\/files\/resources\/documents\/Glossaire%20de%20la%20terminologie%20ophtalmique%20courante%20Mar152023.pdf\">Optoca<\/a><\/li>\n<li><a href=\"https:\/\/www.pointvision.com\/le-glossaire\/\">Point Vision: glossaire<\/a><\/li>\n<li><a href=\"http:\/\/www.lexicool.com\/dictionnaire.asp?ID=GG8XT73799\">SLT: Vocabulaire d&#8217;optique et optom\u00e9trie<\/a> (CA-EN-ES)<\/li>\n<li>+++<\/li>\n<li><a href=\"https:\/\/ver-ooginoog.nl\/tips\/moeilijke-woorden\/\">Moeilijke woorden<\/a> &#8211; Vereniging OOG in OOG<\/li>\n<li><a href=\"https:\/\/www.oogartsen.nl\/zoeken-a-z\/\">Oogartsen.nl<\/a><\/li>\n<li><a href=\"https:\/\/www.kimbols.be\/medisch\/archief-medisch\/visus-woordenboek-medische-termen-rond-oog-en-zien.html\">Visus-woordenboek: Medische termen rond oog &amp; zien<\/a><\/li>\n<li>+++<\/li>\n<li><a href=\"https:\/\/ocuwellness.es\/cuidado-de-los-ojos\/glosario-de-salud-ocular\">Glosario: salud ocular<\/a> &#8211; Cuidado de los ojos &#8211; OcuWellness\u2122<\/li>\n<li><a href=\"https:\/\/es.pearlevision.com\/pv-us\/eye-health\/glossary\">T\u00e9rminos oculares y visuales<\/a> | Pearle Vision<\/li>\n<\/ul>\n<p>Op zoek naar een ander lexicon <strong>verpleegkunde<\/strong>?<\/p>\n<ul>\n<li><a href=\"http:\/\/www.bio-top.net\/\">Bio-Top: terminologie m\u00e9dicale<\/a><\/li>\n<li><a href=\"http:\/\/www.hospitalia.be\/info\/lexicon\">Hospitalia: lexique<\/a><\/li>\n<li><a href=\"https:\/\/www.mitoinfo.nl\/lexicon\">Mitoninfo: lexicon voor en door volwassenen met een stofwisselingsziekte<\/a><\/li>\n<li><a href=\"https:\/\/www.erasme.ulb.ac.be\/fr\/services-de-soins\/glossaire-medical\">Glossaire m\u00e9dical | H\u00f4pital Erasme<\/a><\/li>\n<li><a href=\"https:\/\/www.oqlf.gouv.qc.ca\/ressources\/bibliotheque\/dictionnaires\/vocabulaire-soins-infirmiers.aspx\">OQLF &#8211; Vocabulaire des soins infirmiers<\/a><\/li>\n<li><a href=\"http:\/\/www.auxiliar-enfermeria.com\/diccionario\/letra_a.htm\">Diccionario de T\u00e9rminos Sanitarios<\/a> &#8211; OposSanidad<\/li>\n<li><a href=\"https:\/\/portal.guiasalud.es\/egpc\/pacientes-encefalopatia-glosario\/\">Glosario: de la A a la Z<\/a> &#8211; Gu\u00edaSalud<\/li>\n<li><a href=\"https:\/\/www.infermeravirtual.com\/esp\/recursos\/glosario\">Infermeravirtual.com &#8211; Glosario, Recursos<\/a><\/li>\n<\/ul>\n<p>Op zoek naar een ander lexicon <strong>voedings- en dieetkunde<\/strong>?<\/p>\n<ul>\n<li><a href=\"https:\/\/www.oxfordreference.com\/display\/10.1093\/acref\/9780199234875.001.0001\/acref-9780199234875\">Dictionary of Food and Nutrition &#8211; Oxford Reference<\/a><\/li>\n<li><a href=\"https:\/\/openoregon.pressbooks.pub\/nutritionscience2e\/back-matter\/glossay\/\">Glossary \u2013 Nutrition: Science and Everyday Application<\/a><\/li>\n<li><a href=\"https:\/\/www.ats-group.net\/medical\/dictionary-glossary-nutrition.html\">Nutrition Dictionary, Glossary and Lexicon<\/a><\/li>\n<li><a href=\"https:\/\/www.sanitarium.com.au\/health-nutrition\/nutrition\/nutrition-dictionary\">A to Z of the terminology of nutrition | Sanitarium Health Food Company<\/a><\/li>\n<li><a href=\"https:\/\/www.efsa.europa.eu\/en\/glossary-taxonomy-terms\">Glossary | European Food Safety Authority<\/a><\/li>\n<li><a href=\"https:\/\/www.lanutrition.fr\/outils\/glossaire\">Glossaire | LaNutrition.fr<\/a><\/li>\n<li><a href=\"https:\/\/www.bonduelle.com\/fr\/nutrition\/glossaire-nutrition.html\">Glossaire &#8211; Nutrition<\/a><\/li>\n<li><a href=\"https:\/\/sophieremesy.fr\/definitions-des-termes-de-la-nutrition-glossaire-dictionnaire-lexique\/\">Nutritionniste Toulouse Sophie R\u00e9m\u00e9sy<\/a><\/li>\n<li><a href=\"https:\/\/www.unicef.fr\/sites\/default\/files\/GLOSSAIRE_NUTRITION.pdf\">Lexique Nutrition<\/a><\/li>\n<li><a href=\"https:\/\/www.supermarchesmatch.fr\/content\/141-lexique-nutrition?tpl=pratiquedetails\">Lexique nutrition<\/a> \u2013 Supermarch\u00e9s Match<\/li>\n<li><a href=\"https:\/\/www.gezondheidsnet.nl\/voeding\/lexicon-voedingsterminologie\">Lexicon voedingsterminologie<\/a> | Gezondheidsnet<\/li>\n<\/ul>\n<p>Op zoek naar een lexicon <strong>Evidence Based Practice<\/strong>?<\/p>\n<ul>\n<li><a href=\"https:\/\/www.asha.org\/Research\/EBP\/Evidence-Based-Practice-Glossary\/\">Evidence-Based Practice Glossary<\/a> &#8211; ASHA<\/li>\n<li><a href=\"https:\/\/www.cebm.ox.ac.uk\/resources\/ebm-tools\/glossary\">Glossary \u2014 Centre for Evidence-Based Medicine (CEBM)<\/a>, University of Oxford<\/li>\n<li><a href=\"http:\/\/www.minerva-ebm.be\/Home\/Glossary\">Minerva EBP Woordenlijst<\/a><\/li>\n<\/ul>\n<p>Op zoek naar een lexicon <strong>laboratoriumtechnieken<\/strong>?<\/p>\n<ul>\n<li><a href=\"https:\/\/www.honorhealth.com\/patients-visitors\/average-pricing\/medical-glossary\">Glossary of Medical Terms: Common Procedures and Tests<\/a> | HonorHealth<\/li>\n<li><a href=\"https:\/\/www.testing.com\/glossary\/\">Index of Glossary Terms &#8211; Testing.com<\/a><\/li>\n<li><a href=\"https:\/\/www.vocabulary.com\/lists\/58109\">Medical Laboratory Technologist &#8211; Vocabulary List<\/a> : <a href=\"http:\/\/Vocabulary.com\" class=\"autohyperlink\">Vocabulary.com<\/a><\/li>\n<li><a href=\"https:\/\/medicine.utah.edu\/internalmedicine\/hematology\/services\/laboratory-glossary.php\">Glossary of Hematology Terms<\/a> &#8211; U of U School of Medicine | University of Utah<\/li>\n<li><a href=\"https:\/\/www.westgard.com\/glossary.htm\">Glossary of QC Terms<\/a> &#8211; Westgard<\/li>\n<li><a href=\"https:\/\/www.biron.com\/fr\/glossaire\/\">Glossaire | Laboratoire, radiologie, sommeil et g\u00e9n\u00e9tique<\/a> | Biron<\/li>\n<li><a href=\"https:\/\/www.biomerieux.com\/fr\/lexique-des-termes-scientifiques\">Lexique des termes scientifiques<\/a> | bioM\u00e9rieux Corporate Website<\/li>\n<\/ul>\n<p><strong>POSOLOGIE<\/strong>: neem er \u00e9\u00e9n, neem dat rustig door, in verschillende keren, op verschillende tijdstippen. Ga pas nadien naar een ander. Vergeet niet dat een taal leren tijd vergt, en ermee bezig zijn.<\/p>\n","protected":false},"excerpt":{"rendered":"<p>Algemeen MedFNE: MedicaFR-NL-EN (Huis van het Nederlands) \/\/ PDF OpNL: Op\u00e9ration NL: phrases cl\u00e9 et vocabulaire principal nl-fr Last met Nederlands? Begin hier Op zoek naar een medisch lexicon? Diccionario panhisp\u00e1nico de t\u00e9rminos m\u00e9dicos Glossary of Health Insurance and Medical Terms &#8211; CMS Glossary of Medical Terms &#8211; Pathology and<\/p>\n","protected":false},"author":1,"featured_media":0,"parent":0,"menu_order":0,"comment_status":"closed","ping_status":"closed","template":"","meta":{"footnotes":"","_wp_rev_ctl_limit":""},"class_list":["post-6740","page","type-page","status-publish","hentry"],"publishpress_future_action":{"enabled":false,"date":"2026-05-01 14:50:07","action":"delete","newStatus":"draft","terms":[],"taxonomy":"","extraData":[]},"publishpress_future_workflow_manual_trigger":{"enabledWorkflows":[]},"_links":{"self":[{"href":"https:\/\/hlrnet.com\/sites\/gzorg\/wp-json\/wp\/v2\/pages\/6740","targetHints":{"allow":["GET"]}}],"collection":[{"href":"https:\/\/hlrnet.com\/sites\/gzorg\/wp-json\/wp\/v2\/pages"}],"about":[{"href":"https:\/\/hlrnet.com\/sites\/gzorg\/wp-json\/wp\/v2\/types\/page"}],"author":[{"embeddable":true,"href":"https:\/\/hlrnet.com\/sites\/gzorg\/wp-json\/wp\/v2\/users\/1"}],"replies":[{"embeddable":true,"href":"https:\/\/hlrnet.com\/sites\/gzorg\/wp-json\/wp\/v2\/comments?post=6740"}],"version-history":[{"count":5,"href":"https:\/\/hlrnet.com\/sites\/gzorg\/wp-json\/wp\/v2\/pages\/6740\/revisions"}],"predecessor-version":[{"id":25388,"href":"https:\/\/hlrnet.com\/sites\/gzorg\/wp-json\/wp\/v2\/pages\/6740\/revisions\/25388"}],"wp:attachment":[{"href":"https:\/\/hlrnet.com\/sites\/gzorg\/wp-json\/wp\/v2\/media?parent=6740"}],"curies":[{"name":"wp","href":"https:\/\/api.w.org\/{rel}","templated":true}]}}