{"id":6495,"date":"2017-01-21T19:09:25","date_gmt":"2017-01-21T19:09:25","guid":{"rendered":"http:\/\/hlrnet.com\/sites\/gzorg\/?page_id=6495"},"modified":"2018-05-03T12:58:46","modified_gmt":"2018-05-03T12:58:46","slug":"frankrijk","status":"publish","type":"page","link":"https:\/\/hlrnet.com\/sites\/gzorg\/frankrijk\/","title":{"rendered":"Frankrijk"},"content":{"rendered":"<p>Health care in France &#8211; the French health service &#8211; <a href=\"http:\/\/about-france.com\/health-care.htm\" class=\"autohyperlink\">about-france.com\/health-care.htm<\/a><br \/>\nHealth care in France &#8211; Wikipedia &#8211; <a href=\"https:\/\/en.wikipedia.org\/wiki\/Health_care_in_France\" class=\"autohyperlink\">en.wikipedia.org\/wiki\/Health_care_in_France<\/a><br \/>\nA guide to the French healthcare system | Healthcare | Expatica France &#8211; <a href=\"http:\/\/www.expatica.com\/fr\/healthcare\/french-healthcare-france-health-care-system_101166.html\" class=\"autohyperlink\">www.expatica.com\/fr\/healthcare\/french-healthcare-france-health-care-system_101166.html<\/a><br \/>\nWHO | France &#8211; <a href=\"http:\/\/www.who.int\/countries\/fra\/en\/\" class=\"autohyperlink\">www.who.int\/countries\/fra\/en\/<\/a><br \/>\nOMS | France &#8211; <a href=\"http:\/\/www.who.int\/countries\/fra\/fr\/\" class=\"autohyperlink\">www.who.int\/countries\/fra\/fr\/<\/a><br \/>\nWHO\/Europe | France &#8211; <a href=\"http:\/\/www.euro.who.int\/en\/countries\/france\" class=\"autohyperlink\">www.euro.who.int\/en\/countries\/france<\/a><br \/>\nQualit\u00e9 et s\u00e9curit\u00e9 des soins de sant\u00e9 en France &#8211; <a href=\"http:\/\/www.cleiss.fr\/particuliers\/venir\/soins\/ue\/qualite-securite.html\" class=\"autohyperlink\">www.cleiss.fr\/particuliers\/venir\/soins\/ue\/qualite-securite.html<\/a><br \/>\nSyst\u00e8me de sant\u00e9 fran\u00e7ais \u2014 Wikip\u00e9dia &#8211; <a href=\"https:\/\/fr.wikipedia.org\/wiki\/Syst%C3%A8me_de_sant%C3%A9_fran%C3%A7ais\" class=\"autohyperlink\">fr.wikipedia.org\/wiki\/Syst%C3%A8me_de_sant%C3%A9_fran%C3%A7ais<\/a><br \/>\nVotre couverture m\u00e9dicale &#8211; L&#8217;Europe est \u00e0 vous &#8211; <a href=\"http:\/\/europa.eu\/youreurope\/citizens\/health\/when-living-abroad\/health-insurance-cover\/index_fr.htm\" class=\"autohyperlink\">europa.eu\/youreurope\/citizens\/health\/when-living-abroad\/health-insurance-cover\/index_fr.htm<\/a><br \/>\nL&#8217;offre de soins et m\u00e9dico-sociale &#8211; <a href=\"http:\/\/www.ars.iledefrance.sante.fr\/L-offre-de-soins-et-medico-soc.81531.0.html\" class=\"autohyperlink\">www.ars.iledefrance.sante.fr\/L-offre-de-soins-et-medico-soc.81531.0.html<\/a><\/p>\n<span class=\"last-modified-timestamp\">mei 3, 2018 @ 12:58 pm<\/span>\n","protected":false},"excerpt":{"rendered":"<p>Health care in France &#8211; the French health service &#8211; <a href=\"http:\/\/about-france.com\/health-care.htm\" class=\"autohyperlink\">about-france.com\/health-care.htm<\/a> Health care in France &#8211; Wikipedia &#8211; <a href=\"http:\/\/en.wikipedia.org\/wiki\/Health_care_in_France\" class=\"autohyperlink\">en.wikipedia.org\/wiki\/Health_care_in_France<\/a> A guide to the French healthcare system | Healthcare | Expatica France &#8211; <a href=\"http:\/\/www.expatica.com\/fr\/healthcare\/french-healthcare-france-health-care-system_101166.html\" class=\"autohyperlink\">www.expatica.com\/fr\/healthcare\/french-healthcare-france-health-care-system_101166.html<\/a> WHO | France &#8211; www.who.int\/countries\/fra\/en\/ OMS | France &#8211; www.who.int\/countries\/fra\/fr\/ WHO\/Europe | France &#8211; www.euro.who.int\/en\/countries\/france Qualit\u00e9 et<\/p>\n","protected":false},"author":1,"featured_media":0,"parent":0,"menu_order":0,"comment_status":"closed","ping_status":"closed","template":"","meta":{"footnotes":"","_wp_rev_ctl_limit":""},"class_list":["post-6495","page","type-page","status-publish","hentry"],"publishpress_future_action":{"enabled":false,"date":"2026-05-01 06:27:32","action":"delete","newStatus":"draft","terms":[],"taxonomy":"","extraData":[]},"publishpress_future_workflow_manual_trigger":{"enabledWorkflows":[]},"_links":{"self":[{"href":"https:\/\/hlrnet.com\/sites\/gzorg\/wp-json\/wp\/v2\/pages\/6495","targetHints":{"allow":["GET"]}}],"collection":[{"href":"https:\/\/hlrnet.com\/sites\/gzorg\/wp-json\/wp\/v2\/pages"}],"about":[{"href":"https:\/\/hlrnet.com\/sites\/gzorg\/wp-json\/wp\/v2\/types\/page"}],"author":[{"embeddable":true,"href":"https:\/\/hlrnet.com\/sites\/gzorg\/wp-json\/wp\/v2\/users\/1"}],"replies":[{"embeddable":true,"href":"https:\/\/hlrnet.com\/sites\/gzorg\/wp-json\/wp\/v2\/comments?post=6495"}],"version-history":[{"count":0,"href":"https:\/\/hlrnet.com\/sites\/gzorg\/wp-json\/wp\/v2\/pages\/6495\/revisions"}],"wp:attachment":[{"href":"https:\/\/hlrnet.com\/sites\/gzorg\/wp-json\/wp\/v2\/media?parent=6495"}],"curies":[{"name":"wp","href":"https:\/\/api.w.org\/{rel}","templated":true}]}}