{"id":5924,"date":"2016-05-29T08:24:31","date_gmt":"2016-05-29T08:24:31","guid":{"rendered":"http:\/\/hlrnet.com\/sites\/gzorg\/?page_id=5924"},"modified":"2026-02-14T15:57:17","modified_gmt":"2026-02-14T15:57:17","slug":"tests","status":"publish","type":"page","link":"https:\/\/hlrnet.com\/sites\/gzorg\/tests\/","title":{"rendered":"Tests september"},"content":{"rendered":"<p>&lt;presentieel&gt;Neem een blad papier. Noteer je naam.&lt;\/presentieel&gt;<\/p>\n<p><strong>ENGELS<\/strong><\/p>\n<ol>\n<li>Schrijf een korte <strong>biografie<\/strong> van jezelf in het Engels: wie je bent, waar je woont, je woonomgeving, je familie, wat je interesseert, waarop verpleegkunde, waarom internationale opleiding.<br \/>\nVermijd extra ondersteuning met ICT tools &#8211; het is de bedoeling te zien waar j\u00edj staat, niet hoe goed je ICT tools kan gebruiken.<\/li>\n<li><strong>Niveautests<\/strong> &#8211; doe er slechts twee of drie\n<ol>\n<li>Niveautest grammar, vocabulary en listening op <a href=\"http:\/\/examenglish.com\/leveltest\/index.php\">examenglish<\/a><br \/>\n&gt; welk niveau scoorde je?<br \/>\n&gt; wat was lastig \/moet je nog leren?<\/li>\n<li>Niveau test <a href=\"http:\/\/www.languagelevel.com\/english\/\">Languagelevel<\/a><br \/>\n&gt; welk niveau scoorde je?<br \/>\n&gt; wat was lastig \/moet je nog leren?<\/li>\n<li>Niveau test <a href=\"http:\/\/www.englishtag.com\/tests\/level_test.asp\">English tag<\/a><br \/>\n&gt; welk niveau scoorde je?<br \/>\n&gt; wat was lastig \/moet je nog leren?<\/li>\n<li>Niveau test <a href=\"http:\/\/www.cambridgeenglish.org\/test-your-english\/\">Cambridge<\/a><br \/>\n&gt; welk niveau scoorde je?<br \/>\n&gt; wat was lastig \/moet je nog leren?<\/li>\n<li><a href=\"https:\/\/www.vdab.be\/tests\/taaltesten.shtml\">VDAB<\/a><\/li>\n<li><a href=\"https:\/\/www.examenglish.com\/\">Exam English<\/a><\/li>\n<\/ol>\n<\/li>\n<li>[doe 3 \u00f3f 4 &#8211; niet beide; voor Frans doe je de andere]<strong><br \/>\nActualiteit<\/strong>. Bekijk Engelstalige pers. Wat wordt er zoal verteld? Schrijf een korte synthese.<br \/>\n&gt; wat was lastig \/moet je nog leren?<\/li>\n<li>[indien er nog tijd is] Ga op Youtube op zoek naar een <strong>video<\/strong> over verpleegkunde in het Engels. Schrijf een korte synthese.<br \/>\n&gt; wat was lastig \/moet je nog leren?<\/li>\n<li>Spreken. Stel jezelf voor (in het Engels), en zeg waarom je verpleegkunde wil studeren.<br \/>\n<a href=\"https:\/\/flip.com\/23680bbb\" class=\"autohyperlink\">flip.com\/23680bbb<\/a><\/li>\n<\/ol>\n<p><strong>FRANS<\/strong><\/p>\n<p>Verzamel 1, 2 en 3\/4 in een Word document en stuur naar hans punt leroy -at- odisee.be<\/p>\n<ol>\n<li>Schrijf een korte <strong>biografie<\/strong> van jezelf in het Frans: wie je bent, waar je woont, je woonomgeving, je familie, wat je interesseert, waarop verpleegkunde, waarom internationale opleiding. Je mag ook de Engelse autobiografie verderzetten in het Frans<\/li>\n<li><strong>Niveautests<\/strong> &#8211; doe er slechts twee of drie\n<ol>\n<li>Niveau test <a href=\"http:\/\/www.ef.be\/nl\/test1\/#\/registration\">EF<\/a><br \/>\n&gt; welk niveau scoorde je?<br \/>\n&gt; wat was lastig \/moet je nog leren?<\/li>\n<li>Niveau test <a href=\"http:\/\/www.languagelevel.com\/french\/\">Languagelevel<\/a><br \/>\n&gt; welk niveau scoorde je?<br \/>\n&gt; wat was lastig \/moet je nog leren?<\/li>\n<li>Niveau test <a href=\"http:\/\/www.francaisfacile.com\/exercices\/exercice-francais-2\/exercice-francais-8922.php\">Fran\u00e7ais facile<\/a><br \/>\n&gt; welk niveau scoorde je?<br \/>\n&gt; wat was lastig \/moet je nog leren?<\/li>\n<li>Niveau test <a href=\"https:\/\/testfle.campuslangues.com\/\">Campus langue<\/a><br \/>\n&gt; welk niveau scoorde je?<br \/>\n&gt; wat was lastig \/moet je nog leren?<\/li>\n<li>Niveaux de langue <a href=\"https:\/\/www.cll.be\/niveaux-de-langue#05\">CLL<\/a><br \/>\n&gt; welk niveau scoorde je?<br \/>\n&gt; wat was lastig \/moet je nog leren?<\/li>\n<li><a href=\"https:\/\/testfr.azurlingua.net\/\">Azurlingua test de fran\u00e7ais<\/a><br \/>\n&gt; welk niveau scoorde je?<br \/>\n&gt; wat was lastig \/moet je nog leren?<\/li>\n<li><a href=\"https:\/\/www.vdab.be\/tests\/taaltesten.shtml\">VDAB<\/a><\/li>\n<li><a href=\"https:\/\/sejour.fl-france.fr\/niveaux-de-francais\/\">Les niveaux de fran\u00e7ais : A1, A2, B1, B2, C1, C2. Tout savoir sur le CECRL<\/a> | FL-France<\/li>\n<li><a href=\"https:\/\/www.cll.be\/niveaux-de-langue#05\">Niveaux de langue<\/a> | CLL<\/li>\n<li><a href=\"https:\/\/testfr.azurlingua.net\/\">Azurlingua test de fran\u00e7ais<\/a><\/li>\n<\/ol>\n<\/li>\n<li>[doe 3 \u00f3f 4 &#8211; niet beide; voor Engels doe je de andere]<br \/>\n<strong>Actualiteit<\/strong>. Bekijk Franstalige pers. Wat wordt er zoal verteld? Schrijf een korte synthese.<br \/>\n&gt; wat was lastig \/moet je nog leren?<\/li>\n<li>[indien er nog tijd is] Ga op Youtube op zoek naar een <strong>video<\/strong> over verpleegkunde in het Frans. Schrijf een korte synthese.<br \/>\n&gt; wat was lastig \/moet je nog leren?<\/li>\n<li>Spreken. Stel jezelf voor (in het Frans), en zeg waarom je verpleegkunde wil studeren.<br \/>\n<a href=\"https:\/\/flip.com\/23680bbb\" class=\"autohyperlink\">flip.com\/23680bbb<\/a><\/li>\n<\/ol>\n<p><!--more-->&lt;en espa\u00f1ol&gt;<\/p>\n<p>FRANCES<\/p>\n<ol>\n<li>Toma un papel.<br \/>\nEscribe una autobiograf\u00eda: qui\u00e9n eres, d\u00f3nde vives, lo que te interesa, por qu\u00e9 esta carrera<\/li>\n<li>Haz dos o tres de los tests en l\u00ednea que se mencionan. Escribe cada vez qu\u00e9 nivel resulta, y qu\u00e9 cosas parec\u00edan dif\u00edciles.<\/li>\n<li>Actualidad. Echa un vistazo a la prensa. Qu\u00e9 es lo que se cuenta? Escribe una s\u00edntesis breve.<\/li>\n<li>Pres\u00e9ntate en franc\u00e9s, y di por qu\u00e9 quieres estudiar enfermer\u00eda<\/li>\n<\/ol>\n<p>INGLES<\/p>\n<ol>\n<li value=\"4\">Escribe una autobiograf\u00eda: qui\u00e9n eres, d\u00f3nde vives, lo que te interesa, por qu\u00e9 esta carrera<\/li>\n<li>Haz dos o tres de los tests en l\u00ednea que se mencionan. Escribe cada vez qu\u00e9 nivel resulta, y qu\u00e9 cosas parec\u00edan dif\u00edciles.<\/li>\n<li>Actualidad. Echa un vistazo a la prensa. \u00bfQu\u00e9 es lo que se cuenta? Escribe una s\u00edntesis breve<\/li>\n<li>Pres\u00e9ntate en franc\u00e9s, y di por qu\u00e9 quieres estudiar enfermer\u00eda<br \/>\n<a href=\"https:\/\/flipgrid.com\/\" class=\"autohyperlink\">flipgrid.com\/<\/a><\/li>\n<\/ol>\n<p>&nbsp;<\/p>\n","protected":false},"excerpt":{"rendered":"<p>&lt;presentieel&gt;Neem een blad papier. Noteer je naam.&lt;\/presentieel&gt; ENGELS Schrijf een korte biografie van jezelf in het Engels: wie je bent, waar je woont, je woonomgeving, je familie, wat je interesseert, waarop verpleegkunde, waarom internationale opleiding. Vermijd extra ondersteuning met ICT tools &#8211; het is de bedoeling te zien waar j\u00edj<\/p>\n","protected":false},"author":1,"featured_media":0,"parent":0,"menu_order":0,"comment_status":"closed","ping_status":"closed","template":"","meta":{"footnotes":"","_wp_rev_ctl_limit":""},"class_list":["post-5924","page","type-page","status-publish","hentry"],"publishpress_future_action":{"enabled":false,"date":"2026-04-30 20:09:33","action":"delete","newStatus":"draft","terms":[],"taxonomy":"","extraData":[]},"publishpress_future_workflow_manual_trigger":{"enabledWorkflows":[]},"_links":{"self":[{"href":"https:\/\/hlrnet.com\/sites\/gzorg\/wp-json\/wp\/v2\/pages\/5924","targetHints":{"allow":["GET"]}}],"collection":[{"href":"https:\/\/hlrnet.com\/sites\/gzorg\/wp-json\/wp\/v2\/pages"}],"about":[{"href":"https:\/\/hlrnet.com\/sites\/gzorg\/wp-json\/wp\/v2\/types\/page"}],"author":[{"embeddable":true,"href":"https:\/\/hlrnet.com\/sites\/gzorg\/wp-json\/wp\/v2\/users\/1"}],"replies":[{"embeddable":true,"href":"https:\/\/hlrnet.com\/sites\/gzorg\/wp-json\/wp\/v2\/comments?post=5924"}],"version-history":[{"count":3,"href":"https:\/\/hlrnet.com\/sites\/gzorg\/wp-json\/wp\/v2\/pages\/5924\/revisions"}],"predecessor-version":[{"id":25193,"href":"https:\/\/hlrnet.com\/sites\/gzorg\/wp-json\/wp\/v2\/pages\/5924\/revisions\/25193"}],"wp:attachment":[{"href":"https:\/\/hlrnet.com\/sites\/gzorg\/wp-json\/wp\/v2\/media?parent=5924"}],"curies":[{"name":"wp","href":"https:\/\/api.w.org\/{rel}","templated":true}]}}