{"id":5383,"date":"2015-11-24T15:36:53","date_gmt":"2015-11-24T15:36:53","guid":{"rendered":"http:\/\/hlrnet.com\/sites\/gzorg\/?page_id=5383"},"modified":"2025-12-04T17:54:54","modified_gmt":"2025-12-04T17:54:54","slug":"evidence-based-practice","status":"publish","type":"page","link":"https:\/\/hlrnet.com\/sites\/gzorg\/evidence-based-practice\/","title":{"rendered":"Evidence based practice"},"content":{"rendered":"<ul>\n<li>Intro: wat is er te zien \/ qu&#8217;y a-t-il \u00e0 voir?<br \/>\n<a href=\"http:\/\/hlrnet.com\/sites\/gzorg\/files\/2015\/11\/German_postcard_from_1888.png\"><img loading=\"lazy\" decoding=\"async\" class=\"alignnone size-full wp-image-5386\" src=\"http:\/\/hlrnet.com\/sites\/gzorg\/files\/2015\/11\/German_postcard_from_1888.png\" alt=\"German_postcard_from_1888\" width=\"288\" height=\"410\" srcset=\"https:\/\/hlrnet.com\/sites\/gzorg\/files\/2015\/11\/German_postcard_from_1888.png 288w, https:\/\/hlrnet.com\/sites\/gzorg\/files\/2015\/11\/German_postcard_from_1888-211x300.png 211w\" sizes=\"auto, (max-width: 288px) 100vw, 288px\" \/><\/a><\/li>\n<li>Definities\n<ul>\n<li>EN<\/li>\n<li><a href=\"http:\/\/guides.lib.unc.edu\/c.php?g=8362&amp;p=43029\">Evidence Based Nursing Introduction<\/a><\/li>\n<li><a href=\"http:\/\/ktclearinghouse.ca\/cebm\/syllabi\/nursing\/intro\">Introduction to evidence-based nursing (Clearinghouse)<\/a><\/li>\n<li>ES<\/li>\n<li><a href=\"https:\/\/es.wikipedia.org\/wiki\/Medicina_basada_en_la_evidencia\">Medicina basada en la evidencia<\/a> (Wikipedia)<\/li>\n<li><a href=\"https:\/\/exme.cochrane.org\/que-es-la-medicina-basada-en-la-evidencia\/\">Medicina basada en la evidencia<\/a> (Cochrane)<\/li>\n<li><a href=\"https:\/\/www.msdmanuals.com\/es-es\/professional\/temas-especiales\/toma-de-decisiones-m%C3%A9dicas\/medicina-basada-en-la-evidencia-y-gu%C3%ADas-cl%C3%ADnicas\">Medicina basada en la evidencia<\/a> (Manual MSD)<\/li>\n<li><a href=\"http:\/\/www.prevencionbasadaenlaevidencia.net\/\">Prevenci\u00f3n basada en la evidencia<\/a><\/li>\n<li>FR<\/li>\n<li><a href=\"https:\/\/fr.wikipedia.org\/wiki\/M%C3%A9decine_fond%C3%A9e_sur_les_faits\">M\u00e9decine fond\u00e9e sur les faits (Wikipedia)<\/a><\/li>\n<li><a href=\"https:\/\/fr.wikipedia.org\/wiki\/Pratique_fond%C3%A9e_sur_les_preuves\">Pratique fond\u00e9e sur les Preuves<\/a> (Wikip\u00e9dia)<\/li>\n<li>EN<\/li>\n<li><a href=\"https:\/\/www.hlrnet.com\/sites\/ebp\/\">EBP (hlrnet)<\/a>: informatie, kaders, tools<\/li>\n<\/ul>\n<\/li>\n<li>Strategie\u00ebn \/ strat\u00e9gies [<strong><span style=\"color: #6a6a6a;\">PICO<\/span><\/strong> (Patient-Intervention-Comparison-Outcome) &amp; more]\n<ul>\n<li>EN<\/li>\n<li><a href=\"http:\/\/www.medscape.com\/viewarticle\/514532\">Implementing Evidence-Based Nursing Practice<\/a>\u00a0(Medscape)<\/li>\n<li><a href=\"http:\/\/hsl.mcmaster.libguides.com\/nursing\">Nursing Resources: Getting Started<\/a> (McMaster)<\/li>\n<li><a href=\"http:\/\/researchguides.uic.edu\/c.php?g=252338&amp;p=1683349\">PICO<\/a><\/li>\n<li><a href=\"https:\/\/en.wikipedia.org\/wiki\/PICO_process\">PICO Process<\/a> (Wikipedia)<\/li>\n<li><a href=\"http:\/\/guides.dml.georgetown.edu\/ebm\/ebmclinicalquestions\">Types of Clinical Questions<\/a><\/li>\n<li>ES<\/li>\n<li><a href=\"http:\/\/ebevidencia.com\/archivos\/163\">Estrategia PICO <\/a><\/li>\n<li>\u00bfQu\u00e9 es la EBE?<br \/>\n1) Formulaci\u00f3n de preguntas cl\u00ednicas \/ 2) Localizaci\u00f3n de la informaci\u00f3n \/ 3) Contextualizaci\u00f3n. Lectura cr\u00edtica \/ 4) Implementaci\u00f3n \/ 5) Evaluaci\u00f3n<\/li>\n<\/ul>\n<\/li>\n<li>Enkele video&#8217;s &#8211; Mijn playlist<br \/>\n<iframe loading=\"lazy\" title=\"ICT4EBP1 ebp\" width=\"900\" height=\"506\" src=\"https:\/\/www.youtube.com\/embed\/videoseries?list=PLrNnxisqPUSD9vt4Z-_MyX9dqxjGq-HTU\" frameborder=\"0\" allow=\"accelerometer; autoplay; clipboard-write; encrypted-media; gyroscope; picture-in-picture; web-share\" referrerpolicy=\"strict-origin-when-cross-origin\" allowfullscreen><\/iframe><\/p>\n<ul>\n<li><em><strong>NL<\/strong><\/em><\/li>\n<li><a href=\"https:\/\/www.youtube.com\/playlist?list=PLrNnxisqPUSD2-Tx9-TDoDpexgmgPyHkZ\">ICT4EBP1: trukendoos<\/a><\/li>\n<li><a href=\"https:\/\/www.youtube.com\/playlist?list=PLrNnxisqPUSD9vt4Z-_MyX9dqxjGq-HTU\">ICT4EBP1: wat is EBP?<\/a><\/li>\n<li><a href=\"https:\/\/www.youtube.com\/playlist?list=PLrNnxisqPUSC0MQ35SIaG5YCd7hYlWXtX\">ICT4EBP1: bibliografie<\/a><\/li>\n<li><a href=\"https:\/\/www.youtube.com\/playlist?list=PLrNnxisqPUSBKQkYZV2oxHM4jxWlg5cRu\">ICT4EBP1: tabellen, berekeningen en grafieken<\/a><\/li>\n<li><a href=\"https:\/\/www.youtube.com\/playlist?list=PLrNnxisqPUSDw3N6YtB8N5xfV7jbvWgeH\">ICT4EBP2: enqu\u00eates en verwerking in Excel<\/a><\/li>\n<\/ul>\n<\/li>\n<li>Achtergronden\n<ul>\n<li><a href=\"https:\/\/www.cebm.net\/\">Center for Evidence Based Medicine (CEBM)<\/a><\/li>\n<li><a href=\"https:\/\/onlinelibrary.wiley.com\/journal\/17565391\">Journal of Evidence-Based Medicine<\/a><\/li>\n<li><a href=\"https:\/\/www.nursing.nl\/thema\/ebp\/\">Nursing: Evidence Based Practice<\/a><\/li>\n<\/ul>\n<\/li>\n<li>Protocols \/ richtlijnen\n<ul>\n<li>NL<\/li>\n<li>Cochrane<\/li>\n<li><a href=\"http:\/\/www.ebpnet.be\">EBPracticenet<\/a><\/li>\n<li><a href=\"https:\/\/www.health.belgium.be\/\">FOD Gezondheidszorg<\/a><\/li>\n<li><a href=\"https:\/\/www.tripdatabase.com\/\">Trip Database<\/a><\/li>\n<li><a href=\"https:\/\/www.venvn.nl\/Themas\/Richtlijnen-en-protocollen\">V&amp;VN<\/a><\/li>\n<li>FR<\/li>\n<li>SPF Sant\u00e9 publique<\/li>\n<\/ul>\n<\/li>\n<li>Databanken \/ banques de donn\u00e9es\n<ul>\n<li>Google Scholar<\/li>\n<li>Pubmed<\/li>\n<li>Limo<\/li>\n<li>Embase<\/li>\n<li>meer: <a href=\"https:\/\/hlrnet.com\/sites\/gzorg\/on-line-databanken-van-wetenschappelijke-gegevens\/\">hlrnet.com\/sites\/gzorg\/on-line-databanken-van-wetenschappelijke-gegevens\/<\/a><\/li>\n<\/ul>\n<\/li>\n<li>Bibliotheken \/ biblioth\u00e8ques en ligne\n<ul>\n<li><a href=\"https:\/\/limo.libis.be\">Limo<\/a><\/li>\n<li><a href=\"https:\/\/hlrnet.com\/sites\/onderwijs\/bibliotheken\/\">www.hlrnet.com: bibliotheken<\/a><\/li>\n<\/ul>\n<\/li>\n<li>Hulpmiddelen\n<ul>\n<li>Tabs in browsers<\/li>\n<li>Linguee<\/li>\n<li>Wordle<\/li>\n<li>Tagcrowd<\/li>\n<li>Resoomer<\/li>\n<li>Google: zoeken op licentie \/ bestandstype \/ domein<\/li>\n<li>Alarmen en notificaties<\/li>\n<li>RSS feeds<\/li>\n<li><a href=\"http:\/\/prisma-statement.org\/\">Preferred Reporting Items for Systematic Reviews and Meta-Analyses (PRISMA)<\/a><\/li>\n<\/ul>\n<\/li>\n<li>Bibliografie \/ g\u00e9rer la bibliographie\n<ul>\n<li>Word<\/li>\n<li>Zotero<\/li>\n<li>Mendeley<\/li>\n<\/ul>\n<\/li>\n<li>Excel: gegevens, grafieken, enqu\u00eates\n<ul>\n<li><a href=\"https:\/\/hlrnet.com\/sites\/excel\/\">meer<\/a><\/li>\n<\/ul>\n<\/li>\n<li>Statistiek\n<ul>\n<li>EN<\/li>\n<li><a href=\"http:\/\/unt-ori2.crihan.fr\/unspf\/2010_Limoges_Vignoles_StatsDescriptives\/co\/00-1%20Module_stat-descriptives-2009.html\">Descriptive Statistics<\/a><\/li>\n<li><a href=\"https:\/\/en.wikipedia.org\/wiki\/Descriptive_statistics\">Descriptive statistics<\/a> (Wikipedia)<\/li>\n<li><a href=\"http:\/\/onlinestatbook.com\/2\/index.html\">Online Statistics Education: An Interactive Multimedia Course of Study<\/a><\/li>\n<li>FR<\/li>\n<li><a href=\"https:\/\/cran.r-project.org\/doc\/contrib\/Herve-Aide-memoire-statistique.pdf\">Aide-m\u00e9moire de statistique appliqu\u00e9e \u00e0 la biologie<\/a>: logiciel R<\/li>\n<li><a href=\"http:\/\/unt-ori2.crihan.fr\/unspf\/2010_Limoges_Vignoles_StatsDescriptives\/co\/00-1%20Module_stat-descriptives-2009.html\">Cours de statistique &#8211; Statistiques descriptives<\/a> (Crihan)<\/li>\n<li><a href=\"http:\/\/www.surveystore.info\/nsarticle\/analyse-multivarie.asp\">Qu&#8217;est-ce que l&#8217;analyse multivari\u00e9e<\/a><\/li>\n<li><a href=\"https:\/\/fr.wikipedia.org\/wiki\/Statistique_descriptive\">Statistique descriptive <\/a>(Wikipedia)<\/li>\n<li><a href=\"https:\/\/fr.wikipedia.org\/wiki\/Statistique_multivari%C3%A9e\">Statistique multivari\u00e9e<\/a> (Wikipedia)<\/li>\n<li>NL<\/li>\n<li><a href=\"http:\/\/www.ethologie.nl\/methoden\/beschrijvend.htm\">Analyse &#8211; beschrijvende statistiek<\/a> (ethiologie.nl)<\/li>\n<li><a href=\"https:\/\/spsshandboek.nl\/descriptive-statistics\/\">Beschrijvende statistiek<\/a> (SPSS handboek)<\/li>\n<li><a href=\"http:\/\/www.hlrnet.com\/sites\/statistiek\">meer&#8230;<\/a><\/li>\n<\/ul>\n<\/li>\n<li><a href=\"https:\/\/hlrnet.com\/sites\/gzorg\/taxonomieen-en-classificaties\/\">Taxonomie\u00ebn<\/a>: ICD, ICF, NIC, NOC, NANDA<\/li>\n<li>Voor studenten\n<ul>\n<li>Links op <a href=\"http:\/\/hlrnet.com\">hlrnet.com<\/a><\/li>\n<li>Agenda op <a href=\"http:\/\/www.gezondheids.org\">www.gezondheids.org<\/a><\/li>\n<li>Blogs buitenlandse stages op <a href=\"http:\/\/www.gezondheids.org\">www.gezondheids.org<\/a><\/li>\n<li>Lexica op <a href=\"https:\/\/hlrnet.com\/sites\/gzorg\/online-lexica-per-discipline\/\">www.gezondheids.org<\/a><\/li>\n<li>EBP site op <a href=\"https:\/\/www.hlrnet.com\/sites\/ebp\">www.hlrnet.com\/sites\/ebp<\/a><\/li>\n<li>Technoblog op <a href=\"https:\/\/www.hlrnet.com\/technoblog\">www.hlrnet.com\/technoblog<\/a><\/li>\n<li><a href=\"htp:\/\/www.hlrnet.com\/sites\/fss\">Le fran\u00e7ais et les soins de sant\u00e9<\/a><\/li>\n<li><a href=\"htp:\/\/www.hlrnet.com\/sites\/ecs\">El espa\u00f1ol y el cuidado de la salud<\/a><\/li>\n<\/ul>\n<\/li>\n<\/ul>\n<span class=\"last-modified-timestamp\">dec 4, 2025 @ 5:54 pm<\/span>\n<div class=\"notranslate\" style=\"all: initial;\"><\/div>\n","protected":false},"excerpt":{"rendered":"<p>Intro: wat is er te zien \/ qu&#8217;y a-t-il \u00e0 voir? Definities EN Evidence Based Nursing Introduction Introduction to evidence-based nursing (Clearinghouse) ES Medicina basada en la evidencia (Wikipedia) Medicina basada en la evidencia (Cochrane) Medicina basada en la evidencia (Manual MSD) Prevenci\u00f3n basada en la evidencia FR M\u00e9decine fond\u00e9e<\/p>\n","protected":false},"author":1,"featured_media":0,"parent":0,"menu_order":0,"comment_status":"closed","ping_status":"closed","template":"","meta":{"footnotes":"","_wp_rev_ctl_limit":""},"class_list":["post-5383","page","type-page","status-publish","hentry"],"publishpress_future_action":{"enabled":false,"date":"2026-05-02 05:21:45","action":"delete","newStatus":"draft","terms":[],"taxonomy":"","extraData":[]},"publishpress_future_workflow_manual_trigger":{"enabledWorkflows":[]},"_links":{"self":[{"href":"https:\/\/hlrnet.com\/sites\/gzorg\/wp-json\/wp\/v2\/pages\/5383","targetHints":{"allow":["GET"]}}],"collection":[{"href":"https:\/\/hlrnet.com\/sites\/gzorg\/wp-json\/wp\/v2\/pages"}],"about":[{"href":"https:\/\/hlrnet.com\/sites\/gzorg\/wp-json\/wp\/v2\/types\/page"}],"author":[{"embeddable":true,"href":"https:\/\/hlrnet.com\/sites\/gzorg\/wp-json\/wp\/v2\/users\/1"}],"replies":[{"embeddable":true,"href":"https:\/\/hlrnet.com\/sites\/gzorg\/wp-json\/wp\/v2\/comments?post=5383"}],"version-history":[{"count":3,"href":"https:\/\/hlrnet.com\/sites\/gzorg\/wp-json\/wp\/v2\/pages\/5383\/revisions"}],"predecessor-version":[{"id":25122,"href":"https:\/\/hlrnet.com\/sites\/gzorg\/wp-json\/wp\/v2\/pages\/5383\/revisions\/25122"}],"wp:attachment":[{"href":"https:\/\/hlrnet.com\/sites\/gzorg\/wp-json\/wp\/v2\/media?parent=5383"}],"curies":[{"name":"wp","href":"https:\/\/api.w.org\/{rel}","templated":true}]}}