{"id":22681,"date":"2024-02-29T14:52:26","date_gmt":"2024-02-29T14:52:26","guid":{"rendered":"https:\/\/hlrnet.com\/sites\/gzorg\/?page_id=22681"},"modified":"2025-12-04T17:48:43","modified_gmt":"2025-12-04T17:48:43","slug":"zwitserland","status":"publish","type":"page","link":"https:\/\/hlrnet.com\/sites\/gzorg\/zwitserland\/","title":{"rendered":"Zwitserland"},"content":{"rendered":"<p>Het land<\/p>\n<ul>\n<li><a href=\"https:\/\/fr.wikipedia.org\/wiki\/Suisse\">Suisse \u2014 Wikip\u00e9dia (wikipedia.org)<\/a><\/li>\n<li><a href=\"https:\/\/switzerlanding.com\/fr\/geographie\/\">G\u00e9ographie de la Suisse : Tous les faits essentiels &#8211; SwitzerLanding<\/a><\/li>\n<li><a href=\"https:\/\/www.eda.admin.ch\/aboutswitzerland\/fr\/home\/umwelt\/geografie\/geografie---fakten-und-zahlen.html\">G\u00e9ographie \u2013 faits et chiffres (admin.ch)<\/a><\/li>\n<li><a href=\"https:\/\/www.atlas-monde.net\/europe\/suisse\/\">Suisse : cartes et informations sur le pays (atlas-monde.net)<\/a><\/li>\n<li><a href=\"https:\/\/www.donneesmondiales.com\/europe\/suisse\/index.php\">Suisse: donn\u00e9es et statistiques du pays (donneesmondiales.com)<\/a><\/li>\n<li><a href=\"https:\/\/fr.wikipedia.org\/wiki\/D%C3%A9mographie_de_la_Suisse\">D\u00e9mographie de la Suisse \u2014 Wikip\u00e9dia (wikipedia.org)<\/a><\/li>\n<li><a href=\"https:\/\/www.donneesmondiales.com\/europe\/suisse\/index.php#:~:text=La%20superficie%20de%20la%20Suisse%2C%2041.290%2C40%20km%C2%B2%2C%20correspond,dans%20les%20villes%20de%20Zurich%2C%20Gen%C3%A8ve%20et%20B%C3%A2le.\">Suisse: donn\u00e9es et statistiques du pays (donneesmondiales.com)<\/a><\/li>\n<li><a href=\"https:\/\/www.donneesmondiales.com\/comparaison-pays.php?country1=BEL&amp;country2=CHE\">Comparaison entre pays: Belgique \/ Suisse (donneesmondiales.com)<\/a><\/li>\n<li><a href=\"https:\/\/www.bfs.admin.ch\/news\/fr\/2021-0191\">Portrait d\u00e9mographique de la Suisse &#8211; \u00c9dition 2022 | Office f\u00e9d\u00e9ral de la statistique (admin.ch)<\/a><\/li>\n<\/ul>\n<p>Gezondheidszorg<\/p>\n<ul>\n<li><a href=\"https:\/\/data.who.int\/countries\/756\">Switzerland (who.int)<\/a><\/li>\n<li><a href=\"https:\/\/fr.wikipedia.org\/wiki\/Sant%C3%A9_en_Suisse\">Sant\u00e9 en Suisse \u2014 Wikip\u00e9dia (wikipedia.org)<\/a><\/li>\n<li><a href=\"https:\/\/extranet.who.int\/countryplanningcycles\/sites\/default\/files\/public_file_rep\/CHE_Suisse_Politique-de-la-sant%C3%A9-%20strat%C3%A9gie-du-Conseil-f%C3%A9d%C3%A9ral_2020-2030.pdf\">Politique de la sant\u00e9; strat\u00e9gie du Conseil f\u00e9d\u00e9ral 2020-2030 (who.int)<\/a><\/li>\n<li><a href=\"https:\/\/www.cleiss.fr\/docs\/systemes-de-sante\/suisse.html\">Le syst\u00e8me de sant\u00e9 suisse (cleiss.fr)<\/a><\/li>\n<li><a href=\"https:\/\/switzerlanding.com\/fr\/systeme-sante-suisse\/\">Le syst\u00e8me de sant\u00e9 suisse : Est-il le meilleur au monde ? &#8211; SwitzerLanding<\/a><\/li>\n<\/ul>\n","protected":false},"excerpt":{"rendered":"<p>Het land Suisse \u2014 Wikip\u00e9dia (<a href=\"http:\/\/wikipedia.org\" class=\"autohyperlink\">wikipedia.org<\/a>) G\u00e9ographie de la Suisse : Tous les faits essentiels &#8211; SwitzerLanding G\u00e9ographie \u2013 faits et chiffres (admin.ch) Suisse : cartes et informations sur le pays (<a href=\"http:\/\/atlas-monde.net\" class=\"autohyperlink\">atlas-monde.net<\/a>) Suisse: donn\u00e9es et statistiques du pays (<a href=\"http:\/\/donneesmondiales.com\" class=\"autohyperlink\">donneesmondiales.com<\/a>) D\u00e9mographie de la Suisse \u2014 Wikip\u00e9dia (<a href=\"http:\/\/wikipedia.org\" class=\"autohyperlink\">wikipedia.org<\/a>) Suisse: donn\u00e9es et statistiques<\/p>\n","protected":false},"author":1,"featured_media":0,"parent":0,"menu_order":0,"comment_status":"closed","ping_status":"closed","template":"","meta":{"footnotes":"","_wp_rev_ctl_limit":""},"class_list":["post-22681","page","type-page","status-publish","hentry"],"publishpress_future_action":{"enabled":false,"date":"2026-04-30 19:29:06","action":"delete","newStatus":"draft","terms":[],"taxonomy":"","extraData":[]},"publishpress_future_workflow_manual_trigger":{"enabledWorkflows":[]},"_links":{"self":[{"href":"https:\/\/hlrnet.com\/sites\/gzorg\/wp-json\/wp\/v2\/pages\/22681","targetHints":{"allow":["GET"]}}],"collection":[{"href":"https:\/\/hlrnet.com\/sites\/gzorg\/wp-json\/wp\/v2\/pages"}],"about":[{"href":"https:\/\/hlrnet.com\/sites\/gzorg\/wp-json\/wp\/v2\/types\/page"}],"author":[{"embeddable":true,"href":"https:\/\/hlrnet.com\/sites\/gzorg\/wp-json\/wp\/v2\/users\/1"}],"replies":[{"embeddable":true,"href":"https:\/\/hlrnet.com\/sites\/gzorg\/wp-json\/wp\/v2\/comments?post=22681"}],"version-history":[{"count":6,"href":"https:\/\/hlrnet.com\/sites\/gzorg\/wp-json\/wp\/v2\/pages\/22681\/revisions"}],"predecessor-version":[{"id":25109,"href":"https:\/\/hlrnet.com\/sites\/gzorg\/wp-json\/wp\/v2\/pages\/22681\/revisions\/25109"}],"wp:attachment":[{"href":"https:\/\/hlrnet.com\/sites\/gzorg\/wp-json\/wp\/v2\/media?parent=22681"}],"curies":[{"name":"wp","href":"https:\/\/api.w.org\/{rel}","templated":true}]}}