{"id":21824,"date":"2023-10-26T16:56:10","date_gmt":"2023-10-26T16:56:10","guid":{"rendered":"https:\/\/hlrnet.com\/sites\/gzorg\/?page_id=21824"},"modified":"2023-10-26T16:56:10","modified_gmt":"2023-10-26T16:56:10","slug":"ergotherapie-podcasts","status":"publish","type":"page","link":"https:\/\/hlrnet.com\/sites\/gzorg\/ergotherapie-podcasts\/","title":{"rendered":"Ergotherapie podcasts"},"content":{"rendered":"<p>FR<\/p>\n<p><a href=\"https:\/\/podcasts.google.com\/feed\/aHR0cHM6Ly9hbmNob3IuZm0vcy8yOTI3YTg4NC9wb2RjYXN0L3Jzcw\">Occupe Ton Ergo<\/a><\/p>\n<p><a href=\"https:\/\/podcasts.google.com\/feed\/aHR0cHM6Ly9hbmNob3IuZm0vcy8zM2VkZWZhOC9wb2RjYXN0L3Jzcw?sa=X&amp;ved=0CCIQ27cFahgKEwiIo9f0p-X8AhUAAAAAHQAAAAAQkgE\">ReR &amp; PCC (Odontologie) Anthropologie de la Sant\u00e9<\/a> (Kin\u00e9sith\u00e9rapie &#8211; Ergoth\u00e9rapie)<\/p>\n<p>NL<\/p>\n<p><a href=\"https:\/\/podcasts.google.com\/feed\/aHR0cHM6Ly9hbmNob3IuZm0vcy8xYmM1MDdiOC9wb2RjYXN0L3Jzcw?sa=X&amp;ved=0CCMQ27cFahgKEwiIo9f0p-X8AhUAAAAAHQAAAAAQkgE\">Ergo Rise<\/a><\/p>\n<p><a href=\"https:\/\/podcasts.google.com\/feed\/aHR0cHM6Ly9hbmNob3IuZm0vcy80MzExN2IxYy9wb2RjYXN0L3Jzcw?sa=X&amp;ved=0CAMQ4aUDahcKEwjor5q7qOX8AhUAAAAAHQAAAAAQAg\">PEPLab<\/a><\/p>\n<p><a href=\"https:\/\/podcasts.google.com\/feed\/aHR0cHM6Ly9hbmNob3IuZm0vcy81ODE1MmRkOC9wb2RjYXN0L3Jzcw?sa=X&amp;ved=0CCQQ27cFahgKEwiIo9f0p-X8AhUAAAAAHQAAAAAQkgE\">Uitgesproken C\u00e9lie Podcast<\/a><\/p>\n<p>DE<\/p>\n<p><a href=\"https:\/\/podcasts.google.com\/feed\/aHR0cHM6Ly9nMjRtaHIucG9kY2FzdGVyLmRlL1BlcmZvcm1hbmNlU2tpbGxzLnJzcw?sa=X&amp;ved=0CCEQ27cFahgKEwiIo9f0p-X8AhUAAAAAHQAAAAAQkgE\">Performance Skills<\/a><\/p>\n<p><a href=\"https:\/\/podcasts.google.com\/feed\/aHR0cHM6Ly9hbmNob3IuZm0vcy83M2U3ODQ5OC9wb2RjYXN0L3Jzcw?sa=X&amp;ved=0CBoQ27cFahgKEwiIo9f0p-X8AhUAAAAAHQAAAAAQkgE\">Ergotherapie unverpackt<\/a><\/p>\n<p><a href=\"https:\/\/podcasts.google.com\/feed\/aHR0cHM6Ly95bG0wZ2UucG9kY2FzdGVyLmRlL3ByYXhlbmRlcnp1a3VuZnQucnNz?sa=X&amp;ved=0CBsQ27cFahgKEwiIo9f0p-X8AhUAAAAAHQAAAAAQkgE\">THERAPIEexperte<\/a> &#8211; Ergotherapie, Logop\u00e4die und Physiotherapie.<\/p>\n<p><a href=\"https:\/\/podcasts.google.com\/feed\/aHR0cHM6Ly9wb2RjYXN0LmVyZ28tdW50ZXJ3ZWdzLmRlL2ZlZWQvbXAz?sa=X&amp;ved=0CBwQ27cFahgKEwiIo9f0p-X8AhUAAAAAHQAAAAAQkgE\">Evidenz auf die Ohren<\/a><\/p>\n<p><a href=\"https:\/\/podcasts.google.com\/feed\/aHR0cHM6Ly94bi0tbG9nb3BkaXNjaGVwcmF4aXMta2llbC00NGIuZGUvY2F0ZWdvcnkvcG9kY2FzdC9mZWVkLw?sa=X&amp;ved=0CB0Q27cFahgKEwiIo9f0p-X8AhUAAAAAHQAAAAAQkgE\">Podcast | Logop\u00e4die und Ergotherapie Kiel<\/a><\/p>\n<p><a href=\"https:\/\/podcasts.google.com\/feed\/aHR0cHM6Ly81cmhpcmgucG9kY2FzdGVyLmRlL2J1ZWNrd2FyZS5yc3M?sa=X&amp;ved=0CB8Q27cFahgKEwiIo9f0p-X8AhUAAAAAHQAAAAAQkgE\">B\u00fcckware<\/a><\/p>\n<p><a href=\"https:\/\/podcasts.google.com\/feed\/aHR0cHM6Ly93d3cuaGFuZGx1bmdzcGxhbi5uZXQvcG9kY2FzdA?sa=X&amp;ved=0CCUQ27cFahgKEwiIo9f0p-X8AhUAAAAAHQAAAAAQkgE\">handlungs:plan<\/a><\/p>\n<p>EN<\/p>\n<p><a href=\"https:\/\/podcasts.google.com\/feed\/aHR0cHM6Ly9hbmNob3IuZm0vcy8yYjEyYjU4L3BvZGNhc3QvcnNz?sa=X&amp;ved=0CCcQ27cFahgKEwiIo9f0p-X8AhUAAAAAHQAAAAAQkgE\">How To OT<\/a><\/p>\n<p><a href=\"https:\/\/podcasts.google.com\/feed\/aHR0cHM6Ly9hbmNob3IuZm0vcy9kNWVhZjA4L3BvZGNhc3QvcnNz?sa=X&amp;ved=0CCgQ27cFahgKEwiIo9f0p-X8AhUAAAAAHQAAAAAQkgE\">NEXT LEVEL OCCUPATIONAL THERAPY<\/a><\/p>\n<p><a href=\"https:\/\/podcasts.google.com\/feed\/aHR0cHM6Ly9hbmNob3IuZm0vcy8zYzBhNzFmYy9wb2RjYXN0L3Jzcw?sa=X&amp;ved=0CCkQ27cFahgKEwiIo9f0p-X8AhUAAAAAHQAAAAAQkgE\">BAMEOTUK<\/a><\/p>\n<p><a href=\"https:\/\/podcasts.google.com\/feed\/aHR0cHM6Ly93d3cud2hvbGlzdGljLXRyYW5zaXRpb25zLmNvbS90aGUtdW5jb21tb24tb3Qtc2VyaWVzP2Zvcm1hdD1yc3M?sa=X&amp;ved=0CCoQ27cFahgKEwiIo9f0p-X8AhUAAAAAHQAAAAAQkgE\">The Uncommon OT Series<\/a><\/p>\n<p><a href=\"https:\/\/podcasts.google.com\/feed\/aHR0cHM6Ly9vY2N1cGF0aW9uYWx0aGVyYXB5aW5zaWdodHMubGlic3luLmNvbS9yYWRpb3B1YmxpYw?sa=X&amp;ved=0CCsQ27cFahgKEwiIo9f0p-X8AhUAAAAAHQAAAAAQkgE\">Occupational Therapy Insights<\/a><\/p>\n<p><a href=\"https:\/\/podcasts.google.com\/feed\/aHR0cHM6Ly93d3cuYmxvZ3RhbGtyYWRpby5jb20vYW90YWluYy9wb2RjYXN0?sa=X&amp;ved=0CC0Q27cFahgKEwiIo9f0p-X8AhUAAAAAHQAAAAAQkgE\">AOTA&#8217;s Occupational Therapy Channel<\/a><\/p>\n<p><a href=\"https:\/\/podcasts.google.com\/feed\/aHR0cHM6Ly9hbmNob3IuZm0vcy85ZjdlMDc4L3BvZGNhc3QvcnNz?sa=X&amp;ved=0CDAQ27cFahgKEwiIo9f0p-X8AhUAAAAAHQAAAAAQkgE\">Home Health Occupational Therapy Explorer (aka Till and Water)<\/a><\/p>\n<p><a href=\"https:\/\/podcasts.google.com\/feed\/aHR0cHM6Ly9mZWVkLnBvZGJlYW4uY29tL290ZHVkZS9mZWVkLnhtbA?sa=X&amp;ved=0CDEQ27cFahgKEwiIo9f0p-X8AhUAAAAAHQAAAAAQkgE\">OT Dude Occupational Therapy Podcast<\/a><\/p>\n<p><a href=\"https:\/\/podcasts.google.com\/feed\/aHR0cHM6Ly9hbmNob3IuZm0vcy9iNDExZmY4L3BvZGNhc3QvcnNz?sa=X&amp;ved=0CDMQ27cFahgKEwiIo9f0p-X8AhUAAAAAHQAAAAAQkgE\">OT &amp; Chill<\/a><\/p>\n<p><a href=\"https:\/\/podcasts.google.com\/feed\/aHR0cHM6Ly9zZW5pb3JzZmxvdXJpc2gubGlic3luLmNvbS9yc3M?sa=X&amp;ved=0CDQQ27cFahgKEwiIo9f0p-X8AhUAAAAAHQAAAAAQkgE\">OT Flourish Podcast<\/a> | Occupational Therapy<\/p>\n<p><a href=\"https:\/\/podcasts.google.com\/feed\/aHR0cHM6Ly9mZWVkcy5zaW1wbGVjYXN0LmNvbS9fMEdPc2cyMg?sa=X&amp;ved=0CDUQ27cFahgKEwiIo9f0p-X8AhUAAAAAHQAAAAAQkgE\">OT 4 Lyfe<\/a><\/p>\n<p><a href=\"https:\/\/podcasts.google.com\/feed\/aHR0cHM6Ly9mZWVkcy50cmFuc2lzdG9yLmZtL290LXVuY29ya2Vk?sa=X&amp;ved=0CDcQ27cFahgKEwiIo9f0p-X8AhUAAAAAHQAAAAAQkgE\">OT Uncorked<\/a><\/p>\n<p><a href=\"https:\/\/podcasts.google.com\/feed\/aHR0cHM6Ly9hcHAua2FqYWJpLmNvbS9wb2RjYXN0cy8yMTQ3NDg1Mjg1L2ZlZWQ?sa=X&amp;ved=0CDkQ27cFahgKEwiIo9f0p-X8AhUAAAAAHQAAAAAQkgE\">Mind Your OT Business<\/a><\/p>\n<p><a href=\"https:\/\/podcasts.google.com\/feed\/aHR0cHM6Ly9hcHAua2FqYWJpLmNvbS9wb2RjYXN0cy8yMTQ3NDkxOTM4L2ZlZWQ?sa=X&amp;ved=0CDoQ27cFahgKEwiIo9f0p-X8AhUAAAAAHQAAAAAQkgE\">The Telehealth OT Podcast<\/a><\/p>\n<p><a href=\"https:\/\/podcasts.google.com\/feed\/aHR0cHM6Ly9hbmNob3IuZm0vcy84YWVmMTBjL3BvZGNhc3QvcnNz?sa=X&amp;ved=0CDsQ27cFahgKEwiIo9f0p-X8AhUAAAAAHQAAAAAQkgE\">OT After Dark<\/a><\/p>\n<p><a href=\"https:\/\/podcasts.google.com\/feed\/aHR0cHM6Ly9hbmNob3IuZm0vcy9hYTY1OTUwL3BvZGNhc3QvcnNz?sa=X&amp;ved=0CDwQ27cFahgKEwiIo9f0p-X8AhUAAAAAHQAAAAAQkgE\">Hand Therapy Heroes<\/a><\/p>\n<p><a href=\"https:\/\/podcasts.google.com\/feed\/aHR0cHM6Ly9mZWVkcy5idXp6c3Byb3V0LmNvbS8yNzE4NjUucnNz?sa=X&amp;ved=0CAMQ4aUDahgKEwiA94XVqOX8AhUAAAAAHQAAAAAQtgI\">OT Potential Podcast | Occupational Therapy CEUs<\/a><\/p>\n<p><a href=\"https:\/\/podcasts.google.com\/feed\/aHR0cHM6Ly9hbmNob3IuZm0vcy83MDNkOWYwOC9wb2RjYXN0L3Jzcw?sa=X&amp;ved=0CEAQ27cFahgKEwiIo9f0p-X8AhUAAAAAHQAAAAAQkgE\">Work Disrupted<\/a><\/p>\n<p><a href=\"https:\/\/podcasts.google.com\/feed\/aHR0cHM6Ly9vY2N1cGllZHBvZGNhc3QuY29tL2ZlZWQvcG9kY2FzdC8?sa=X&amp;ved=0CEEQ27cFahgKEwiIo9f0p-X8AhUAAAAAHQAAAAAQkgE\">Occupied<\/a><\/p>\n<p><a href=\"https:\/\/podcasts.google.com\/feed\/aHR0cHM6Ly9hbmNob3IuZm0vcy8yNzgwMDEwYy9wb2RjYXN0L3Jzcw?sa=X&amp;ved=0CEMQ27cFahgKEwiIo9f0p-X8AhUAAAAAHQAAAAAQkgE\">The Adventures of OT<\/a><\/p>\n<p><a href=\"https:\/\/podcasts.google.com\/feed\/aHR0cHM6Ly9hbmNob3IuZm0vcy8yOTQ0ZmZkOC9wb2RjYXN0L3Jzcw?sa=X&amp;ved=0CEUQ27cFahgKEwiIo9f0p-X8AhUAAAAAHQAAAAAQkgE\">OT ~ What&#8217;s your focus?<\/a><\/p>\n<p><a href=\"https:\/\/podcasts.google.com\/feed\/aHR0cHM6Ly9hbmNob3IuZm0vcy81MGU3NzkxYy9wb2RjYXN0L3Jzcw?sa=X&amp;ved=0CEYQ27cFahgKEwiIo9f0p-X8AhUAAAAAHQAAAAAQkgE\">OT Conversations that Matter: The Podcast<\/a><\/p>\n<p>&nbsp;<\/p>\n","protected":false},"excerpt":{"rendered":"<p>FR Occupe Ton Ergo ReR &amp; PCC (Odontologie) Anthropologie de la Sant\u00e9 (Kin\u00e9sith\u00e9rapie &#8211; Ergoth\u00e9rapie) NL Ergo Rise PEPLab Uitgesproken C\u00e9lie Podcast DE Performance Skills Ergotherapie unverpackt THERAPIEexperte &#8211; Ergotherapie, Logop\u00e4die und Physiotherapie. Evidenz auf die Ohren Podcast | Logop\u00e4die und Ergotherapie Kiel B\u00fcckware handlungs:plan EN How To OT NEXT<\/p>\n","protected":false},"author":1,"featured_media":0,"parent":0,"menu_order":0,"comment_status":"closed","ping_status":"closed","template":"","meta":{"footnotes":"","_wp_rev_ctl_limit":""},"class_list":["post-21824","page","type-page","status-publish","hentry"],"publishpress_future_action":{"enabled":false,"date":"2026-04-30 16:37:19","action":"delete","newStatus":"draft","terms":[],"taxonomy":"","extraData":[]},"publishpress_future_workflow_manual_trigger":{"enabledWorkflows":[]},"_links":{"self":[{"href":"https:\/\/hlrnet.com\/sites\/gzorg\/wp-json\/wp\/v2\/pages\/21824","targetHints":{"allow":["GET"]}}],"collection":[{"href":"https:\/\/hlrnet.com\/sites\/gzorg\/wp-json\/wp\/v2\/pages"}],"about":[{"href":"https:\/\/hlrnet.com\/sites\/gzorg\/wp-json\/wp\/v2\/types\/page"}],"author":[{"embeddable":true,"href":"https:\/\/hlrnet.com\/sites\/gzorg\/wp-json\/wp\/v2\/users\/1"}],"replies":[{"embeddable":true,"href":"https:\/\/hlrnet.com\/sites\/gzorg\/wp-json\/wp\/v2\/comments?post=21824"}],"version-history":[{"count":0,"href":"https:\/\/hlrnet.com\/sites\/gzorg\/wp-json\/wp\/v2\/pages\/21824\/revisions"}],"wp:attachment":[{"href":"https:\/\/hlrnet.com\/sites\/gzorg\/wp-json\/wp\/v2\/media?parent=21824"}],"curies":[{"name":"wp","href":"https:\/\/api.w.org\/{rel}","templated":true}]}}