{"id":10459,"date":"2019-09-09T12:33:08","date_gmt":"2019-09-09T12:33:08","guid":{"rendered":"https:\/\/hlrnet.com\/sites\/gzorg\/?page_id=10459"},"modified":"2026-02-14T15:56:42","modified_gmt":"2026-02-14T15:56:42","slug":"voedingsleer","status":"publish","type":"page","link":"https:\/\/hlrnet.com\/sites\/gzorg\/voedingsleer\/","title":{"rendered":"Voedingsleer"},"content":{"rendered":"<p>Informatie<\/p>\n<ul>\n<li><a href=\"http:\/\/www.caloriecounter.co.uk\/\" target=\"_blank\" rel=\"noopener noreferrer\">CalorieCounter<\/a><\/li>\n<li><a href=\"https:\/\/www.eatthis.com\/\">Eat This, Not That<\/a><\/li>\n<li><a href=\"https:\/\/www.efsa.europa.eu\/fr\">EFSA: European Food Safety Agency<\/a><\/li>\n<li><a href=\"https:\/\/www.nutrition365.fr\/\">Nutrition 365<\/a><\/li>\n<li><a href=\"http:\/\/www.eufic.org\/\">EUFIC: European Food Information Council<\/a><\/li>\n<li><a href=\"http:\/\/www.foodallergy.org\/\" target=\"_blank\" rel=\"noopener noreferrer\">Food Allergy &amp; Anaphylaxis Network<\/a><\/li>\n<li><a href=\"http:\/\/www.foodinaction.com\/\">Food in action<\/a> (BE)<\/li>\n<li><a href=\"http:\/\/www.food-info.net\/\">Food-Info<\/a><\/li>\n<li><a href=\"https:\/\/www.focusopvoeding.nl\/\">Focus op voeding<\/a><\/li>\n<li><a href=\"http:\/\/www.foodlog.nl\/\">Foodlog<\/a> (NL)<\/li>\n<li><a href=\"http:\/\/www.iuns.org\/\">International Union of Nutritional Sciences<\/a><\/li>\n<li><a href=\"http:\/\/www.nubel.com\/\" target=\"_blank\" rel=\"noopener noreferrer\">Nubel<\/a>: beheerder-verdeler van de Belgische Voedingsmiddelentabel \/ merknamendatabank (BE)<\/li>\n<li><a href=\"http:\/\/www.nutrinfo.com\/\">Nutrinfo<\/a> (SP)<\/li>\n<li><a href=\"https:\/\/www.orthokennis.nl\/\">OrthoKennis<\/a><\/li>\n<li><a href=\"http:\/\/www.voedselallergie.nl\/\" target=\"_blank\" rel=\"noopener noreferrer\">Stichting Voedselallergie<\/a><\/li>\n<li><a href=\"http:\/\/www.voedingscentrum.nl\/\" target=\"_blank\" rel=\"noopener noreferrer\">Voedingscentrum<\/a><\/li>\n<li><a href=\"http:\/\/www.weightlossguide.com\/\" target=\"_blank&quot;\" rel=\"noopener noreferrer\">WeightLossGuide<\/a><\/li>\n<li><a href=\"http:\/\/zakboekdietetiek.nl\/\">Zakboek Di\u00ebtetiek<\/a><\/li>\n<li><a href=\"https:\/\/www.zediet.fr\/\">zediet<\/a><\/li>\n<li><a href=\"http:\/\/www.zoetstoffen.eu\/\">Zoetstoffen.eu<\/a><\/li>\n<\/ul>\n<p>Instellingen<\/p>\n<ul>\n<li><a href=\"https:\/\/www.anses.fr\/fr\">ANSES: Agence nationale de s\u00e9curit\u00e9 sanitaire de l\u2019alimentation, de l\u2019environnement et du travail\u00a0<\/a>\n<ul>\n<li><a href=\"https:\/\/ciqual.anses.fr\/\">Ciqual: French food composition table<\/a><\/li>\n<\/ul>\n<\/li>\n<li><a href=\"http:\/\/www.nice-info.be\/\" target=\"_blank\" rel=\"noopener noreferrer\">NICE: Nutrition Information Center<\/a> (BE)<\/li>\n<li><a href=\"https:\/\/www.nuhcas.be\/\">NUHCAS &#8211; Nutrition Health Care System<\/a><\/li>\n<\/ul>\n<p>Populair-commerci\u00eble bronnen van informatie<\/p>\n<ul>\n<li><a href=\"https:\/\/www.aufeminin.com\/conseils-dietetique.html\">auf\u00e9minin<\/a><\/li>\n<li><a href=\"https:\/\/www.doctissimo.fr\/nutrition\/\">Doctissimo: Nutrition<\/a> fr<\/li>\n<li><a href=\"https:\/\/www.educatout.com\/edu-conseils\/alimentation\/index.html\">Educatout<\/a><\/li>\n<li><a href=\"https:\/\/www.midietacojea.com\/\">Midietacojea<\/a><\/li>\n<li><a href=\"https:\/\/www.nutripro.nestle.fr\/\">Nestl\u00e9 NutriPro<\/a><\/li>\n<li><a href=\"https:\/\/www.puurgezond.nl\/\">PuurGezond<\/a><\/li>\n<li><a href=\"https:\/\/www.voedingnu.nl\/\">Voeding.nu<\/a><\/li>\n<\/ul>\n<p>Wetenschappelijke tijdschiften<\/p>\n<ul>\n<li><a href=\"https:\/\/ajcn.nutrition.org\/\">The American Journal of Clinical Nutrition<\/a><\/li>\n<li><a href=\"http:\/\/journals.cambridge.org\/action\/displayJournal?jid=BJN\">British Journal of Nutrition<\/a><\/li>\n<li><a href=\"https:\/\/www.em-consulte.com\/revue\/CND\/presentation\/cahiers-de-nutrition-et-de-dietetique\">Cahiers de nutrition et de di\u00e9t\u00e9tique<\/a><\/li>\n<li><a href=\"http:\/\/www.nature.com\/ejcn\/index.html\">European Journal of Clinical Nutrition<\/a><\/li>\n<li><a href=\"https:\/\/onlinelibrary.wiley.com\/journal\/1365277x\">Journal of Human Nutrition and Dietetics<\/a><\/li>\n<li><a href=\"https:\/\/www.journals.elsevier.com\/journal-of-the-academy-of-nutrition-and-dietetics\">Journal of the Academy of Nutrition and Dietetics<\/a><\/li>\n<li><a href=\"https:\/\/academic.oup.com\/jn\">The Journal of Nutrition<\/a><\/li>\n<li><a href=\"http:\/\/www.hindawi.com\/journals\/jnume\/\">Journal of Nutrition and Metabolism<\/a><\/li>\n<li><a href=\"https:\/\/www.jandonline.org\/\">Journal of Nutrition and Dietetics<\/a><\/li>\n<li><a href=\"http:\/\/www.jneb.org\/\">Journal of Nutrition Education and Behavior<\/a><\/li>\n<li><a href=\"http:\/\/www.springer.com\/medicine\/family\/journal\/12603\">The journal of nutrition, health &amp; aging<\/a><\/li>\n<li><a href=\"https:\/\/www.nutricionhospitalaria.org\/\">Nutrici\u00f3n hospitalaria<\/a><\/li>\n<li><a href=\"http:\/\/www.nutrition-sante.dz\/\">Nutrition &amp; Sant\u00e9<\/a><\/li>\n<li><a href=\"http:\/\/www.nutritionj.com\/\">Nutrition Journal<\/a><\/li>\n<li><a href=\"http:\/\/nutritionstudies.org\/\">Nutrition Studies<\/a><\/li>\n<li><a href=\"http:\/\/www.renhyd.org\/\">Revista espa\u00f1ola<\/a><a href=\"http:\/\/www.renhyd.org\/\"> de nutrici\u00f3n humana y diet\u00e9tica<\/a><\/li>\n<\/ul>\n<p>Commerci\u00eble tijdschriften \/ platformen<\/p>\n<ul>\n<li><a href=\"https:\/\/www.gezondheid.be\/index.cfm?fuseaction=artperrub&amp;t=204\">Gezondheid.be<\/a><\/li>\n<\/ul>\n<p>Topics<\/p>\n<ul>\n<li><a href=\"https:\/\/5elementenkoken.nl\/\">5 elementen koken<\/a><\/li>\n<li><a href=\"https:\/\/www.artsenwijzerdietetiek.nl\/\">Artsenwijzer Di\u00ebtetiek<\/a><\/li>\n<li><a href=\"https:\/\/dietetiquetuina.fr\/\">Di\u00e9t\u00e9tique chinoise et massage tuina<\/a><\/li>\n<li><a href=\"https:\/\/www.federationdesdiabetiques.org\/\">F\u00e9d\u00e9ration fran\u00e7aise des diab\u00e9tiques<\/a><\/li>\n<li><a href=\"http:\/\/www.nlm.nih.gov\/medlineplus\/nutrition.html\">MedlinePlus: Nutrition<\/a><\/li>\n<li><a href=\"http:\/\/opkp.si\/en_GB\/cms\/vstopna-stran\">OPEN Platform for clinical nutrition<\/a><\/li>\n<li><a href=\"https:\/\/pelvicmotion.nl\/\">Pelvicmotion<\/a><\/li>\n<li><a href=\"https:\/\/www.darmgezondheid.nl\/\">Stichting Darmgezondheid<\/a><\/li>\n<\/ul>\n<p>Professionals en verenigingen<\/p>\n<ul>\n<li><a href=\"http:\/\/www.afdn.org\/\">AFDN<\/a><\/li>\n<li><a href=\"https:\/\/nutrition.org\/\">American Society for Nutrition<\/a><\/li>\n<li><a href=\"https:\/\/www.belgiannutritionsociety.be\/\">Belgian Nutrition Society<\/a><\/li>\n<li><a href=\"https:\/\/www.bda.uk.com\/\">British Dietetic Association<\/a><\/li>\n<li><a href=\"https:\/\/www.nutrition.org.uk\/\">British Nutrition Foundation<\/a><\/li>\n<li><a href=\"https:\/\/www.dcn-dietist.nl\/\">Di\u00ebtisten Co\u00f6peratie Nederland<\/a><\/li>\n<li><a href=\"https:\/\/fensnutrition.org\/\">Federation of European Nutrition Societies<\/a><\/li>\n<li><a href=\"https:\/\/www.nvdietist.nl\/\">Nederlandse Vereniging van Di\u00ebtisten<\/a><\/li>\n<li><a href=\"https:\/\/www.sge-ssn.ch\/fr\/\">Soci\u00e9t\u00e9 Suisse de Nutrition &#8211; SSN<\/a><\/li>\n<li><a href=\"https:\/\/www.sneb.org\/\">Society for Nutrition Education and Behavior<\/a><\/li>\n<li><a href=\"http:\/\/www.snfs.org\/\">Society of Nutrition and Food Science<\/a><\/li>\n<li><a href=\"https:\/\/www.nutritionsociety.org\/\">The Nutrition Society<\/a><\/li>\n<li><a href=\"https:\/\/dietistgo.nl\/\">Vereniging Di\u00ebtisten Geriatrie &amp; Ouderen<\/a><\/li>\n<li><a href=\"https:\/\/vbvd.be\/\">Vlaamse Beroepsvereniging van Di\u00ebtisten<\/a><\/li>\n<li><a href=\"https:\/\/www.vvkvm.be\/\">Vlaamse Vereniging voor Klinische Voeding en Metabolisme<\/a><\/li>\n<\/ul>\n<p>Producten<\/p>\n<ul>\n<li><a href=\"https:\/\/www.laboratoiresbimont.com\/\">Laboratoires Bimont<\/a><\/li>\n<\/ul>\n<p>Associations \u2013 Verenigingen<\/p>\n<ul>\n<li><a href=\"http:\/\/www.nutrition.org\/\">American Society for Nutrition<\/a><\/li>\n<li><a href=\"http:\/\/www.belgiannutritionsociety.be\/\">Belgian Nutrition Society<\/a><\/li>\n<\/ul>\n<p>Software<\/p>\n<ul>\n<li><a href=\"http:\/\/alivio360.be\/\">Alivio<\/a><\/li>\n<\/ul>\n<p>Verenigingen van pati\u00ebnten<\/p>\n<ul>\n<li><a href=\"http:\/\/www.afdiag.fr\/\">Association Fran\u00e7aise des Intol\u00e9rants au Gluten<\/a><\/li>\n<\/ul>\n<span class=\"last-modified-timestamp\">feb 14, 2026 @ 3:56 pm<\/span>\n","protected":false},"excerpt":{"rendered":"<p>Informatie CalorieCounter Eat This, Not That EFSA: European Food Safety Agency Nutrition 365 EUFIC: European Food Information Council Food Allergy &amp; Anaphylaxis Network Food in action (BE) Food-Info Focus op voeding Foodlog (NL) International Union of Nutritional Sciences Nubel: beheerder-verdeler van de Belgische Voedingsmiddelentabel \/ merknamendatabank (BE) Nutrinfo (SP) OrthoKennis<\/p>\n","protected":false},"author":1,"featured_media":0,"parent":0,"menu_order":0,"comment_status":"closed","ping_status":"closed","template":"","meta":{"footnotes":"","_wp_rev_ctl_limit":""},"class_list":["post-10459","page","type-page","status-publish","hentry"],"publishpress_future_action":{"enabled":false,"date":"2026-05-01 16:33:27","action":"delete","newStatus":"draft","terms":[],"taxonomy":"","extraData":[]},"publishpress_future_workflow_manual_trigger":{"enabledWorkflows":[]},"_links":{"self":[{"href":"https:\/\/hlrnet.com\/sites\/gzorg\/wp-json\/wp\/v2\/pages\/10459","targetHints":{"allow":["GET"]}}],"collection":[{"href":"https:\/\/hlrnet.com\/sites\/gzorg\/wp-json\/wp\/v2\/pages"}],"about":[{"href":"https:\/\/hlrnet.com\/sites\/gzorg\/wp-json\/wp\/v2\/types\/page"}],"author":[{"embeddable":true,"href":"https:\/\/hlrnet.com\/sites\/gzorg\/wp-json\/wp\/v2\/users\/1"}],"replies":[{"embeddable":true,"href":"https:\/\/hlrnet.com\/sites\/gzorg\/wp-json\/wp\/v2\/comments?post=10459"}],"version-history":[{"count":5,"href":"https:\/\/hlrnet.com\/sites\/gzorg\/wp-json\/wp\/v2\/pages\/10459\/revisions"}],"predecessor-version":[{"id":25192,"href":"https:\/\/hlrnet.com\/sites\/gzorg\/wp-json\/wp\/v2\/pages\/10459\/revisions\/25192"}],"wp:attachment":[{"href":"https:\/\/hlrnet.com\/sites\/gzorg\/wp-json\/wp\/v2\/media?parent=10459"}],"curies":[{"name":"wp","href":"https:\/\/api.w.org\/{rel}","templated":true}]}}