{"id":10,"date":"2012-04-07T17:19:55","date_gmt":"2012-04-07T17:19:55","guid":{"rendered":"http:\/\/hlrnet.com\/sites\/gzorg\/?page_id=10"},"modified":"2024-04-18T16:17:09","modified_gmt":"2024-04-18T16:17:09","slug":"gezondheids-org","status":"publish","type":"page","link":"https:\/\/hlrnet.com\/sites\/gzorg\/","title":{"rendered":"Gezondheids.org"},"content":{"rendered":"<p>Deze site bevat (sinds 2008) de links over gezondheidszorg van <a href=\"http:\/\/hlrnet.com\" class=\"autohyperlink\">hlrnet.com<\/a> (sinds 1996) en een agenda van navormingen.<\/p>\n<hr \/>\n<p>Interessant nieuws:<\/p>\n<ul class=\"lcp_catlist\" id=\"lcp_instance_0\"><li><a href=\"https:\/\/hlrnet.com\/sites\/gzorg\/effectiveness-of-mobile-health-interventions-in-pediatric-cancer-systematic-review-and-meta-analysis-of-randomized-controlled-trials\/\">Effectiveness of Mobile Health Interventions in Pediatric Cancer: Systematic Review and Meta-Analysis of Randomized Controlled Trials<\/a><\/li><li><a href=\"https:\/\/hlrnet.com\/sites\/gzorg\/apps-de-salud-y-bienestar-que-miden-realmente-y-que-deberias-tomarte-con-cautela\/\">Apps de salud y bienestar: qu\u00e9 miden realmente y qu\u00e9 deber\u00edas tomarte con cautela<\/a><\/li><li><a href=\"https:\/\/hlrnet.com\/sites\/gzorg\/gpt-4o-matches-experienced-radiologists-for-follow-up-imaging-recs\/\">GPT-4o matches experienced radiologists for follow-up imaging recs<\/a><\/li><li><a href=\"https:\/\/hlrnet.com\/sites\/gzorg\/ona-ai-learning-assistive-tech\/\">Ona AI: Learning Assistive Tech<\/a><\/li><li><a href=\"https:\/\/hlrnet.com\/sites\/gzorg\/spanish-version-of-the-mhealth-app-usability-questionnaire-s-mauq-translation-adaptation-and-validation-study\/\">Spanish Version of the mHealth App Usability Questionnaire (S-MAUQ): Translation, Adaptation, and Validation Study<\/a><\/li><li><a href=\"https:\/\/hlrnet.com\/sites\/gzorg\/openai-lanza-gpt-rosalind-su-primer-modelo-de-ia-especifico-para-ciencias-de-la-vida-disenado-para-acelerar-el-descubrimiento-de-farmacos-con-amgen-moderna-y-thermo-fisher-como-socios\/\">OpenAI lanza GPT-Rosalind, su primer modelo de IA espec\u00edfico para ciencias de la vida: dise\u00f1ado para acelerar el descubrimiento de f\u00e1rmacos con Amgen, Moderna y Thermo Fisher como socios<\/a><\/li><li><a href=\"https:\/\/hlrnet.com\/sites\/gzorg\/el-guardian-de-la-longevidad-la-ia-que-devuelve-la-autonomia-a-nuestros-mayores\/\">El guardi\u00e1n de la longevidad: La IA que devuelve la autonom\u00eda a nuestros mayores<\/a><\/li><li><a href=\"https:\/\/hlrnet.com\/sites\/gzorg\/chatcom-un-outil-de-formation-base-sur-des-patients-virtuels\/\">Chatcom: un outil de formation bas\u00e9 sur des patients virtuels<\/a><\/li><li><a href=\"https:\/\/hlrnet.com\/sites\/gzorg\/the-healthccare-burnout-backlask-pt-4-why-contract-negotiation-has-become-a-core-strategic-skill-for-healthcare-administrators\/\">The Healthccare Burnout Backlask (pt 4): Why Contract Negotiation Has Become a Core Strategic Skill for Healthcare Administrators<\/a><\/li><li><a href=\"https:\/\/hlrnet.com\/sites\/gzorg\/kindredmind-ai-voice-companion-for-dementia-families\/\">KindredMind: AI Voice Companion for Dementia Families<\/a><\/li><\/ul>\n<p><a href=\"https:\/\/hlrnet.com\/sites\/gzorg\/category\/interessantnieuws\/\">Meer&#8230;.<\/a><\/p>\n<p>Op de agenda:<\/p>\n<p><ul class=\"lcp_catlist\" id=\"lcp_instance_0\"><li><a href=\"https:\/\/hlrnet.com\/sites\/gzorg\/2026-06-04-epigenetics\/\">2026.06.04 Epigenetics<\/a><\/li><li><a href=\"https:\/\/hlrnet.com\/sites\/gzorg\/2026-05-29-malnutritie-2\/\">2026.05.29 Malnutritie<\/a><\/li><li><a href=\"https:\/\/hlrnet.com\/sites\/gzorg\/2026-04-30-mondzorg\/\">2026.04.30 Mondzorg<\/a><\/li><li><a href=\"https:\/\/hlrnet.com\/sites\/gzorg\/2026-05-26-het-hart-in-de-zorg\/\">2026.05.26 Het hart in de zorg<\/a><\/li><li><a href=\"https:\/\/hlrnet.com\/sites\/gzorg\/2026-05-21-omgaan-met-agressie-in-de-zorg-2\/\">2026.05.21 Omgaan met agressie in de zorg<\/a><\/li><li><a href=\"https:\/\/hlrnet.com\/sites\/gzorg\/2026-06-01-mantelzorgers-betrekken-bij-de-zorg-2\/\">2026.06.01 Mantelzorgers betrekken bij de zorg<\/a><\/li><li><a href=\"https:\/\/hlrnet.com\/sites\/gzorg\/2026-05-12-zelfzorg-bij-de-palliatieve-patient-2\/\">2026.05.12 Zelfzorg bij de palliatieve pati\u00ebnt<\/a><\/li><li><a href=\"https:\/\/hlrnet.com\/sites\/gzorg\/2026-04-28-we-maken-onszelf-ziek-waarom\/\">2026.04.28 We maken onszelf ziek: Waarom?<\/a><\/li><li><a href=\"https:\/\/hlrnet.com\/sites\/gzorg\/2026-06-03-geriatrische-syndromen-en-klinisch-redeneren\/\">2026.06.03 Geriatrische syndromen en klinisch redeneren<\/a><\/li><li><a href=\"https:\/\/hlrnet.com\/sites\/gzorg\/2026-06-02-een-gouden-wissel-suprapubisch-in-de-praktijk\/\">2026.06.02 Een gouden wissel: Suprapubisch in de praktijk<\/a><\/li><li><a href=\"https:\/\/hlrnet.com\/sites\/gzorg\/2026-05-27-optimalisatie-in-de-subcutane-pomptherapie\/\">2026.05.27 Optimalisatie in de subcutane pomptherapie<\/a><\/li><li><a href=\"https:\/\/hlrnet.com\/sites\/gzorg\/2026-05-18-littekenzorg\/\">2026.05.18 Littekenzorg<\/a><\/li><li><a href=\"https:\/\/hlrnet.com\/sites\/gzorg\/2026-05-13-prikpraktijk\/\">2026.05.13 Prikpraktijk<\/a><\/li><li><a href=\"https:\/\/hlrnet.com\/sites\/gzorg\/2026-04-27-ehbo-bij-kinderen\/\">2026.04.27  EHBO bij kinderen<\/a><\/li><li><a href=\"https:\/\/hlrnet.com\/sites\/gzorg\/2026-06-15-prikkelgevoeligheid-en-vermoeidheid-na-een-niet-aangeboren-hersenletsel-samenhang-diagnostiek-en-behandeling\/\">2026.06.15 Prikkelgevoeligheid en vermoeidheid na een niet-aangeboren hersenletsel Samenhang, diagnostiek en behandeling<\/a><\/li><li><a href=\"https:\/\/hlrnet.com\/sites\/gzorg\/2026-05-26-27-digital-health-congress-2026\/\">2026.05.26-27 Digital Health Congress 2026<\/a><\/li><li><a href=\"https:\/\/hlrnet.com\/sites\/gzorg\/2026-08-03-04-8th-global-conference-on-gynecology-obstetrics-womens-health\/\">2026.08.03-04 8th Global Conference on Gynecology Obstetrics &#038; Womens Health<\/a><\/li><li><a href=\"https:\/\/hlrnet.com\/sites\/gzorg\/2026-05-28-30-global-summit-on-vaccines-immunology-public-health-2026\/\">2026.05.28-30 Global Summit on Vaccines Immunology &#038; Public Health 2026<\/a><\/li><li><a href=\"https:\/\/hlrnet.com\/sites\/gzorg\/2026-05-18-19-global-forum-on-immunology-and-personalized-medicine\/\">2026.05.18-19 Global Forum on Immunology and Personalized Medicine<\/a><\/li><li><a href=\"https:\/\/hlrnet.com\/sites\/gzorg\/2026-10-19-20-5th-cme-heartcare-and-cardiovascular-medicine-conference\/\">2026.10.19-20 5th CME HeartCare and Cardiovascular Medicine Conference<\/a><\/li><li><a href=\"https:\/\/hlrnet.com\/sites\/gzorg\/2026-05-18-19-v-pediatrics-and-neonatology-conference\/\">2026.05.18-19 V Pediatrics and Neonatology Conference<\/a><\/li><li><a href=\"https:\/\/hlrnet.com\/sites\/gzorg\/2026-06-16-17-pharmacovigilance-world-2026-conference-expo\/\">2026.06.16-17 Pharmacovigilance World 2026 Conference &#038; Expo<\/a><\/li><li><a href=\"https:\/\/hlrnet.com\/sites\/gzorg\/2026-05-19-21-annual-eu-pharmaceutical-law-forum\/\">2026.05.19-21 Annual EU Pharmaceutical Law Forum<\/a><\/li><li><a href=\"https:\/\/hlrnet.com\/sites\/gzorg\/2026-06-03-04-knowledge-for-growth-conference-kfg\/\">2026.06.03-04 Knowledge For Growth Conference (KFG)<\/a><\/li><li><a href=\"https:\/\/hlrnet.com\/sites\/gzorg\/2026-05-13-decoder-le-genome-comprendre-prevenir-soigner\/\">2026.05.13 D\u00e9coder le g\u00e9nome: comprendre, pr\u00e9venir, soigner<\/a><\/li><li><a href=\"https:\/\/hlrnet.com\/sites\/gzorg\/2026-05-13-prikpraktijk-zelfverzekerd-aan-de-slag\/\">2026.05.13 Prikpraktijk: Zelfverzekerd aan de slag<\/a><\/li><li><a href=\"https:\/\/hlrnet.com\/sites\/gzorg\/2026-06-12-van-weerstand-naar-verbinding-omgaan-met-moeilijk-gedrag-van-kinderen-en-jongeren-in-de-behandelruimte\/\">2026.06.12 Van weerstand naar verbinding: Omgaan met moeilijk gedrag van kinderen en jongeren in de behandelruimte<\/a><\/li><li><a href=\"https:\/\/hlrnet.com\/sites\/gzorg\/2026-05-07-omgaan-met-eetproblemen-eetstoornissen-bij-kinderen-en-jongeren-met-bijzondere-ontwikkelingsnoden\/\">2026.05.07 Omgaan met eetproblemen\/eetstoornissen bij kinderen en jongeren met bijzondere (ontwikkelings)noden<\/a><\/li><li><a href=\"https:\/\/hlrnet.com\/sites\/gzorg\/2026-04-27-5-technische-handelingen-verdieping\/\">2026.04.27 5 Technische Handelingen: Verdieping<\/a><\/li><li><a href=\"https:\/\/hlrnet.com\/sites\/gzorg\/2026-04-30-studiedag-voor-acute-en-kritieke-diensten\/\">2026.04.30 Studiedag voor Acute en Kritieke diensten<\/a><\/li><li><a href=\"https:\/\/hlrnet.com\/sites\/gzorg\/2026-05-11-duik-je-mee-in-time-introductie-wondzorg\/\">2026.05.11 Duik je mee in TIME (Introductie Wondzorg)<\/a><\/li><li><a href=\"https:\/\/hlrnet.com\/sites\/gzorg\/2026-05-12-zelfzorg-bij-de-palliatieve-patient\/\">2026.05.12 Zelfzorg bij de Palliatieve pati\u00ebnt<\/a><\/li><li><a href=\"https:\/\/hlrnet.com\/sites\/gzorg\/2026-05-20-diabetesvoetzorg\/\">2026.05.20 Diabetesvoetzorg<\/a><\/li><li><a href=\"https:\/\/hlrnet.com\/sites\/gzorg\/2026-05-21-omgaan-met-agressie-in-de-zorg\/\">2026.05.21 Omgaan met agressie in de zorg<\/a><\/li><li><a href=\"https:\/\/hlrnet.com\/sites\/gzorg\/2026-05-29-malnutritie\/\">2026.05.29 Malnutritie<\/a><\/li><li><a href=\"https:\/\/hlrnet.com\/sites\/gzorg\/2026-06-01-mantelzorgers-betrekken-bij-de-zorg\/\">2026.06.01 Mantelzorgers betrekken bij de zorg<\/a><\/li><li><a href=\"https:\/\/hlrnet.com\/sites\/gzorg\/2026-07-03-omft-3-verdiepingscursus-b\/\">2026.07.03 OMFT-3 Verdiepingscursus B<\/a><\/li><li><a href=\"https:\/\/hlrnet.com\/sites\/gzorg\/ziekenhuis-geel-experimenteert-met-augmented-reality-voor-signalisatie\/\">Ziekenhuis Geel experimenteert met augmented reality voor signalisatie<\/a><\/li><li><a href=\"https:\/\/hlrnet.com\/sites\/gzorg\/moocs-vinden\/\">MOOCs vinden<\/a><\/li><li><a href=\"https:\/\/hlrnet.com\/sites\/gzorg\/webinars-aangekondigd-op-technoblog\/\">Webinars aangekondigd op Technoblog<\/a><\/li><li><a href=\"https:\/\/hlrnet.com\/sites\/gzorg\/internationale-dagen\/\">Internationale dagen<\/a><\/li><\/ul><code><\/code><\/p>\n<p>e-health:<\/p>\n<div id='e-health' class='widgets_on_page wop_tiny1  wop_small1  wop_medium1  wop_large1  wop_wide1'>\n\t\t\t<ul><li id=\"rss-84\" class=\"widget widget_rss\"><h2 class=\"widgettitle\"><a class=\"rsswidget rss-widget-feed\" href=\"https:\/\/cloudblogs.microsoft.com\/industry-blog\/health\/feed\/\"><img decoding=\"async\" class=\"rss-widget-icon\" style=\"border:0\" width=\"14\" height=\"14\" src=\"https:\/\/hlrnet.com\/sites\/gzorg\/wp-includes\/images\/rss.png\" alt=\"RSS\" loading=\"lazy\" \/><\/a> <a class=\"rsswidget rss-widget-title\" href=\"\">Microsoft<\/a><\/h2><\/li><li id=\"rss-85\" class=\"widget widget_rss\"><h2 class=\"widgettitle\"><a class=\"rsswidget rss-widget-feed\" href=\"http:\/\/feeds.feedburner.com\/JMIRmhealth\"><img decoding=\"async\" class=\"rss-widget-icon\" style=\"border:0\" width=\"14\" height=\"14\" src=\"https:\/\/hlrnet.com\/sites\/gzorg\/wp-includes\/images\/rss.png\" alt=\"RSS\" loading=\"lazy\" \/><\/a> <a class=\"rsswidget rss-widget-title\" href=\"https:\/\/mhealth.jmir.org\/\">JMIR<\/a><\/h2><ul><li><a class='rsswidget' href='https:\/\/mhealth.jmir.org\/2026\/1\/e82475'>A Deep Neural Network for Interpreting Wearable Electrocardiogram Data in Atrial Fibrillation: Prospective Observational Diagnostic Accuracy Study<\/a><\/li><li><a class='rsswidget' href='https:\/\/mhealth.jmir.org\/2026\/1\/e86836'>Effectiveness of Mobile Health Interventions in Pediatric Cancer: Systematic Review and Meta-Analysis of Randomized Controlled Trials<\/a><\/li><li><a class='rsswidget' href='https:\/\/mhealth.jmir.org\/2026\/1\/e64787'>Spanish Version of the mHealth App Usability Questionnaire (S-MAUQ): Translation, Adaptation, and Validation Study<\/a><\/li><li><a class='rsswidget' href='https:\/\/mhealth.jmir.org\/2026\/1\/e78637'>Effect of a Comprehensive Mobile-Based Respiratory Training Program on Respiratory Function in Survivors of Acute Stroke: Randomized Controlled Trial<\/a><\/li><li><a class='rsswidget' href='https:\/\/mhealth.jmir.org\/2026\/1\/e81001'>Effectiveness of mHealth-Based Nutritional Interventions on Iron Status of Pregnant Women: Systematic Review of Randomized Controlled Trials<\/a><\/li><li><a class='rsswidget' href='https:\/\/mhealth.jmir.org\/2026\/1\/e64468'>Trust and Use of Recommendations for Health Apps Among European Residents: Cross-Sectional Survey<\/a><\/li><li><a class='rsswidget' href='https:\/\/mhealth.jmir.org\/2026\/1\/e56824'>Promoting Self-Regulated Social Media Use on Smartphones With a Mobile Intervention App (Wellspent): Randomized Controlled Trial<\/a><\/li><li><a class='rsswidget' href='https:\/\/mhealth.jmir.org\/2026\/1\/e70791'>Effectiveness of a Telecare-Based Intervention Program in Supporting Informal Caregivers of Community-Dwelling Older Adults in Reducing Stress Levels: Randomized Controlled Trial<\/a><\/li><li><a class='rsswidget' href='https:\/\/mhealth.jmir.org\/2026\/1\/e79469'>A Mobile App\u2013Based Individualized Nonpharmacological Intervention for Behavioral and Psychological Symptoms in Dementia: Pilot Randomized Controlled Trial<\/a><\/li><li><a class='rsswidget' href='https:\/\/mhealth.jmir.org\/2026\/1\/e85948'>Development and Launch of a Dutch Mobile App (MediMama) on Over-the-Counter Medication Safety During Pregnancy and Breastfeeding: Development and Usability Study<\/a><\/li><\/ul><\/li><li id=\"rss-86\" class=\"widget widget_rss\"><h2 class=\"widgettitle\"><a class=\"rsswidget rss-widget-feed\" href=\"http:\/\/feeds.feedburner.com\/Medgadget\"><img decoding=\"async\" class=\"rss-widget-icon\" style=\"border:0\" width=\"14\" height=\"14\" src=\"https:\/\/hlrnet.com\/sites\/gzorg\/wp-includes\/images\/rss.png\" alt=\"RSS\" loading=\"lazy\" \/><\/a> <a class=\"rsswidget rss-widget-title\" href=\"https:\/\/www.medgadget.com\/\">Medgadget<\/a><\/h2><ul><li><a class='rsswidget' href='https:\/\/www.medgadget.com\/2023\/12\/plant-based-soft-medical-robots.html'>Plant-Based Soft Medical Robots<\/a><\/li><li><a class='rsswidget' href='https:\/\/www.medgadget.com\/2023\/11\/stretchable-e-skin-for-robotic-prostheses.html'>Stretchable E-Skin for Robotic Prostheses<\/a><\/li><li><a class='rsswidget' href='https:\/\/www.medgadget.com\/2023\/11\/phone-attachment-for-pupil-measurements-with-any-skin-tone.html'>Phone Attachment for Pupil Measurements with Any Skin Tone<\/a><\/li><li><a class='rsswidget' href='https:\/\/www.medgadget.com\/2023\/11\/glasses-provide-audible-prompts-for-blind-wearers.html'>Glasses Provide Audible Prompts for Blind Wearers<\/a><\/li><li><a class='rsswidget' href='https:\/\/www.medgadget.com\/2023\/11\/magnetic-dressing-improves-diabetic-wound-healing.html'>Magnetic Dressing Improves Diabetic Wound Healing<\/a><\/li><li><a class='rsswidget' href='https:\/\/www.medgadget.com\/2023\/11\/a-wearable-to-manage-parkinsons-motor-symptoms-interview-with-lucy-jung-ceo-at-charco-neurotech.html'>A Wearable to Manage Parkinson\u2019s Motor Symptoms: Interview with Lucy Jung, CEO at Charco Neurotech<\/a><\/li><li><a class='rsswidget' href='https:\/\/www.medgadget.com\/2023\/11\/robotic-ankle-helps-with-postural-control-in-amputees.html'>Robotic Ankle Helps with Postural Control in Amputees<\/a><\/li><li><a class='rsswidget' href='https:\/\/www.medgadget.com\/2023\/11\/lung-chip-mimics-radiation-injury.html'>Lung Chip Mimics Radiation Injury<\/a><\/li><li><a class='rsswidget' href='https:\/\/www.medgadget.com\/2023\/11\/magnetoelectric-material-stimulates-neurons-minimally-invasively.html'>Magnetoelectric Material Stimulates Neurons Minimally Invasively<\/a><\/li><li><a class='rsswidget' href='https:\/\/www.medgadget.com\/2023\/10\/ekos-newest-core-500-stethoscope-a-review.html'>Eko\u2019s Newest CORE 500 Stethoscope: A Review<\/a><\/li><\/ul><\/li><li id=\"rss-87\" class=\"widget widget_rss\"><h2 class=\"widgettitle\"><a class=\"rsswidget rss-widget-feed\" href=\"https:\/\/medicaldeviceslegal.com\/feed\/\"><img decoding=\"async\" class=\"rss-widget-icon\" style=\"border:0\" width=\"14\" height=\"14\" src=\"https:\/\/hlrnet.com\/sites\/gzorg\/wp-includes\/images\/rss.png\" alt=\"RSS\" loading=\"lazy\" \/><\/a> <a class=\"rsswidget rss-widget-title\" href=\"https:\/\/medicaldeviceslegal.com\/\">Medical Devices Legal<\/a><\/h2><ul><li><a class='rsswidget' href='https:\/\/medicaldeviceslegal.com\/2025\/02\/16\/international-reliance\/'>International reliance<\/a><\/li><li><a class='rsswidget' href='https:\/\/medicaldeviceslegal.com\/2025\/01\/07\/happy-2025-more-churn-for-mdr-and-ivdr\/'>Happy 2025 \u2013 more churn for MDR and IVDR!<\/a><\/li><li><a class='rsswidget' href='https:\/\/medicaldeviceslegal.com\/2024\/06\/04\/the-german-angle\/'>The German angle<\/a><\/li><li><a class='rsswidget' href='https:\/\/medicaldeviceslegal.com\/2024\/05\/25\/happy-26-may-2024\/'>Happy 26 May 2024!<\/a><\/li><li><a class='rsswidget' href='https:\/\/medicaldeviceslegal.com\/2023\/09\/12\/a-case-of-so-called-fiscal-neutrality\/'>A case of so-called fiscal neutrality<\/a><\/li><li><a class='rsswidget' href='https:\/\/medicaldeviceslegal.com\/2023\/08\/29\/can-we-fix-improve-the-mdr-and-the-ivdr\/'>Can we fix \/ improve the MDR and the IVDR?<\/a><\/li><li><a class='rsswidget' href='https:\/\/medicaldeviceslegal.com\/2023\/03\/20\/mdr-and-ivdr-amendment-has-entered-into-force-now\/'>MDR and IVDR amendment has entered into force now<\/a><\/li><li><a class='rsswidget' href='https:\/\/medicaldeviceslegal.com\/2023\/02\/15\/but-werent-they-supposed-to-vote-on-it-on-the-14th\/'>But weren\u2019t they supposed to vote on it on the 14th?<\/a><\/li><li><a class='rsswidget' href='https:\/\/medicaldeviceslegal.com\/2023\/01\/15\/the-mdr-proposal-for-extension-can-the-maker-repair-what-he-makes\/'>The MDR proposal for extension \u2013 \u201cCan the maker repair what he makes?\u201d<\/a><\/li><li><a class='rsswidget' href='https:\/\/medicaldeviceslegal.com\/2023\/01\/01\/mdr-and-ivdr-outlook-for-2023\/'>MDR and IVDR outlook for 2023<\/a><\/li><\/ul><\/li><li id=\"rss-88\" class=\"widget widget_rss\"><h2 class=\"widgettitle\"><a class=\"rsswidget rss-widget-feed\" href=\"http:\/\/medtechintelligence.com\/feed\"><img decoding=\"async\" class=\"rss-widget-icon\" style=\"border:0\" width=\"14\" height=\"14\" src=\"https:\/\/hlrnet.com\/sites\/gzorg\/wp-includes\/images\/rss.png\" alt=\"RSS\" loading=\"lazy\" \/><\/a> <a class=\"rsswidget rss-widget-title\" href=\"https:\/\/medtechintelligence.com\/\">MedTechIntelligence<\/a><\/h2><ul><li><a class='rsswidget' href='https:\/\/medtechintelligence.com\/feature_article\/beyond-reporting-realizing-continuous-safety-surveillance-for-medical-devices\/'>Beyond Reporting:  Realizing Continuous Safety Surveillance for Medical\u00a0Devices<\/a><\/li><li><a class='rsswidget' href='https:\/\/medtechintelligence.com\/feature_article\/safeguarding-scientific-publishing-from-ai-hallucinations-and-fabricated-citations\/'>Safeguarding Scientific Publishing from AI Hallucinations and Fabricated\u00a0Citations<\/a><\/li><li><a class='rsswidget' href='https:\/\/medtechintelligence.com\/news_article\/styker-adds-ivl-technology-to-peripheral-vascular-portfolio-with-amplitude-acquisition\/'>Styker Adds IVL Technology to Peripheral Vascular Portfolio with Amplitude\u00a0Acquisition<\/a><\/li><li><a class='rsswidget' href='https:\/\/medtechintelligence.com\/feature_article\/the-healthccare-burnout-backlask-part-4-why-contract-negotiation-has-become-a-core-strategic-skill-for-healthcare-administrators\/'>The Healthccare Burnout Backlask (pt 4):  Why Contract Negotiation Has Become a Core Strategic Skill for Healthcare\u00a0Administrators<\/a><\/li><li><a class='rsswidget' href='https:\/\/medtechintelligence.com\/news_article\/fda-reminds-more-than-2200-sponsors-and-researchers-to-disclose-trial-results\/'>FDA Reminds More Than 2,200 Sponsors and Researchers to Disclose Trial\u00a0Results<\/a><\/li><li><a class='rsswidget' href='https:\/\/medtechintelligence.com\/feature_article\/the-healthcare-burnout-backlash-part-3-how-workflow-redesign-is-helping-healthcare-organizations-offset-staffing-shortages\/'>The Healthcare Burnout Backlash (pt 3):  How Workflow Redesign Is Helping Healthcare Organizations Offset Staffing\u00a0Shortages<\/a><\/li><li><a class='rsswidget' href='https:\/\/medtechintelligence.com\/news_article\/bd-announced-application-of-ce-mark-for-the-liverty-tips-stent-graft\/'>BD Announced Application of CE Mark for the Liverty TIPS Stent\u00a0Graft<\/a><\/li><li><a class='rsswidget' href='https:\/\/medtechintelligence.com\/news_article\/blackstone-and-tpg-complete-acquisition-of-hologic-names-new-ceo\/'>Blackstone and TPG Complete Acquisition of Hologic; Names New\u00a0CEO<\/a><\/li><li><a class='rsswidget' href='https:\/\/medtechintelligence.com\/news_article\/endospan-receives-fda-approval-for-the-nexus-aortic-arch-stent-graft-system\/'>Endospan Receives FDA Approval for the NEXUS Aortic Arch Stent Graft\u00a0System<\/a><\/li><li><a class='rsswidget' href='https:\/\/medtechintelligence.com\/news_article\/invera-medical-receives-fda-clearance-for-non-thermal-chronic-venous-disease-device\/'>InVera Medical Receives FDA Clearance for Non-Thermal Chronic Venous Disease\u00a0Device<\/a><\/li><\/ul><\/li><li id=\"rss-128\" class=\"widget widget_rss\"><h2 class=\"widgettitle\"><a class=\"rsswidget rss-widget-feed\" href=\"https:\/\/recip-e.be\/nl\/feed\/\"><img decoding=\"async\" class=\"rss-widget-icon\" style=\"border:0\" width=\"14\" height=\"14\" src=\"https:\/\/hlrnet.com\/sites\/gzorg\/wp-includes\/images\/rss.png\" alt=\"RSS\" loading=\"lazy\" \/><\/a> <a class=\"rsswidget rss-widget-title\" href=\"https:\/\/recip-e.be\/nl\">Recip-e<\/a><\/h2><ul><li><a class='rsswidget' href='https:\/\/recip-e.be\/nl\/nieuws\/bedankt-voor-uw-deelname-aan-onze-succesvolle-webinar-over-interoperabiliteit\/'>Bedankt voor uw deelname aan onze succesvolle webinar over interoperabiliteit!<\/a><\/li><li><a class='rsswidget' href='https:\/\/recip-e.be\/nl\/nieuws\/telt-u-mee-af-naar-onze-volgende-interdisciplinaire-webinar-op-26-maart-2026-van-13u-tot-14u\/'>Telt u mee af naar onze volgende interdisciplinaire webinar op 26 maart 2026 van 13u tot 14u?<\/a><\/li><li><a class='rsswidget' href='https:\/\/recip-e.be\/nl\/nieuws\/eid-affiche\/'>Neem altijd uw\u00a0eID-kaart mee bij elk bezoek aan een zorgverlener \u2013 Sensibiliseringscampagne<\/a><\/li><li><a class='rsswidget' href='https:\/\/recip-e.be\/nl\/nieuws\/nieuwe-rol-2026\/'>Interdisciplinaire rol van\u00a0Recip-e vzw voor de digitalisering van de gezondheidszorg<\/a><\/li><li><a class='rsswidget' href='https:\/\/recip-e.be\/nl\/nieuws\/jaarrapport-2024\/'>Jaarrapport 2024<\/a><\/li><li><a class='rsswidget' href='https:\/\/recip-e.be\/nl\/nieuws\/verwijsvoorschriften-thuisverpleegkundige-zorg\/'>Digitalisering verwijsvoorschriften thuisverpleegkundige zorg<\/a><\/li><li><a class='rsswidget' href='https:\/\/recip-e.be\/nl\/nieuws\/roadmap-2025\/'>Voorstelling Recip-e Roadmap 2025<\/a><\/li><li><a class='rsswidget' href='https:\/\/recip-e.be\/nl\/nieuws\/voorschriftenvolmacht-als-volmachthouder-met-eigen-eid-naar-de-apotheek\/'>Voorschriftenvolmacht: als volmachthouder met eigen eID naar de apotheek<\/a><\/li><li><a class='rsswidget' href='https:\/\/recip-e.be\/nl\/nieuws\/2024-08-viviane-van-elshocht\/'>Een toekomstgerichte blik op de digitale verwijsvoorschriften: een gesprek met Dr. Van Elshocht, beleidsmedewerker bij CM<\/a><\/li><li><a class='rsswidget' href='https:\/\/recip-e.be\/nl\/nieuws\/jaarrapport-2023\/'>Jaarrapport 2023<\/a><\/li><\/ul><\/li><\/ul><\/div><!-- widgets_on_page -->\n<p><a href=\"#\"><img decoding=\"async\" class=\"img-responsive\" title=\"SiteLock\" src=\"\/\/shield.sitelock.com\/shield\/hlrnet.com\" alt=\"SiteLock\" \/><\/a><br \/>\n<a href=\"https:\/\/info.flagcounter.com\/OMWP\"><img loading=\"lazy\" decoding=\"async\" src=\"https:\/\/s01.flagcounter.com\/count2\/OMWP\/bg_FFFFFF\/txt_000000\/border_CCCCCC\/columns_2\/maxflags_10\/viewers_0\/labels_1\/pageviews_1\/flags_0\/percent_0\/\" alt=\"Flag Counter\" width=\"1\" height=\"1\" border=\"0\" \/><\/a><\/p>\n","protected":false},"excerpt":{"rendered":"<p>Deze site bevat (sinds 2008) de links over gezondheidszorg van <a href=\"http:\/\/hlrnet.com\" class=\"autohyperlink\">hlrnet.com<\/a> (sinds 1996) en een agenda van navormingen. Interessant nieuws: Meer&#8230;. Op de agenda: e-health:<\/p>\n","protected":false},"author":1,"featured_media":0,"parent":0,"menu_order":0,"comment_status":"closed","ping_status":"closed","template":"","meta":{"footnotes":"","_wp_rev_ctl_limit":""},"class_list":["post-10","page","type-page","status-publish","hentry"],"publishpress_future_action":{"enabled":false,"date":"2026-05-01 05:25:11","action":"delete","newStatus":"draft","terms":[],"taxonomy":"","extraData":[]},"publishpress_future_workflow_manual_trigger":{"enabledWorkflows":[]},"_links":{"self":[{"href":"https:\/\/hlrnet.com\/sites\/gzorg\/wp-json\/wp\/v2\/pages\/10","targetHints":{"allow":["GET"]}}],"collection":[{"href":"https:\/\/hlrnet.com\/sites\/gzorg\/wp-json\/wp\/v2\/pages"}],"about":[{"href":"https:\/\/hlrnet.com\/sites\/gzorg\/wp-json\/wp\/v2\/types\/page"}],"author":[{"embeddable":true,"href":"https:\/\/hlrnet.com\/sites\/gzorg\/wp-json\/wp\/v2\/users\/1"}],"replies":[{"embeddable":true,"href":"https:\/\/hlrnet.com\/sites\/gzorg\/wp-json\/wp\/v2\/comments?post=10"}],"version-history":[{"count":1,"href":"https:\/\/hlrnet.com\/sites\/gzorg\/wp-json\/wp\/v2\/pages\/10\/revisions"}],"predecessor-version":[{"id":22868,"href":"https:\/\/hlrnet.com\/sites\/gzorg\/wp-json\/wp\/v2\/pages\/10\/revisions\/22868"}],"wp:attachment":[{"href":"https:\/\/hlrnet.com\/sites\/gzorg\/wp-json\/wp\/v2\/media?parent=10"}],"curies":[{"name":"wp","href":"https:\/\/api.w.org\/{rel}","templated":true}]}}