{"id":65,"date":"2016-03-11T09:13:18","date_gmt":"2016-03-11T09:13:18","guid":{"rendered":"http:\/\/hlrnet.com\/sites\/fr\/?page_id=65"},"modified":"2021-04-10T12:45:29","modified_gmt":"2021-04-10T12:45:29","slug":"activites-en-ligne-de-bis","status":"publish","type":"page","link":"https:\/\/hlrnet.com\/sites\/fr\/activites-en-ligne-de-bis\/","title":{"rendered":"Activit\u00e9s en ligne de BIS"},"content":{"rendered":"<p>Online activiteiten van\u00a0BIS (Begeleid Individueel Studeren) Frans over gezondheid. Begin laag en werk je op naar boven.<\/p>\n<p>Opmerking: sinds Flash van de markt is, werken de luisterfragmenten niet meer. Maar dat neemt niet weg dat er zeer zinvulle activiteiten zijn, en heel goed ondersteuningsmateriaal.<\/p>\n<p>BIS niveau 1<br \/>\nMalade en classe<br \/>\n<a href=\"http:\/\/bisserver.be\/online\/frans\/fr01\/fr01_042_0v02\/html\/\" class=\"autohyperlink\">bisserver.be\/online\/frans\/fr01\/fr01_042_0v02\/html\/<\/a><br \/>\nMalade en voiture<br \/>\n<a href=\"http:\/\/bisserver.be\/online\/frans\/fr01\/fr01_080_0v03\/html\/\" class=\"autohyperlink\">bisserver.be\/online\/frans\/fr01\/fr01_080_0v03\/html\/<\/a><br \/>\nO\u00f9? Qui? Quoi? Comment?<br \/>\n<a href=\"http:\/\/bisserver.be\/online\/frans\/fr01\/fr01_050_0v04\/html\/\" class=\"autohyperlink\">bisserver.be\/online\/frans\/fr01\/fr01_050_0v04\/html\/<\/a><\/p>\n<p>BIS niveau 2<br \/>\nQuelques consignes d&rsquo;urgence<br \/>\n<a href=\"http:\/\/bisserver.be\/online\/frans\/fr02\/fr02_024_0v04\/html\/\" class=\"autohyperlink\">bisserver.be\/online\/frans\/fr02\/fr02_024_0v04\/html\/<\/a><br \/>\nUn article inqui\u00e9tant<br \/>\n<a href=\"http:\/\/bisserver.be\/online\/frans\/fr02\/fr02_021_0v03\/html\/\" class=\"autohyperlink\">bisserver.be\/online\/frans\/fr02\/fr02_021_0v03\/html\/<\/a><\/p>\n<p>BIS niveau 3<br \/>\nEst-ce douloureux?<br \/>\n<a href=\"http:\/\/bisserver.be\/online\/frans\/fr03\/fr03_043_0v05\/html\/\" class=\"autohyperlink\">bisserver.be\/online\/frans\/fr03\/fr03_043_0v05\/html\/<\/a><br \/>\nLe questionnaire m\u00e9dical<br \/>\n<a href=\"http:\/\/bisserver.be\/online\/frans\/fr03\/fr03_044_0v05\/html\/\" class=\"autohyperlink\">bisserver.be\/online\/frans\/fr03\/fr03_044_0v05\/html\/<\/a><br \/>\nMangez sainement, mangez bio<br \/>\n<a href=\"http:\/\/bisserver.be\/online\/frans\/fr03\/fr03_064_0v04\/html\/\" class=\"autohyperlink\">bisserver.be\/online\/frans\/fr03\/fr03_064_0v04\/html\/<\/a><br \/>\nUn bilan de sant\u00e9<br \/>\n<a href=\"http:\/\/bisserver.be\/online\/frans\/fr03\/fr03_042_0v05\/html\/\" class=\"autohyperlink\">bisserver.be\/online\/frans\/fr03\/fr03_042_0v05\/html\/<\/a><br \/>\nUn coll\u00e8gue stress\u00e9<br \/>\n<a href=\"http:\/\/bisserver.be\/online\/frans\/fr03\/fr03_069_0v04\/html\/\" class=\"autohyperlink\">bisserver.be\/online\/frans\/fr03\/fr03_069_0v04\/html\/<\/a><\/p>\n<p>BIS niveau 4<br \/>\nLa motivation au travail<br \/>\n<a href=\"http:\/\/bisserver.be\/online\/frans\/fr04\/fr04_052_0v01\/html\/\" class=\"autohyperlink\">bisserver.be\/online\/frans\/fr04\/fr04_052_0v01\/html\/<\/a><br \/>\nLe contr\u00f4le m\u00e9dical<br \/>\n<a href=\"http:\/\/bisserver.be\/online\/frans\/fr04\/fr04_038_0v01\/html\/\" class=\"autohyperlink\">bisserver.be\/online\/frans\/fr04\/fr04_038_0v01\/html\/<\/a><br \/>\nQuelques instructions<br \/>\n<a href=\"http:\/\/bisserver.be\/online\/frans\/fr04\/fr04_023_0v01\/html\/\" class=\"autohyperlink\">bisserver.be\/online\/frans\/fr04\/fr04_023_0v01\/html\/<\/a><br \/>\nRestez zen<br \/>\n<a href=\"http:\/\/bisserver.be\/online\/frans\/fr04\/fr04_075_0v01\/html\/\" class=\"autohyperlink\">bisserver.be\/online\/frans\/fr04\/fr04_075_0v01\/html\/<\/a><br \/>\nUne blessure fr\u00e9quente<br \/>\n<a href=\"http:\/\/bisserver.be\/online\/frans\/fr04\/fr04_039_0v01\/html\/\" class=\"autohyperlink\">bisserver.be\/online\/frans\/fr04\/fr04_039_0v01\/html\/<\/a><\/p>\n<p>BIS niveau 5<br \/>\nLa lettre de motivation<br \/>\n<a href=\"http:\/\/bisserver.be\/online\/frans\/fr05\/fr05_051_0v01\/html\/\" class=\"autohyperlink\">bisserver.be\/online\/frans\/fr05\/fr05_051_0v01\/html\/<\/a><br \/>\nTrop d&rsquo;examens m\u00e9dicaux pendant la grossesse?<br \/>\n<a href=\"http:\/\/bisserver.be\/online\/frans\/fr05\/fr05_042_0v01\/html\/\" class=\"autohyperlink\">bisserver.be\/online\/frans\/fr05\/fr05_042_0v01\/html\/<\/a><br \/>\nUne femme avertie en vaut deux&#8230;<br \/>\n<a href=\"http:\/\/bisserver.be\/online\/frans\/fr05\/fr05_046_0v01\/html\/\" class=\"autohyperlink\">bisserver.be\/online\/frans\/fr05\/fr05_046_0v01\/html\/<\/a><\/p>\n<p>BIS niveau 6<br \/>\nQuelques conseils aux voyageurs canadiens<br \/>\n<a href=\"http:\/\/bisserver.be\/online\/frans\/fr06\/fr06_025_0v01\/html\/\" class=\"autohyperlink\">bisserver.be\/online\/frans\/fr06\/fr06_025_0v01\/html\/<\/a><br \/>\nS.O.S. Amiti\u00e9 &#8211; Qui va m&rsquo;aider?<br \/>\n<a href=\"http:\/\/bisserver.be\/online\/frans\/fr06\/fr06_005_0v01\/html\/\" class=\"autohyperlink\">bisserver.be\/online\/frans\/fr06\/fr06_005_0v01\/html\/<\/a><br \/>\nT\u00e9l\u00e9accueil: La sant\u00e9 en question<br \/>\n<a href=\"http:\/\/bisserver.be\/online\/frans\/fr06\/fr06_035_0v01\/html\/\" class=\"autohyperlink\">bisserver.be\/online\/frans\/fr06\/fr06_035_0v01\/html\/<\/a><\/p>\n<p>BIS niveau 7<br \/>\nL&rsquo;accouchement \u00e0 domicile<br \/>\n<a href=\"http:\/\/bisserver.be\/online\/frans\/fr07\/fr07_053_0v03\/html\/\" class=\"autohyperlink\">bisserver.be\/online\/frans\/fr07\/fr07_053_0v03\/html\/<\/a><br \/>\nL&rsquo;infrastructure sportive<br \/>\n<a href=\"http:\/\/bisserver.be\/online\/frans\/fr07\/fr07_040_0v04\/html\/\" class=\"autohyperlink\">bisserver.be\/online\/frans\/fr07\/fr07_040_0v04\/html\/<\/a><br \/>\nLa cr\u00e8che<br \/>\n<a href=\"http:\/\/bisserver.be\/online\/frans\/fr07\/fr07_038_0v04\/html\/\" class=\"autohyperlink\">bisserver.be\/online\/frans\/fr07\/fr07_038_0v04\/html\/<\/a><br \/>\nLa saison des incendies de for\u00eats<br \/>\n\u00b5http:\/\/bisserver.be\/online\/frans\/fr07\/fr07_059_0v03\/html\/<br \/>\nLa pub \u00e0 la rescousse contre le SIDA<br \/>\n<a href=\"http:\/\/bisserver.be\/online\/frans\/fr07\/fr07_102_0v04\/html\/\" class=\"autohyperlink\">bisserver.be\/online\/frans\/fr07\/fr07_102_0v04\/html\/<\/a><br \/>\nSe pr\u00e9parer \u00e0 l&rsquo;accouchement<br \/>\n<a href=\"http:\/\/bisserver.be\/online\/frans\/fr07\/fr07_052_0v04\/html\/\" class=\"autohyperlink\">bisserver.be\/online\/frans\/fr07\/fr07_052_0v04\/html\/<\/a><br \/>\nVictime d&rsquo;une temp\u00eate de neige<br \/>\n<a href=\"http:\/\/bisserver.be\/online\/frans\/fr07\/fr07_056_0v03\/html\/\" class=\"autohyperlink\">bisserver.be\/online\/frans\/fr07\/fr07_056_0v03\/html\/<\/a><br \/>\nVivre au quotidien avec le diab\u00e8te<br \/>\n<a href=\"http:\/\/bisserver.be\/online\/frans\/fr07\/fr07_026_0v04\/html\/\" class=\"autohyperlink\">bisserver.be\/online\/frans\/fr07\/fr07_026_0v04\/html\/<\/a><\/p>\n<p>BIS niveau 8<br \/>\nUne cure anti-fatigue en r\u00e9sidentiel<br \/>\n<a href=\"http:\/\/bisserver.be\/online\/frans\/fr08\/fr08_128_0v04\/html\/\" class=\"autohyperlink\">bisserver.be\/online\/frans\/fr08\/fr08_128_0v04\/html\/<\/a><br \/>\nUne cure de d\u00e9toxication: le grand nettoyage<br \/>\n<a href=\"http:\/\/bisserver.be\/online\/frans\/fr08\/fr08_129_0v03\/html\/\" class=\"autohyperlink\">bisserver.be\/online\/frans\/fr08\/fr08_129_0v03\/html\/<\/a><br \/>\nLe sommeil: n\u00e9cessaire mais pas si \u00e9vident<br \/>\n<a href=\"http:\/\/bisserver.be\/online\/frans\/fr08\/fr08_130_0v03\/html\/\" class=\"autohyperlink\">bisserver.be\/online\/frans\/fr08\/fr08_130_0v03\/html\/<\/a><br \/>\nBien communiquer avec son sup\u00e9rieur<br \/>\n<a href=\"http:\/\/bisserver.be\/online\/frans\/fr08\/fr08_148_0v03\/html\/\" class=\"autohyperlink\">bisserver.be\/online\/frans\/fr08\/fr08_148_0v03\/html\/<\/a><br \/>\nEntourer les personnes \u00e2g\u00e9es<br \/>\n<a href=\"http:\/\/bisserver.be\/online\/frans\/fr08\/fr08_200_0v03\/html\/\" class=\"autohyperlink\">bisserver.be\/online\/frans\/fr08\/fr08_200_0v03\/html\/<\/a><br \/>\nLe roller s\u00fbr et sain!<br \/>\n<a href=\"http:\/\/bisserver.be\/online\/frans\/fr08\/fr08_177_0v03\/html\/\" class=\"autohyperlink\">bisserver.be\/online\/frans\/fr08\/fr08_177_0v03\/html\/<\/a><br \/>\nLes vaccinations: les adultes aussi!<br \/>\n<a href=\"http:\/\/bisserver.be\/online\/frans\/fr08\/fr08_180_0v03\/html\/\" class=\"autohyperlink\">bisserver.be\/online\/frans\/fr08\/fr08_180_0v03\/html\/<\/a><br \/>\nR\u00e9flexions sur une gen-\u00e9thique<br \/>\n<a href=\"http:\/\/bisserver.be\/online\/frans\/fr08\/fr08_202_0v03\/html\/\" class=\"autohyperlink\">bisserver.be\/online\/frans\/fr08\/fr08_202_0v03\/html\/<\/a><br \/>\nUn nouveau num\u00e9ro d&rsquo;urgence: formez le 112!<br \/>\n<a href=\"http:\/\/bisserver.be\/online\/frans\/fr08\/fr08_176_0v03\/html\/\" class=\"autohyperlink\">bisserver.be\/online\/frans\/fr08\/fr08_176_0v03\/html\/<\/a><br \/>\nUne cure anti-fatigue en r\u00e9sidentiel<br \/>\n<a href=\"http:\/\/bisserver.be\/online\/frans\/fr08\/fr08_128_0v04\/html\/\" class=\"autohyperlink\">bisserver.be\/online\/frans\/fr08\/fr08_128_0v04\/html\/<\/a><br \/>\nUne cure de d\u00e9toxication: le grand nettoyage<br \/>\n<a href=\"http:\/\/bisserver.be\/online\/frans\/fr08\/fr08_129_0v03\/html\/\" class=\"autohyperlink\">bisserver.be\/online\/frans\/fr08\/fr08_129_0v03\/html\/<\/a><\/p>\n<p>BIS niveau 9<br \/>\nLa pollution de l&rsquo;air<br \/>\n<a href=\"http:\/\/bisserver.be\/online\/frans\/fr09\/fr09_009_0v02\/html\/\" class=\"autohyperlink\">bisserver.be\/online\/frans\/fr09\/fr09_009_0v02\/html\/<\/a><br \/>\nL&rsquo;\u00e9puration des eaux<br \/>\n<a href=\"http:\/\/bisserver.be\/online\/frans\/fr09\/fr09_008_0v01\/html\/\" class=\"autohyperlink\">bisserver.be\/online\/frans\/fr09\/fr09_008_0v01\/html\/<\/a><br \/>\nLa t\u00e9l\u00e9phonie mobile et la sant\u00e9<br \/>\n<a href=\"http:\/\/bisserver.be\/online\/frans\/fr09\/fr09_036_0v02\/html\/\" class=\"autohyperlink\">bisserver.be\/online\/frans\/fr09\/fr09_036_0v02\/html\/<\/a><br \/>\nLe code vestimentaire au travail<br \/>\n<a href=\"http:\/\/bisserver.be\/online\/frans\/fr09\/fr09_086_0v02\/html\/\" class=\"autohyperlink\">bisserver.be\/online\/frans\/fr09\/fr09_086_0v02\/html\/<\/a><br \/>\nLe droit au sommeil<br \/>\n<a href=\"http:\/\/bisserver.be\/online\/frans\/fr09\/fr09_030_0v02\/html\/\" class=\"autohyperlink\">bisserver.be\/online\/frans\/fr09\/fr09_030_0v02\/html\/<\/a><br \/>\nLes premiers soins<br \/>\n<a href=\"http:\/\/bisserver.be\/online\/frans\/fr09\/fr09_054_0v02\/html\/\" class=\"autohyperlink\">bisserver.be\/online\/frans\/fr09\/fr09_054_0v02\/html\/<\/a><br \/>\nLes services d&rsquo;urgence<br \/>\n<a href=\"http:\/\/bisserver.be\/online\/frans\/fr09\/fr09_053_0v03\/html\/\" class=\"autohyperlink\">bisserver.be\/online\/frans\/fr09\/fr09_053_0v03\/html\/<\/a><br \/>\nLes Soins de Sant\u00e9 au Canada<br \/>\n<a href=\"http:\/\/bisserver.be\/online\/frans\/fr09\/fr09_055_0v03\/html\/\" class=\"autohyperlink\">bisserver.be\/online\/frans\/fr09\/fr09_055_0v03\/html\/<\/a><\/p>\n<p>BIS niveau 10<br \/>\nL&rsquo;app\u00e9tit et les vitamines<br \/>\n<a href=\"http:\/\/bisserver.be\/online\/frans\/fr10\/fr10_180_0v01\/html\/\" class=\"autohyperlink\">bisserver.be\/online\/frans\/fr10\/fr10_180_0v01\/html\/<\/a><br \/>\nL&rsquo;efficacit\u00e9 des antibiotiques<br \/>\n<a href=\"http:\/\/bisserver.be\/online\/frans\/fr10\/fr10_127_0v03\/html\/\" class=\"autohyperlink\">bisserver.be\/online\/frans\/fr10\/fr10_127_0v03\/html\/<\/a><br \/>\nL&rsquo;hom\u00e9opathie<br \/>\n<a href=\"http:\/\/bisserver.be\/online\/frans\/fr10\/fr10_201_0v01\/html\/\" class=\"autohyperlink\">bisserver.be\/online\/frans\/fr10\/fr10_201_0v01\/html\/<\/a><br \/>\nL&rsquo;usage des antibiotiques<br \/>\n<a href=\"http:\/\/bisserver.be\/online\/frans\/fr10\/fr10_126_0v01\/html\/\" class=\"autohyperlink\">bisserver.be\/online\/frans\/fr10\/fr10_126_0v01\/html\/<\/a><br \/>\nM\u00e9dicaments: acc\u00e8s et s\u00e9curit\u00e9<br \/>\n<a href=\"http:\/\/bisserver.be\/online\/frans\/fr10\/fr10_128_0v01\/html\/\" class=\"autohyperlink\">bisserver.be\/online\/frans\/fr10\/fr10_128_0v01\/html\/<\/a><br \/>\nLa delphinoth\u00e9rapie<br \/>\n<a href=\"http:\/\/bisserver.be\/online\/frans\/fr10\/fr10_204_0v01\/html\/\" class=\"autohyperlink\">bisserver.be\/online\/frans\/fr10\/fr10_204_0v01\/html\/<\/a><br \/>\nLa d\u00e9livrance de m\u00e9dicaments<br \/>\n<a href=\"http:\/\/bisserver.be\/online\/frans\/fr10\/fr10_129_0v02\/html\/\" class=\"autohyperlink\">bisserver.be\/online\/frans\/fr10\/fr10_129_0v02\/html\/<\/a><br \/>\nLa m\u00e9dication, une n\u00e9cessit\u00e9?<br \/>\n<a href=\"http:\/\/bisserver.be\/online\/frans\/fr10\/fr10_130_0v02\/html\/\" class=\"autohyperlink\">bisserver.be\/online\/frans\/fr10\/fr10_130_0v02\/html\/<\/a><br \/>\nLes apports nutritionnels<br \/>\n<a href=\"http:\/\/bisserver.be\/online\/frans\/fr10\/fr10_177_0v03\/html\/\" class=\"autohyperlink\">bisserver.be\/online\/frans\/fr10\/fr10_177_0v03\/html\/<\/a><\/p>\n<p>Niveau 6 (Threshold 4)<br \/>\n<a href=\"http:\/\/bisserver.be\/online\/frans\/fr06\/fr06_001_0v01\/html\/\">La maison passive<\/a><br \/>\n<a href=\"http:\/\/bisserver.be\/online\/frans\/fr06\/fr06_002_0v01\/html\/\">La maison virtuelle<\/a><br \/>\n<a href=\"http:\/\/bisserver.be\/online\/frans\/fr06\/fr06_003_0v01\/html\/\">N\u2019oubliez pas d\u2019\u00e9conomiser<\/a><br \/>\n<a href=\"http:\/\/bisserver.be\/online\/frans\/fr06\/fr06_004_0v01\/html\/\">L\u2019\u00e9nergie solaire au Burkina Fasso<\/a><br \/>\n<a href=\"http:\/\/bisserver.be\/online\/frans\/fr06\/fr06_005_0v01\/html\/\">SOS Amiti\u00e9 \u2013 Qui va m\u2019aider?<\/a><br \/>\n<a href=\"http:\/\/bisserver.be\/online\/frans\/fr06\/fr06_006_0v01\/html\/\">La Croix-Rouge<\/a><br \/>\n<a href=\"http:\/\/bisserver.be\/online\/frans\/fr06\/fr06_007_0v01\/html\/\">Les activit\u00e9s de organisations de charit\u00e9<\/a><br \/>\n<a href=\"http:\/\/bisserver.be\/online\/frans\/fr06\/fr06_009_0v01\/html\/\">L\u2019attitude vis-\u00e0-vis de la charit\u00e9<\/a><br \/>\n<a href=\"http:\/\/bisserver.be\/online\/frans\/fr06\/fr06_009_0v01\/html\/\">Consommateurs, prot\u00e9gez-vous<\/a><br \/>\n<a href=\"http:\/\/bisserver.be\/online\/frans\/fr06\/fr06_010_0v01\/html\/\">La consommation des jeunes Canadiens<\/a><br \/>\n<a href=\"http:\/\/bisserver.be\/online\/frans\/fr06\/fr06_011_0v01\/html\/\">Magasins ouverts le dimanche?<\/a><br \/>\n<a href=\"http:\/\/bisserver.be\/online\/frans\/fr06\/fr06_012_0v01\/html\/\">Courriel des plaintes<\/a><br \/>\n<a href=\"http:\/\/bisserver.be\/online\/frans\/fr06\/fr06_013_0v01\/html\/\">Un match \u00e0 Roland Garros<\/a><br \/>\n<a href=\"http:\/\/bisserver.be\/online\/frans\/fr06\/fr06_014_0v01\/html\/\">Roland Garros, un monument<\/a><br \/>\n<a href=\"http:\/\/bisserver.be\/online\/frans\/fr06\/fr06_015_0v01\/html\/\">Trouver son chemin \u00e0 Paris<\/a><br \/>\n<a href=\"http:\/\/bisserver.be\/online\/frans\/fr06\/fr06_016_0v01\/html\/\">Le football<\/a><br \/>\n<a href=\"http:\/\/bisserver.be\/online\/frans\/fr06\/fr06_017_0v01\/html\/\">Le public, c\u2019est vous!<\/a><br \/>\n<a href=\"http:\/\/bisserver.be\/online\/frans\/fr06\/fr06_018_0v01\/html\/\">Les traits distinctifs du fran\u00e7ais au Canada<\/a><br \/>\n<a href=\"http:\/\/bisserver.be\/online\/frans\/fr06\/fr06_019_0v01\/html\/\">L\u2019impact de la t\u00e9l\u00e9 dans les foyers canadiens<\/a><br \/>\n<a href=\"http:\/\/bisserver.be\/online\/frans\/fr06\/fr06_020_0v01\/html\/\">La t\u00e9l\u00e9nostalgie<\/a><br \/>\n<a href=\"http:\/\/bisserver.be\/online\/frans\/fr06\/fr06_021_0v01\/html\/\">Prendre des photos, c\u2019est facile!<\/a><br \/>\n<a href=\"http:\/\/bisserver.be\/online\/frans\/fr06\/fr06_022_0v01\/html\/\">On a toujours le choix<\/a><br \/>\n<a href=\"http:\/\/bisserver.be\/online\/frans\/fr06\/fr06_023_0v01\/html\/\">L\u2019achat de la cam\u00e9ra id\u00e9ale!<\/a><br \/>\n<a href=\"http:\/\/bisserver.be\/online\/frans\/fr06\/fr06_024_0v01\/html\/\">La plainte du client<\/a><br \/>\n<a href=\"http:\/\/bisserver.be\/online\/frans\/fr06\/fr06_025_0v01\/html\/\">Quelques conseils aux voyageurs canadiens<\/a><br \/>\n<a href=\"http:\/\/bisserver.be\/online\/frans\/fr06\/fr06_026_0v01\/html\/\">Travailler \u00e0 l\u2019\u00e9tranger: le passeport<\/a><br \/>\n<a href=\"http:\/\/bisserver.be\/online\/frans\/fr06\/fr06_027_0v01\/html\/\">Avez-vous besoin d\u2019un visa?<\/a><br \/>\n<a href=\"http:\/\/bisserver.be\/online\/frans\/fr06\/fr06_028_0v01\/html\/\">Remplir une demande de visa<\/a><br \/>\n<a href=\"http:\/\/bisserver.be\/online\/frans\/fr06\/fr06_029_0v01\/html\/\">Les avantages du syndicat<\/a><br \/>\n<a href=\"http:\/\/bisserver.be\/online\/frans\/fr06\/fr06_030_0v01\/html\/\">Comment devenir membre du syndicat?<\/a><br \/>\n<a href=\"http:\/\/bisserver.be\/online\/frans\/fr06\/fr06_031_0v01\/html\/\">Persuader ses coll\u00e8gues<\/a><br \/>\n<a href=\"http:\/\/bisserver.be\/online\/frans\/fr06\/fr06_032_0v01\/html\/\">Faire la gr\u00e8ve<\/a><br \/>\n<a href=\"http:\/\/bisserver.be\/online\/frans\/fr06\/fr06_033_0v01\/html\/\">Fil Sant\u00e9 Jeunesse: je vous \u00e9coute!<\/a><br \/>\n<a href=\"http:\/\/bisserver.be\/online\/frans\/fr06\/fr06_034_0v01\/html\/\">Comment devenir \u00e9coutant b\u00e9n\u00e9vole?<\/a><br \/>\n<a href=\"http:\/\/bisserver.be\/online\/frans\/fr06\/fr06_035_0v01\/html\/\">T\u00e9l\u00e9accueil: la sant\u00e9 en question<\/a><br \/>\n<a href=\"http:\/\/bisserver.be\/online\/frans\/fr06\/fr06_036_0v01\/html\/\">Le Canada: interdit d\u2019y fumer!<\/a><br \/>\n<a href=\"http:\/\/bisserver.be\/online\/frans\/fr06\/fr06_037_0v01\/html\/\">Les conditions de location<\/a><br \/>\n<a href=\"http:\/\/bisserver.be\/online\/frans\/fr06\/fr06_038_0v01\/html\/\">Didier va chercher sa voiture<\/a><br \/>\n<a href=\"http:\/\/bisserver.be\/online\/frans\/fr06\/fr06_039_0v01\/html\/\">L\u2019accident de voiture<\/a><br \/>\n<a href=\"http:\/\/bisserver.be\/online\/frans\/fr06\/fr06_040_0v01\/html\/\">Ecrire \u00e0 la compagnie d\u2019assurance<\/a><\/p>\n<p>Niveau 7 (Vantage 1)<\/p>\n<p><a href=\"http:\/\/bisserver.be\/online\/frans\/fr07\/fr07_001_0v05\/html\/\">La police f\u00e9d\u00e9rale<\/a><br \/>\n<a href=\"http:\/\/bisserver.be\/online\/frans\/fr07\/fr07_003_0v04\/html\/\">La brigade \u00e9questre<\/a><br \/>\n<a href=\"http:\/\/bisserver.be\/online\/frans\/fr07\/fr07_004_0v04\/html\/\">La pr\u00e9vention<\/a><br \/>\n<a href=\"http:\/\/bisserver.be\/online\/frans\/fr07\/fr07_005_0v04\/html\/\">La d\u00e9claration d\u2019un vol<\/a><br \/>\n<a href=\"http:\/\/bisserver.be\/online\/frans\/fr07\/fr07_006_0v04\/html\/\">Le salon Batibouw<\/a><br \/>\n<a href=\"http:\/\/bisserver.be\/online\/frans\/fr07\/fr07_007_0v05\/html\/\">La loft-tendance<\/a><br \/>\n<a href=\"http:\/\/bisserver.be\/online\/frans\/fr07\/fr07_008_0v05\/html\/\">La r\u00e9novation d\u2019une ferme<\/a><br \/>\n<a href=\"http:\/\/bisserver.be\/online\/frans\/fr07\/fr07_009_0v04\/html\/\">Le studio<\/a><br \/>\n<a href=\"http:\/\/bisserver.be\/online\/frans\/fr07\/fr07_010_0v04\/html\/\">La villa<\/a><br \/>\n<a href=\"http:\/\/bisserver.be\/online\/frans\/fr07\/fr07_011_0v06\/html\/\">Le faire-part<\/a><br \/>\n<a href=\"http:\/\/bisserver.be\/online\/frans\/fr07\/fr07_012_0v04\/html\/\">La salle des f\u00eates<\/a><br \/>\n<a href=\"http:\/\/bisserver.be\/online\/frans\/fr07\/fr07_013_0v05\/html\/\">Le discours de mariage<\/a><br \/>\n<a href=\"http:\/\/bisserver.be\/online\/frans\/fr07\/fr07_014_0v04\/html\/\">La liste de mariage<\/a><br \/>\n<a href=\"http:\/\/bisserver.be\/online\/frans\/fr07\/fr07_016_0v05\/html\/\">Services \u00e0 volont\u00e9<\/a><br \/>\n<a href=\"http:\/\/bisserver.be\/online\/frans\/fr07\/fr07_017_0v04\/html\/\">L\u2019engagement total<\/a><br \/>\n<a href=\"http:\/\/bisserver.be\/online\/frans\/fr07\/fr07_018_0v04\/html\/\">SAV sur la lune!<\/a><br \/>\n<a href=\"http:\/\/bisserver.be\/online\/frans\/fr07\/fr07_019_0v04\/html\/\">Le SAV \u00e0 la suite d\u2019une r\u00e9paration<\/a><br \/>\n<a href=\"http:\/\/bisserver.be\/online\/frans\/fr07\/fr07_020_0v06\/html\/\">Foire aux questions sur les SAV<\/a><br \/>\n<a href=\"http:\/\/bisserver.be\/online\/frans\/fr07\/fr07_021_0v05\/html\/\">Des t\u00e9moignages sur le trafic urbain<\/a><br \/>\n<a href=\"http:\/\/bisserver.be\/online\/frans\/fr07\/fr07_022_0v04\/html\/\">Les deux-roues: \u00e0 chacun son go\u00fbt<\/a><br \/>\n<a href=\"http:\/\/www.klascement.net\/bis\/computeractiviteit\/16176\/\">N\u00e9gocier le trafic \u00e0 deux roues<\/a><br \/>\n<a href=\"http:\/\/www.klascement.net\/bis\/computeractiviteit\/16177\/\">Les petites annonces sur les deux-roues<\/a><br \/>\n<a href=\"http:\/\/www.klascement.net\/bis\/computeractiviteit\/16178\/\">Des arguments pour un transport \u00e0 deux roues<\/a><br \/>\n<a href=\"http:\/\/www.klascement.net\/bis\/computeractiviteit\/16179\/\">Vivre au quotidien avec le diab\u00e8te<\/a><br \/>\n<a href=\"http:\/\/www.klascement.net\/bis\/computeractiviteit\/16180\/\">Comment aider un parent \u00e2g\u00e9?<\/a><br \/>\n<a href=\"http:\/\/www.klascement.net\/bis\/computeractiviteit\/16181\/\">Qui pr\u00e9venir quand on est enceinte?<\/a><br \/>\n<a href=\"http:\/\/www.klascement.net\/bis\/computeractiviteit\/16182\/\">S\u2019interroger sur sa retraite<\/a><br \/>\n<a href=\"http:\/\/www.klascement.net\/bis\/computeractiviteit\/16183\/\">L\u2019amour \u2026 comment?<\/a><br \/>\n<a href=\"http:\/\/www.klascement.net\/bis\/computeractiviteit\/16184\/\">Axelle Red<\/a><br \/>\n<a href=\"http:\/\/www.klascement.net\/bis\/computeractiviteit\/16185\/\">Musique plan\u00e8te<\/a><br \/>\n<a href=\"http:\/\/www.klascement.net\/bis\/computeractiviteit\/16186\/\">La musique multidimensionnelle<\/a><br \/>\n<a href=\"http:\/\/www.klascement.net\/bis\/computeractiviteit\/16187\/\">Un aper\u00e7u historique<\/a><br \/>\n<a href=\"http:\/\/www.klascement.net\/bis\/computeractiviteit\/16188\/\">Manhattan-Kaboul<\/a><br \/>\n<a href=\"http:\/\/www.klascement.net\/bis\/computeractiviteit\/16189\/\">Les parcs publics<\/a><br \/>\n<a href=\"http:\/\/www.klascement.net\/bis\/computeractiviteit\/16190\/\">La voirie de Marseille<\/a><br \/>\n<a href=\"http:\/\/www.klascement.net\/bis\/computeractiviteit\/16191\/\">La cr\u00e8che<\/a><br \/>\n<a href=\"http:\/\/www.klascement.net\/bis\/computeractiviteit\/16192\/\">La biblioth\u00e8que<\/a><br \/>\n<a href=\"http:\/\/www.klascement.net\/bis\/computeractiviteit\/16193\/\">L\u2019infrastructure sportive<\/a><br \/>\n<a href=\"http:\/\/www.klascement.net\/bis\/computeractiviteit\/16194\/\">Le nord? A gauche en sortant<\/a><br \/>\n<a href=\"http:\/\/www.klascement.net\/bis\/computeractiviteit\/16195\/\">Voyons sur le plan<\/a><br \/>\n<a href=\"http:\/\/www.klascement.net\/bis\/computeractiviteit\/7592\/\">Une blague<\/a><br \/>\n<a href=\"http:\/\/www.klascement.net\/bis\/computeractiviteit\/7593\/\">Malade en classe<\/a><br \/>\n<a href=\"http:\/\/www.klascement.net\/bis\/computeractiviteit\/7594\/\">Chez le m\u00e9decin<\/a><br \/>\n<a href=\"http:\/\/www.klascement.net\/bis\/computeractiviteit\/7595\/\">Une lettre de Julia<\/a><br \/>\n<a href=\"http:\/\/www.klascement.net\/bis\/computeractiviteit\/7596\/\">Que dit la m\u00e9t\u00e9o?<\/a><br \/>\n<a href=\"http:\/\/www.klascement.net\/bis\/computeractiviteit\/7597\/\">Il fait quel temps \u00e0 Berlin?<\/a><br \/>\n<a href=\"http:\/\/www.klascement.net\/bis\/computeractiviteit\/7598\/\">Les pr\u00e9visions pour aujourd\u2019hui<\/a><br \/>\n<a href=\"http:\/\/www.klascement.net\/bis\/computeractiviteit\/7599\/\">La m\u00e9t\u00e9o par texto<\/a><br \/>\n<a href=\"http:\/\/www.klascement.net\/bis\/computeractiviteit\/7600\/\">Qui appeler dans quel cas?<\/a><br \/>\n<a href=\"http:\/\/www.klascement.net\/bis\/computeractiviteit\/7601\/\">O\u00f9? Qui? Quoi? Comment?<\/a><br \/>\n<a href=\"http:\/\/www.klascement.net\/bis\/computeractiviteit\/16206\/\">L\u2019accouchement \u00e0 domicile<\/a><br \/>\nLe t\u00e9moignage d\u2019un p\u00e8re<br \/>\n<a href=\"http:\/\/www.klascement.net\/bis\/computeractiviteit\/16208\/\">Victime d\u2019une temp\u00eate de neige<\/a><br \/>\n<a href=\"http:\/\/www.klascement.net\/bis\/computeractiviteit\/16209\/\">Trottoir verglac\u00e9? A vos balais!<\/a><br \/>\n<a href=\"http:\/\/www.klascement.net\/bis\/computeractiviteit\/16210\/\">Questions sur une pagaille blanche<\/a><br \/>\n<a href=\"http:\/\/www.klascement.net\/bis\/computeractiviteit\/16211\/\">La saison des incendies de for\u00eats<\/a><br \/>\n<a href=\"http:\/\/www.klascement.net\/bis\/computeractiviteit\/16212\/\">Jacques Rogge, pr\u00e9sident du CIO<\/a><\/p>\n","protected":false},"excerpt":{"rendered":"<p>Online activiteiten van\u00a0BIS (Begeleid Individueel Studeren) Frans over gezondheid. Begin laag en werk je op naar boven. Opmerking: sinds Flash van de markt is, werken de luisterfragmenten niet meer. Maar dat neemt niet weg dat er zeer zinvulle activiteiten zijn, en heel goed ondersteuningsmateriaal. BIS niveau 1 Malade en classe<\/p>\n","protected":false},"author":1,"featured_media":0,"parent":0,"menu_order":0,"comment_status":"closed","ping_status":"closed","template":"","meta":{"footnotes":"","_wp_rev_ctl_limit":""},"class_list":["post-65","page","type-page","status-publish","hentry"],"publishpress_future_action":{"enabled":false,"date":"2026-05-02 03:07:28","action":"Draft","newStatus":"draft","terms":[],"taxonomy":"","extraData":[]},"publishpress_future_workflow_manual_trigger":{"enabledWorkflows":[]},"_links":{"self":[{"href":"https:\/\/hlrnet.com\/sites\/fr\/wp-json\/wp\/v2\/pages\/65","targetHints":{"allow":["GET"]}}],"collection":[{"href":"https:\/\/hlrnet.com\/sites\/fr\/wp-json\/wp\/v2\/pages"}],"about":[{"href":"https:\/\/hlrnet.com\/sites\/fr\/wp-json\/wp\/v2\/types\/page"}],"author":[{"embeddable":true,"href":"https:\/\/hlrnet.com\/sites\/fr\/wp-json\/wp\/v2\/users\/1"}],"replies":[{"embeddable":true,"href":"https:\/\/hlrnet.com\/sites\/fr\/wp-json\/wp\/v2\/comments?post=65"}],"version-history":[{"count":5,"href":"https:\/\/hlrnet.com\/sites\/fr\/wp-json\/wp\/v2\/pages\/65\/revisions"}],"predecessor-version":[{"id":216,"href":"https:\/\/hlrnet.com\/sites\/fr\/wp-json\/wp\/v2\/pages\/65\/revisions\/216"}],"wp:attachment":[{"href":"https:\/\/hlrnet.com\/sites\/fr\/wp-json\/wp\/v2\/media?parent=65"}],"curies":[{"name":"wp","href":"https:\/\/api.w.org\/{rel}","templated":true}]}}