{"id":23,"date":"2012-12-22T16:58:25","date_gmt":"2012-12-22T16:58:25","guid":{"rendered":"http:\/\/hlrnet.com\/sites\/fr\/?page_id=23"},"modified":"2013-09-27T06:43:30","modified_gmt":"2013-09-27T06:43:30","slug":"pourquoi","status":"publish","type":"page","link":"https:\/\/hlrnet.com\/sites\/fr\/pourquoi\/","title":{"rendered":"Pourquoi?"},"content":{"rendered":"<p>Pour qu\u2019une personne puisse fonctionner dans un contexte professionnel (contexte en outre de soins pour le patients avec lequel on entre en contact \u2013 donc sensible) et d\u2019apprentissage pour la personnen elle-m\u00eame (donc doubelement sensible), il faut entre autres:<\/p>\n<ul>\n<li>assez d\u2019exactitude grammaticale et lexicale pour qu\u2019on se sente \u00e0 l\u2019aise dans la communication<\/li>\n<li>assez d\u2019exactitude grammaticale et lexicale pour qu\u2019on puisse mettre \u00e0 l\u2019aise le demandeur de soins<\/li>\n<li>une certaine aisance avec la terminologie, relativement plus facile \u00e0 acqu\u00e9rire en contexte (documentation disponible, coll\u00e8gues francophones sur le lieu du stage etc).<\/li>\n<\/ul>\n","protected":false},"excerpt":{"rendered":"<p>Pour qu\u2019une personne puisse fonctionner dans un contexte professionnel (contexte en outre de soins pour le patients avec lequel on entre en contact \u2013 donc sensible) et d\u2019apprentissage pour la personnen elle-m\u00eame (donc doubelement sensible), il faut entre autres: assez d\u2019exactitude grammaticale et lexicale pour qu\u2019on se sente \u00e0 l\u2019aise<\/p>\n","protected":false},"author":1,"featured_media":0,"parent":0,"menu_order":0,"comment_status":"closed","ping_status":"closed","template":"","meta":{"footnotes":"","_wp_rev_ctl_limit":""},"class_list":["post-23","page","type-page","status-publish","hentry"],"publishpress_future_action":{"enabled":false,"date":"2026-04-30 22:21:13","action":"Draft","newStatus":"draft","terms":[],"taxonomy":"","extraData":[]},"publishpress_future_workflow_manual_trigger":{"enabledWorkflows":[]},"_links":{"self":[{"href":"https:\/\/hlrnet.com\/sites\/fr\/wp-json\/wp\/v2\/pages\/23","targetHints":{"allow":["GET"]}}],"collection":[{"href":"https:\/\/hlrnet.com\/sites\/fr\/wp-json\/wp\/v2\/pages"}],"about":[{"href":"https:\/\/hlrnet.com\/sites\/fr\/wp-json\/wp\/v2\/types\/page"}],"author":[{"embeddable":true,"href":"https:\/\/hlrnet.com\/sites\/fr\/wp-json\/wp\/v2\/users\/1"}],"replies":[{"embeddable":true,"href":"https:\/\/hlrnet.com\/sites\/fr\/wp-json\/wp\/v2\/comments?post=23"}],"version-history":[{"count":2,"href":"https:\/\/hlrnet.com\/sites\/fr\/wp-json\/wp\/v2\/pages\/23\/revisions"}],"predecessor-version":[{"id":48,"href":"https:\/\/hlrnet.com\/sites\/fr\/wp-json\/wp\/v2\/pages\/23\/revisions\/48"}],"wp:attachment":[{"href":"https:\/\/hlrnet.com\/sites\/fr\/wp-json\/wp\/v2\/media?parent=23"}],"curies":[{"name":"wp","href":"https:\/\/api.w.org\/{rel}","templated":true}]}}