{"id":21,"date":"2012-12-22T16:58:06","date_gmt":"2012-12-22T16:58:06","guid":{"rendered":"http:\/\/hlrnet.com\/sites\/fr\/?page_id=21"},"modified":"2013-09-27T06:43:43","modified_gmt":"2013-09-27T06:43:43","slug":"presentation","status":"publish","type":"page","link":"https:\/\/hlrnet.com\/sites\/fr\/presentation\/","title":{"rendered":"Pr\u00e9sentation"},"content":{"rendered":"<p>Et voil\u00e0, dans une situation de stage (apprentissage professionnel) on se voit confront\u00e9 \u00e0 des interlocuteurs francophones. Comment y survivre?<\/p>\n<p>Il n\u2019y a que la pratique qui aide. C\u2019est pourquoi ce site propose:<\/p>\n<ul>\n<li>des activit\u00e9s autocorrig\u00e9es en ligne (cours, exercices)<\/li>\n<li>des contacts avec des documents authentiques<\/li>\n<\/ul>\n<p>Surtout, revenez!<\/p>\n","protected":false},"excerpt":{"rendered":"<p>Et voil\u00e0, dans une situation de stage (apprentissage professionnel) on se voit confront\u00e9 \u00e0 des interlocuteurs francophones. Comment y survivre? Il n\u2019y a que la pratique qui aide. C\u2019est pourquoi ce site propose: des activit\u00e9s autocorrig\u00e9es en ligne (cours, exercices) des contacts avec des documents authentiques Surtout, revenez!<\/p>\n","protected":false},"author":1,"featured_media":0,"parent":0,"menu_order":0,"comment_status":"closed","ping_status":"closed","template":"","meta":{"footnotes":"","_wp_rev_ctl_limit":""},"class_list":["post-21","page","type-page","status-publish","hentry"],"publishpress_future_action":{"enabled":false,"date":"2026-04-30 22:53:13","action":"Draft","newStatus":"draft","terms":[],"taxonomy":"","extraData":[]},"publishpress_future_workflow_manual_trigger":{"enabledWorkflows":[]},"_links":{"self":[{"href":"https:\/\/hlrnet.com\/sites\/fr\/wp-json\/wp\/v2\/pages\/21","targetHints":{"allow":["GET"]}}],"collection":[{"href":"https:\/\/hlrnet.com\/sites\/fr\/wp-json\/wp\/v2\/pages"}],"about":[{"href":"https:\/\/hlrnet.com\/sites\/fr\/wp-json\/wp\/v2\/types\/page"}],"author":[{"embeddable":true,"href":"https:\/\/hlrnet.com\/sites\/fr\/wp-json\/wp\/v2\/users\/1"}],"replies":[{"embeddable":true,"href":"https:\/\/hlrnet.com\/sites\/fr\/wp-json\/wp\/v2\/comments?post=21"}],"version-history":[{"count":2,"href":"https:\/\/hlrnet.com\/sites\/fr\/wp-json\/wp\/v2\/pages\/21\/revisions"}],"predecessor-version":[{"id":49,"href":"https:\/\/hlrnet.com\/sites\/fr\/wp-json\/wp\/v2\/pages\/21\/revisions\/49"}],"wp:attachment":[{"href":"https:\/\/hlrnet.com\/sites\/fr\/wp-json\/wp\/v2\/media?parent=21"}],"curies":[{"name":"wp","href":"https:\/\/api.w.org\/{rel}","templated":true}]}}