{"id":17,"date":"2012-12-22T16:57:01","date_gmt":"2012-12-22T16:57:01","guid":{"rendered":"http:\/\/hlrnet.com\/sites\/fr\/?page_id=17"},"modified":"2021-04-10T12:49:25","modified_gmt":"2021-04-10T12:49:25","slug":"bis-cours-en-ligne","status":"publish","type":"page","link":"https:\/\/hlrnet.com\/sites\/fr\/bis-cours-en-ligne\/","title":{"rendered":"BIS: cours en ligne"},"content":{"rendered":"<p>BIS (Begeleid Individueel Studeren) a \u00e9labor\u00e9 des cours en ligne qui sont \u00e0 disposition pour des fins non commerciales \u00e0 <a href=\"http:\/\/www.klascement.be\/bis\">www.klascement.be\/bis<\/a>.<\/p>\n<p>Nous vous proposons ici une s\u00e9lection des activit\u00e9s propos\u00e9es pour des niveaux moyens \u00e0 bons. Libre \u00e0 vous d\u2019aller fouiner sur le site pour trouver des activit\u00e9s plus adapt\u00e9es.<\/p>\n<p>La terminologie des niveaux est celle du Cadre de r\u00e9f\u00e9rence europ\u00e9en.<\/p>\n<p><em>Opmerking: sinds Flash van de markt is, werken de luisterfragmenten niet meer. Maar dat neemt niet weg dat er zeer zinvulle activiteiten zijn, en heel goed ondersteuningsmateriaal.<\/em><\/p>\n","protected":false},"excerpt":{"rendered":"<p>BIS (Begeleid Individueel Studeren) a \u00e9labor\u00e9 des cours en ligne qui sont \u00e0 disposition pour des fins non commerciales \u00e0 www.klascement.be\/bis. Nous vous proposons ici une s\u00e9lection des activit\u00e9s propos\u00e9es pour des niveaux moyens \u00e0 bons. Libre \u00e0 vous d\u2019aller fouiner sur le site pour trouver des activit\u00e9s plus adapt\u00e9es.<\/p>\n","protected":false},"author":1,"featured_media":0,"parent":0,"menu_order":0,"comment_status":"closed","ping_status":"closed","template":"","meta":{"footnotes":"","_wp_rev_ctl_limit":""},"class_list":["post-17","page","type-page","status-publish","hentry"],"publishpress_future_action":{"enabled":false,"date":"2026-04-30 21:02:12","action":"Draft","newStatus":"draft","terms":[],"taxonomy":"","extraData":[]},"publishpress_future_workflow_manual_trigger":{"enabledWorkflows":[]},"_links":{"self":[{"href":"https:\/\/hlrnet.com\/sites\/fr\/wp-json\/wp\/v2\/pages\/17","targetHints":{"allow":["GET"]}}],"collection":[{"href":"https:\/\/hlrnet.com\/sites\/fr\/wp-json\/wp\/v2\/pages"}],"about":[{"href":"https:\/\/hlrnet.com\/sites\/fr\/wp-json\/wp\/v2\/types\/page"}],"author":[{"embeddable":true,"href":"https:\/\/hlrnet.com\/sites\/fr\/wp-json\/wp\/v2\/users\/1"}],"replies":[{"embeddable":true,"href":"https:\/\/hlrnet.com\/sites\/fr\/wp-json\/wp\/v2\/comments?post=17"}],"version-history":[{"count":4,"href":"https:\/\/hlrnet.com\/sites\/fr\/wp-json\/wp\/v2\/pages\/17\/revisions"}],"predecessor-version":[{"id":220,"href":"https:\/\/hlrnet.com\/sites\/fr\/wp-json\/wp\/v2\/pages\/17\/revisions\/220"}],"wp:attachment":[{"href":"https:\/\/hlrnet.com\/sites\/fr\/wp-json\/wp\/v2\/media?parent=17"}],"curies":[{"name":"wp","href":"https:\/\/api.w.org\/{rel}","templated":true}]}}