{"id":15,"date":"2012-12-22T16:56:37","date_gmt":"2012-12-22T16:56:37","guid":{"rendered":"http:\/\/hlrnet.com\/sites\/fr\/?page_id=15"},"modified":"2021-04-10T12:45:45","modified_gmt":"2021-04-10T12:45:45","slug":"bis-threshold-4","status":"publish","type":"page","link":"https:\/\/hlrnet.com\/sites\/fr\/bis-threshold-4\/","title":{"rendered":"BIS: Threshold 4"},"content":{"rendered":"<p>Opmerking: sinds Flash van de markt is, werken de luisterfragmenten niet meer. Maar dat neemt niet weg dat er zeer zinvulle activiteiten zijn, en heel goed ondersteuningsmateriaal.<\/p>\n<p>Niveau 6 (Threshold 4)<br \/>\n<a href=\"http:\/\/bisserver.be\/online\/frans\/fr06\/fr06_001_0v01\/html\/\">La maison passive<\/a><br \/>\n<a href=\"http:\/\/bisserver.be\/online\/frans\/fr06\/fr06_002_0v01\/html\/\">La maison virtuelle<\/a><br \/>\n<a href=\"http:\/\/bisserver.be\/online\/frans\/fr06\/fr06_003_0v01\/html\/\">N\u2019oubliez pas d\u2019\u00e9conomiser<\/a><br \/>\n<a href=\"http:\/\/bisserver.be\/online\/frans\/fr06\/fr06_004_0v01\/html\/\">L\u2019\u00e9nergie solaire au Burkina Fasso<\/a><br \/>\n<a href=\"http:\/\/bisserver.be\/online\/frans\/fr06\/fr06_005_0v01\/html\/\">SOS Amiti\u00e9 \u2013 Qui va m\u2019aider?<\/a><br \/>\n<a href=\"http:\/\/bisserver.be\/online\/frans\/fr06\/fr06_006_0v01\/html\/\">La Croix-Rouge<\/a><br \/>\n<a href=\"http:\/\/bisserver.be\/online\/frans\/fr06\/fr06_007_0v01\/html\/\">Les activit\u00e9s de organisations de charit\u00e9<\/a><br \/>\n<a href=\"http:\/\/bisserver.be\/online\/frans\/fr06\/fr06_009_0v01\/html\/\">L\u2019attitude vis-\u00e0-vis de la charit\u00e9<\/a><br \/>\n<a href=\"http:\/\/bisserver.be\/online\/frans\/fr06\/fr06_009_0v01\/html\/\">Consommateurs, prot\u00e9gez-vous<\/a><br \/>\n<a href=\"http:\/\/bisserver.be\/online\/frans\/fr06\/fr06_010_0v01\/html\/\">La consommation des jeunes Canadiens<\/a><br \/>\n<a href=\"http:\/\/bisserver.be\/online\/frans\/fr06\/fr06_011_0v01\/html\/\">Magasins ouverts le dimanche?<\/a><br \/>\n<a href=\"http:\/\/bisserver.be\/online\/frans\/fr06\/fr06_012_0v01\/html\/\">Courriel des plaintes<\/a><br \/>\n<a href=\"http:\/\/bisserver.be\/online\/frans\/fr06\/fr06_013_0v01\/html\/\">Un match \u00e0 Roland Garros<\/a><br \/>\n<a href=\"http:\/\/bisserver.be\/online\/frans\/fr06\/fr06_014_0v01\/html\/\">Roland Garros, un monument<\/a><br \/>\n<a href=\"http:\/\/bisserver.be\/online\/frans\/fr06\/fr06_015_0v01\/html\/\">Trouver son chemin \u00e0 Paris<\/a><br \/>\n<a href=\"http:\/\/bisserver.be\/online\/frans\/fr06\/fr06_016_0v01\/html\/\">Le football<\/a><br \/>\n<a href=\"http:\/\/bisserver.be\/online\/frans\/fr06\/fr06_017_0v01\/html\/\">Le public, c\u2019est vous!<\/a><br \/>\n<a href=\"http:\/\/bisserver.be\/online\/frans\/fr06\/fr06_018_0v01\/html\/\">Les traits distinctifs du fran\u00e7ais au Canada<\/a><br \/>\n<a href=\"http:\/\/bisserver.be\/online\/frans\/fr06\/fr06_019_0v01\/html\/\">L\u2019impact de la t\u00e9l\u00e9 dans les foyers canadiens<\/a><br \/>\n<a href=\"http:\/\/bisserver.be\/online\/frans\/fr06\/fr06_020_0v01\/html\/\">La t\u00e9l\u00e9nostalgie<\/a><br \/>\n<a href=\"http:\/\/bisserver.be\/online\/frans\/fr06\/fr06_021_0v01\/html\/\">Prendre des photos, c\u2019est facile!<\/a><br \/>\n<a href=\"http:\/\/bisserver.be\/online\/frans\/fr06\/fr06_022_0v01\/html\/\">On a toujours le choix<\/a><br \/>\n<a href=\"http:\/\/bisserver.be\/online\/frans\/fr06\/fr06_023_0v01\/html\/\">L\u2019achat de la cam\u00e9ra id\u00e9ale!<\/a><br \/>\n<a href=\"http:\/\/bisserver.be\/online\/frans\/fr06\/fr06_024_0v01\/html\/\">La plainte du client<\/a><br \/>\n<a href=\"http:\/\/bisserver.be\/online\/frans\/fr06\/fr06_025_0v01\/html\/\">Quelques conseils aux voyageurs canadiens<\/a><br \/>\n<a href=\"http:\/\/bisserver.be\/online\/frans\/fr06\/fr06_026_0v01\/html\/\">Travailler \u00e0 l\u2019\u00e9tranger: le passeport<\/a><br \/>\n<a href=\"http:\/\/bisserver.be\/online\/frans\/fr06\/fr06_027_0v01\/html\/\">Avez-vous besoin d\u2019un visa?<\/a><br \/>\n<a href=\"http:\/\/bisserver.be\/online\/frans\/fr06\/fr06_028_0v01\/html\/\">Remplir une demande de visa<\/a><br \/>\n<a href=\"http:\/\/bisserver.be\/online\/frans\/fr06\/fr06_029_0v01\/html\/\">Les avantages du syndicat<\/a><br \/>\n<a href=\"http:\/\/bisserver.be\/online\/frans\/fr06\/fr06_030_0v01\/html\/\">Comment devenir membre du syndicat?<\/a><br \/>\n<a href=\"http:\/\/bisserver.be\/online\/frans\/fr06\/fr06_031_0v01\/html\/\">Persuader ses coll\u00e8gues<\/a><br \/>\n<a href=\"http:\/\/bisserver.be\/online\/frans\/fr06\/fr06_032_0v01\/html\/\">Faire la gr\u00e8ve<\/a><br \/>\n<a href=\"http:\/\/bisserver.be\/online\/frans\/fr06\/fr06_033_0v01\/html\/\">Fil Sant\u00e9 Jeunesse: je vous \u00e9coute!<\/a><br \/>\n<a href=\"http:\/\/bisserver.be\/online\/frans\/fr06\/fr06_034_0v01\/html\/\">Comment devenir \u00e9coutant b\u00e9n\u00e9vole?<\/a><br \/>\n<a href=\"http:\/\/bisserver.be\/online\/frans\/fr06\/fr06_035_0v01\/html\/\">T\u00e9l\u00e9accueil: la sant\u00e9 en question<\/a><br \/>\n<a href=\"http:\/\/bisserver.be\/online\/frans\/fr06\/fr06_036_0v01\/html\/\">Le Canada: interdit d\u2019y fumer!<\/a><br \/>\n<a href=\"http:\/\/bisserver.be\/online\/frans\/fr06\/fr06_037_0v01\/html\/\">Les conditions de location<\/a><br \/>\n<a href=\"http:\/\/bisserver.be\/online\/frans\/fr06\/fr06_038_0v01\/html\/\">Didier va chercher sa voiture<\/a><br \/>\n<a href=\"http:\/\/bisserver.be\/online\/frans\/fr06\/fr06_039_0v01\/html\/\">L\u2019accident de voiture<\/a><br \/>\n<a href=\"http:\/\/bisserver.be\/online\/frans\/fr06\/fr06_040_0v01\/html\/\">Ecrire \u00e0 la compagnie d\u2019assurance<\/a><\/p>\n","protected":false},"excerpt":{"rendered":"<p>Opmerking: sinds Flash van de markt is, werken de luisterfragmenten niet meer. Maar dat neemt niet weg dat er zeer zinvulle activiteiten zijn, en heel goed ondersteuningsmateriaal. Niveau 6 (Threshold 4) La maison passive La maison virtuelle N\u2019oubliez pas d\u2019\u00e9conomiser L\u2019\u00e9nergie solaire au Burkina Fasso SOS Amiti\u00e9 \u2013 Qui va<\/p>\n","protected":false},"author":1,"featured_media":0,"parent":0,"menu_order":0,"comment_status":"closed","ping_status":"closed","template":"","meta":{"footnotes":"","_wp_rev_ctl_limit":""},"class_list":["post-15","page","type-page","status-publish","hentry"],"publishpress_future_action":{"enabled":false,"date":"2026-04-30 21:02:11","action":"Draft","newStatus":"draft","terms":[],"taxonomy":"","extraData":[]},"publishpress_future_workflow_manual_trigger":{"enabledWorkflows":[]},"_links":{"self":[{"href":"https:\/\/hlrnet.com\/sites\/fr\/wp-json\/wp\/v2\/pages\/15","targetHints":{"allow":["GET"]}}],"collection":[{"href":"https:\/\/hlrnet.com\/sites\/fr\/wp-json\/wp\/v2\/pages"}],"about":[{"href":"https:\/\/hlrnet.com\/sites\/fr\/wp-json\/wp\/v2\/types\/page"}],"author":[{"embeddable":true,"href":"https:\/\/hlrnet.com\/sites\/fr\/wp-json\/wp\/v2\/users\/1"}],"replies":[{"embeddable":true,"href":"https:\/\/hlrnet.com\/sites\/fr\/wp-json\/wp\/v2\/comments?post=15"}],"version-history":[{"count":3,"href":"https:\/\/hlrnet.com\/sites\/fr\/wp-json\/wp\/v2\/pages\/15\/revisions"}],"predecessor-version":[{"id":217,"href":"https:\/\/hlrnet.com\/sites\/fr\/wp-json\/wp\/v2\/pages\/15\/revisions\/217"}],"wp:attachment":[{"href":"https:\/\/hlrnet.com\/sites\/fr\/wp-json\/wp\/v2\/media?parent=15"}],"curies":[{"name":"wp","href":"https:\/\/api.w.org\/{rel}","templated":true}]}}