{"id":13,"date":"2012-12-22T16:56:14","date_gmt":"2012-12-22T16:56:14","guid":{"rendered":"http:\/\/hlrnet.com\/sites\/fr\/?page_id=13"},"modified":"2021-04-10T12:46:04","modified_gmt":"2021-04-10T12:46:04","slug":"bis-vantage-1","status":"publish","type":"page","link":"https:\/\/hlrnet.com\/sites\/fr\/bis-vantage-1\/","title":{"rendered":"BIS: Vantage 1"},"content":{"rendered":"<p>Opmerking: sinds Flash van de markt is, werken de luisterfragmenten niet meer. Maar dat neemt niet weg dat er zeer zinvulle activiteiten zijn, en heel goed ondersteuningsmateriaal.<\/p>\n<p><a href=\"http:\/\/bisserver.be\/online\/frans\/fr07\/fr07_001_0v05\/html\/\">La police f\u00e9d\u00e9rale<\/a><br \/>\n<a href=\"http:\/\/bisserver.be\/online\/frans\/fr07\/fr07_003_0v04\/html\/\">La brigade \u00e9questre<\/a><br \/>\n<a href=\"http:\/\/bisserver.be\/online\/frans\/fr07\/fr07_004_0v04\/html\/\">La pr\u00e9vention<\/a><br \/>\n<a href=\"http:\/\/bisserver.be\/online\/frans\/fr07\/fr07_005_0v04\/html\/\">La d\u00e9claration d\u2019un vol<\/a><br \/>\n<a href=\"http:\/\/bisserver.be\/online\/frans\/fr07\/fr07_006_0v04\/html\/\">Le salon Batibouw<\/a><br \/>\n<a href=\"http:\/\/bisserver.be\/online\/frans\/fr07\/fr07_007_0v05\/html\/\">La loft-tendance<\/a><br \/>\n<a href=\"http:\/\/bisserver.be\/online\/frans\/fr07\/fr07_008_0v05\/html\/\">La r\u00e9novation d\u2019une ferme<\/a><br \/>\n<a href=\"http:\/\/bisserver.be\/online\/frans\/fr07\/fr07_009_0v04\/html\/\">Le studio<\/a><br \/>\n<a href=\"http:\/\/bisserver.be\/online\/frans\/fr07\/fr07_010_0v04\/html\/\">La villa<\/a><br \/>\n<a href=\"http:\/\/bisserver.be\/online\/frans\/fr07\/fr07_011_0v06\/html\/\">Le faire-part<\/a><br \/>\n<a href=\"http:\/\/bisserver.be\/online\/frans\/fr07\/fr07_012_0v04\/html\/\">La salle des f\u00eates<\/a><br \/>\n<a href=\"http:\/\/bisserver.be\/online\/frans\/fr07\/fr07_013_0v05\/html\/\">Le discours de mariage<\/a><br \/>\n<a href=\"http:\/\/bisserver.be\/online\/frans\/fr07\/fr07_014_0v04\/html\/\">La liste de mariage<\/a><br \/>\n<a href=\"http:\/\/bisserver.be\/online\/frans\/fr07\/fr07_016_0v05\/html\/\">Services \u00e0 volont\u00e9<\/a><br \/>\n<a href=\"http:\/\/bisserver.be\/online\/frans\/fr07\/fr07_017_0v04\/html\/\">L\u2019engagement total<\/a><br \/>\n<a href=\"http:\/\/bisserver.be\/online\/frans\/fr07\/fr07_018_0v04\/html\/\">SAV sur la lune!<\/a><br \/>\n<a href=\"http:\/\/bisserver.be\/online\/frans\/fr07\/fr07_019_0v04\/html\/\">Le SAV \u00e0 la suite d\u2019une r\u00e9paration<\/a><br \/>\n<a href=\"http:\/\/bisserver.be\/online\/frans\/fr07\/fr07_020_0v06\/html\/\">Foire aux questions sur les SAV<\/a><br \/>\n<a href=\"http:\/\/bisserver.be\/online\/frans\/fr07\/fr07_021_0v05\/html\/\">Des t\u00e9moignages sur le trafic urbain<\/a><br \/>\n<a href=\"http:\/\/bisserver.be\/online\/frans\/fr07\/fr07_022_0v04\/html\/\">Les deux-roues: \u00e0 chacun son go\u00fbt<\/a><br \/>\n<a href=\"http:\/\/www.klascement.net\/bis\/computeractiviteit\/16176\/\">N\u00e9gocier le trafic \u00e0 deux roues<\/a><br \/>\n<a href=\"http:\/\/www.klascement.net\/bis\/computeractiviteit\/16177\/\">Les petites annonces sur les deux-roues<\/a><br \/>\n<a href=\"http:\/\/www.klascement.net\/bis\/computeractiviteit\/16178\/\">Des arguments pour un transport \u00e0 deux roues<\/a><br \/>\n<a href=\"http:\/\/www.klascement.net\/bis\/computeractiviteit\/16179\/\">Vivre au quotidien avec le diab\u00e8te<\/a><br \/>\n<a href=\"http:\/\/www.klascement.net\/bis\/computeractiviteit\/16180\/\">Comment aider un parent \u00e2g\u00e9?<\/a><br \/>\n<a href=\"http:\/\/www.klascement.net\/bis\/computeractiviteit\/16181\/\">Qui pr\u00e9venir quand on est enceinte?<\/a><br \/>\n<a href=\"http:\/\/www.klascement.net\/bis\/computeractiviteit\/16182\/\">S\u2019interroger sur sa retraite<\/a><br \/>\n<a href=\"http:\/\/www.klascement.net\/bis\/computeractiviteit\/16183\/\">L\u2019amour \u2026 comment?<\/a><br \/>\n<a href=\"http:\/\/www.klascement.net\/bis\/computeractiviteit\/16184\/\">Axelle Red<\/a><br \/>\n<a href=\"http:\/\/www.klascement.net\/bis\/computeractiviteit\/16185\/\">Musique plan\u00e8te<\/a><br \/>\n<a href=\"http:\/\/www.klascement.net\/bis\/computeractiviteit\/16186\/\">La musique multidimensionnelle<\/a><br \/>\n<a href=\"http:\/\/www.klascement.net\/bis\/computeractiviteit\/16187\/\">Un aper\u00e7u historique<\/a><br \/>\n<a href=\"http:\/\/www.klascement.net\/bis\/computeractiviteit\/16188\/\">Manhattan-Kaboul<\/a><br \/>\n<a href=\"http:\/\/www.klascement.net\/bis\/computeractiviteit\/16189\/\">Les parcs publics<\/a><br \/>\n<a href=\"http:\/\/www.klascement.net\/bis\/computeractiviteit\/16190\/\">La voirie de Marseille<\/a><br \/>\n<a href=\"http:\/\/www.klascement.net\/bis\/computeractiviteit\/16191\/\">La cr\u00e8che<\/a><br \/>\n<a href=\"http:\/\/www.klascement.net\/bis\/computeractiviteit\/16192\/\">La biblioth\u00e8que<\/a><br \/>\n<a href=\"http:\/\/www.klascement.net\/bis\/computeractiviteit\/16193\/\">L\u2019infrastructure sportive<\/a><br \/>\n<a href=\"http:\/\/www.klascement.net\/bis\/computeractiviteit\/16194\/\">Le nord? A gauche en sortant<\/a><br \/>\n<a href=\"http:\/\/www.klascement.net\/bis\/computeractiviteit\/16195\/\">Voyons sur le plan<\/a><br \/>\n<a href=\"http:\/\/www.klascement.net\/bis\/computeractiviteit\/7592\/\">Une blague<\/a><br \/>\n<a href=\"http:\/\/www.klascement.net\/bis\/computeractiviteit\/7593\/\">Malade en classe<\/a><br \/>\n<a href=\"http:\/\/www.klascement.net\/bis\/computeractiviteit\/7594\/\">Chez le m\u00e9decin<\/a><br \/>\n<a href=\"http:\/\/www.klascement.net\/bis\/computeractiviteit\/7595\/\">Une lettre de Julia<\/a><br \/>\n<a href=\"http:\/\/www.klascement.net\/bis\/computeractiviteit\/7596\/\">Que dit la m\u00e9t\u00e9o?<\/a><br \/>\n<a href=\"http:\/\/www.klascement.net\/bis\/computeractiviteit\/7597\/\">Il fait quel temps \u00e0 Berlin?<\/a><br \/>\n<a href=\"http:\/\/www.klascement.net\/bis\/computeractiviteit\/7598\/\">Les pr\u00e9visions pour aujourd\u2019hui<\/a><br \/>\n<a href=\"http:\/\/www.klascement.net\/bis\/computeractiviteit\/7599\/\">La m\u00e9t\u00e9o par texto<\/a><br \/>\n<a href=\"http:\/\/www.klascement.net\/bis\/computeractiviteit\/7600\/\">Qui appeler dans quel cas?<\/a><br \/>\n<a href=\"http:\/\/www.klascement.net\/bis\/computeractiviteit\/7601\/\">O\u00f9? Qui? Quoi? Comment?<\/a><br \/>\n<a href=\"http:\/\/www.klascement.net\/bis\/computeractiviteit\/16206\/\">L\u2019accouchement \u00e0 domicile<\/a><br \/>\nLe t\u00e9moignage d\u2019un p\u00e8re<br \/>\n<a href=\"http:\/\/www.klascement.net\/bis\/computeractiviteit\/16208\/\">Victime d\u2019une temp\u00eate de neige<\/a><br \/>\n<a href=\"http:\/\/www.klascement.net\/bis\/computeractiviteit\/16209\/\">Trottoir verglac\u00e9? A vos balais!<\/a><br \/>\n<a href=\"http:\/\/www.klascement.net\/bis\/computeractiviteit\/16210\/\">Questions sur une pagaille blanche<\/a><br \/>\n<a href=\"http:\/\/www.klascement.net\/bis\/computeractiviteit\/16211\/\">La saison des incendies de for\u00eats<\/a><br \/>\n<a href=\"http:\/\/www.klascement.net\/bis\/computeractiviteit\/16212\/\">Jacques Rogge, pr\u00e9sident du CIO<\/a><\/p>\n","protected":false},"excerpt":{"rendered":"<p>Opmerking: sinds Flash van de markt is, werken de luisterfragmenten niet meer. Maar dat neemt niet weg dat er zeer zinvulle activiteiten zijn, en heel goed ondersteuningsmateriaal. La police f\u00e9d\u00e9rale La brigade \u00e9questre La pr\u00e9vention La d\u00e9claration d\u2019un vol Le salon Batibouw La loft-tendance La r\u00e9novation d\u2019une ferme Le studio<\/p>\n","protected":false},"author":1,"featured_media":0,"parent":0,"menu_order":0,"comment_status":"closed","ping_status":"closed","template":"","meta":{"footnotes":"","_wp_rev_ctl_limit":""},"class_list":["post-13","page","type-page","status-publish","hentry"],"publishpress_future_action":{"enabled":false,"date":"2026-04-30 20:48:07","action":"Draft","newStatus":"draft","terms":[],"taxonomy":"","extraData":[]},"publishpress_future_workflow_manual_trigger":{"enabledWorkflows":[]},"_links":{"self":[{"href":"https:\/\/hlrnet.com\/sites\/fr\/wp-json\/wp\/v2\/pages\/13","targetHints":{"allow":["GET"]}}],"collection":[{"href":"https:\/\/hlrnet.com\/sites\/fr\/wp-json\/wp\/v2\/pages"}],"about":[{"href":"https:\/\/hlrnet.com\/sites\/fr\/wp-json\/wp\/v2\/types\/page"}],"author":[{"embeddable":true,"href":"https:\/\/hlrnet.com\/sites\/fr\/wp-json\/wp\/v2\/users\/1"}],"replies":[{"embeddable":true,"href":"https:\/\/hlrnet.com\/sites\/fr\/wp-json\/wp\/v2\/comments?post=13"}],"version-history":[{"count":3,"href":"https:\/\/hlrnet.com\/sites\/fr\/wp-json\/wp\/v2\/pages\/13\/revisions"}],"predecessor-version":[{"id":218,"href":"https:\/\/hlrnet.com\/sites\/fr\/wp-json\/wp\/v2\/pages\/13\/revisions\/218"}],"wp:attachment":[{"href":"https:\/\/hlrnet.com\/sites\/fr\/wp-json\/wp\/v2\/media?parent=13"}],"curies":[{"name":"wp","href":"https:\/\/api.w.org\/{rel}","templated":true}]}}