{"id":9811,"date":"2016-07-17T18:17:33","date_gmt":"2016-07-17T18:17:33","guid":{"rendered":"http:\/\/hlrnet.com\/sites\/alt164\/?page_id=9811"},"modified":"2022-04-30T07:21:39","modified_gmt":"2022-04-30T07:21:39","slug":"privacidad","status":"publish","type":"page","link":"https:\/\/hlrnet.com\/sites\/alt164\/privacidad\/","title":{"rendered":"Privacidad"},"content":{"rendered":"<p>Tomamos muy en serio tu privacidad.<\/p>\n<ul>\n<li>El uso de cookies es imprescindible para el\u00a0funcionamiento del sistema de gesti\u00f3n de contenidos de este sitio (WordPress).<\/li>\n<li>Usamos un script y cookies de Google analytics para coleccionar estad\u00edsticas.<\/li>\n<li>Por lo dem\u00e1s no recogemos datos de ninguna manera.<\/li>\n<li>No mostramos ning\u00fan contenido externo\u00a0&#8211; anuncios o similar\u00a0 &#8211; excepto lo absolutamente necesario para el funcionamiento del sitio (script y estad\u00edsticas)<\/li>\n<li>El uso de este sitio implica el acuerdo con el uso de estos cookies.<\/li>\n<li>En <a href=\"https:\/\/www.aboutcookies.org\/\" class=\"autohyperlink\">www.aboutcookies.org\/<\/a> se describe c\u00f3mo gestionar los cookies.<\/li>\n<\/ul>\n","protected":false},"excerpt":{"rendered":"<p>Tomamos muy en serio tu privacidad. El uso de cookies es imprescindible para el\u00a0funcionamiento del sistema de gesti\u00f3n de contenidos de este sitio (WordPress). Usamos un script y cookies de Google analytics para coleccionar estad\u00edsticas. Por lo dem\u00e1s no recogemos datos de ninguna manera. No mostramos ning\u00fan contenido externo\u00a0&#8211; anuncios<\/p>\n","protected":false},"author":1,"featured_media":0,"parent":0,"menu_order":0,"comment_status":"closed","ping_status":"closed","template":"","meta":{"iawp_total_views":26,"footnotes":"","_wp_rev_ctl_limit":""},"class_list":["post-9811","page","type-page","status-publish","hentry"],"publishpress_future_action":{"enabled":false,"date":"2026-04-30 15:53:34","action":"change-status","newStatus":"draft","terms":[],"taxonomy":"","extraData":[]},"publishpress_future_workflow_manual_trigger":{"enabledWorkflows":[]},"_links":{"self":[{"href":"https:\/\/hlrnet.com\/sites\/alt164\/wp-json\/wp\/v2\/pages\/9811","targetHints":{"allow":["GET"]}}],"collection":[{"href":"https:\/\/hlrnet.com\/sites\/alt164\/wp-json\/wp\/v2\/pages"}],"about":[{"href":"https:\/\/hlrnet.com\/sites\/alt164\/wp-json\/wp\/v2\/types\/page"}],"author":[{"embeddable":true,"href":"https:\/\/hlrnet.com\/sites\/alt164\/wp-json\/wp\/v2\/users\/1"}],"replies":[{"embeddable":true,"href":"https:\/\/hlrnet.com\/sites\/alt164\/wp-json\/wp\/v2\/comments?post=9811"}],"version-history":[{"count":0,"href":"https:\/\/hlrnet.com\/sites\/alt164\/wp-json\/wp\/v2\/pages\/9811\/revisions"}],"wp:attachment":[{"href":"https:\/\/hlrnet.com\/sites\/alt164\/wp-json\/wp\/v2\/media?parent=9811"}],"curies":[{"name":"wp","href":"https:\/\/api.w.org\/{rel}","templated":true}]}}