{"id":662,"date":"2012-04-14T16:23:55","date_gmt":"2012-04-14T16:23:55","guid":{"rendered":"http:\/\/hlrnet.com\/sites\/alt164\/?page_id=662"},"modified":"2023-02-02T17:34:42","modified_gmt":"2023-02-02T17:34:42","slug":"actualidad-en-tiempo-real","status":"publish","type":"page","link":"https:\/\/hlrnet.com\/sites\/alt164\/actualidad-en-tiempo-real\/","title":{"rendered":"Actualidad en tiempo real"},"content":{"rendered":"<ul>\n<li>El Pa\u00eds<br \/>\n<ul><!--via SimplePie with RSSImport--><li><a href=\"https:\/\/elpais.com\/sociedad\/2020\/02\/26\/actualidad\/1582712658_011286.html#?ref=rss&amp;format=simple&amp;link=link\" title=\"Mapa de la expansi\u00f3n y claves para entender el coronavirus de Wuhan\">Mapa de la expansi\u00f3n y claves para entender el coronavirus de Wuhan<\/a><\/li><li><a href=\"https:\/\/elpais.com\/cultura\/2020\/02\/27\/actualidad\/1582789321_585769.html#?ref=rss&amp;format=simple&amp;link=link\" title=\"Pl\u00e1cido Domingo anula sus representaciones en el Real antes de que el teatro las cancelara\">Pl\u00e1cido Domingo anula sus representaciones en el Real antes de que el teatro las cancelara<\/a><\/li><li><a href=\"https:\/\/elpais.com\/politica\/2020\/02\/27\/actualidad\/1582790343_062149.html#?ref=rss&amp;format=simple&amp;link=link\" title=\"El Gobierno salva el primer escollo de los Presupuestos gracias a ERC\">El Gobierno salva el primer escollo de los Presupuestos gracias a ERC<\/a><\/li><li><a href=\"https:\/\/elpais.com\/sociedad\/2020\/02\/27\/actualidad\/1582762594_400436.html#?ref=rss&amp;format=simple&amp;link=link\" title=\"Trump nombra al vicepresidente Pence a cargo de la crisis del coronavirus\">Trump nombra al vicepresidente Pence a cargo de la crisis del coronavirus<\/a><\/li><li><a href=\"https:\/\/elpais.com\/sociedad\/2020\/02\/26\/actualidad\/1582744701_468958.html#?ref=rss&amp;format=simple&amp;link=link\" title=\"\u201cLa magnitud del problema del coronavirus no ser\u00e1 diferente a una gripe\u201d\">\u201cLa magnitud del problema del coronavirus no ser\u00e1 diferente a una gripe\u201d<\/a><\/li><\/ul><\/li>\n<li>20 Minutos<br \/>\n<ul><!--via SimplePie with RSSImport--><li><a href=\"https:\/\/www.20minutos.es\/gente\/mangas-dragon-ball-one-piece-nueva-apuesta-logan-paul-por-que-ya-habria-desembolsado-medio-millon-euros_6962528_0.html\" title=\"Mangas de &#039;Dragon Ball&#039; y &#039;One Piece&#039;, la nueva apuesta de Logan Paul por la que ya habr\u00eda desembolsado medio mill\u00f3n de euros\">Mangas de &#039;Dragon Ball&#039; y &#039;One Piece&#039;, la nueva apuesta de Logan Paul por la que ya habr\u00eda desembolsado medio mill\u00f3n de euros<\/a><\/li><li><a href=\"https:\/\/www.20minutos.es\/deportes\/tenis\/firmas-mejores-tenistas-exposicion-alcaraz-pistas-entrenamiento-que-no-te-puedes-perder-mutua-madrid-open_6962447_0.html\" title=\"Firmas de tenistas, exposici\u00f3n de Alcaraz y pistas de entrenamiento: lo que no te puedes perder del Mutua Madrid Open\">Firmas de tenistas, exposici\u00f3n de Alcaraz y pistas de entrenamiento: lo que no te puedes perder del Mutua Madrid Open<\/a><\/li><li><a href=\"https:\/\/www.20minutos.es\/deportes\/tenis\/aficionados-madrid-open-devastados-por-baja-alcaraz-roland-garros-duele-ano-pasado-jugo-un-partido-historico_6962819_0.html\" title=\"Aficionados del Madrid Open, devastados por la baja de Alcaraz en Roland Garros: &quot;Duele, el a\u00f1o pasado jug\u00f3 un partido hist\u00f3rico&quot;\">Aficionados del Madrid Open, devastados por la baja de Alcaraz en Roland Garros: &quot;Duele, el a\u00f1o pasado jug\u00f3 un partido hist\u00f3rico&quot;<\/a><\/li><li><a href=\"https:\/\/www.20minutos.es\/gente\/personaje-que-devoro-actor-asi-era-flequi-peluquero-gran-juego-oca_6960581_0.html\" title=\"El personaje que devor\u00f3 al actor: as\u00ed era El Flequi, el peluquero de &#039;El gran juego de la oca&#039;\">El personaje que devor\u00f3 al actor: as\u00ed era El Flequi, el peluquero de &#039;El gran juego de la oca&#039;<\/a><\/li><li><a href=\"https:\/\/www.20minutos.es\/internacional\/directo-ultima-hora-tiroteo-donald-trump-cena-corresponsales-casa-blanca-washington_6962858_6.html\" title=\"El tirador llevaba varias armas y ha disparado entre cinco y ocho veces\">El tirador llevaba varias armas y ha disparado entre cinco y ocho veces<\/a><\/li><\/ul><\/li>\n<li><a href=\"http:\/\/hlrnet.com\/sites\/actu-es\/\">M\u00e1s<\/a>\n<ul>\n<li><a href=\"https:\/\/hlrnet.com\/sites\/actu-es\/espana\/\">Espa\u00f1a<\/a><\/li>\n<li><a href=\"https:\/\/hlrnet.com\/sites\/actu-es\/argentina\/\">Argentina<\/a><\/li>\n<li><a href=\"https:\/\/hlrnet.com\/sites\/actu-es\/mexico\/\">M\u00e9xico<\/a><\/li>\n<li><a href=\"https:\/\/hlrnet.com\/sites\/actu-es\/latinoamerica\/\">Latinoam\u00e9rica<\/a><\/li>\n<li><a href=\"https:\/\/hlrnet.com\/sites\/actu-es\/noticias-positivas\/\">Noticias positivas<\/a><\/li>\n<\/ul>\n<\/li>\n<\/ul>\n","protected":false},"excerpt":{"rendered":"<p>El Pa\u00eds 20 Minutos M\u00e1s Espa\u00f1a Argentina M\u00e9xico Latinoam\u00e9rica Noticias positivas<\/p>\n","protected":false},"author":1,"featured_media":0,"parent":0,"menu_order":0,"comment_status":"closed","ping_status":"closed","template":"","meta":{"iawp_total_views":24,"footnotes":"","_wp_rev_ctl_limit":""},"class_list":["post-662","page","type-page","status-publish","hentry"],"publishpress_future_action":{"enabled":false,"date":"2026-05-03 11:10:04","action":"change-status","newStatus":"draft","terms":[],"taxonomy":"","extraData":[]},"publishpress_future_workflow_manual_trigger":{"enabledWorkflows":[]},"_links":{"self":[{"href":"https:\/\/hlrnet.com\/sites\/alt164\/wp-json\/wp\/v2\/pages\/662","targetHints":{"allow":["GET"]}}],"collection":[{"href":"https:\/\/hlrnet.com\/sites\/alt164\/wp-json\/wp\/v2\/pages"}],"about":[{"href":"https:\/\/hlrnet.com\/sites\/alt164\/wp-json\/wp\/v2\/types\/page"}],"author":[{"embeddable":true,"href":"https:\/\/hlrnet.com\/sites\/alt164\/wp-json\/wp\/v2\/users\/1"}],"replies":[{"embeddable":true,"href":"https:\/\/hlrnet.com\/sites\/alt164\/wp-json\/wp\/v2\/comments?post=662"}],"version-history":[{"count":0,"href":"https:\/\/hlrnet.com\/sites\/alt164\/wp-json\/wp\/v2\/pages\/662\/revisions"}],"wp:attachment":[{"href":"https:\/\/hlrnet.com\/sites\/alt164\/wp-json\/wp\/v2\/media?parent=662"}],"curies":[{"name":"wp","href":"https:\/\/api.w.org\/{rel}","templated":true}]}}