{"id":30,"date":"2012-04-07T11:50:29","date_gmt":"2012-04-07T11:50:29","guid":{"rendered":"http:\/\/hlrnet.com\/sites\/alt164\/?page_id=30"},"modified":"2022-04-30T07:16:01","modified_gmt":"2022-04-30T07:16:01","slug":"vida-y-cultura","status":"publish","type":"page","link":"https:\/\/hlrnet.com\/sites\/alt164\/vida-y-cultura\/","title":{"rendered":"Vida y cultura"},"content":{"rendered":"<ul>\n<li><a href=\"https:\/\/hlrnet.com\/sites\/alt164\/el-espanol-de-los-negocios\/\">El espa\u00f1ol de los negocios<\/a><\/li>\n<li><a href=\"https:\/\/hlrnet.com\/sites\/alt164\/turismo\/\">Turismo<\/a> (en Espa\u00f1a) y regiones espa\u00f1olas<\/li>\n<li><a href=\"https:\/\/hlrnet.com\/sites\/alt164\/paises-hispanohablantes\/\">Pa\u00edses hispanohablantes<\/a><\/li>\n<li><a href=\"https:\/\/hlrnet.com\/sites\/alt164\/musica-en-espanol-en-internet\/\">M\u00fasica en espa\u00f1ol<\/a><\/li>\n<li><a href=\"https:\/\/hlrnet.com\/sites\/alt164\/la-cocina\/\">Comer y cocinar en espa\u00f1ol<\/a><\/li>\n<li><a href=\"https:\/\/hlrnet.com\/sites\/alt164\/historia-ed-espana\/\">Historia de Espa\u00f1a<\/a><\/li>\n<li><a href=\"https:\/\/hlrnet.com\/sites\/alt164\/la-meteorologia-el-tiempo-y-el-clima\/\">La meteorolog\u00eda<\/a><\/li>\n<li><a href=\"https:\/\/hlrnet.com\/sites\/alt164\/la-actualidad-y-la-prensa-en-linea\/\">La prensa y la actualidad hisp\u00e1nica en l\u00ednea<\/a><\/li>\n<li><a href=\"https:\/\/hlrnet.com\/sites\/alt164\/radio-y-television-en-espanol\/\">Radio y televisi\u00f3n en espa\u00f1ol<\/a><\/li>\n<li><a href=\"https:\/\/hlrnet.com\/sites\/alt164\/la-sociedad-espanola\/\">La sociedad espa\u00f1ola<\/a> &#8211; Informaciones, instituciones, servicios oficiales, ense\u00f1anza, partidos pol\u00edticos, sindicatos, empleos<\/li>\n<li><a href=\"https:\/\/hlrnet.com\/sites\/alt164\/la-casa-y-la-vivienda\/\">La vivienda<\/a><\/li>\n<li><a href=\"https:\/\/hlrnet.com\/sites\/alt164\/instituciones-y-universidades\/\">Instituciones y universidades<\/a><\/li>\n<li><a href=\"https:\/\/hlrnet.com\/sites\/alt164\/el-trabajo-y-el-empleo\/\">El empleo<\/a><\/li>\n<li><a href=\"https:\/\/hlrnet.com\/sites\/alt164\/cultura-con-n\/\">Cultura con \u00d1<\/a>: museos, cine, toros, varios<\/li>\n<li><a href=\"https:\/\/hlrnet.com\/sites\/alt164\/filosofia\/\">Filosof\u00eda<\/a><\/li>\n<\/ul>\n","protected":false},"excerpt":{"rendered":"<p>El espa\u00f1ol de los negocios Turismo (en Espa\u00f1a) y regiones espa\u00f1olas Pa\u00edses hispanohablantes M\u00fasica en espa\u00f1ol Comer y cocinar en espa\u00f1ol Historia de Espa\u00f1a La meteorolog\u00eda La prensa y la actualidad hisp\u00e1nica en l\u00ednea Radio y televisi\u00f3n en espa\u00f1ol La sociedad espa\u00f1ola &#8211; Informaciones, instituciones, servicios oficiales, ense\u00f1anza, partidos pol\u00edticos,<\/p>\n","protected":false},"author":1,"featured_media":0,"parent":0,"menu_order":0,"comment_status":"closed","ping_status":"closed","template":"","meta":{"iawp_total_views":8,"footnotes":"","_wp_rev_ctl_limit":""},"class_list":["post-30","page","type-page","status-publish","hentry"],"publishpress_future_action":{"enabled":false,"date":"2026-05-04 05:42:05","action":"change-status","newStatus":"draft","terms":[],"taxonomy":"","extraData":[]},"publishpress_future_workflow_manual_trigger":{"enabledWorkflows":[]},"_links":{"self":[{"href":"https:\/\/hlrnet.com\/sites\/alt164\/wp-json\/wp\/v2\/pages\/30","targetHints":{"allow":["GET"]}}],"collection":[{"href":"https:\/\/hlrnet.com\/sites\/alt164\/wp-json\/wp\/v2\/pages"}],"about":[{"href":"https:\/\/hlrnet.com\/sites\/alt164\/wp-json\/wp\/v2\/types\/page"}],"author":[{"embeddable":true,"href":"https:\/\/hlrnet.com\/sites\/alt164\/wp-json\/wp\/v2\/users\/1"}],"replies":[{"embeddable":true,"href":"https:\/\/hlrnet.com\/sites\/alt164\/wp-json\/wp\/v2\/comments?post=30"}],"version-history":[{"count":0,"href":"https:\/\/hlrnet.com\/sites\/alt164\/wp-json\/wp\/v2\/pages\/30\/revisions"}],"wp:attachment":[{"href":"https:\/\/hlrnet.com\/sites\/alt164\/wp-json\/wp\/v2\/media?parent=30"}],"curies":[{"name":"wp","href":"https:\/\/api.w.org\/{rel}","templated":true}]}}