{"id":26,"date":"2012-04-07T11:49:13","date_gmt":"2012-04-07T11:49:13","guid":{"rendered":"http:\/\/hlrnet.com\/sites\/alt164\/?page_id=26"},"modified":"2024-12-24T13:26:11","modified_gmt":"2024-12-24T13:26:11","slug":"paises-hispanohablantes","status":"publish","type":"page","link":"https:\/\/hlrnet.com\/sites\/alt164\/paises-hispanohablantes\/","title":{"rendered":"Pa\u00edses hispanohablantes"},"content":{"rendered":"<ul>\n<li><a name=\"lista\"><\/a>Lista por pa\u00eds\n<ul>\n<li><a href=\"https:\/\/hlrnet.com\/sites\/alt164\/argentina\/\">Argentina<\/a><\/li>\n<li><a href=\"https:\/\/hlrnet.com\/sites\/alt164\/bolivia\/\">Bolivia<\/a><\/li>\n<li><a href=\"https:\/\/hlrnet.com\/sites\/alt164\/colombia\/\">Colombia<\/a><\/li>\n<li><a href=\"https:\/\/hlrnet.com\/sites\/alt164\/costa-rica\/\">Costa Rica<\/a><\/li>\n<li><a href=\"https:\/\/hlrnet.com\/sites\/alt164\/cuba\/\">Cuba<\/a><\/li>\n<li><a href=\"https:\/\/hlrnet.com\/sites\/alt164\/chile\/\">Chile<\/a><\/li>\n<li><a href=\"https:\/\/hlrnet.com\/sites\/alt164\/ecuador\">Ecuador<\/a><\/li>\n<li><a href=\"https:\/\/hlrnet.com\/sites\/alt164\/turismo\/\">Espa\u00f1a<\/a><\/li>\n<li><a href=\"https:\/\/hlrnet.com\/sites\/alt164\/guatemala\">Guatemala<\/a><\/li>\n<li><a href=\"https:\/\/hlrnet.com\/sites\/alt164\/guinea-ecuatorial\/\">Guinea Ecuatorial<\/a><\/li>\n<li><a href=\"https:\/\/hlrnet.com\/sites\/alt164\/honduras\">Honduras<\/a><\/li>\n<li><a href=\"https:\/\/hlrnet.com\/sites\/alt164\/mexico\">M\u00e9xico<\/a><\/li>\n<li><a href=\"https:\/\/hlrnet.com\/sites\/alt164\/nicaragua\">Nicaragua<\/a><\/li>\n<li><a href=\"https:\/\/hlrnet.com\/sites\/alt164\/panama\">Panam\u00e1<\/a><\/li>\n<li><a href=\"https:\/\/hlrnet.com\/sites\/alt164\/paraguay\">Paraguay<\/a><\/li>\n<li><a href=\"https:\/\/hlrnet.com\/sites\/alt164\/peru\">Per\u00fa<\/a><\/li>\n<li><a href=\"https:\/\/hlrnet.com\/sites\/alt164\/republica-dominicana\/\">Rep\u00fablica Dominicana<\/a><\/li>\n<li><a href=\"https:\/\/hlrnet.com\/sites\/alt164\/puerto-rico\/\">Puerto Rico<\/a><\/li>\n<li><a href=\"https:\/\/hlrnet.com\/sites\/alt164\/el-salvador\/\">El Salvador<\/a><\/li>\n<li><a href=\"https:\/\/hlrnet.com\/sites\/alt164\/uruguay\/\">Uruguay<\/a><\/li>\n<li><a href=\"https:\/\/hlrnet.com\/sites\/alt164\/venezuela\/\">Venezuela<\/a><\/li>\n<\/ul>\n<\/li>\n<li>En general\n<ul>\n<li><a href=\"https:\/\/pares.mcu.es\/Bicentenarios\/portal\/index.html\">Bicentenario de las indepedencias iberoamericanas<\/a><\/li>\n<li><a href=\"https:\/\/www.comunidadandina.org\/\" target=\"_blank\" rel=\"noopener noreferrer\">Comunidad Andina <\/a><\/li>\n<li><a href=\"https:\/\/www.hispamerica.com\/\" target=\"_blank\" rel=\"noopener noreferrer\">HispAmerica.com<\/a><\/li>\n<li><a href=\"http:\/\/lanic.utexas.edu\/\" target=\"_blank\" rel=\"noopener noreferrer\">LANIC<\/a>: Latin American Network Information Center<\/li>\n<li><a href=\"https:\/\/www.mercosur.int\/\" target=\"_blank\" rel=\"noopener noreferrer\">Mercosur<\/a><\/li>\n<li><a href=\"https:\/\/www.mundolatino.org\/\" target=\"_blank\" rel=\"noopener noreferrer\">MundoLatino<\/a><\/li>\n<li><a href=\"https:\/\/journals.openedition.org\/nuevomundo\/\">Nuevo mundo &#8211; mundos nuevos<\/a>: revista<\/li>\n<li><a href=\"https:\/\/www.oas.org\/\">Organizaci\u00f3n de Estados Americanos<\/a><\/li>\n<li><a href=\"https:\/\/www.oei.es\/\">Organizaci\u00f3n de Estados Iberoamericanos<\/a><\/li>\n<li><a href=\"https:\/\/revistadeindias.revistas.csic.es\/index.php\/revistadeindias\/index\">Revista de Indias<\/a><\/li>\n<li><a href=\"https:\/\/www.rinconesdelmundo.com\/\" target=\"_blank\" rel=\"noopener noreferrer\">Rincones del Mundo<\/a><\/li>\n<li><a href=\"https:\/\/pptunasur.com\/\">UNASUR<\/a>: Uni\u00f3n de Naciones Suramericanas<\/li>\n<li>V\u00e9ase tambi\u00e9n <a href=\"https:\/\/hlrnet.com\/sites\/alt164\/la-actualidad-y-la-prensa-en-linea\/\">prensa en espa\u00f1ol<\/a><\/li>\n<\/ul>\n<\/li>\n<\/ul>\n","protected":false},"excerpt":{"rendered":"<p>Lista por pa\u00eds Argentina Bolivia Colombia Costa Rica Cuba Chile Ecuador Espa\u00f1a Guatemala Guinea Ecuatorial Honduras M\u00e9xico Nicaragua Panam\u00e1 Paraguay Per\u00fa Rep\u00fablica Dominicana Puerto Rico El Salvador Uruguay Venezuela En general Bicentenario de las indepedencias iberoamericanas Comunidad Andina <a href=\"http:\/\/HispAmerica.com\" class=\"autohyperlink\">HispAmerica.com<\/a> LANIC: Latin American Network Information Center Mercosur MundoLatino Nuevo mundo &#8211;<\/p>\n","protected":false},"author":1,"featured_media":0,"parent":0,"menu_order":0,"comment_status":"closed","ping_status":"closed","template":"","meta":{"iawp_total_views":8,"footnotes":"","_wp_rev_ctl_limit":""},"class_list":["post-26","page","type-page","status-publish","hentry"],"publishpress_future_action":{"enabled":false,"date":"2026-05-02 17:53:02","action":"change-status","newStatus":"draft","terms":[],"taxonomy":"","extraData":[]},"publishpress_future_workflow_manual_trigger":{"enabledWorkflows":[]},"_links":{"self":[{"href":"https:\/\/hlrnet.com\/sites\/alt164\/wp-json\/wp\/v2\/pages\/26","targetHints":{"allow":["GET"]}}],"collection":[{"href":"https:\/\/hlrnet.com\/sites\/alt164\/wp-json\/wp\/v2\/pages"}],"about":[{"href":"https:\/\/hlrnet.com\/sites\/alt164\/wp-json\/wp\/v2\/types\/page"}],"author":[{"embeddable":true,"href":"https:\/\/hlrnet.com\/sites\/alt164\/wp-json\/wp\/v2\/users\/1"}],"replies":[{"embeddable":true,"href":"https:\/\/hlrnet.com\/sites\/alt164\/wp-json\/wp\/v2\/comments?post=26"}],"version-history":[{"count":3,"href":"https:\/\/hlrnet.com\/sites\/alt164\/wp-json\/wp\/v2\/pages\/26\/revisions"}],"predecessor-version":[{"id":26038,"href":"https:\/\/hlrnet.com\/sites\/alt164\/wp-json\/wp\/v2\/pages\/26\/revisions\/26038"}],"wp:attachment":[{"href":"https:\/\/hlrnet.com\/sites\/alt164\/wp-json\/wp\/v2\/media?parent=26"}],"curies":[{"name":"wp","href":"https:\/\/api.w.org\/{rel}","templated":true}]}}