{"id":25792,"date":"2024-11-24T20:37:12","date_gmt":"2024-11-24T20:37:12","guid":{"rendered":"https:\/\/hlrnet.com\/sites\/alt164\/?page_id=25792"},"modified":"2024-11-24T20:59:57","modified_gmt":"2024-11-24T20:59:57","slug":"el-espanol-coloquial","status":"publish","type":"page","link":"https:\/\/hlrnet.com\/sites\/alt164\/el-espanol-coloquial\/","title":{"rendered":"El espa\u00f1ol coloquial"},"content":{"rendered":"<p>DOCUMENTOS<\/p>\n<ul>\n<li><a href=\"https:\/\/concepto.de\/lenguaje-coloquial\/\">Lenguaje Coloquial &#8211; Qu\u00e9 es, usos, ejemplos y lenguaje formal<\/a> \/ Concepto.de<\/li>\n<li><a href=\"https:\/\/www.coloquial.es\/\">Espa\u00f1ol Coloquial | Colloquial Spanish<\/a>&#8211; Coloquial.es<\/li>\n<li><a href=\"https:\/\/coloquial.es\/es\/diccionario-del-espanol-coloquial\/\">Diccionario del espa\u00f1ol coloquial | Espa\u00f1ol Coloquial | Colloquial Spanish<\/a> &#8211; Coloquial.es<\/li>\n<li><a href=\"https:\/\/es.wikipedia.org\/wiki\/Espa%C3%B1ol_coloquial\">Espa\u00f1ol coloquial<\/a> &#8211; Wikipedia<\/li>\n<\/ul>\n<p>MUESTRAS<\/p>\n<ul>\n<li><a href=\"https:\/\/www.profedeele.es\/actividad\/expresiones-coloquiales\/\">Las expresiones coloquiales m\u00e1s comunes en espa\u00f1ol<\/a> &#8211; ProfedeELE<\/li>\n<li><a href=\"https:\/\/www.ejemplos.co\/30-ejemplos-de-lenguaje-coloquial\/\">30 Ejemplos de Lenguaje Coloquial<\/a> &#8211; Ejemplos.co<\/li>\n<li><a href=\"https:\/\/www.instagram.com\/espanolcoloquial\/?hl=es\">Desir\u00e9 \ud83d\udc96 | Espa\u00f1ol Coloquial \ud83c\uddea\ud83c\uddf8 (@espanolcoloquial)<\/a> \u2022 Fotos y videos de Instagram<\/li>\n<li><a href=\"https:\/\/tlcdenia.com\/es\/expresiones-coloquiales-en-espanol\">Las expresiones coloquiales m\u00e1s graciosas en espa\u00f1ol<\/a> &#8211; TLC D\u00e9nia\/<\/li>\n<li><a href=\"https:\/\/www.cervantesvirtual.com\/obra-visor\/lenguaje-coloquial-popular-de-tierra-de-campos\/html\/\">LENGUAJE COLOQUIAL POPULAR DE TIERRA DE CAMPOS<\/a> | Biblioteca Virtual Miguel de Cervantes<\/li>\n<\/ul>\n<p>VIDEOS Y PODCASTS<\/p>\n<ul>\n<li><a href=\"https:\/\/open.spotify.com\/show\/2PFaq7bhKyzbbWqm4zG4us\">Espa\u00f1ol coloquial &#8211; Spanish with Berta<\/a> &#8211; Spotify<\/li>\n<li>P\u00d3DCAST: Espa\u00f1ol Coloquial y tal<\/li>\n<li><a href=\"https:\/\/www.youtube.com\/playlist?list=PLL1jvNTc36BTf7ji7KA8VZBRpAeqnKs0d\">Espa\u00f1ol coloquial &#8211; V\u00eddeos para aprender expresiones coloquiales en espa\u00f1ol desde nivel intermedio<\/a> \/ CocoLoco Spanish &#8211; YouTube<\/li>\n<li>,<a href=\"https:\/\/www.youtube.com\/playlist?list=PLAQCqblm3A3dIP2UMAWe5SEX0g19mNBdc\">www.youtube.com\/playlist?list=PLAQCqblm3A3dIP2UMAWe5SEX0g19mNBdc<\/a> &#8211; YouTube<\/li>\n<li><a href=\"https:\/\/www.youtube.com\/playlist?list=PLAQCqblm3A3dIP2UMAWe5SEX0g19mNBdc\">Espa\u00f1ol coloquial \/ Mar\u00eda Espa\u00f1ol<\/a> &#8211; YouTube<\/li>\n<\/ul>\n<div id=\"simple-translate\" class=\"simple-translate-system-theme\">\n<div>\n<div class=\"simple-translate-button isShow\" style=\"background-image: url('moz-extension:\/\/bb6e946f-335c-4d61-b033-c0e4e42322f9\/icons\/512.png'); height: 22px; width: 22px; top: 343px; left: -58px;\"><\/div>\n<div class=\"simple-translate-panel \" style=\"width: 300px; height: 200px; top: 0px; left: 0px; font-size: 13px;\">\n<div class=\"simple-translate-result-wrapper\" style=\"overflow: hidden;\">\n<div class=\"simple-translate-move\" draggable=\"true\"><\/div>\n<div class=\"simple-translate-result-contents\">\n<p class=\"simple-translate-result\" dir=\"auto\">\n<p class=\"simple-translate-candidate\" dir=\"auto\">\n<\/div>\n<\/div>\n<\/div>\n<\/div>\n<\/div>\n","protected":false},"excerpt":{"rendered":"<p>DOCUMENTOS Lenguaje Coloquial &#8211; Qu\u00e9 es, usos, ejemplos y lenguaje formal \/ Concepto.de Espa\u00f1ol Coloquial | Colloquial Spanish&#8211; Coloquial.es Diccionario del espa\u00f1ol coloquial | Espa\u00f1ol Coloquial | Colloquial Spanish &#8211; Coloquial.es Espa\u00f1ol coloquial &#8211; Wikipedia MUESTRAS Las expresiones coloquiales m\u00e1s comunes en espa\u00f1ol &#8211; ProfedeELE 30 Ejemplos de Lenguaje Coloquial<\/p>\n","protected":false},"author":1,"featured_media":0,"parent":0,"menu_order":0,"comment_status":"closed","ping_status":"closed","template":"","meta":{"iawp_total_views":6,"footnotes":"","_wp_rev_ctl_limit":""},"class_list":["post-25792","page","type-page","status-publish","hentry"],"publishpress_future_action":{"enabled":false,"date":"2026-05-07 15:46:21","action":"change-status","newStatus":"draft","terms":[],"taxonomy":"","extraData":[]},"publishpress_future_workflow_manual_trigger":{"enabledWorkflows":[]},"_links":{"self":[{"href":"https:\/\/hlrnet.com\/sites\/alt164\/wp-json\/wp\/v2\/pages\/25792","targetHints":{"allow":["GET"]}}],"collection":[{"href":"https:\/\/hlrnet.com\/sites\/alt164\/wp-json\/wp\/v2\/pages"}],"about":[{"href":"https:\/\/hlrnet.com\/sites\/alt164\/wp-json\/wp\/v2\/types\/page"}],"author":[{"embeddable":true,"href":"https:\/\/hlrnet.com\/sites\/alt164\/wp-json\/wp\/v2\/users\/1"}],"replies":[{"embeddable":true,"href":"https:\/\/hlrnet.com\/sites\/alt164\/wp-json\/wp\/v2\/comments?post=25792"}],"version-history":[{"count":3,"href":"https:\/\/hlrnet.com\/sites\/alt164\/wp-json\/wp\/v2\/pages\/25792\/revisions"}],"predecessor-version":[{"id":25796,"href":"https:\/\/hlrnet.com\/sites\/alt164\/wp-json\/wp\/v2\/pages\/25792\/revisions\/25796"}],"wp:attachment":[{"href":"https:\/\/hlrnet.com\/sites\/alt164\/wp-json\/wp\/v2\/media?parent=25792"}],"curies":[{"name":"wp","href":"https:\/\/api.w.org\/{rel}","templated":true}]}}