{"id":22479,"date":"2023-06-19T20:27:45","date_gmt":"2023-06-19T20:27:45","guid":{"rendered":"https:\/\/hlrnet.com\/sites\/alt164\/?page_id=22479"},"modified":"2026-03-20T19:20:31","modified_gmt":"2026-03-20T19:20:31","slug":"consejos-de-lectura","status":"publish","type":"page","link":"https:\/\/hlrnet.com\/sites\/alt164\/consejos-de-lectura\/","title":{"rendered":"Consejos de lectura"},"content":{"rendered":"<p>Ahora qu\u00e9 leo<br \/>\n<div class=\"wprss_ajax\" data-id=\"rssb613e20f36\"><img loading=\"lazy\" decoding=\"async\" src=\"https:\/\/hlrnet.com\/sites\/alt164\/wp-content\/plugins\/wp-rss-retriever\/inc\/imgs\/ajax-loader.gif\" alt=\"Loading RSS Feed\" width=\"16\" height=\"16\"><\/div><\/p>\n<p>El escaparate literario<br \/>\n<div class=\"wprss_ajax\" data-id=\"rss9f5b0e657d\"><img loading=\"lazy\" decoding=\"async\" src=\"https:\/\/hlrnet.com\/sites\/alt164\/wp-content\/plugins\/wp-rss-retriever\/inc\/imgs\/ajax-loader.gif\" alt=\"Loading RSS Feed\" width=\"16\" height=\"16\"><\/div><\/p>\n<p>Un libro al d\u00eda.es<br \/>\n<div class=\"wprss_ajax\" data-id=\"rss0c24941aaa\"><img loading=\"lazy\" decoding=\"async\" src=\"https:\/\/hlrnet.com\/sites\/alt164\/wp-content\/plugins\/wp-rss-retriever\/inc\/imgs\/ajax-loader.gif\" alt=\"Loading RSS Feed\" width=\"16\" height=\"16\"><\/div><\/p>\n<p>Un libro al d\u00eda<br \/>\n<div class=\"wprss_ajax\" data-id=\"rss6af85155b5\"><img loading=\"lazy\" decoding=\"async\" src=\"https:\/\/hlrnet.com\/sites\/alt164\/wp-content\/plugins\/wp-rss-retriever\/inc\/imgs\/ajax-loader.gif\" alt=\"Loading RSS Feed\" width=\"16\" height=\"16\"><\/div><\/p>\n<p>Qu\u00e9 leer<br \/>\n<div class=\"wprss_ajax\" data-id=\"rss3db7a7bac2\"><img loading=\"lazy\" decoding=\"async\" src=\"https:\/\/hlrnet.com\/sites\/alt164\/wp-content\/plugins\/wp-rss-retriever\/inc\/imgs\/ajax-loader.gif\" alt=\"Loading RSS Feed\" width=\"16\" height=\"16\"><\/div><\/p>\n","protected":false},"excerpt":{"rendered":"<p>Ahora qu\u00e9 leo El escaparate literario Un libro al d\u00eda.es Un libro al d\u00eda Qu\u00e9 leer<\/p>\n","protected":false},"author":1,"featured_media":0,"parent":0,"menu_order":0,"comment_status":"closed","ping_status":"closed","template":"","meta":{"iawp_total_views":10,"footnotes":"","_wp_rev_ctl_limit":""},"class_list":["post-22479","page","type-page","status-publish","hentry"],"publishpress_future_action":{"enabled":false,"date":"2026-05-04 05:42:03","action":"change-status","newStatus":"draft","terms":[],"taxonomy":"","extraData":[]},"publishpress_future_workflow_manual_trigger":{"enabledWorkflows":[]},"_links":{"self":[{"href":"https:\/\/hlrnet.com\/sites\/alt164\/wp-json\/wp\/v2\/pages\/22479","targetHints":{"allow":["GET"]}}],"collection":[{"href":"https:\/\/hlrnet.com\/sites\/alt164\/wp-json\/wp\/v2\/pages"}],"about":[{"href":"https:\/\/hlrnet.com\/sites\/alt164\/wp-json\/wp\/v2\/types\/page"}],"author":[{"embeddable":true,"href":"https:\/\/hlrnet.com\/sites\/alt164\/wp-json\/wp\/v2\/users\/1"}],"replies":[{"embeddable":true,"href":"https:\/\/hlrnet.com\/sites\/alt164\/wp-json\/wp\/v2\/comments?post=22479"}],"version-history":[{"count":1,"href":"https:\/\/hlrnet.com\/sites\/alt164\/wp-json\/wp\/v2\/pages\/22479\/revisions"}],"predecessor-version":[{"id":27777,"href":"https:\/\/hlrnet.com\/sites\/alt164\/wp-json\/wp\/v2\/pages\/22479\/revisions\/27777"}],"wp:attachment":[{"href":"https:\/\/hlrnet.com\/sites\/alt164\/wp-json\/wp\/v2\/media?parent=22479"}],"curies":[{"name":"wp","href":"https:\/\/api.w.org\/{rel}","templated":true}]}}