{"id":22032,"date":"2023-03-21T15:15:36","date_gmt":"2023-03-21T15:15:36","guid":{"rendered":"https:\/\/hlrnet.com\/sites\/alt164\/?page_id=22032"},"modified":"2024-04-26T10:27:42","modified_gmt":"2024-04-26T10:27:42","slug":"lengua-materna","status":"publish","type":"page","link":"https:\/\/hlrnet.com\/sites\/alt164\/lengua-materna\/","title":{"rendered":"Lengua materna"},"content":{"rendered":"<ul>\n<li><a href=\"http:\/\/materialesdelengua.org\/\">Materiales de Lengua y Literatura<\/a><\/li>\n<li><a href=\"https:\/\/www.lenguactic.com\/\">Lenguactic &#8211; Apuntes de lengua<\/a><\/li>\n<li><a href=\"http:\/\/depoetasypiratas.blogspot.com\/\">De poetas y piratas<\/a><\/li>\n<li><a href=\"https:\/\/lenguay.com\/\">LenGuay<\/a><\/li>\n<li><a href=\"http:\/\/fernando.liroz.es\/\">P\u00e1ginas de Fernando Liroz<\/a><\/li>\n<li><a href=\"https:\/\/edtechbooks.org\/gramatica_y_composicion\/\">Manual de gram\u00e1tica y composici\u00f3n<\/a><\/li>\n<li><a href=\"https:\/\/www.unprofesor.com\/lengua-espanola\/\">Un profesor: Aprender lengua espa\u00f1ola<\/a><\/li>\n<li><a href=\"https:\/\/elvelerodigital.com\/index.html\">El Velero Digital<\/a><\/li>\n<\/ul>\n","protected":false},"excerpt":{"rendered":"<p>Materiales de Lengua y Literatura Lenguactic &#8211; Apuntes de lengua De poetas y piratas LenGuay P\u00e1ginas de Fernando Liroz Manual de gram\u00e1tica y composici\u00f3n Un profesor: Aprender lengua espa\u00f1ola El Velero Digital<\/p>\n","protected":false},"author":1,"featured_media":0,"parent":0,"menu_order":0,"comment_status":"closed","ping_status":"closed","template":"","meta":{"iawp_total_views":2,"footnotes":"","_wp_rev_ctl_limit":""},"class_list":["post-22032","page","type-page","status-publish","hentry"],"publishpress_future_action":{"enabled":false,"date":"2026-05-08 08:32:29","action":"change-status","newStatus":"draft","terms":[],"taxonomy":"","extraData":[]},"publishpress_future_workflow_manual_trigger":{"enabledWorkflows":[]},"_links":{"self":[{"href":"https:\/\/hlrnet.com\/sites\/alt164\/wp-json\/wp\/v2\/pages\/22032","targetHints":{"allow":["GET"]}}],"collection":[{"href":"https:\/\/hlrnet.com\/sites\/alt164\/wp-json\/wp\/v2\/pages"}],"about":[{"href":"https:\/\/hlrnet.com\/sites\/alt164\/wp-json\/wp\/v2\/types\/page"}],"author":[{"embeddable":true,"href":"https:\/\/hlrnet.com\/sites\/alt164\/wp-json\/wp\/v2\/users\/1"}],"replies":[{"embeddable":true,"href":"https:\/\/hlrnet.com\/sites\/alt164\/wp-json\/wp\/v2\/comments?post=22032"}],"version-history":[{"count":3,"href":"https:\/\/hlrnet.com\/sites\/alt164\/wp-json\/wp\/v2\/pages\/22032\/revisions"}],"predecessor-version":[{"id":24801,"href":"https:\/\/hlrnet.com\/sites\/alt164\/wp-json\/wp\/v2\/pages\/22032\/revisions\/24801"}],"wp:attachment":[{"href":"https:\/\/hlrnet.com\/sites\/alt164\/wp-json\/wp\/v2\/media?parent=22032"}],"curies":[{"name":"wp","href":"https:\/\/api.w.org\/{rel}","templated":true}]}}