{"id":21214,"date":"2023-01-17T13:21:13","date_gmt":"2023-01-17T13:21:13","guid":{"rendered":"https:\/\/hlrnet.com\/sites\/alt164\/?page_id=21214"},"modified":"2026-02-14T20:34:18","modified_gmt":"2026-02-14T20:34:18","slug":"el-aragones-en-internet","status":"publish","type":"page","link":"https:\/\/hlrnet.com\/sites\/alt164\/el-aragones-en-internet\/","title":{"rendered":"El aragon\u00e9s en Internet"},"content":{"rendered":"<p>Informaciones<\/p>\n<ul>\n<li><a href=\"https:\/\/es.wikipedia.org\/wiki\/Idioma_aragon%C3%A9s\">Idioma aragon\u00e9s<\/a> &#8211; Wikipedia, la enciclopedia libre<\/li>\n<li><a href=\"https:\/\/dara.aragon.es\/opac\/doma\/lengua02-aragones.jsp\">Aragon\u00e9s<\/a><\/li>\n<\/ul>\n<p>Estudios y ense\u00f1anza<\/p>\n<ul>\n<li><a href=\"https:\/\/lenguasdearagon.org\/\">Lenguas de Arag\u00f3n<\/a>\n<ul>\n<li><a href=\"https:\/\/lenguasdearagon.org\/el-aragones\/\">El aragon\u00e9s o lengua aragonesa<\/a> \u2013 Lenguas de Arag\u00f3n<\/li>\n<\/ul>\n<\/li>\n<li><a href=\"https:\/\/www.academiaaragonesadelalengua.org\/\">Academia Aragonesa de la Lengua<\/a><\/li>\n<li><a href=\"https:\/\/aragonario.aragon.es\/\">Aragonario &#8211; diccionario castellano &#8211; aragon\u00e9s<\/a><\/li>\n<li><a href=\"https:\/\/asociacionnogara.wordpress.com\/\">Asociaci\u00f3n Cultural Nogar\u00e1 \u2013 Escuela d&#8217;Aragon\u00e9s<\/a><\/li>\n<li><a href=\"https:\/\/www.roldedeestudiosaragoneses.org\/el-ebro-1917-1936-ahora-mas-cerca\">Rolde &#8211; Estudios aragoneses<\/a><\/li>\n<\/ul>\n<p>Literatura y textos<\/p>\n<ul>\n<li><a href=\"https:\/\/an.wikipedia.org\/wiki\/Portalada\">Biquipedia<\/a> (en aragon\u00e9s)<\/li>\n<li><a href=\"https:\/\/www.goaragon.es\/cultura-goaragon-10-autores-aragoneses-y-sus-libros-que-no-te-puedes-perder\/\">10 autores aragoneses (y sus libros) que no te puedes perder<\/a> &#8211; Go Arag\u00f3n<\/li>\n<li><a href=\"https:\/\/es.wikipedia.org\/wiki\/Literatura_en_aragon%C3%A9s\">Literatura en aragon\u00e9s<\/a> &#8211; Wikipedia, la enciclopedia libre<\/li>\n<li><a href=\"https:\/\/an.wikipedia.org\/wiki\/Literatura_en_aragon%C3%A9s\">Literatura en aragon\u00e9s<\/a> &#8211; Biquipedia, a enciclopedia libre<\/li>\n<\/ul>\n<p>Sociedad y actualidad<\/p>\n<ul>\n<li><a href=\"https:\/\/arainfo.org\/\">AraInfo | Diario Libre d&#8217;Arag\u00f3n<\/a><\/li>\n<li><a href=\"https:\/\/diarioaragones.com\/\">DiarioAragones.com<\/a><\/li>\n<li><a href=\"https:\/\/www.goaragon.es\/\">Go Arag\u00f3n<\/a><\/li>\n<li><a href=\"https:\/\/www.heraldo.es\/\">Heraldo de Arag\u00f3n<\/a> | Noticias de Zaragoza, Huesca y Teruel<\/li>\n<li><a href=\"https:\/\/www.eldiario.es\/aragon\/\">Noticias de Arag\u00f3n en elDiario.es<\/a><\/li>\n<li><a href=\"https:\/\/www.elperiodicodearagon.com\/\">El Peri\u00f3dico de Arag\u00f3n. Noticias de Arag\u00f3n, Zaragoza, Huesca y Teruel<\/a><\/li>\n<\/ul>\n","protected":false},"excerpt":{"rendered":"<p>Informaciones Idioma aragon\u00e9s &#8211; Wikipedia, la enciclopedia libre Aragon\u00e9s Estudios y ense\u00f1anza Lenguas de Arag\u00f3n El aragon\u00e9s o lengua aragonesa \u2013 Lenguas de Arag\u00f3n Academia Aragonesa de la Lengua Aragonario &#8211; diccionario castellano &#8211; aragon\u00e9s Asociaci\u00f3n Cultural Nogar\u00e1 \u2013 Escuela d&#8217;Aragon\u00e9s Rolde &#8211; Estudios aragoneses Literatura y textos Biquipedia (en<\/p>\n","protected":false},"author":1,"featured_media":0,"parent":0,"menu_order":0,"comment_status":"closed","ping_status":"closed","template":"","meta":{"iawp_total_views":2,"footnotes":"","_wp_rev_ctl_limit":""},"class_list":["post-21214","page","type-page","status-publish","hentry"],"publishpress_future_action":{"enabled":false,"date":"2026-04-30 16:02:41","action":"change-status","newStatus":"draft","terms":[],"taxonomy":"","extraData":[]},"publishpress_future_workflow_manual_trigger":{"enabledWorkflows":[]},"_links":{"self":[{"href":"https:\/\/hlrnet.com\/sites\/alt164\/wp-json\/wp\/v2\/pages\/21214","targetHints":{"allow":["GET"]}}],"collection":[{"href":"https:\/\/hlrnet.com\/sites\/alt164\/wp-json\/wp\/v2\/pages"}],"about":[{"href":"https:\/\/hlrnet.com\/sites\/alt164\/wp-json\/wp\/v2\/types\/page"}],"author":[{"embeddable":true,"href":"https:\/\/hlrnet.com\/sites\/alt164\/wp-json\/wp\/v2\/users\/1"}],"replies":[{"embeddable":true,"href":"https:\/\/hlrnet.com\/sites\/alt164\/wp-json\/wp\/v2\/comments?post=21214"}],"version-history":[{"count":4,"href":"https:\/\/hlrnet.com\/sites\/alt164\/wp-json\/wp\/v2\/pages\/21214\/revisions"}],"predecessor-version":[{"id":27637,"href":"https:\/\/hlrnet.com\/sites\/alt164\/wp-json\/wp\/v2\/pages\/21214\/revisions\/27637"}],"wp:attachment":[{"href":"https:\/\/hlrnet.com\/sites\/alt164\/wp-json\/wp\/v2\/media?parent=21214"}],"curies":[{"name":"wp","href":"https:\/\/api.w.org\/{rel}","templated":true}]}}