{"id":21132,"date":"2023-01-10T07:56:52","date_gmt":"2023-01-10T07:56:52","guid":{"rendered":"https:\/\/hlrnet.com\/sites\/alt164\/?page_id=21132"},"modified":"2026-02-14T19:09:32","modified_gmt":"2026-02-14T19:09:32","slug":"guinea-ecuatorial","status":"publish","type":"page","link":"https:\/\/hlrnet.com\/sites\/alt164\/guinea-ecuatorial\/","title":{"rendered":"Guinea Ecuatorial"},"content":{"rendered":"<ul>\n<li>Informaciones\n<ul>\n<li><a href=\"https:\/\/es.unesco.org\/countries\/guinea-ecuatorial\">Unesco<\/a><\/li>\n<\/ul>\n<\/li>\n<li>Prensa\n<ul>\n<li><a href=\"https:\/\/www.elsaltodiario.com\/guinea-ecuatorial\">Guinea Ecuatorial &#8211; El Salto &#8211; Edici\u00f3n General<\/a><\/li>\n<li><a href=\"https:\/\/realequatorialguinea.com\/\">Revista y Periodico digital Real Equatorial Guinea<\/a><\/li>\n<li><a href=\"https:\/\/www.guineainfomarket.com\/\">Noticias econ\u00f3micas de Guinea Ecuatorial<\/a><\/li>\n<\/ul>\n<\/li>\n<li>Autoridades\n<ul>\n<li><a href=\"https:\/\/www.guineaecuatorialpress.com\/\">P\u00e1gina Oficial del Gobierno de la Rep\u00fablica de Guinea Ecuatorial<\/a><\/li>\n<li><a href=\"https:\/\/minhacienda-gob.com\/\">Ministerio de Hacienda y Planificaci\u00f3n<\/a><\/li>\n<li><a href=\"https:\/\/www.bannge.com\/\">BANGE &#8211; The National Bank of Equatorial Guinea<\/a><\/li>\n<li><a href=\"https:\/\/guineasalud.org\/\">MINSABS | Ministerio de Sanidad y Bienestar Social<\/a><\/li>\n<li><a href=\"https:\/\/embajadadeguineaecuatorialenespa\u00f1a.com\/\">Embajada de Guinea Ecuatorial en Espa\u00f1a<\/a><\/li>\n<\/ul>\n<\/li>\n<li>Diversos\n<ul>\n<li><a href=\"https:\/\/rumbomalabo.com\/\">Agencia de Viajes en Guinea Ecuatorial &#8211; Rumbo Malabo<\/a><\/li>\n<\/ul>\n<\/li>\n<li>Lenguas\n<ul>\n<li><a href=\"https:\/\/es.wikipedia.org\/wiki\/Lenguas_de_Guinea_Ecuatorial\">Lenguas de Guinea Ecuatorial<\/a> &#8211; Wikipedia, la enciclopedia libre<\/li>\n<li><a href=\"https:\/\/es.wikipedia.org\/wiki\/Espa%C3%B1ol_ecuatoguineano\">Espa\u00f1ol ecuatoguineano<\/a> &#8211; Wikipedia, la enciclopedia libre<\/li>\n<\/ul>\n<\/li>\n<\/ul>\n","protected":false},"excerpt":{"rendered":"<p>Informaciones Unesco Prensa Guinea Ecuatorial &#8211; El Salto &#8211; Edici\u00f3n General Revista y Periodico digital Real Equatorial Guinea Noticias econ\u00f3micas de Guinea Ecuatorial Autoridades P\u00e1gina Oficial del Gobierno de la Rep\u00fablica de Guinea Ecuatorial Ministerio de Hacienda y Planificaci\u00f3n BANGE &#8211; The National Bank of Equatorial Guinea MINSABS | Ministerio<\/p>\n","protected":false},"author":1,"featured_media":0,"parent":0,"menu_order":0,"comment_status":"closed","ping_status":"closed","template":"","meta":{"iawp_total_views":2,"footnotes":"","_wp_rev_ctl_limit":""},"class_list":["post-21132","page","type-page","status-publish","hentry"],"publishpress_future_action":{"enabled":false,"date":"2026-05-02 17:57:02","action":"change-status","newStatus":"draft","terms":[],"taxonomy":"","extraData":[]},"publishpress_future_workflow_manual_trigger":{"enabledWorkflows":[]},"_links":{"self":[{"href":"https:\/\/hlrnet.com\/sites\/alt164\/wp-json\/wp\/v2\/pages\/21132","targetHints":{"allow":["GET"]}}],"collection":[{"href":"https:\/\/hlrnet.com\/sites\/alt164\/wp-json\/wp\/v2\/pages"}],"about":[{"href":"https:\/\/hlrnet.com\/sites\/alt164\/wp-json\/wp\/v2\/types\/page"}],"author":[{"embeddable":true,"href":"https:\/\/hlrnet.com\/sites\/alt164\/wp-json\/wp\/v2\/users\/1"}],"replies":[{"embeddable":true,"href":"https:\/\/hlrnet.com\/sites\/alt164\/wp-json\/wp\/v2\/comments?post=21132"}],"version-history":[{"count":1,"href":"https:\/\/hlrnet.com\/sites\/alt164\/wp-json\/wp\/v2\/pages\/21132\/revisions"}],"predecessor-version":[{"id":27574,"href":"https:\/\/hlrnet.com\/sites\/alt164\/wp-json\/wp\/v2\/pages\/21132\/revisions\/27574"}],"wp:attachment":[{"href":"https:\/\/hlrnet.com\/sites\/alt164\/wp-json\/wp\/v2\/media?parent=21132"}],"curies":[{"name":"wp","href":"https:\/\/api.w.org\/{rel}","templated":true}]}}