{"id":17796,"date":"2022-03-23T11:33:29","date_gmt":"2022-03-23T11:33:29","guid":{"rendered":"https:\/\/hlrnet.com\/sites\/alt164\/?page_id=17796"},"modified":"2022-11-12T14:48:09","modified_gmt":"2022-11-12T14:48:09","slug":"el-espanol-para-turistas","status":"publish","type":"page","link":"https:\/\/hlrnet.com\/sites\/alt164\/el-espanol-para-turistas\/","title":{"rendered":"El espa\u00f1ol para turistas"},"content":{"rendered":"<p><em>1. Ya sabes un poco de espa\u00f1ol<\/em><\/p>\n<p><code><div class=\"h5p-iframe-wrapper\"><iframe id=\"h5p-iframe-8\" class=\"h5p-iframe\" data-content-id=\"8\" style=\"height:1px\" src=\"about:blank\" frameBorder=\"0\" scrolling=\"no\" title=\"Ya sabes algo de espa\u00f1ol...\"><\/iframe><\/div><\/code><\/p>\n<p><a href=\"https:\/\/videoele.com\/A1-Primera-clase-de-espanol.html\">Videoele: primeras palabras<\/a><\/p>\n<p><em>2. El alfabeto<\/em><\/p>\n<p><a href=\"https:\/\/www.youtube.com\/watch?v=3ZWdYGauuLU\">Un v\u00eddeo<\/a><\/p>\n<p><iframe loading=\"lazy\" title=\"N\u00fameros y letras. Nivel A1\" width=\"900\" height=\"675\" src=\"https:\/\/www.youtube.com\/embed\/3ZWdYGauuLU?feature=oembed\" frameborder=\"0\" allow=\"accelerometer; autoplay; clipboard-write; encrypted-media; gyroscope; picture-in-picture\" allowfullscreen><\/iframe><\/p>\n<p><em>3. Cuidado con la pronunciaci\u00f3n&#8230;<\/em><\/p>\n<p>H <strong>h<\/strong>otel<br \/>\nZ <strong>z<\/strong>apatos<br \/>\nS el mu<strong>s<\/strong>eo<br \/>\nV un festi<strong>v<\/strong>al<\/p>\n<p><em>4. Saludarse y presentarse<\/em><\/p>\n<ol>\n<li><a href=\"https:\/\/hlrnet.com\/ej\/ele1m1saludarsetexto.htm\">Saludar \u2013 texto<\/a> (hlrnet)<\/li>\n<li><a href=\"https:\/\/hlrnet.com\/ej\/elem1saludosordenar.htm\">Saludos \u2013 ordenar<\/a> (hlrnet)<\/li>\n<li><a href=\"https:\/\/www.youtube.com\/watch?v=rZmILqy0gGQ\">Pronunciaci\u00f3n \u2013 personajes<\/a> (YT \u2013 VideoELE A1)<\/li>\n<li><a href=\"https:\/\/www.youtube.com\/watch?v=118-a1xnEho\">Pronunciaci\u00f3n \u2013 marcas<\/a> (YT \u2013 VideoELE A1)<\/li>\n<li><a href=\"https:\/\/hlrnet.com\/ej\/ele1m3fichaidentidad.htm\">Fichas de identidad \u2013 preguntas<\/a> (hlrnet)<\/li>\n<\/ol>\n<p><em>5. Algo de gram\u00e1tica<\/em><\/p>\n<ol>\n<li><a href=\"https:\/\/hlrnet.com\/ej\/ele1c2plural.htm\">el plural<\/a> (hlrnet)<\/li>\n<li><a href=\"https:\/\/aprenderespanol.org\/gramatica\/singular-plural.html\">Singular y plural<\/a> (FR \u2013 Aprenderespanol)<\/li>\n<li><a href=\"https:\/\/www.youtube.com\/watch?v=WxWY5SjJj3I&amp;list=PL29747CBC28F65045&amp;index=4\">N\u00fameros de 1 a 20<\/a> (YT \u2013 VideoELE A1)<\/li>\n<li><a href=\"https:\/\/hlrnet.com\/ej\/ele1m2numeros0-20escribirletras.htm\">n\u00fameros del 0 al 20: escribir en letras<\/a> (hlrnet)<\/li>\n<li><a href=\"https:\/\/hlrnet.com\/ej\/ele1c4verbossg-pl.htm\">verbos de singular a plural (hlrnet.com<\/a><\/li>\n<li><a href=\"https:\/\/hlrnet.com\/ej\/ele1c4verbospl-sg.htm\">verbos de plural a singular<\/a> (<a class=\"autohyperlink\" href=\"https:\/\/hlrnet.com\">hlrnet.com<\/a>)<\/li>\n<li><a href=\"https:\/\/www.ver-taal.com\/drill_presente_verbosar.htm\">Regulares en -AR<\/a><\/li>\n<li><a href=\"https:\/\/www.ver-taal.com\/ej_presente_ser1.htm\">Ser<\/a> \u2013 <a href=\"https:\/\/www.ver-taal.com\/ej_presente_estar.htm\">Estar<\/a> \u2013 <a href=\"https:\/\/www.ver-taal.com\/ej_presente_tener.htm\">Tener<\/a><\/li>\n<li><a href=\"https:\/\/www.ver-taal.com\/ej_presente_erir1.htm\">Verbos en -ER \/ -IR<\/a><\/li>\n<\/ol>\n<p><em>6. Organizar el d\u00eda<\/em><\/p>\n<ol>\n<li><a href=\"https:\/\/www.youtube.com\/watch?v=SvfKrb_yxC8\">Mi rutina diaria<\/a> (YT \u2013 NEEM A1)<\/li>\n<li><a href=\"https:\/\/www.youtube.com\/watch?v=ie1DzBrIdO8&amp;list=PL29747CBC28F65045&amp;index=14\">Qu\u00e9 hora es?<\/a> (YT \u2013 VideoELE A1)<\/li>\n<li><a href=\"https:\/\/www.youtube.com\/watch?v=a676ebBvtCs&amp;list=PL29747CBC28F65045&amp;index=9\">\u00bfQu\u00e9, d\u00f3nde, c\u00f3mo?<\/a> (YT \u2013 VideoELE A1)<\/li>\n<li><a href=\"https:\/\/www.ver-taal.com\/ej_hora1.htm\">\u00bfQu\u00e9 hora es?<\/a> (GR VT)<\/li>\n<\/ol>\n<p><em>7. Comer<\/em><\/p>\n<ol>\n<li><a href=\"https:\/\/www.youtube.com\/watch?v=GyGtLGMee_M\">Mi receta de gazpacho<\/a> (YT \u2013 NEEM A1)<\/li>\n<li><a href=\"https:\/\/www.ver-taal.com\/voc_comida.htm\">La comida<\/a> (Voc-VT)<\/li>\n<li><a href=\"https:\/\/www.youtube.com\/watch?v=9XvSK0N4Cvg&amp;list=PL29747CBC28F65045&amp;index=19\">La comida<\/a> (YT \u2013 VideoELE A1)<\/li>\n<\/ol>\n<p><em>8. Desplazarse y viajar<\/em><\/p>\n<ol>\n<li><a href=\"https:\/\/www.youtube.com\/watch?v=lvMh0OrcttM\">Un paseo por mi ciudad<\/a> (YT \u2013 NEEM A1)<\/li>\n<li><a href=\"https:\/\/www.ver-taal.com\/voc_ciudad.htm\">La ciudad<\/a> (Voc-VT)<\/li>\n<li><a href=\"https:\/\/www.videoele.com\/A1-En-mi-barrio-hay.html\">En mi barrio hay\u2026<\/a> (VideoELE)<\/li>\n<li><a href=\"https:\/\/www.youtube.com\/watch?v=MDBRiIOwLUw\">Medios de transporte<\/a> (YT \u2013 VideoELE A1)<\/li>\n<li><a href=\"https:\/\/videoele.com\/A1-Comunidades-autonomas.html\">Comunidades Aut\u00f3nomas de Espa\u00f1a. Nivel A1<\/a> (VideoELE)<\/li>\n<li><a href=\"https:\/\/videoele.com\/A1-A-Granada-en-avion.html\">A Granada, en avi\u00f3n. Nivel A1<\/a> (VideoELE)<\/li>\n<li><a href=\"https:\/\/www.youtube.com\/watch?v=X_gV8_GiRyI\">\u00bfQu\u00e9 meto en la maleta?<\/a> (NEEM 1<\/li>\n<\/ol>\n<p><em>9. Frases en v\u00eddeos<\/em><\/p>\n<ol>\n<li><a href=\"https:\/\/www.youtube.com\/watch?v=3EdcupTVkUM\">ESPA\u00d1OL para TURISMO: \ud83d\ude81 ESPA\u00d1OL para VIAJAR. VOCABULARIO de VIAJES (Spanish for beginners).<\/a><\/li>\n<li><a href=\"https:\/\/www.youtube.com\/watch?v=ZnLOTzMb34I\">Espa\u00f1ol para Viajeros \u2708\ufe0f Vocabulario para viajar \ud83d\udcba<\/a><\/li>\n<li><a href=\"https:\/\/www.youtube.com\/watch?v=tNIOmBp9bNY\">Espa\u00f1ol para viajeros, Aprender Espa\u00f1ol con Maria<\/a><\/li>\n<li><a href=\"https:\/\/www.youtube.com\/watch?v=HS1AT2YnFDI\">Espan\u0303ol para viajar<\/a><\/li>\n<\/ol>\n<p><em>10. Listas<\/em><\/p>\n<ol>\n<li><a href=\"https:\/\/spanishlandschool.com\/spanish-phrases-for-travelers\/\">15 Most Useful Spanish Phrases for Travelers<\/a> &#8211; Spanishlandschool<\/li>\n<li><a href=\"https:\/\/storylearning.com\/learn\/spanish\/spanish-tips\/spanish-travel-phrases\">67 Essential Spanish Travel Phrases Every Traveller Needs To Know<\/a> &#8211; Storylearning<\/li>\n<li><a href=\"https:\/\/www.mondly.com\/blog\/2018\/06\/11\/93-spanish-travel-phrases-traveling-spanish-speaking-country\/\">93 Essential Spanish Travel Phrases For Your Next Vacation<\/a> &#8211; Mondly<\/li>\n<li><a href=\"https:\/\/www.spanishwithvicente.com\/curso\/vocabulario\/espanol-para-viajeros\/\">Espa\u00f1ol para viajeros &#8211;<\/a> Vocabulario para viajar &#8211; Spanish with Vicente<\/li>\n<li><a href=\"https:\/\/www.lingolex.com\/survival.php\">Espa\u00f1ol de Travel Spanish<\/a> &#8211; Lingolex<\/li>\n<\/ol>\n","protected":false},"excerpt":{"rendered":"<p>1. Ya sabes un poco de espa\u00f1ol Videoele: primeras palabras 2. El alfabeto Un v\u00eddeo 3. Cuidado con la pronunciaci\u00f3n&#8230; H hotel Z zapatos S el museo V un festival 4. Saludarse y presentarse Saludar \u2013 texto (hlrnet) Saludos \u2013 ordenar (hlrnet) Pronunciaci\u00f3n \u2013 personajes (YT \u2013 VideoELE A1) Pronunciaci\u00f3n<\/p>\n","protected":false},"author":1,"featured_media":0,"parent":0,"menu_order":0,"comment_status":"closed","ping_status":"closed","template":"","meta":{"iawp_total_views":273,"footnotes":"","_wp_rev_ctl_limit":""},"class_list":["post-17796","page","type-page","status-publish","hentry"],"publishpress_future_action":{"enabled":false,"date":"2026-05-02 12:15:01","action":"change-status","newStatus":"draft","terms":[],"taxonomy":"","extraData":[]},"publishpress_future_workflow_manual_trigger":{"enabledWorkflows":[]},"_links":{"self":[{"href":"https:\/\/hlrnet.com\/sites\/alt164\/wp-json\/wp\/v2\/pages\/17796","targetHints":{"allow":["GET"]}}],"collection":[{"href":"https:\/\/hlrnet.com\/sites\/alt164\/wp-json\/wp\/v2\/pages"}],"about":[{"href":"https:\/\/hlrnet.com\/sites\/alt164\/wp-json\/wp\/v2\/types\/page"}],"author":[{"embeddable":true,"href":"https:\/\/hlrnet.com\/sites\/alt164\/wp-json\/wp\/v2\/users\/1"}],"replies":[{"embeddable":true,"href":"https:\/\/hlrnet.com\/sites\/alt164\/wp-json\/wp\/v2\/comments?post=17796"}],"version-history":[{"count":0,"href":"https:\/\/hlrnet.com\/sites\/alt164\/wp-json\/wp\/v2\/pages\/17796\/revisions"}],"wp:attachment":[{"href":"https:\/\/hlrnet.com\/sites\/alt164\/wp-json\/wp\/v2\/media?parent=17796"}],"curies":[{"name":"wp","href":"https:\/\/api.w.org\/{rel}","templated":true}]}}