{"id":17022,"date":"2021-10-19T08:40:13","date_gmt":"2021-10-19T08:40:13","guid":{"rendered":"https:\/\/hlrnet.com\/sites\/alt164\/?page_id=17022"},"modified":"2022-04-30T07:19:40","modified_gmt":"2022-04-30T07:19:40","slug":"problemas-de-neerlandes-para-hispanohablantes","status":"publish","type":"page","link":"https:\/\/hlrnet.com\/sites\/alt164\/problemas-de-neerlandes-para-hispanohablantes\/","title":{"rendered":"Problemas de neerland\u00e9s para hispanohablantes"},"content":{"rendered":"<p>INTRODUCCI\u00d3N<\/p>\n<ul>\n<li>Aprender holand\u00e9s en 5 d\u00edas &#8211; Conversaci\u00f3n para principiantes &#8211; YouTube<br \/>\n<a href=\"https:\/\/www.youtube.com\/watch?v=2oaIyZiD_tI\" class=\"autohyperlink\">www.youtube.com\/watch?v=2oaIyZiD_tI<\/a><\/li>\n<li>Mi gram\u00e1tica Holandesa: lo m\u00e1s importante en Holand\u00e9s<br \/>\n<a href=\"https:\/\/www.migramatica.com\/holandes\/\" class=\"autohyperlink\">www.migramatica.com\/holandes\/<\/a><\/li>\n<li>Lecciones de holand\u00e9s gratis<br \/>\n<a href=\"https:\/\/www.lingohut.com\/es\/l80\/aprende-holand%C3%A9s\" class=\"autohyperlink\">www.lingohut.com\/es\/l80\/aprende-holand%C3%A9s<\/a><\/li>\n<li>espa\u00f1ol &#8211; neerland\u00e9s para principiantes. Tabla de contenidos<br \/>\n<a href=\"https:\/\/www.50languages.com\/phrasebook\/es\/nl\/\" class=\"autohyperlink\">www.50languages.com\/phrasebook\/es\/nl\/<\/a><\/li>\n<li>\u00a1Aprende neerland\u00e9s online de manera r\u00e1pida sencilla y gratuita con book2 de \u00ab50 languages\u00bb!<br \/>\n<a href=\"https:\/\/www.goethe-verlag.com\/book2\/ES\/aprende-neerlandes-online.html\" class=\"autohyperlink\">www.goethe-verlag.com\/book2\/ES\/aprende-neerlandes-online.html<\/a><\/li>\n<li>Aprender Holandes \u2022 Curso de gram\u00e1tica holandesa online<br \/>\n<a href=\"https:\/\/www.dutchgrammar.com\/es\/\" class=\"autohyperlink\">www.dutchgrammar.com\/es\/<\/a><\/li>\n<\/ul>\n<p>APLICACIONES<\/p>\n<ul>\n<li>Aprender holand\u00e9s | Babbel<br \/>\n<a href=\"https:\/\/es.babbel.com\/aprender-holandes\" class=\"autohyperlink\">es.babbel.com\/aprender-holandes<\/a><\/li>\n<\/ul>\n<p>CONTACTO<\/p>\n<ul>\n<li>Radio, televisi\u00f3n, prensa<\/li>\n<li>Aplicaciones m\u00f3viles como TuneIn (radio), peri\u00f3dicos, &#8230;<\/li>\n<li>El contacto con vecinos<\/li>\n<\/ul>\n<p>PROBLEMAS<\/p>\n<ul>\n<li>Aprender holand\u00e9s es f\u00e1cil<br \/>\n<a href=\"https:\/\/libris.nl\/BookInfo\/GetSample?guid=f65631c6-98c1-4f62-afd7-819f61e7d44d\" class=\"autohyperlink\">libris.nl\/BookInfo\/GetSample?guid=f65631c6-98c1-4f62-afd7-819f61e7d44d<\/a><\/li>\n<\/ul>\n","protected":false},"excerpt":{"rendered":"<p>INTRODUCCI\u00d3N Aprender holand\u00e9s en 5 d\u00edas &#8211; Conversaci\u00f3n para principiantes &#8211; YouTube <a href=\"http:\/\/www.youtube.com\/watch?v=2oaIyZiD_tI\" class=\"autohyperlink\">www.youtube.com\/watch?v=2oaIyZiD_tI<\/a> Mi gram\u00e1tica Holandesa: lo m\u00e1s importante en Holand\u00e9s <a href=\"http:\/\/www.migramatica.com\/holandes\/\" class=\"autohyperlink\">www.migramatica.com\/holandes\/<\/a> Lecciones de holand\u00e9s gratis <a href=\"http:\/\/www.lingohut.com\/es\/l80\/aprende-holand%C3%A9s\" class=\"autohyperlink\">www.lingohut.com\/es\/l80\/aprende-holand%C3%A9s<\/a> espa\u00f1ol &#8211; neerland\u00e9s para principiantes. Tabla de contenidos <a href=\"http:\/\/www.50languages.com\/phrasebook\/es\/nl\/\" class=\"autohyperlink\">www.50languages.com\/phrasebook\/es\/nl\/<\/a> \u00a1Aprende neerland\u00e9s online de manera r\u00e1pida sencilla y gratuita con book2 de \u00ab50 languages\u00bb!<\/p>\n","protected":false},"author":1,"featured_media":0,"parent":0,"menu_order":0,"comment_status":"closed","ping_status":"closed","template":"","meta":{"iawp_total_views":27,"footnotes":"","_wp_rev_ctl_limit":""},"class_list":["post-17022","page","type-page","status-publish","hentry"],"publishpress_future_action":{"enabled":false,"date":"2026-05-03 00:27:34","action":"change-status","newStatus":"draft","terms":[],"taxonomy":"","extraData":[]},"publishpress_future_workflow_manual_trigger":{"enabledWorkflows":[]},"_links":{"self":[{"href":"https:\/\/hlrnet.com\/sites\/alt164\/wp-json\/wp\/v2\/pages\/17022","targetHints":{"allow":["GET"]}}],"collection":[{"href":"https:\/\/hlrnet.com\/sites\/alt164\/wp-json\/wp\/v2\/pages"}],"about":[{"href":"https:\/\/hlrnet.com\/sites\/alt164\/wp-json\/wp\/v2\/types\/page"}],"author":[{"embeddable":true,"href":"https:\/\/hlrnet.com\/sites\/alt164\/wp-json\/wp\/v2\/users\/1"}],"replies":[{"embeddable":true,"href":"https:\/\/hlrnet.com\/sites\/alt164\/wp-json\/wp\/v2\/comments?post=17022"}],"version-history":[{"count":0,"href":"https:\/\/hlrnet.com\/sites\/alt164\/wp-json\/wp\/v2\/pages\/17022\/revisions"}],"wp:attachment":[{"href":"https:\/\/hlrnet.com\/sites\/alt164\/wp-json\/wp\/v2\/media?parent=17022"}],"curies":[{"name":"wp","href":"https:\/\/api.w.org\/{rel}","templated":true}]}}