{"id":16584,"date":"2021-07-13T15:42:23","date_gmt":"2021-07-13T15:42:23","guid":{"rendered":"https:\/\/hlrnet.com\/sites\/alt164\/?page_id=16584"},"modified":"2021-07-15T12:06:59","modified_gmt":"2021-07-15T12:06:59","slug":"seleccion-de-mis-fichas-didacticas","status":"publish","type":"page","link":"https:\/\/hlrnet.com\/sites\/alt164\/seleccion-de-mis-fichas-didacticas\/","title":{"rendered":"Selecci\u00f3n de mis fichas did\u00e1cticas"},"content":{"rendered":"<p>Vuelve o recarga la p\u00e1gina para ver m\u00e1s<\/p>\n<div id='Fichas_did\u00e1cticas' class='widgets_on_page wop_tiny1  wop_small1  wop_medium1  wop_large1  wop_wide1'>\n\t\t\t<ul><li id=\"text-7\" class=\"widget widget_text\"><h2 class=\"widgettitle\">Destrezas<\/h2>\t\t\t<div class=\"textwidget\"><\/div>\n\t\t<\/li><li id=\"arpw-widget-18\" class=\"widget arpw-widget-random\"><h2 class=\"widgettitle\">Audici\u00f3n<\/h2><div class=\"arpw-random-post \"><ul class=\"arpw-ul\"><li class=\"arpw-li arpw-clearfix\"><a class=\"arpw-title\" href=\"https:\/\/hlrnet.com\/sites\/alt164\/el-humor-en-formato-de-podcast\/\" rel=\"bookmark\">El humor en formato de podcast (2022)<\/a><\/li><li class=\"arpw-li arpw-clearfix\"><a class=\"arpw-title\" href=\"https:\/\/hlrnet.com\/sites\/alt164\/entrenar-la-comprension-con-herramientas-de-ia\/\" rel=\"bookmark\">Entrenar la comprensi\u00f3n con herramientas de IA<\/a><\/li><li class=\"arpw-li arpw-clearfix\"><a class=\"arpw-title\" href=\"https:\/\/hlrnet.com\/sites\/alt164\/ivoox\/\" rel=\"bookmark\">iVoox<\/a><\/li><li class=\"arpw-li arpw-clearfix\"><a class=\"arpw-title\" href=\"https:\/\/hlrnet.com\/sites\/alt164\/que-pasa-con-los-podcasts\/\" rel=\"bookmark\">\u00bfQu\u00e9 pasa con los p\u00f3dcasts?<\/a><\/li><li class=\"arpw-li arpw-clearfix\"><a class=\"arpw-title\" href=\"https:\/\/hlrnet.com\/sites\/alt164\/herramientas-para-didactizar-videos\/\" rel=\"bookmark\">Herramientas para didactizar v\u00eddeos<\/a><\/li><\/ul><\/div><!-- Generated by https:\/\/wordpress.org\/plugins\/advanced-random-posts-widget\/ --><\/li><li id=\"arpw-widget-19\" class=\"widget arpw-widget-random\"><h2 class=\"widgettitle\">Colaboraci\u00f3n<\/h2><div class=\"arpw-random-post \"><ul class=\"arpw-ul\"><li class=\"arpw-li arpw-clearfix\"><a class=\"arpw-title\" href=\"https:\/\/hlrnet.com\/sites\/alt164\/visual-ly\/\" rel=\"bookmark\">Visual.ly<\/a><\/li><li class=\"arpw-li arpw-clearfix\"><a class=\"arpw-title\" href=\"https:\/\/hlrnet.com\/sites\/alt164\/compartir-archivos-por-skydrive\/\" rel=\"bookmark\">Compartir archivos por Onedrive<\/a><\/li><li class=\"arpw-li arpw-clearfix\"><a class=\"arpw-title\" href=\"https:\/\/hlrnet.com\/sites\/alt164\/espacio-de-chat-o-conferencia-gratuito-para-mis-clases\/\" rel=\"bookmark\">Espacio de chat o conferencia (gratuito) para mis clases<\/a><\/li><li class=\"arpw-li arpw-clearfix\"><a class=\"arpw-title\" href=\"https:\/\/hlrnet.com\/sites\/alt164\/un-portafolio-en-onenote-classroom\/\" rel=\"bookmark\">Un portafolio en Onenote classroom<\/a><\/li><li class=\"arpw-li arpw-clearfix\"><a class=\"arpw-title\" href=\"https:\/\/hlrnet.com\/sites\/alt164\/otra-manera-de-aprender-juntos-la-escritura-colaborativa\/\" rel=\"bookmark\">Otra manera de aprender juntos: la escritura colaborativa<\/a><\/li><\/ul><\/div><!-- Generated by https:\/\/wordpress.org\/plugins\/advanced-random-posts-widget\/ --><\/li><li id=\"arpw-widget-20\" class=\"widget arpw-widget-random\"><h2 class=\"widgettitle\">Conversaci\u00f3n<\/h2><div class=\"arpw-random-post \"><ul class=\"arpw-ul\"><li class=\"arpw-li arpw-clearfix\"><a class=\"arpw-title\" href=\"https:\/\/hlrnet.com\/sites\/alt164\/crear-memes\/\" rel=\"bookmark\">Crear memes<\/a><\/li><li class=\"arpw-li arpw-clearfix\"><a class=\"arpw-title\" href=\"https:\/\/hlrnet.com\/sites\/alt164\/kahoot-hacer-repaso-o-iniciar-intercambio-mediante-votos\/\" rel=\"bookmark\">Kahoot: hacer repaso o iniciar intercambio mediante votos<\/a><\/li><li class=\"arpw-li arpw-clearfix\"><a class=\"arpw-title\" href=\"https:\/\/hlrnet.com\/sites\/alt164\/objetos-encontrados\/\" rel=\"bookmark\">Objetos encontrados<\/a><\/li><li class=\"arpw-li arpw-clearfix\"><a class=\"arpw-title\" href=\"https:\/\/hlrnet.com\/sites\/alt164\/lart-presque-perdu-de-ne-rien-faire\/\" rel=\"bookmark\">L&#8217;art presque perdu de ne rien faire<\/a><\/li><li class=\"arpw-li arpw-clearfix\"><a class=\"arpw-title\" href=\"https:\/\/hlrnet.com\/sites\/alt164\/construir-conversaciones-y-debates\/\" rel=\"bookmark\">Construir conversaciones y debates<\/a><\/li><\/ul><\/div><!-- Generated by https:\/\/wordpress.org\/plugins\/advanced-random-posts-widget\/ --><\/li><li id=\"arpw-widget-21\" class=\"widget arpw-widget-random\"><h2 class=\"widgettitle\">Escritura<\/h2><div class=\"arpw-random-post \"><ul class=\"arpw-ul\"><li class=\"arpw-li arpw-clearfix\"><a class=\"arpw-title\" href=\"https:\/\/hlrnet.com\/sites\/alt164\/porcupine-herramienta-ideal-para-escribir-guiones-sin-distracciones\/\" rel=\"bookmark\">Porcupine: herramienta ideal para escribir guiones sin distracciones<\/a><\/li><li class=\"arpw-li arpw-clearfix\"><a class=\"arpw-title\" href=\"https:\/\/hlrnet.com\/sites\/alt164\/alta-infidelidad\/\" rel=\"bookmark\">Alta infidelidad<\/a><\/li><li class=\"arpw-li arpw-clearfix\"><a class=\"arpw-title\" href=\"https:\/\/hlrnet.com\/sites\/alt164\/el-fin-de-la-escritura-a-mano-esta-por-llegar\/\" rel=\"bookmark\">El fin de la escritura a mano est\u00e1 por llegar<\/a><\/li><li class=\"arpw-li arpw-clearfix\"><a class=\"arpw-title\" href=\"https:\/\/hlrnet.com\/sites\/alt164\/pro-y-contra\/\" rel=\"bookmark\">Pro y contra<\/a><\/li><li class=\"arpw-li arpw-clearfix\"><a class=\"arpw-title\" href=\"https:\/\/hlrnet.com\/sites\/alt164\/dictogloss\/\" rel=\"bookmark\">Dictogloss<\/a><\/li><\/ul><\/div><!-- Generated by https:\/\/wordpress.org\/plugins\/advanced-random-posts-widget\/ --><\/li><li id=\"arpw-widget-22\" class=\"widget arpw-widget-random\"><h2 class=\"widgettitle\">Gram\u00e1tica<\/h2><div class=\"arpw-random-post \"><ul class=\"arpw-ul\"><li class=\"arpw-li arpw-clearfix\"><a class=\"arpw-title\" href=\"https:\/\/hlrnet.com\/sites\/alt164\/perifrasis-verbales-recursos-para-aprender-a-utilizarlas\/\" rel=\"bookmark\">Per\u00edfrasis verbales: Recursos para aprender a utilizarlas<\/a><\/li><li class=\"arpw-li arpw-clearfix\"><a class=\"arpw-title\" href=\"https:\/\/hlrnet.com\/sites\/alt164\/consultar-la-nueva-gramatica-de-la-lengua-espanola\/\" rel=\"bookmark\">Consultar la Nueva gram\u00e1tica de la lengua espa\u00f1ola<\/a><\/li><li class=\"arpw-li arpw-clearfix\"><a class=\"arpw-title\" href=\"https:\/\/hlrnet.com\/sites\/alt164\/como-ensenar-el-preterito-indefinido-guia-practica-para-ele\/\" rel=\"bookmark\">C\u00f3mo ense\u00f1ar el Pret\u00e9rito Indefinido: Gu\u00eda Pr\u00e1ctica para ELE<\/a><\/li><li class=\"arpw-li arpw-clearfix\"><a class=\"arpw-title\" href=\"https:\/\/hlrnet.com\/sites\/alt164\/los-articulos-del-espanol-para-hablantes-de-lenguas-eslavas\/\" rel=\"bookmark\">Los art\u00edculos del espa\u00f1ol &#8211; para hablantes de lenguas eslavas<\/a><\/li><li class=\"arpw-li arpw-clearfix\"><a class=\"arpw-title\" href=\"https:\/\/hlrnet.com\/sites\/alt164\/quiero-un-texto-para-presentar-practicar-o-ejemplificar-el-subjuntivo\/\" rel=\"bookmark\">Quiero: un texto para presentar, practicar o ejemplificar el subjuntivo<\/a><\/li><\/ul><\/div><!-- Generated by https:\/\/wordpress.org\/plugins\/advanced-random-posts-widget\/ --><\/li><li id=\"arpw-widget-23\" class=\"widget arpw-widget-random\"><h2 class=\"widgettitle\">Interactividad<\/h2><div class=\"arpw-random-post \"><ul class=\"arpw-ul\"><li class=\"arpw-li arpw-clearfix\"><a class=\"arpw-title\" href=\"https:\/\/hlrnet.com\/sites\/alt164\/wizer-me-hojas-de-trabajo-interactivas\/\" rel=\"bookmark\">Wizer.me: hojas de trabajo interactivas<\/a><\/li><li class=\"arpw-li arpw-clearfix\"><a class=\"arpw-title\" href=\"https:\/\/hlrnet.com\/sites\/alt164\/questiontools\/\" rel=\"bookmark\">Questiontools<\/a><\/li><li class=\"arpw-li arpw-clearfix\"><a class=\"arpw-title\" href=\"https:\/\/hlrnet.com\/sites\/alt164\/kahoot-ahora-con-ia\/\" rel=\"bookmark\">Kahoot, ahora con IA<\/a><\/li><li class=\"arpw-li arpw-clearfix\"><a class=\"arpw-title\" href=\"https:\/\/hlrnet.com\/sites\/alt164\/scrabble-en-linea-con-un-oponente-real\/\" rel=\"bookmark\">Scrabble en l\u00ednea con un oponente real<\/a><\/li><li class=\"arpw-li arpw-clearfix\"><a class=\"arpw-title\" href=\"https:\/\/hlrnet.com\/sites\/alt164\/bookwidgets\/\" rel=\"bookmark\">Bookwidgets<\/a><\/li><\/ul><\/div><!-- Generated by https:\/\/wordpress.org\/plugins\/advanced-random-posts-widget\/ --><\/li><li id=\"arpw-widget-24\" class=\"widget arpw-widget-random\"><h2 class=\"widgettitle\">Juegos<\/h2><div class=\"arpw-random-post \"><ul class=\"arpw-ul\"><li class=\"arpw-li arpw-clearfix\"><a class=\"arpw-title\" href=\"https:\/\/hlrnet.com\/sites\/alt164\/myrdle\/\" rel=\"bookmark\">Myrdle: enigmas l\u00f3gicos<\/a><\/li><li class=\"arpw-li arpw-clearfix\"><a class=\"arpw-title\" href=\"https:\/\/hlrnet.com\/sites\/alt164\/palindromos-y-otros-juegos-de-palabras\/\" rel=\"bookmark\">Pal\u00edndromos y otros juegos de palabras<\/a><\/li><li class=\"arpw-li arpw-clearfix\"><a class=\"arpw-title\" href=\"https:\/\/hlrnet.com\/sites\/alt164\/contexto-me-un-juego-de-adivinanza-de-palabras-impulsado-por-ia\/\" rel=\"bookmark\">Contexto.me, un juego de adivinanza de palabras impulsado por IA<\/a><\/li><li class=\"arpw-li arpw-clearfix\"><a class=\"arpw-title\" href=\"https:\/\/hlrnet.com\/sites\/alt164\/lingua-ludica\/\" rel=\"bookmark\">Lingua Ludica<\/a><\/li><li class=\"arpw-li arpw-clearfix\"><a class=\"arpw-title\" href=\"https:\/\/hlrnet.com\/sites\/alt164\/juegos-de-mesa\/\" rel=\"bookmark\">Juegos de mesa<\/a><\/li><\/ul><\/div><!-- Generated by https:\/\/wordpress.org\/plugins\/advanced-random-posts-widget\/ --><\/li><li id=\"arpw-widget-25\" class=\"widget arpw-widget-random\"><h2 class=\"widgettitle\">Lectura<\/h2><div class=\"arpw-random-post \"><ul class=\"arpw-ul\"><li class=\"arpw-li arpw-clearfix\"><a class=\"arpw-title\" href=\"https:\/\/hlrnet.com\/sites\/alt164\/strategies-for-using-context-clues-in-reading\/\" rel=\"bookmark\">Strategies For Using Context Clues In Reading<\/a><\/li><li class=\"arpw-li arpw-clearfix\"><a class=\"arpw-title\" href=\"https:\/\/hlrnet.com\/sites\/alt164\/podcasts-literarios\/\" rel=\"bookmark\">P\u00f3dcasts literarios<\/a><\/li><li class=\"arpw-li arpw-clearfix\"><a class=\"arpw-title\" href=\"https:\/\/hlrnet.com\/sites\/alt164\/textos-en-cascaras-de-telefono\/\" rel=\"bookmark\">Textos en c\u00e1scaras de tel\u00e9fono<\/a><\/li><li class=\"arpw-li arpw-clearfix\"><a class=\"arpw-title\" href=\"https:\/\/hlrnet.com\/sites\/alt164\/issuu\/\" rel=\"bookmark\">Issuu<\/a><\/li><li class=\"arpw-li arpw-clearfix\"><a class=\"arpw-title\" href=\"https:\/\/hlrnet.com\/sites\/alt164\/microrrelatos\/\" rel=\"bookmark\">Microrrelatos<\/a><\/li><\/ul><\/div><!-- Generated by https:\/\/wordpress.org\/plugins\/advanced-random-posts-widget\/ --><\/li><li id=\"arpw-widget-26\" class=\"widget arpw-widget-random\"><h2 class=\"widgettitle\">Vocabulario<\/h2><div class=\"arpw-random-post \"><ul class=\"arpw-ul\"><li class=\"arpw-li arpw-clearfix\"><a class=\"arpw-title\" href=\"https:\/\/hlrnet.com\/sites\/alt164\/palabras-olvidadas\/\" rel=\"bookmark\">Palabras olvidadas<\/a><\/li><li class=\"arpw-li arpw-clearfix\"><a class=\"arpw-title\" href=\"https:\/\/hlrnet.com\/sites\/alt164\/contexto-me-un-juego-de-adivinanza-de-palabras-impulsado-por-ia\/\" rel=\"bookmark\">Contexto.me, un juego de adivinanza de palabras impulsado por IA<\/a><\/li><li class=\"arpw-li arpw-clearfix\"><a class=\"arpw-title\" href=\"https:\/\/hlrnet.com\/sites\/alt164\/ella-parte\/\" rel=\"bookmark\">el\/la parte<\/a><\/li><li class=\"arpw-li arpw-clearfix\"><a class=\"arpw-title\" href=\"https:\/\/hlrnet.com\/sites\/alt164\/codenames\/\" rel=\"bookmark\">Codenames<\/a><\/li><li class=\"arpw-li arpw-clearfix\"><a class=\"arpw-title\" href=\"https:\/\/hlrnet.com\/sites\/alt164\/falsos-amigos-para-neerlandofonos\/\" rel=\"bookmark\">Falsos amigos para neerland\u00f3fonos<\/a><\/li><\/ul><\/div><!-- Generated by https:\/\/wordpress.org\/plugins\/advanced-random-posts-widget\/ --><\/li><li id=\"text-8\" class=\"widget widget_text\"><h2 class=\"widgettitle\">Estrategias y herramientas<\/h2>\t\t\t<div class=\"textwidget\"><\/div>\n\t\t<\/li><li id=\"arpw-widget-27\" class=\"widget arpw-widget-random\"><h2 class=\"widgettitle\">A distancia<\/h2><div class=\"arpw-random-post \"><ul class=\"arpw-ul\"><li class=\"arpw-li arpw-clearfix\"><a class=\"arpw-title\" href=\"https:\/\/hlrnet.com\/sites\/alt164\/proyectar-o-compartir-la-pantalla-del-telefono-movil\/\" rel=\"bookmark\">Proyectar o compartir la pantalla del tel\u00e9fono m\u00f3vil<\/a><\/li><li class=\"arpw-li arpw-clearfix\"><a class=\"arpw-title\" href=\"https:\/\/hlrnet.com\/sites\/alt164\/nowcomment-una-herramienta-para-comentar-textos\/\" rel=\"bookmark\">NowComment: una herramienta para comentar textos<\/a><\/li><li class=\"arpw-li arpw-clearfix\"><a class=\"arpw-title\" href=\"https:\/\/hlrnet.com\/sites\/alt164\/juego-de-la-oca-o-trivial-pursuit-en-linea-mobbyt\/\" rel=\"bookmark\">Juego de la oca o Trivial Pursuit en l\u00ednea: Mobbyt<\/a><\/li><li class=\"arpw-li arpw-clearfix\"><a class=\"arpw-title\" href=\"https:\/\/hlrnet.com\/sites\/alt164\/educima-crear-crucigrama-o-sopa-de-letras\/\" rel=\"bookmark\">Educima: crear crucigrama o sopa de letras<\/a><\/li><li class=\"arpw-li arpw-clearfix\"><a class=\"arpw-title\" href=\"https:\/\/hlrnet.com\/sites\/alt164\/encontrar-materiales-para-actividades-de-autoaprendizaje-en-ensenanza-a-distancia\/\" rel=\"bookmark\">Encontrar materiales para actividades de autoaprendizaje en ense\u00f1anza a distancia<\/a><\/li><\/ul><\/div><!-- Generated by https:\/\/wordpress.org\/plugins\/advanced-random-posts-widget\/ --><\/li><li id=\"arpw-widget-29\" class=\"widget arpw-widget-random\"><h2 class=\"widgettitle\">Juegos<\/h2><div class=\"arpw-random-post \"><ul class=\"arpw-ul\"><li class=\"arpw-li arpw-clearfix\"><a class=\"arpw-title\" href=\"https:\/\/hlrnet.com\/sites\/alt164\/palindromos-y-otros-juegos-de-palabras\/\" rel=\"bookmark\">Pal\u00edndromos y otros juegos de palabras<\/a><\/li><li class=\"arpw-li arpw-clearfix\"><a class=\"arpw-title\" href=\"https:\/\/hlrnet.com\/sites\/alt164\/dixit-un-juego-de-mesa-para-contar-historias\/\" rel=\"bookmark\">Dixit: un juego de mesa para contar historias<\/a><\/li><li class=\"arpw-li arpw-clearfix\"><a class=\"arpw-title\" href=\"https:\/\/hlrnet.com\/sites\/alt164\/juegos-de-mesa\/\" rel=\"bookmark\">Juegos de mesa<\/a><\/li><li class=\"arpw-li arpw-clearfix\"><a class=\"arpw-title\" href=\"https:\/\/hlrnet.com\/sites\/alt164\/pointless\/\" rel=\"bookmark\">Pointless<\/a><\/li><li class=\"arpw-li arpw-clearfix\"><a class=\"arpw-title\" href=\"https:\/\/hlrnet.com\/sites\/alt164\/juego-del-ahorcado\/\" rel=\"bookmark\">Juego del ahorcado<\/a><\/li><\/ul><\/div><!-- Generated by https:\/\/wordpress.org\/plugins\/advanced-random-posts-widget\/ --><\/li><li id=\"arpw-widget-30\" class=\"widget arpw-widget-random\"><h2 class=\"widgettitle\">TIC<\/h2><div class=\"arpw-random-post \"><ul class=\"arpw-ul\"><li class=\"arpw-li arpw-clearfix\"><a class=\"arpw-title\" href=\"https:\/\/hlrnet.com\/sites\/alt164\/jugar-al-scrabble-en-linea-con-oponentes-reales-o-virtuales\/\" rel=\"bookmark\">Jugar al Scrabble en l\u00ednea, con oponentes reales o virtuales<\/a><\/li><li class=\"arpw-li arpw-clearfix\"><a class=\"arpw-title\" href=\"https:\/\/hlrnet.com\/sites\/alt164\/5-6-octubre-i-encuentro-internacional-de-profesores-de-espanol-ic-bruselas\/\" rel=\"bookmark\">5-6 octubre 2012 I Encuentro internacional de profesores de espa\u00f1ol IC Bruselas<\/a><\/li><li class=\"arpw-li arpw-clearfix\"><a class=\"arpw-title\" href=\"https:\/\/hlrnet.com\/sites\/alt164\/pasar-de-pdf-a-word\/\" rel=\"bookmark\">Pasar de PDF a Word<\/a><\/li><li class=\"arpw-li arpw-clearfix\"><a class=\"arpw-title\" href=\"https:\/\/hlrnet.com\/sites\/alt164\/herramientas-para-la-autocorreccion-de-textos\/\" rel=\"bookmark\">Herramientas para la autocorrecci\u00f3n de textos<\/a><\/li><li class=\"arpw-li arpw-clearfix\"><a class=\"arpw-title\" href=\"https:\/\/hlrnet.com\/sites\/alt164\/noticias-espanolas-en-android-4\/\" rel=\"bookmark\">Noticias espa\u00f1olas en Android 4<\/a><\/li><\/ul><\/div><!-- Generated by https:\/\/wordpress.org\/plugins\/advanced-random-posts-widget\/ --><\/li><\/ul><\/div><!-- widgets_on_page -->\n<p>&nbsp;<\/p>\n","protected":false},"excerpt":{"rendered":"<p>Vuelve o recarga la p\u00e1gina para ver m\u00e1s &nbsp;<\/p>\n","protected":false},"author":1,"featured_media":0,"parent":0,"menu_order":0,"comment_status":"closed","ping_status":"closed","template":"","meta":{"iawp_total_views":56,"footnotes":"","_wp_rev_ctl_limit":""},"class_list":["post-16584","page","type-page","status-publish","hentry"],"publishpress_future_action":{"enabled":false,"date":"2026-05-04 07:14:39","action":"change-status","newStatus":"draft","terms":[],"taxonomy":"","extraData":[]},"publishpress_future_workflow_manual_trigger":{"enabledWorkflows":[]},"_links":{"self":[{"href":"https:\/\/hlrnet.com\/sites\/alt164\/wp-json\/wp\/v2\/pages\/16584","targetHints":{"allow":["GET"]}}],"collection":[{"href":"https:\/\/hlrnet.com\/sites\/alt164\/wp-json\/wp\/v2\/pages"}],"about":[{"href":"https:\/\/hlrnet.com\/sites\/alt164\/wp-json\/wp\/v2\/types\/page"}],"author":[{"embeddable":true,"href":"https:\/\/hlrnet.com\/sites\/alt164\/wp-json\/wp\/v2\/users\/1"}],"replies":[{"embeddable":true,"href":"https:\/\/hlrnet.com\/sites\/alt164\/wp-json\/wp\/v2\/comments?post=16584"}],"version-history":[{"count":0,"href":"https:\/\/hlrnet.com\/sites\/alt164\/wp-json\/wp\/v2\/pages\/16584\/revisions"}],"wp:attachment":[{"href":"https:\/\/hlrnet.com\/sites\/alt164\/wp-json\/wp\/v2\/media?parent=16584"}],"curies":[{"name":"wp","href":"https:\/\/api.w.org\/{rel}","templated":true}]}}