{"id":16532,"date":"2021-07-05T12:31:44","date_gmt":"2021-07-05T12:31:44","guid":{"rendered":"https:\/\/hlrnet.com\/sites\/alt164\/?page_id=16532"},"modified":"2022-04-30T07:21:09","modified_gmt":"2022-04-30T07:21:09","slug":"problemas-de-espanol-para-francofonos","status":"publish","type":"page","link":"https:\/\/hlrnet.com\/sites\/alt164\/problemas-de-espanol-para-francofonos\/","title":{"rendered":"Problemas de espa\u00f1ol para franc\u00f3fonos"},"content":{"rendered":"<ul>\n<li><strong>GENERALIDADES<\/strong><\/li>\n<li>Tres dificultades en espa\u00f1ol para alumnos franc\u00f3fonos \u2013 Librer\u00eda Las Am\u00e9ricas: Blog<br \/>\n<a href=\"https:\/\/blog.lasamericas.ca\/tres-dificultades-en-espanol-para-alumnos-francofonos\/\" class=\"autohyperlink\">blog.lasamericas.ca\/tres-dificultades-en-espanol-para-alumnos-francofonos\/<\/a><\/li>\n<li>El idioma espa\u00f1ol para los franceses &#8211; Elblogdeidiomas.es<br \/>\n<a href=\"https:\/\/elblogdeidiomas.es\/el-idioma-espanol-para-los-franceses\/\" class=\"autohyperlink\">elblogdeidiomas.es\/el-idioma-espanol-para-los-franceses\/<\/a><\/li>\n<li>Espa\u00f1ol para Franceses, \u00a1Mi curso online pensado para ti!<br \/>\n<a href=\"https:\/\/profesoraespanol.com\/es\/espanol-para-franceses\/\" class=\"autohyperlink\">profesoraespanol.com\/es\/espanol-para-franceses\/<\/a><\/li>\n<li>Errores gramaticales persistentes en la interlengua de estudiantes franc\u00f3fonos de ELE de nivel superior | marcoELE<br \/>\n<a href=\"https:\/\/marcoele.com\/errores-gramaticales-en-francofonos\/\" class=\"autohyperlink\">marcoele.com\/errores-gramaticales-en-francofonos\/<\/a><\/li>\n<li>Errores m\u00e1s comunes de los franc\u00f3fonos que hablan espa\u00f1ol | Traducci\u00f3n | Traductor jurado | Traducir penales, t\u00edtulos o certificados<br \/>\n<a href=\"https:\/\/translation-traduccion.com\/errores-comunes-francofonos-espanol\/\" class=\"autohyperlink\">translation-traduccion.com\/errores-comunes-francofonos-espanol\/<\/a><\/li>\n<li>Ense\u00f1ar lenguas pr\u00f3ximas: el caso del ELE para hablantes de franc\u00e9s<br \/>\n<a href=\"https:\/\/www.difusion.com\/ensenar-lenguas-proximas-el-caso-del-ele-para-hablantes-de-frances\/\" class=\"autohyperlink\">www.difusion.com\/ensenar-lenguas-proximas-el-caso-del-ele-para-hablantes-de-frances\/<\/a><\/li>\n<li>Trabajos Academicos de la Universidad de Jaen: Dificultades frecuentes del espa\u00f1ol para aprendices franc\u00f3fonos<br \/>\n<a href=\"https:\/\/tauja.ujaen.es\/handle\/10953.1\/10515\" class=\"autohyperlink\">tauja.ujaen.es\/handle\/10953.1\/10515<\/a><\/li>\n<li>Trabajos Academicos de la Universidad de Jaen: Dificultades frecuentes del espa\u00f1ol para aprendices franc\u00f3fonos<br \/>\n<a href=\"https:\/\/tauja.ujaen.es\/handle\/10953.1\/10515\" class=\"autohyperlink\">tauja.ujaen.es\/handle\/10953.1\/10515<\/a><\/li>\n<li>Las 10 mayores dificultades en espa\u00f1ol para estudiantes franc\u00f3fonos &#8211; YouTube<br \/>\n<a href=\"https:\/\/www.youtube.com\/watch?v=CZNEjTOBe-8\" class=\"autohyperlink\">www.youtube.com\/watch?v=CZNEjTOBe-8<\/a><\/li>\n<li>PRONUNCIACION &#8211; general<\/li>\n<li>Franc\u00e9s-live: Pronunciaci\u00f3n del idioma franc\u00e9s<br \/>\n<a href=\"https:\/\/www.frances-live.com\/pronunciacionidiomafrances.html\" class=\"autohyperlink\">www.frances-live.com\/pronunciacionidiomafrances.html<\/a><\/li>\n<li>Vocales &#8211; sjbfrances<br \/>\n<a href=\"https:\/\/www.sjbfrances.com\/franc%C3%A9s\/gram%C3%A1tica-francesa\/el-pronombre-en-y\/el-pronombre-pronombres-interrogativos\/el-pronombre-pronombres-posesivos\/el-adverbio-formaci%C3%B3n-y-uso\/el-verbo-grupos-verbales\/el-verbo-presente-1%C2%BA-grupo\/el-verbo-presente-2%C2%BA-grupo\/el-verbo-pass%C3%A9-compos%C3%A9-generalidades-y-uso\/el-verbo-los-10-verbos-b%C3%A1sicos\/el-verbo-pass%C3%A9-compos%C3%A9-con-avoir\/el-verbo-pass%C3%A9-compos%C3%A9-con-%C3%AAtre\/el-verbo-pass%C3%A9-compos%C3%A9-negativa-y-pronombres\/el-verbo-pass%C3%A9-compos%C3%A9-ejercicios\/el-verbo-la-regla-m%C3%A1s-est%C3%BApida-del-franc%C3%A9s\/el-verbo-plus-que-parfait\/el-verbo-futuro\/el-verbo-imperfecto\/ejer-el-verbo-futuro\/el-verbo-condicional\/el-verbo-tiempos-compuestos\/el-verbo-subjuntivo\/el-verbo-subjuntivo2\/el-verbo-imperativo\/el-verbo-per%C3%ADfrasis-verbales\/el-verbo-participio-pasado\/el-verbo-gerundio\/la-frase-orden-de-las-palabras\/la-frase-la-frase-comparativa\/la-frase-la-frase-superlativa\/la-frase-la-frase-pasiva\/la-frase-la-frase-condicional\/la-frase-conectores\/la-frase-expresi%C3%B3n-de-la-causa\/la-frase-expresi%C3%B3n-de-la-consecuancia\/la-frase-expresi%C3%B3n-de-la-oposici%C3%B3n\/la-frase-discurso-indirecto\/fon%C3%A9tica-francesa\/vocales\/\" class=\"autohyperlink\">www.sjbfrances.com\/franc%C3%A9s\/gram%C3%A1tica-francesa\/el-pronombre-en-y\/el-pronombre-pronombres-interrogativos\/el-pronombre-pronombres-posesivos\/el-adverbio-formaci%C3%B3n-y-uso\/el-verbo-grupos-verbales\/el-verbo-presente-1%C2%BA-grupo\/el-verbo-presente-2%C2%BA-grupo\/el-verbo-pass%C3%A9-compos%C3%A9-generalidades-y-uso\/el-verbo-los-10-verbos-b%C3%A1sicos\/el-verbo-pass%C3%A9-compos%C3%A9-con-avoir\/el-verbo-pass%C3%A9-compos%C3%A9-con-%C3%AAtre\/el-verbo-pass%C3%A9-compos%C3%A9-negativa-y-pronombres\/el-verbo-pass%C3%A9-compos%C3%A9-ejercicios\/el-verbo-la-regla-m%C3%A1s-est%C3%BApida-del-franc%C3%A9s\/el-verbo-plus-que-parfait\/el-verbo-futuro\/el-verbo-imperfecto\/ejer-el-verbo-futuro\/el-verbo-condicional\/el-verbo-tiempos-compuestos\/el-verbo-subjuntivo\/el-verbo-subjuntivo2\/el-verbo-imperativo\/el-verbo-per%C3%ADfrasis-verbales\/el-verbo-participio-pasado\/el-verbo-gerundio\/la-frase-orden-de-las-palabras\/la-frase-la-frase-comparativa\/la-frase-la-frase-superlativa\/la-frase-la-frase-pasiva\/la-frase-la-frase-condicional\/la-frase-conectores\/la-frase-expresi%C3%B3n-de-la-causa\/la-frase-expresi%C3%B3n-de-la-consecuancia\/la-frase-expresi%C3%B3n-de-la-oposici%C3%B3n\/la-frase-discurso-indirecto\/fon%C3%A9tica-francesa\/vocales\/<\/a><\/li>\n<li>LOS SONIDOS DEL FRANC\u00c9S &#8211; PRONUNCIACI\u00d3N | ALFABETO FON\u00c9TICO INTERNACIONAL &#8211; YouTube<br \/>\n<a href=\"https:\/\/www.youtube.com\/watch?v=juE_eldO-jU\" class=\"autohyperlink\">www.youtube.com\/watch?v=juE_eldO-jU<\/a><\/li>\n<li>Los sonidos del franc\u00e9s<br \/>\n<a href=\"https:\/\/youtu.be\/5o1Q1lmqvGQ\" class=\"autohyperlink\">youtu.be\/5o1Q1lmqvGQ<\/a><\/li>\n<li>Vocales y sonidos en franc\u00e9s &#8211; Wikiversidad<br \/>\n<a href=\"https:\/\/es.wikiversity.org\/wiki\/Vocales_y_sonidos_en_franc%C3%A9s\" class=\"autohyperlink\">es.wikiversity.org\/wiki\/Vocales_y_sonidos_en_franc%C3%A9s<\/a><\/li>\n<li>La pronunciaci\u00f3n de las vocales en franc\u00e9s: ejemplos y ejercicios<br \/>\n<a href=\"https:\/\/global-exam.com\/blog\/es\/general-french-la-pronunciacion-de-las-vocales-en-frances-ejemplos-y-ejercicios\/\" class=\"autohyperlink\">global-exam.com\/blog\/es\/general-french-la-pronunciacion-de-las-vocales-en-frances-ejemplos-y-ejercicios\/<\/a><\/li>\n<li><strong>PRONUNCIACI\u00d3N\u00a0 &#8211; [u] \/ [y]<\/strong><\/li>\n<li>Como PRONUNCIAR en FRANCES [u] &#8211; [y] &#8211; Clase 50 &#8211; YouTube<br \/>\n<a href=\"https:\/\/www.youtube.com\/watch?v=C2bYlyxRGPI\" class=\"autohyperlink\">www.youtube.com\/watch?v=C2bYlyxRGPI<\/a><\/li>\n<li>Pronunciaci\u00f3n de la letra U en Franc\u00e9s &#8211; YouTube<br \/>\n<a href=\"https:\/\/www.youtube.com\/watch?v=j908JC6z7uI\" class=\"autohyperlink\">www.youtube.com\/watch?v=j908JC6z7uI<\/a><\/li>\n<li>Los sonidos ou, u y o | Frantastique<br \/>\n<a href=\"https:\/\/www.gymglish.com\/es\/frantastique\/gramatica-frances\/los-sonidos-ou-u-y-o\" class=\"autohyperlink\">www.gymglish.com\/es\/frantastique\/gramatica-frances\/los-sonidos-ou-u-y-o<\/a><\/li>\n<li>Pronunciaci\u00f3n \/ El sonido \u00abu\u00bb | TV5MONDE: aprenda franc\u00eas<br \/>\n<a href=\"https:\/\/apprendre.tv5monde.com\/es\/aides\/pronunciacion-el-sonido-u\" class=\"autohyperlink\">apprendre.tv5monde.com\/es\/aides\/pronunciacion-el-sonido-u<\/a><\/li>\n<li>Prononciation \/ Le son \u201cu\u201c | TV5MONDE: aprenda franc\u00eas<br \/>\n<a href=\"https:\/\/apprendre.tv5monde.com\/fr\/aides\/prononciation-le-son-u\" class=\"autohyperlink\">apprendre.tv5monde.com\/fr\/aides\/prononciation-le-son-u<\/a><\/li>\n<li><strong>PRONUNCIACI\u00d3N\u00a0 &#8211; [e], [\u03b5] et [\u0259]<\/strong><\/li>\n<li>C\u00f3mo pronunciar la E en franc\u00e9s &#8211;<br \/>\n<a href=\"https:\/\/pariseando.com\/como-pronunciar-la-e-en-frances\/\" class=\"autohyperlink\">pariseando.com\/como-pronunciar-la-e-en-frances\/<\/a><\/li>\n<li>LOS SONIDOS DE LA E EN FRANC\u00c9S y C\u00d3MO PRONUNCIAR LA E FRANCESA &#8211; YouTube<br \/>\n<a href=\"https:\/\/www.youtube.com\/watch?v=Tz2YT7wwbFc\" class=\"autohyperlink\">www.youtube.com\/watch?v=Tz2YT7wwbFc<\/a><\/li>\n<li>Pronunciaci\u00f3n en franc\u00e9s: los sonidos de la \u00abe\u00bb en franc\u00e9s (palabras francesas con e, eu, oeu) &#8211; YouTube<br \/>\n<a href=\"https:\/\/www.youtube.com\/watch?v=QRVq_TCts6o\" class=\"autohyperlink\">www.youtube.com\/watch?v=QRVq_TCts6o<\/a><\/li>\n<li>Les sons [e], [\u03b5] et [\u0259] &#8211; Parlons fran\u00e7ais, c&#8217;est facile !<br \/>\n<a href=\"https:\/\/parlons-francais.tv5monde.com\/Webdocs-para-aprender-frances\/Fichas\/Phonetique\/p-119-lg2-Les-sons-e-et-.htm\" class=\"autohyperlink\">parlons-francais.tv5monde.com\/Webdocs-para-aprender-frances\/Fichas\/Phonetique\/p-119-lg2-Les-sons-e-et-.htm<\/a><\/li>\n<li>Curso de pronunciaci\u00f3n en franc\u00e9s: La [\u0259]<br \/>\n<a href=\"https:\/\/habladivertido.wordpress.com\/2019\/01\/26\/pronunciacion-frances-la-%C9%99\/\" class=\"autohyperlink\">habladivertido.wordpress.com\/2019\/01\/26\/pronunciacion-frances-la-%C9%99\/<\/a><\/li>\n<li><strong>PRONUNCIACI\u00d3N &#8211; voyelles nasales<\/strong><\/li>\n<li>Vocales nasales en franc\u00e9s<br \/>\n<a href=\"https:\/\/www.inlingua-larochelle.com\/es\/les-voyelles-nasales-en-francais\/\" class=\"autohyperlink\">www.inlingua-larochelle.com\/es\/les-voyelles-nasales-en-francais\/<\/a><\/li>\n<li>Los sonidos [\u0254\u0303], [\u0251\u0303] y [\u025b\u0303] &#8211; Parlons fran\u00e7ais, c&#8217;est facile !<br \/>\n<a href=\"https:\/\/parlons-francais.tv5monde.com\/Webdocs-para-aprender-frances\/Fichas\/Phonetique\/p-285-lg2-Les-sons--et-.htm\" class=\"autohyperlink\">parlons-francais.tv5monde.com\/Webdocs-para-aprender-frances\/Fichas\/Phonetique\/p-285-lg2-Les-sons&#8211;et-.htm<\/a><\/li>\n<li>\u00bfC\u00f3mo hacer los sonidos nasales en franc\u00e9s? &#8211;<br \/>\n<a href=\"https:\/\/pariseando.com\/como-hacer-los-sonidos-nasales-en-frances\/\" class=\"autohyperlink\">pariseando.com\/como-hacer-los-sonidos-nasales-en-frances\/<\/a><\/li>\n<li>Las vocales nasales, un sonido franc\u00e9s particular que aprender<br \/>\n<a href=\"https:\/\/blog.universaldeidiomas.com\/las-vocales-nasales-del-frances\/\" class=\"autohyperlink\">blog.universaldeidiomas.com\/las-vocales-nasales-del-frances\/<\/a><\/li>\n<li>Curso de pronunciaci\u00f3n en Franc\u00e9s: Las vocales nasales<br \/>\n<a href=\"https:\/\/habladivertido.wordpress.com\/2018\/12\/24\/pronunciacion-frances-vocales-nasales\/\" class=\"autohyperlink\">habladivertido.wordpress.com\/2018\/12\/24\/pronunciacion-frances-vocales-nasales\/<\/a><\/li>\n<li>Las vocales nasales o nasalizadas &#8211; sjbfrances<br \/>\n<a href=\"https:\/\/www.sjbfrances.com\/franc%C3%A9s\/gram%C3%A1tica-francesa\/el-pronombre-en-y\/el-pronombre-pronombres-interrogativos\/el-pronombre-pronombres-posesivos\/el-adverbio-formaci%C3%B3n-y-uso\/el-verbo-grupos-verbales\/el-verbo-presente-1%C2%BA-grupo\/el-verbo-presente-2%C2%BA-grupo\/el-verbo-pass%C3%A9-compos%C3%A9-generalidades-y-uso\/el-verbo-los-10-verbos-b%C3%A1sicos\/el-verbo-pass%C3%A9-compos%C3%A9-con-avoir\/el-verbo-pass%C3%A9-compos%C3%A9-con-%C3%AAtre\/el-verbo-pass%C3%A9-compos%C3%A9-negativa-y-pronombres\/el-verbo-pass%C3%A9-compos%C3%A9-ejercicios\/el-verbo-la-regla-m%C3%A1s-est%C3%BApida-del-franc%C3%A9s\/el-verbo-plus-que-parfait\/el-verbo-futuro\/el-verbo-imperfecto\/ejer-el-verbo-futuro\/el-verbo-condicional\/el-verbo-tiempos-compuestos\/el-verbo-subjuntivo\/el-verbo-subjuntivo2\/el-verbo-imperativo\/el-verbo-per%C3%ADfrasis-verbales\/el-verbo-participio-pasado\/el-verbo-gerundio\/la-frase-orden-de-las-palabras\/la-frase-la-frase-comparativa\/la-frase-la-frase-superlativa\/la-frase-la-frase-pasiva\/la-frase-la-frase-condicional\/la-frase-conectores\/la-frase-expresi%C3%B3n-de-la-causa\/la-frase-expresi%C3%B3n-de-la-consecuancia\/la-frase-expresi%C3%B3n-de-la-oposici%C3%B3n\/la-frase-discurso-indirecto\/fon%C3%A9tica-francesa\/vocales-nasales\/\" class=\"autohyperlink\">www.sjbfrances.com\/franc%C3%A9s\/gram%C3%A1tica-francesa\/el-pronombre-en-y\/el-pronombre-pronombres-interrogativos\/el-pronombre-pronombres-posesivos\/el-adverbio-formaci%C3%B3n-y-uso\/el-verbo-grupos-verbales\/el-verbo-presente-1%C2%BA-grupo\/el-verbo-presente-2%C2%BA-grupo\/el-verbo-pass%C3%A9-compos%C3%A9-generalidades-y-uso\/el-verbo-los-10-verbos-b%C3%A1sicos\/el-verbo-pass%C3%A9-compos%C3%A9-con-avoir\/el-verbo-pass%C3%A9-compos%C3%A9-con-%C3%AAtre\/el-verbo-pass%C3%A9-compos%C3%A9-negativa-y-pronombres\/el-verbo-pass%C3%A9-compos%C3%A9-ejercicios\/el-verbo-la-regla-m%C3%A1s-est%C3%BApida-del-franc%C3%A9s\/el-verbo-plus-que-parfait\/el-verbo-futuro\/el-verbo-imperfecto\/ejer-el-verbo-futuro\/el-verbo-condicional\/el-verbo-tiempos-compuestos\/el-verbo-subjuntivo\/el-verbo-subjuntivo2\/el-verbo-imperativo\/el-verbo-per%C3%ADfrasis-verbales\/el-verbo-participio-pasado\/el-verbo-gerundio\/la-frase-orden-de-las-palabras\/la-frase-la-frase-comparativa\/la-frase-la-frase-superlativa\/la-frase-la-frase-pasiva\/la-frase-la-frase-condicional\/la-frase-conectores\/la-frase-expresi%C3%B3n-de-la-causa\/la-frase-expresi%C3%B3n-de-la-consecuancia\/la-frase-expresi%C3%B3n-de-la-oposici%C3%B3n\/la-frase-discurso-indirecto\/fon%C3%A9tica-francesa\/vocales-nasales\/<\/a><\/li>\n<li>Vocales Nasales en Franc\u00e9s &#8211; YouTube<br \/>\n<a href=\"https:\/\/www.youtube.com\/watch?v=FbaY3AGPlDo\" class=\"autohyperlink\">www.youtube.com\/watch?v=FbaY3AGPlDo<\/a><\/li>\n<li>Las Vocales Nasales en Franc\u00e9s: Pronunciaci\u00f3n \/ Curso de Pronunciaci\u00f3n Franc\u00e9s &#8211; YouTube<br \/>\n<a href=\"https:\/\/www.youtube.com\/watch?v=HL3xMGL2kQw\" class=\"autohyperlink\">www.youtube.com\/watch?v=HL3xMGL2kQw<\/a><\/li>\n<li>Los sonidos [\u0254\u0303], [\u0251\u0303] y [\u025b\u0303] &#8211; Parlons fran\u00e7ais, c&#8217;est facile !<br \/>\n<a href=\"https:\/\/parlons-francais.tv5monde.com\/Webdocs-para-aprender-frances\/Fichas\/Phonetique\/p-285-lg2-Les-sons--et-.htm\" class=\"autohyperlink\">parlons-francais.tv5monde.com\/Webdocs-para-aprender-frances\/Fichas\/Phonetique\/p-285-lg2-Les-sons&#8211;et-.htm<\/a><\/li>\n<li>Aprender franc\u00e9s gratis. Vocales Nasales &#8211; YouTube<br \/>\n<a href=\"https:\/\/www.youtube.com\/watch?v=W9o049a7dIs\" class=\"autohyperlink\">www.youtube.com\/watch?v=W9o049a7dIs<\/a><\/li>\n<li>\u00bfC\u00d3MO PRONUNCIAR LAS VOCALES NASALES EN FRANC\u00c9S? M\u00e9todo para Hablar Franc\u00e9s F\u00e1cil &#8211; YouTube<br \/>\n<a href=\"https:\/\/www.youtube.com\/watch?v=5KN6HdJgESo\" class=\"autohyperlink\">www.youtube.com\/watch?v=5KN6HdJgESo<\/a><\/li>\n<li><strong>PRONUNCIACI\u00d3N<\/strong> &#8211; autres<\/li>\n<li>Fon\u00e9tica francesa y diptongos : la pronunciaci\u00f3n francesa y sus secretos<br \/>\n<a href=\"https:\/\/leccionfrancesfacil.com\/pronunciacion\/pronunciacion-frances\" class=\"autohyperlink\">leccionfrancesfacil.com\/pronunciacion\/pronunciacion-frances<\/a><\/li>\n<li><strong>GRAM\u00c1TICA &#8211; pronoms personnels<\/strong><\/li>\n<li>Los pronombres personales en franc\u00e9s<br \/>\n<a href=\"https:\/\/francais.lingolia.com\/es\/gramatica\/pronombres-determinantes\/pronombres-personales\" class=\"autohyperlink\">francais.lingolia.com\/es\/gramatica\/pronombres-determinantes\/pronombres-personales<\/a><\/li>\n<li>Pronombres personales en franc\u00e9s : lista completa + pronunciaci\u00f3n<br \/>\n<a href=\"https:\/\/leccionfrancesfacil.com\/gramatica\/pronombres-personales\" class=\"autohyperlink\">leccionfrancesfacil.com\/gramatica\/pronombres-personales<\/a><\/li>\n<li>Los Pronombres en Franc\u00e9s<br \/>\n<a href=\"https:\/\/www.francessencillo.com\/pronombres\" class=\"autohyperlink\">www.francessencillo.com\/pronombres<\/a><\/li>\n<li>Pronombres personales en franc\u00e9s<br \/>\n<a href=\"https:\/\/www.enfolang.com\/gramatica\/frances\/pronombres-personales-frances.html\" class=\"autohyperlink\">www.enfolang.com\/gramatica\/frances\/pronombres-personales-frances.html<\/a><\/li>\n<li>LOS PRONOMBRES PERSONALES EN FRANC\u00c9S | El Hex\u00e1gono<br \/>\n<a href=\"https:\/\/elhexagono.net\/2016\/07\/01\/los-pronombres-personales-en-frances\/\" class=\"autohyperlink\">elhexagono.net\/2016\/07\/01\/los-pronombres-personales-en-frances\/<\/a><\/li>\n<li><strong>GRAMATICA &#8211; en \/ y<\/strong><\/li>\n<li>El pronombre EN \/ Y &#8211; Le pronom EN \/ Y &#8211; sjbfrances<br \/>\n<a href=\"https:\/\/www.sjbfrances.com\/franc%C3%A9s\/gram%C3%A1tica-francesa\/el-pronombre-en-y\/\" class=\"autohyperlink\">www.sjbfrances.com\/franc%C3%A9s\/gram%C3%A1tica-francesa\/el-pronombre-en-y\/<\/a><\/li>\n<li>Los pronombres \u201cen\u201d e \u201cy\u201d en franc\u00e9s &#8211; Elblogdeidiomas.es<br \/>\n<a href=\"https:\/\/elblogdeidiomas.es\/los-pronombres-en-e-y-en-frances\/\" class=\"autohyperlink\">elblogdeidiomas.es\/los-pronombres-en-e-y-en-frances\/<\/a><\/li>\n<li>El pronombre y | Frantastique<br \/>\n<a href=\"https:\/\/www.gymglish.com\/es\/frantastique\/gramatica-frances\/el-pronombre-y\" class=\"autohyperlink\">www.gymglish.com\/es\/frantastique\/gramatica-frances\/el-pronombre-y<\/a><\/li>\n<li>Pronombre Y en Frances &#8211; YouTube<br \/>\n<a href=\"https:\/\/www.youtube.com\/watch?v=2s-diEz7OGk\" class=\"autohyperlink\">www.youtube.com\/watch?v=2s-diEz7OGk<\/a><\/li>\n<li>El pronombre en | Frantastique<br \/>\n<a href=\"https:\/\/www.gymglish.com\/es\/frantastique\/gramatica-frances\/el-pronombre-en\" class=\"autohyperlink\">www.gymglish.com\/es\/frantastique\/gramatica-frances\/el-pronombre-en<\/a><\/li>\n<li>Pronombre EN en frances &#8211; Aprender frances facilmente con OhlalaLingua &#8211; YouTube<br \/>\n<a href=\"https:\/\/www.youtube.com\/watch?v=gBZ-Ga38s2Q\" class=\"autohyperlink\">www.youtube.com\/watch?v=gBZ-Ga38s2Q<\/a><\/li>\n<li>C\u00f3mo usar el pronombre \u201cen\u201d en franc\u00e9s &#8211; La vie en fran\u00e7ais<br \/>\n<a href=\"https:\/\/la-vie-en-francais.com\/es\/como-usar-el-pronombre-en-en-frances\/\" class=\"autohyperlink\">la-vie-en-francais.com\/es\/como-usar-el-pronombre-en-en-frances\/<\/a><\/li>\n<li>Los pronombres adverbiales en franc\u00e9s: y, en<br \/>\n<a href=\"https:\/\/francais.lingolia.com\/es\/gramatica\/pronombres-determinantes\/pronombres-adverbiales\" class=\"autohyperlink\">francais.lingolia.com\/es\/gramatica\/pronombres-determinantes\/pronombres-adverbiales<\/a><\/li>\n<\/ul>\n","protected":false},"excerpt":{"rendered":"<p>GENERALIDADES Tres dificultades en espa\u00f1ol para alumnos franc\u00f3fonos \u2013 Librer\u00eda Las Am\u00e9ricas: Blog blog.lasamericas.ca\/tres-dificultades-en-espanol-para-alumnos-francofonos\/ El idioma espa\u00f1ol para los franceses &#8211; Elblogdeidiomas.es elblogdeidiomas.es\/el-idioma-espanol-para-los-franceses\/ Espa\u00f1ol para Franceses, \u00a1Mi curso online pensado para ti! <a href=\"http:\/\/profesoraespanol.com\/es\/espanol-para-franceses\/\" class=\"autohyperlink\">profesoraespanol.com\/es\/espanol-para-franceses\/<\/a> Errores gramaticales persistentes en la interlengua de estudiantes franc\u00f3fonos de ELE de nivel superior | marcoELE <a href=\"http:\/\/marcoele.com\/errores-gramaticales-en-francofonos\/\" class=\"autohyperlink\">marcoele.com\/errores-gramaticales-en-francofonos\/<\/a><\/p>\n","protected":false},"author":1,"featured_media":0,"parent":0,"menu_order":0,"comment_status":"closed","ping_status":"closed","template":"","meta":{"iawp_total_views":302,"footnotes":"","_wp_rev_ctl_limit":""},"class_list":["post-16532","page","type-page","status-publish","hentry"],"publishpress_future_action":{"enabled":false,"date":"2026-05-04 05:47:30","action":"change-status","newStatus":"draft","terms":[],"taxonomy":"","extraData":[]},"publishpress_future_workflow_manual_trigger":{"enabledWorkflows":[]},"_links":{"self":[{"href":"https:\/\/hlrnet.com\/sites\/alt164\/wp-json\/wp\/v2\/pages\/16532","targetHints":{"allow":["GET"]}}],"collection":[{"href":"https:\/\/hlrnet.com\/sites\/alt164\/wp-json\/wp\/v2\/pages"}],"about":[{"href":"https:\/\/hlrnet.com\/sites\/alt164\/wp-json\/wp\/v2\/types\/page"}],"author":[{"embeddable":true,"href":"https:\/\/hlrnet.com\/sites\/alt164\/wp-json\/wp\/v2\/users\/1"}],"replies":[{"embeddable":true,"href":"https:\/\/hlrnet.com\/sites\/alt164\/wp-json\/wp\/v2\/comments?post=16532"}],"version-history":[{"count":0,"href":"https:\/\/hlrnet.com\/sites\/alt164\/wp-json\/wp\/v2\/pages\/16532\/revisions"}],"wp:attachment":[{"href":"https:\/\/hlrnet.com\/sites\/alt164\/wp-json\/wp\/v2\/media?parent=16532"}],"curies":[{"name":"wp","href":"https:\/\/api.w.org\/{rel}","templated":true}]}}