{"id":16531,"date":"2021-07-05T12:35:36","date_gmt":"2021-07-05T12:35:36","guid":{"rendered":"https:\/\/hlrnet.com\/sites\/alt164\/?page_id=16531"},"modified":"2022-04-30T07:21:28","modified_gmt":"2022-04-30T07:21:28","slug":"problemas-de-espanol-para-angloparlantes","status":"publish","type":"page","link":"https:\/\/hlrnet.com\/sites\/alt164\/problemas-de-espanol-para-angloparlantes\/","title":{"rendered":"Problemas de espa\u00f1ol para angloparlantes"},"content":{"rendered":"<ul>\n<li>Dificultades de la lengua espa\u00f1ola para hablantes de ingl\u00e9s<br \/>\n<a href=\"https:\/\/revistadigital.inesem.es\/idiomas\/dificultades-del-espanol-para-angloparlantes\/\" class=\"autohyperlink\">revistadigital.inesem.es\/idiomas\/dificultades-del-espanol-para-angloparlantes\/<\/a><\/li>\n<li>DIFICULTADES DEL ESPA\u00d1OL PARA HABLANTES DE ITALIANO E INGL\u00c9S by Alejandro Carmona Garc\u00eda<br \/>\n<a href=\"https:\/\/prezi.com\/og1ivs51xqsp\/dificultades-del-espanol-para-hablantes-de-italiano-e-ingles\/\" class=\"autohyperlink\">prezi.com\/og1ivs51xqsp\/dificultades-del-espanol-para-hablantes-de-italiano-e-ingles\/<\/a><\/li>\n<li>\u00bfCu\u00e1les son las dificultades para aprender espa\u00f1ol de una persona que habla ingl\u00e9s? &#8211; Quora<br \/>\n<a href=\"https:\/\/es.quora.com\/Cu%C3%A1les-son-las-dificultades-para-aprender-espa%C3%B1ol-de-una-persona-que-habla-ingl%C3%A9s\" class=\"autohyperlink\">es.quora.com\/Cu%C3%A1les-son-las-dificultades-para-aprender-espa%C3%B1ol-de-una-persona-que-habla-ingl%C3%A9s<\/a><\/li>\n<li>Problemas frecuentes de traducci\u00f3n del ingl\u00e9s al espa\u00f1ol en la redacci\u00f3n m\u00e9dica<br \/>\n<a href=\"https:\/\/scielo.sld.cu\/scielo.php?script=sci_arttext&#038;pid=S1729-519X2018000100015\" class=\"autohyperlink\">scielo.sld.cu\/scielo.php?script=sci_arttext&#038;pid=S1729-519X2018000100015<\/a><\/li>\n<li>Problemas de comunicaci\u00f3n en ingl\u00e9s &#8211; <a href=\"http:\/\/Ringteacher.com\" class=\"autohyperlink\">Ringteacher.com<\/a><br \/>\n<a href=\"https:\/\/www.ringteacher.com\/blog\/problemas-de-comunicacion\/\" class=\"autohyperlink\">www.ringteacher.com\/blog\/problemas-de-comunicacion\/<\/a><\/li>\n<\/ul>\n","protected":false},"excerpt":{"rendered":"<p>Dificultades de la lengua espa\u00f1ola para hablantes de ingl\u00e9s revistadigital.inesem.es\/idiomas\/dificultades-del-espanol-para-angloparlantes\/ DIFICULTADES DEL ESPA\u00d1OL PARA HABLANTES DE ITALIANO E INGL\u00c9S by Alejandro Carmona Garc\u00eda <a href=\"http:\/\/prezi.com\/og1ivs51xqsp\/dificultades-del-espanol-para-hablantes-de-italiano-e-ingles\/\" class=\"autohyperlink\">prezi.com\/og1ivs51xqsp\/dificultades-del-espanol-para-hablantes-de-italiano-e-ingles\/<\/a> \u00bfCu\u00e1les son las dificultades para aprender espa\u00f1ol de una persona que habla ingl\u00e9s? &#8211; Quora <a href=\"http:\/\/es.quora.com\/Cu%C3%A1les-son-las-dificultades-para-aprender-espa%C3%B1ol-de-una-persona-que-habla-ingl%C3%A9s\" class=\"autohyperlink\">es.quora.com\/Cu%C3%A1les-son-las-dificultades-para-aprender-espa%C3%B1ol-de-una-persona-que-habla-ingl%C3%A9s<\/a> Problemas frecuentes de traducci\u00f3n del ingl\u00e9s al espa\u00f1ol en la<\/p>\n","protected":false},"author":1,"featured_media":0,"parent":0,"menu_order":0,"comment_status":"closed","ping_status":"closed","template":"","meta":{"iawp_total_views":9,"footnotes":"","_wp_rev_ctl_limit":""},"class_list":["post-16531","page","type-page","status-publish","hentry"],"publishpress_future_action":{"enabled":false,"date":"2026-05-04 04:24:56","action":"change-status","newStatus":"draft","terms":[],"taxonomy":"","extraData":[]},"publishpress_future_workflow_manual_trigger":{"enabledWorkflows":[]},"_links":{"self":[{"href":"https:\/\/hlrnet.com\/sites\/alt164\/wp-json\/wp\/v2\/pages\/16531","targetHints":{"allow":["GET"]}}],"collection":[{"href":"https:\/\/hlrnet.com\/sites\/alt164\/wp-json\/wp\/v2\/pages"}],"about":[{"href":"https:\/\/hlrnet.com\/sites\/alt164\/wp-json\/wp\/v2\/types\/page"}],"author":[{"embeddable":true,"href":"https:\/\/hlrnet.com\/sites\/alt164\/wp-json\/wp\/v2\/users\/1"}],"replies":[{"embeddable":true,"href":"https:\/\/hlrnet.com\/sites\/alt164\/wp-json\/wp\/v2\/comments?post=16531"}],"version-history":[{"count":0,"href":"https:\/\/hlrnet.com\/sites\/alt164\/wp-json\/wp\/v2\/pages\/16531\/revisions"}],"wp:attachment":[{"href":"https:\/\/hlrnet.com\/sites\/alt164\/wp-json\/wp\/v2\/media?parent=16531"}],"curies":[{"name":"wp","href":"https:\/\/api.w.org\/{rel}","templated":true}]}}