{"id":16526,"date":"2021-07-03T20:24:42","date_gmt":"2021-07-03T20:24:42","guid":{"rendered":"https:\/\/hlrnet.com\/sites\/alt164\/?page_id=16526"},"modified":"2025-10-13T13:25:30","modified_gmt":"2025-10-13T13:25:30","slug":"problemas-de-ingles-para-hispanohablantes","status":"publish","type":"page","link":"https:\/\/hlrnet.com\/sites\/alt164\/problemas-de-ingles-para-hispanohablantes\/","title":{"rendered":"Problemas de ingl\u00e9s para hispanohablantes"},"content":{"rendered":"<p>General<\/p>\n<ul>\n<li>5 consejos para superar las dificultades que te impiden aprender ingl\u00e9s<br \/>\n<a href=\"https:\/\/www.themarkethink.com\/mercadotecnia\/5-consejos-para-superar-las-dificultades-que-te-impiden-aprender-ingles\/\" class=\"autohyperlink\">www.themarkethink.com\/mercadotecnia\/5-consejos-para-superar-las-dificultades-que-te-impiden-aprender-ingles\/<\/a><\/li>\n<li>La Dificultad del Ingl\u00e9s<br \/>\n<a href=\"https:\/\/www.inglessencillo.com\/dificultad-del-ingles\" class=\"autohyperlink\">www.inglessencillo.com\/dificultad-del-ingles<\/a><\/li>\n<li>10 problemas t\u00edpicos al aprender ingl\u00e9s | Academia de ingl\u00e9s en Madrid<br \/>\n<a href=\"https:\/\/www.thegreenmonkey.es\/vallehermoso\/10-problemas-tipicos-al-aprender-ingles\/\" class=\"autohyperlink\">www.thegreenmonkey.es\/vallehermoso\/10-problemas-tipicos-al-aprender-ingles\/<\/a><\/li>\n<li>C\u00f3mo superar las dificultades para hablar ingl\u00e9s | English Ninjas<br \/>\n<a href=\"https:\/\/englishninjas.com\/blog\/es\/como-superar-las-dificultades-para-hablar-ingles\/\" class=\"autohyperlink\">englishninjas.com\/blog\/es\/como-superar-las-dificultades-para-hablar-ingles\/<\/a><\/li>\n<li>Ocho Dificultades del Ingl\u00e9s B\u00e1sico \u00bfTe Enfrentas Ahora?<br \/>\n<a href=\"https:\/\/www.infoidiomas.com\/blog\/10454\/dificultades-del-ingles-basico\/\" class=\"autohyperlink\">www.infoidiomas.com\/blog\/10454\/dificultades-del-ingles-basico\/<\/a><\/li>\n<li>Dificultades de los espa\u00f1oles para aprender ingl\u00e9s | Idiomas<br \/>\n<a href=\"https:\/\/format-e.es\/dificultades-aprender-ingles\/\" class=\"autohyperlink\">format-e.es\/dificultades-aprender-ingles\/<\/a><\/li>\n<li>Superando las dificultades para aprender ingl\u00e9s | British Council<br \/>\n<a href=\"https:\/\/www.britishcouncil.org.mx\/blog\/superando-dificultades-aprender-ingles\" class=\"autohyperlink\">www.britishcouncil.org.mx\/blog\/superando-dificultades-aprender-ingles<\/a><\/li>\n<li>Problemas para aprender ingles que los espa\u00f1oles nos encontramos &#8211; El blog de Tusclasesparticulares<br \/>\n<a href=\"https:\/\/www.tusclasesparticulares.com\/blog\/problemas-aprender-ingles-espanoles-nos-encontramos\" class=\"autohyperlink\">www.tusclasesparticulares.com\/blog\/problemas-aprender-ingles-espanoles-nos-encontramos<\/a><\/li>\n<\/ul>\n<p>Fon\u00e9tica<\/p>\n<ul>\n<li>La Pronunciaci\u00f3n en Ingl\u00e9s Un Problema Para los Hispanohablantes | A London<br \/>\n<a href=\"https:\/\/a-london.com\/la-pronunciacion-en-ingles-uno-de-los-principales-problemas-para-los-hispanohablantes\/\" class=\"autohyperlink\">a-london.com\/la-pronunciacion-en-ingles-uno-de-los-principales-problemas-para-los-hispanohablantes\/<\/a><\/li>\n<li>\u00bfPor qu\u00e9 los estudiantes de Ingl\u00e9s de habla hispana tienen dificultades de Pronunciaci\u00f3n? | Carole Brown Idiomas<br \/>\n<a href=\"https:\/\/carolebrownidiomas.com\/blog\/por-que-los-estudiantes-de-ingles-de-habla-hispana-tienen-dificultades-de-pronunciacion\/\" class=\"autohyperlink\">carolebrownidiomas.com\/blog\/por-que-los-estudiantes-de-ingles-de-habla-hispana-tienen-dificultades-de-pronunciacion\/<\/a><\/li>\n<li>Principales dificultades de la pronunciaci\u00f3n en ingl\u00e9s &#8211; Mercurio Ateneo<br \/>\n<a href=\"https:\/\/blogmercurioateneo.es\/principales-dificultades-de-la-pronunciacion-en-ingles\/\" class=\"autohyperlink\">blogmercurioateneo.es\/principales-dificultades-de-la-pronunciacion-en-ingles\/<\/a><\/li>\n<li>\u00bfPor qu\u00e9 nos cuesta tanto pronunciar bien el ingl\u00e9s? | <a href=\"http:\/\/Nativos.org\" class=\"autohyperlink\">Nativos.org<\/a><br \/>\n<a href=\"https:\/\/www.nativos.org\/pronunciar-bien-el-ingles\/\" class=\"autohyperlink\">www.nativos.org\/pronunciar-bien-el-ingles\/<\/a><\/li>\n<\/ul>\n<p>L\u00e9xico y falsos amigos<\/p>\n<ul>\n<li>Errores m\u00e1s comunes de los hispanohablantes al hablar ingl\u00e9s<br \/>\n<a href=\"https:\/\/fastphrases.com\/blog\/errores-mas-comunes-de-los-hispanohablantes-al-hablar-ingles\/?l=es\" class=\"autohyperlink\">fastphrases.com\/blog\/errores-mas-comunes-de-los-hispanohablantes-al-hablar-ingles\/?l=es<\/a><\/li>\n<li>10 False Friends in English and Spanish [Infographic] | Oxford House Barcelona<br \/>\n<a href=\"https:\/\/oxfordhousebcn.com\/en\/10-false-friends-in-english-and-spanish\/\" class=\"autohyperlink\">oxfordhousebcn.com\/en\/10-false-friends-in-english-and-spanish\/<\/a><\/li>\n<li>10 Spanish-English false friends you should know | Speakeasy<br \/>\n<a href=\"https:\/\/www.speakeasybcn.com\/en\/blog\/10-spanish-english-false-friends-you-should-know\" class=\"autohyperlink\">www.speakeasybcn.com\/en\/blog\/10-spanish-english-false-friends-you-should-know<\/a><\/li>\n<li>20 Surprising Spanish-English False Friends Everyone Falls For | FluentU Spanish<br \/>\n<a href=\"https:\/\/www.fluentu.com\/blog\/spanish\/spanish-english-false-friends-cognates\/\" class=\"autohyperlink\">www.fluentu.com\/blog\/spanish\/spanish-english-false-friends-cognates\/<\/a><\/li>\n<li>False Friends and Common Mixups in Spanish &#8211; Chatterblog<br \/>\n<a href=\"https:\/\/blog.chatterbug.com\/en\/false-friends-and-common-mixups-in-spanish\/\" class=\"autohyperlink\">blog.chatterbug.com\/en\/false-friends-and-common-mixups-in-spanish\/<\/a><\/li>\n<li>Falsos amigos &#8211; Spanish False Friends &#8211; Lawless Spanish Vocabulary<br \/>\n<a href=\"https:\/\/www.lawlessspanish.com\/vocabulary\/falsos-amigos\/\" class=\"autohyperlink\">www.lawlessspanish.com\/vocabulary\/falsos-amigos\/<\/a><\/li>\n<li>False Friends: Spanish-English &#8211; The Complete List<br \/>\n<a href=\"https:\/\/letsspeakspanish.com\/blog\/false-friends-spanish-english\/\" class=\"autohyperlink\">letsspeakspanish.com\/blog\/false-friends-spanish-english\/<\/a><\/li>\n<li>50 Spanish \u2013 English false friend words | Academia ingl\u00e9s Valencia | Cursos de Ingl\u00e9s en Valencia<br \/>\n<a href=\"https:\/\/www.regenbig.es\/50-spanish-english-false-friends-words\/\" class=\"autohyperlink\">www.regenbig.es\/50-spanish-english-false-friends-words\/<\/a><\/li>\n<li>Spanish False Friends in English | Happy Languages<br \/>\n<a href=\"https:\/\/happylanguages.co.uk\/lesson\/spanish-false-friends\/\" class=\"autohyperlink\">happylanguages.co.uk\/lesson\/spanish-false-friends\/<\/a><\/li>\n<li>False Friends: Spanish-English &#8211; The Complete List<br \/>\n<a href=\"https:\/\/letsspeakspanish.com\/blog\/false-friends-spanish-english\/\" class=\"autohyperlink\">letsspeakspanish.com\/blog\/false-friends-spanish-english\/<\/a><\/li>\n<li>False friends: Spanish\/English false cognates &#8211; Learn More Than Spanish<br \/>\n<a href=\"https:\/\/learnmorethanspanish.com\/blog\/false-friends-spanish-english-false-cognates\/\" class=\"autohyperlink\">learnmorethanspanish.com\/blog\/false-friends-spanish-english-false-cognates\/<\/a><\/li>\n<li>False Friends and cognates: not really the same in Spanish &#8211; TANDEM Madrid<br \/>\n<a href=\"https:\/\/www.tandemmadrid.com\/spanish-online\/lessons\/false-friends-cognates\/\" class=\"autohyperlink\">www.tandemmadrid.com\/spanish-online\/lessons\/false-friends-cognates\/<\/a><\/li>\n<li>Appendix:False friends between English and Spanish &#8211; Wiktionary<br \/>\n<a href=\"https:\/\/en.wiktionary.org\/wiki\/Appendix:False_friends_between_English_and_Spanish\" class=\"autohyperlink\">en.wiktionary.org\/wiki\/Appendix:False_friends_between_English_and_Spanish<\/a><\/li>\n<li>Falsos amigos en la clase de espa\u00f1ol: m\u00e1s amigos que falsos &#8211; Formaci\u00f3n ELE<br \/>\n<a href=\"https:\/\/formacionele.com\/falsos-amigos-en-la-clase-de-espanol\/\" class=\"autohyperlink\">formacionele.com\/falsos-amigos-en-la-clase-de-espanol\/<\/a><\/li>\n<li>Lista de los principales False Friends en ingl\u00e9s | What&#8217;s Up<br \/>\n<a href=\"https:\/\/whatsup.es\/blog\/lista-de-los-principales-false-friends-en-ingles\" class=\"autohyperlink\">whatsup.es\/blog\/lista-de-los-principales-false-friends-en-ingles<\/a><\/li>\n<li>Falsos amigos &#8211; Spanish False Friends &#8211; Lawless Spanish Vocabulary<br \/>\n<a href=\"https:\/\/www.lawlessspanish.com\/vocabulary\/falsos-amigos\/\" class=\"autohyperlink\">www.lawlessspanish.com\/vocabulary\/falsos-amigos\/<\/a><\/li>\n<li>Diccionario Falsos Amigos Ingl\u00e9s-Espa\u00f1ol para estudiantes o profesionales<br \/>\n<a href=\"https:\/\/www.falsosamigos.org\/\" class=\"autohyperlink\">www.falsosamigos.org\/<\/a><\/li>\n<li>False friends: 20 ejemplos de palabras en ingl\u00e9s que no son lo que parecen \u2013 Be Brit\u00e1nico<br \/>\n<a href=\"https:\/\/britanico.edu.pe\/be-britanico\/false-friends-en-ingles-ejemplos\/\" class=\"autohyperlink\">britanico.edu.pe\/be-britanico\/false-friends-en-ingles-ejemplos\/<\/a><\/li>\n<li>False Friends | British Council<br \/>\n<a href=\"https:\/\/www.britishcouncil.es\/blog\/false-friends\" class=\"autohyperlink\">www.britishcouncil.es\/blog\/false-friends<\/a><\/li>\n<li>Lista de falsos amigos entre ingl\u00e9s y espa\u00f1ol<br \/>\n<a href=\"https:\/\/es.babbel.com\/es\/magazine\/falsos-amigos-en-ingles\" class=\"autohyperlink\">es.babbel.com\/es\/magazine\/falsos-amigos-en-ingles<\/a><\/li>\n<\/ul>\n<p>Morfolog\u00eda y sintaxis<\/p>\n<ul>\n<li>Los 5 errores m\u00e1s comunes de los hispanohablantes al hablar en ingl\u00e9s &#8211; BBC News Mundo<br \/>\n<a href=\"https:\/\/www.bbc.com\/mundo\/media-41327460\" class=\"autohyperlink\">www.bbc.com\/mundo\/media-41327460<\/a><\/li>\n<li>Problemas que enfrentan los hispanohblantes al aprender Ingl\u00e9s<br \/>\n<a href=\"https:\/\/www.tusclasesparticulares.cl\/blog\/problemas-enfrentan-hispanohblantes-aprender-ingles\" class=\"autohyperlink\">www.tusclasesparticulares.cl\/blog\/problemas-enfrentan-hispanohblantes-aprender-ingles<\/a><\/li>\n<li>Los errores m\u00e1s frecuentes de los hispanohablantes al hablar ingl\u00e9s | A London<br \/>\n<a href=\"https:\/\/a-london.com\/errores-hispanohablantes-hablar-ingles\/\" class=\"autohyperlink\">a-london.com\/errores-hispanohablantes-hablar-ingles\/<\/a><\/li>\n<li>Errores m\u00e1s comunes de hispanohablantes en ingl\u00e9s<br \/>\n<a href=\"https:\/\/salondeidiomas.es\/errores-mas-comunes-de-hispanohablantes-en-ingles\/\" class=\"autohyperlink\">salondeidiomas.es\/errores-mas-comunes-de-hispanohablantes-en-ingles\/<\/a><\/li>\n<li>Los 10 errores m\u00e1s comunes que cometemos los hispanohablantes al hablar ingl\u00e9s \u2013 yesynergy<br \/>\n<a href=\"https:\/\/www.yesynergy.com\/los-10-errores-mas-comunes-que-cometemos-los-hispanohablantes-al-hablar-ingles\/\" class=\"autohyperlink\">www.yesynergy.com\/los-10-errores-mas-comunes-que-cometemos-los-hispanohablantes-al-hablar-ingles\/<\/a><\/li>\n<li>10 problemas t\u00edpicos al aprender ingl\u00e9s | Academia de ingl\u00e9s en Madrid<br \/>\n<a href=\"https:\/\/www.thegreenmonkey.es\/vallehermoso\/10-problemas-tipicos-al-aprender-ingles\/\" class=\"autohyperlink\">www.thegreenmonkey.es\/vallehermoso\/10-problemas-tipicos-al-aprender-ingles\/<\/a><\/li>\n<li>Los errores m\u00e1s comunes al comunicarse en ingl\u00e9s<br \/>\n<a href=\"https:\/\/www.universia.net\/mx\/actualidad\/orientacion-academica\/errores-mas-comunes-comunicarse-ingles-1141085.html\" class=\"autohyperlink\">www.universia.net\/mx\/actualidad\/orientacion-academica\/errores-mas-comunes-comunicarse-ingles-1141085.html<\/a><\/li>\n<li>8 razones por las que tienes problemas para aprender ingl\u00e9s<br \/>\n<a href=\"https:\/\/blog.wse.edu.co\/blog\/problemas-para-aprender-ingles\" class=\"autohyperlink\">blog.wse.edu.co\/blog\/problemas-para-aprender-ingles<\/a><\/li>\n<\/ul>\n","protected":false},"excerpt":{"rendered":"<p>General 5 consejos para superar las dificultades que te impiden aprender ingl\u00e9s <a href=\"http:\/\/www.themarkethink.com\/mercadotecnia\/5-consejos-para-superar-las-dificultades-que-te-impiden-aprender-ingles\/\" class=\"autohyperlink\">www.themarkethink.com\/mercadotecnia\/5-consejos-para-superar-las-dificultades-que-te-impiden-aprender-ingles\/<\/a> La Dificultad del Ingl\u00e9s <a href=\"http:\/\/www.inglessencillo.com\/dificultad-del-ingles\" class=\"autohyperlink\">www.inglessencillo.com\/dificultad-del-ingles<\/a> 10 problemas t\u00edpicos al aprender ingl\u00e9s | Academia de ingl\u00e9s en Madrid www.thegreenmonkey.es\/vallehermoso\/10-problemas-tipicos-al-aprender-ingles\/ C\u00f3mo superar las dificultades para hablar ingl\u00e9s | English Ninjas <a href=\"http:\/\/englishninjas.com\/blog\/es\/como-superar-las-dificultades-para-hablar-ingles\/\" class=\"autohyperlink\">englishninjas.com\/blog\/es\/como-superar-las-dificultades-para-hablar-ingles\/<\/a> Ocho Dificultades del Ingl\u00e9s B\u00e1sico \u00bfTe Enfrentas Ahora?<\/p>\n","protected":false},"author":1,"featured_media":0,"parent":0,"menu_order":0,"comment_status":"closed","ping_status":"closed","template":"","meta":{"iawp_total_views":9,"footnotes":"","_wp_rev_ctl_limit":""},"class_list":["post-16526","page","type-page","status-publish","hentry"],"publishpress_future_action":{"enabled":false,"date":"2026-05-03 23:49:26","action":"change-status","newStatus":"draft","terms":[],"taxonomy":"","extraData":[]},"publishpress_future_workflow_manual_trigger":{"enabledWorkflows":[]},"_links":{"self":[{"href":"https:\/\/hlrnet.com\/sites\/alt164\/wp-json\/wp\/v2\/pages\/16526","targetHints":{"allow":["GET"]}}],"collection":[{"href":"https:\/\/hlrnet.com\/sites\/alt164\/wp-json\/wp\/v2\/pages"}],"about":[{"href":"https:\/\/hlrnet.com\/sites\/alt164\/wp-json\/wp\/v2\/types\/page"}],"author":[{"embeddable":true,"href":"https:\/\/hlrnet.com\/sites\/alt164\/wp-json\/wp\/v2\/users\/1"}],"replies":[{"embeddable":true,"href":"https:\/\/hlrnet.com\/sites\/alt164\/wp-json\/wp\/v2\/comments?post=16526"}],"version-history":[{"count":2,"href":"https:\/\/hlrnet.com\/sites\/alt164\/wp-json\/wp\/v2\/pages\/16526\/revisions"}],"predecessor-version":[{"id":26993,"href":"https:\/\/hlrnet.com\/sites\/alt164\/wp-json\/wp\/v2\/pages\/16526\/revisions\/26993"}],"wp:attachment":[{"href":"https:\/\/hlrnet.com\/sites\/alt164\/wp-json\/wp\/v2\/media?parent=16526"}],"curies":[{"name":"wp","href":"https:\/\/api.w.org\/{rel}","templated":true}]}}