{"id":15319,"date":"2020-10-25T12:47:03","date_gmt":"2020-10-25T12:47:03","guid":{"rendered":"https:\/\/hlrnet.com\/sites\/alt164\/?page_id=15319"},"modified":"2026-01-05T11:23:01","modified_gmt":"2026-01-05T11:23:01","slug":"aprender-el-espanol-sin-manual","status":"publish","type":"page","link":"https:\/\/hlrnet.com\/sites\/alt164\/aprender-el-espanol-sin-manual\/","title":{"rendered":"Aprender el espa\u00f1ol sin manual"},"content":{"rendered":"<div class=\"entry-content clearfix\">\n<p>Direcci\u00f3n corta: <strong><a href=\"https:\/\/tinyurl.com\/sin-manual\" class=\"autohyperlink\">tinyurl.com\/sin-manual<\/a><\/strong><\/p>\n<p>Una pista para aprender el espa\u00f1ol sin manual. Empezamos por un nivel A1(+)<\/p>\n<ol>\n<li><a href=\"https:\/\/www.youtube.com\/watch?v=Bj-fAlHK2rM\">Hola, \u00bfqu\u00e9 tal?<\/a> (YT \u2013 NEEM A1)\n<ol>\n<li><a href=\"https:\/\/www.youtube.com\/watch?v=YqAY5RyV-Zg\">Primera clase de espa\u00f1ol<\/a> (YT \u2013 VideoELE A1)<\/li>\n<li><a href=\"http:\/\/hlrnet.com\/ej\/ele1m1saludarsetexto.htm\">Saludar \u2013 texto<\/a> (hlrnet)<\/li>\n<li><a href=\"http:\/\/hlrnet.com\/ej\/elem1saludosordenar.htm\">Saludos \u2013 ordenar<\/a> (hlrnet)<\/li>\n<li><a href=\"http:\/\/espanol.browning.edu\/contenido\/el-alfabeto\">El alfabeto<\/a><\/li>\n<li><a href=\"https:\/\/www.esfacil.eu\/nl\/grammatica\/13-het-spaanse-alfabet.html\">Het Spaanse alfabet (esfacil.eu)<\/a><\/li>\n<li><a href=\"https:\/\/www.youtube.com\/watch?v=rZmILqy0gGQ\">Pronunciaci\u00f3n \u2013 personajes<\/a> (YT \u2013 VideoELE A1)<\/li>\n<li><a href=\"https:\/\/www.youtube.com\/watch?v=weR8swjYNRs&amp;list=PL29747CBC28F65045&amp;index=5\">\u00bfC\u00f3mo se llama?<\/a> (YT \u2013 VideoELE A1)<\/li>\n<li><a href=\"https:\/\/www.youtube.com\/watch?v=118-a1xnEho\">Pronunciaci\u00f3n \u2013 marcas<\/a> (YT \u2013 VideoELE A1)<\/li>\n<li><a href=\"https:\/\/www.youtube.com\/watch?v=idriu9QO5fo\">Pa\u00edses y nacionalidades<\/a> (YT \u2013 VideoELE A1)<\/li>\n<li><a href=\"http:\/\/hlrnet.com\/ej\/ele1m3fichaidentidad.htm\">fichas de identidad \u2013 preguntas<\/a> (hlrnet)<\/li>\n<li><a href=\"http:\/\/www.ver-taal.com\/ej_acentos1b.htm\">La acentuaci\u00f3n 1<\/a> (GR \u2013 VT)<\/li>\n<li><a href=\"http:\/\/www.ver-taal.com\/ej_acentos1.htm\">La acentuaci\u00f3n 2<\/a> (GR \u2013 VT)<\/li>\n<li><a href=\"http:\/\/hlrnet.com\/ej\/ele1m2acentospaises.htm\">Acentos y nombres de pa\u00edses<\/a> (hlrnet)<\/li>\n<li><a href=\"http:\/\/hlrnet.com\/ej\/ele1c2plural.htm\">el plural<\/a> (hlrnet)<\/li>\n<\/ol>\n<\/li>\n<li><a href=\"https:\/\/hlrnet.com\/sites\/alt164\/files\/2021\/10\/Palabras-internacionales.docx\">Palabras internacionales<\/a><\/li>\n<li><a href=\"https:\/\/www.youtube.com\/watch?v=N6I2UpSPzeY\">Mi familia<\/a> (YT \u2013 NEEM A1)\n<ol>\n<li><a href=\"http:\/\/www.ver-taal.com\/voc_familia.htm\">La familia<\/a> (Voc-VT)<\/li>\n<li><a href=\"https:\/\/aprenderespanol.org\/vocabulario\/familia-parentesco.html\">Familia: parentesco<\/a> (VOC \u2013 Aprenderespanol)<\/li>\n<li><a href=\"https:\/\/hlrnet.com\/ej\/un3hijosde.htm\">Los hijos de &#8230; <\/a><\/li>\n<li><a href=\"https:\/\/www.youtube.com\/watch?v=WxWY5SjJj3I&amp;list=PL29747CBC28F65045&amp;index=4\">N\u00fameros de 1 a 20<\/a> (YT \u2013 VideoELE A1)<\/li>\n<li><a href=\"http:\/\/hlrnet.com\/ej\/ele1m2numeros0-20escribirletras.htm\">n\u00fameros del 0 al 20: escribir en letras<\/a> (hlrnet)<\/li>\n<li><a href=\"https:\/\/www.youtube.com\/watch?v=3ZWdYGauuLU&amp;list=PL29747CBC28F65045&amp;index=7\">N\u00fameros y letras<\/a> (YT \u2013 VideoELE A1)<\/li>\n<li><a href=\"http:\/\/www.ver-taal.com\/ej_numerales_operaciones_99_1.htm\">Numerales 0-99<\/a> (GR-VT)<\/li>\n<li><a href=\"https:\/\/aprenderespanol.org\/gramatica\/singular-plural.html\">Singular y plural<\/a> (FR \u2013 Aprenderespanol)<\/li>\n<li><a href=\"http:\/\/hlrnet.com\/ej\/ele1c4verbossg-pl.htm\">verbos de singular a plural (hlrnet.com)<\/a><\/li>\n<li><a href=\"http:\/\/hlrnet.com\/ej\/ele1c4verbospl-sg.htm\">verbos de plural a singular<\/a> (<a class=\"autohyperlink\" href=\"http:\/\/hlrnet.com\">hlrnet.com<\/a>)<\/li>\n<li><a href=\"http:\/\/hlrnet.com\/ej\/un5familia.html\">la familia <\/a><\/li>\n<li><a href=\"http:\/\/hlrnet.com\/ej\/ele1c5fam-hm.htm\">familia \u2013 hombres y mujeres<\/a><\/li>\n<li><a href=\"http:\/\/hlrnet.com\/ej\/ele1m5descr-contrarios.htm\">descripci\u00f3n \u2013 contrarios<\/a><\/li>\n<li><a href=\"http:\/\/hlrnet.com\/ej\/ele1m5letrasfinales.htm\">letras finales<\/a><\/li>\n<li><a href=\"http:\/\/hlrnet.com\/ej\/ele1m5posesivos.htm\">posesivos<\/a><\/li>\n<li><a href=\"http:\/\/hlrnet.com\/ej\/ele1c5posesivos2.htm\">posesivos 2<\/a><\/li>\n<\/ol>\n<\/li>\n<li><a href=\"https:\/\/www.youtube.com\/watch?v=SvfKrb_yxC8\">Mi rutina diaria<\/a> (YT \u2013 NEEM A1)\n<ol>\n<li><a href=\"https:\/\/www.youtube.com\/watch?v=ie1DzBrIdO8&amp;list=PL29747CBC28F65045&amp;index=14\">Qu\u00e9 hora es?<\/a> (YT \u2013 VideoELE A1)<\/li>\n<li><a href=\"https:\/\/www.youtube.com\/watch?v=a676ebBvtCs&amp;list=PL29747CBC28F65045&amp;index=9\">\u00bfQu\u00e9, d\u00f3nde, c\u00f3mo?<\/a> (YT \u2013 VideoELE A1)<\/li>\n<li><a href=\"http:\/\/www.ver-taal.com\/ej_hora1.htm\">\u00bfQu\u00e9 hora es?<\/a> (GR VT)\n<ol>\n<li><a href=\"https:\/\/hlrnet.com\/ej\/ele1c9hora-escribirletras.htm\">escribir la hora en letras<\/a><\/li>\n<li><a href=\"https:\/\/hlrnet.com\/ej\/ele1c9hora-escribircifras.htm\">escribir la hora en cifras<\/a><\/li>\n<\/ol>\n<\/li>\n<li><a href=\"http:\/\/www.ver-taal.com\/ej_pronombressujeto1.htm\">Pronombres personales<\/a> (GR VT)<\/li>\n<li>Verbos (GR \u2013 VT)\n<ol>\n<li><a href=\"http:\/\/www.ver-taal.com\/drill_presente_verbosar.htm\">Regulares en -AR<\/a><\/li>\n<li><a href=\"http:\/\/www.ver-taal.com\/ej_presente_ser1.htm\">Ser<\/a> \u2013 <a href=\"http:\/\/www.ver-taal.com\/ej_presente_estar.htm\">Estar<\/a> \u2013 <a href=\"http:\/\/www.ver-taal.com\/ej_presente_tener.htm\">Tener<\/a><\/li>\n<li><a href=\"http:\/\/www.ver-taal.com\/ej_presente_erir1.htm\">Verbos en -ER \/ -IR<\/a><\/li>\n<li><a href=\"http:\/\/www.ver-taal.com\/ej_presente_cambiovocalico1.htm\">Diptongaci\u00f3n y debilitaci\u00f3n<\/a><\/li>\n<li><a href=\"http:\/\/www.ver-taal.com\/ej_presente_irregulares_20150814.htm\">Irregulares de yo<\/a><\/li>\n<\/ol>\n<\/li>\n<li><a href=\"https:\/\/aprenderespanol.org\/verbos\/presente.html\">Presente regular<\/a> (GR \u2013 Aprenderespanol)<\/li>\n<li><a href=\"https:\/\/aprenderespanol.org\/verbos\/presente-nivel-medio.html\">Presente irregular<\/a> (GR \u2013 Aprenderespanol)<\/li>\n<\/ol>\n<\/li>\n<li><a href=\"https:\/\/www.youtube.com\/watch?v=eHMU8-n3dWo\">Una casa especial<\/a> (YT \u2013 NEEM A1)\n<ol>\n<li><a href=\"http:\/\/www.ver-taal.com\/voc_casa.htm\">La casa<\/a> (Voc-VT)<\/li>\n<li><a href=\"https:\/\/aprenderespanol.org\/vocabulario\/colores.html\">Los colores<\/a> (VOC &#8211; Aprenderespanol)<\/li>\n<li><a href=\"https:\/\/www.ailmadrid.com\/es\/juego-colores-clase-ele-a1\/\">Los colores<\/a> (VOC\u00a0 &#8211; AIL)<\/li>\n<li><a href=\"https:\/\/www.youtube.com\/watch?v=EMzMvqcTyWA&amp;list=PL29747CBC28F65045&amp;index=11\">Colores<\/a> (YT- VideoELE A1)<\/li>\n<li><a href=\"https:\/\/www.youtube.com\/watch?v=Qs3kUMqRvKY\">Mi casa<\/a> (YT \u2013 VideoELE A1)<\/li>\n<li><a href=\"https:\/\/www.profedeele.es\/actividad\/preposiciones-adverbios-lugar\/\">Preposiciones y adverbios de lugar<\/a> (GR &#8211; profedeele)<\/li>\n<li><a href=\"http:\/\/www.videoele.com\/A1-que-donde-como.html\">\u00bfQu\u00e9, c\u00f3mo, d\u00f3nde?<\/a> (VideoELE A1)<\/li>\n<li><a href=\"https:\/\/aprenderespanol.org\/vocabulario\/casa-mobiliario.html\">Casa: mobiliario<\/a> (VOC \u2013 aprenderespanol)<\/li>\n<li><a href=\"http:\/\/hlrnet.com\/ej\/ele1m3abrevdirecciones.htm\">Abreviaciones en direcciones (hlrnet)<\/a><\/li>\n<\/ol>\n<\/li>\n<li><a href=\"https:\/\/www.youtube.com\/watch?v=GyGtLGMee_M\">Mi receta de gazpacho<\/a> (YT \u2013 NEEM A1)\n<ol>\n<li><a href=\"http:\/\/www.ver-taal.com\/voc_comida.htm\">La comida<\/a> (Voc-VT)<\/li>\n<li><a href=\"https:\/\/www.youtube.com\/watch?v=9XvSK0N4Cvg&amp;list=PL29747CBC28F65045&amp;index=19\">La comida<\/a> (YT \u2013 VideoELE A1)<\/li>\n<li><a href=\"https:\/\/aprenderespanol.org\/vocabulario\/alimentos-comida.html\">Alimentos \u2013 comida<\/a> (Voc \u2013 Aprenderespanol)<\/li>\n<\/ol>\n<\/li>\n<li><a href=\"https:\/\/www.youtube.com\/watch?v=lvMh0OrcttM\">Un paseo por mi ciudad<\/a> (YT \u2013 NEEM A1)\n<ol>\n<li><a href=\"http:\/\/www.ver-taal.com\/voc_ciudad.htm\">La ciudad<\/a> (Voc-VT)<\/li>\n<li><a href=\"http:\/\/www.videoele.com\/A1-En-mi-barrio-hay.html\">En mi barrio hay\u2026<\/a> (VideoELE)<\/li>\n<li><a href=\"https:\/\/www.youtube.com\/watch?v=MDBRiIOwLUw\">Medios de transporte<\/a> (YT \u2013 VideoELE A1)<\/li>\n<li><a href=\"http:\/\/hlrnet.com\/ej\/ele1c7ciudad.htm\">la ciudad<\/a><\/li>\n<li><a href=\"http:\/\/hlrnet.com\/ej\/ele1c8gato-donde.htm\">\u00bfd\u00f3nde est\u00e1 el gato? <\/a><\/li>\n<li><a href=\"http:\/\/hlrnet.com\/ej\/casa-11.php\">juego del ahorcado \u2013 la casa (hlrnet)<\/a><\/li>\n<li><a href=\"http:\/\/hlrnet.com\/ej\/ele1c9lugarescrucigrama.htm\">lugares p\u00fablicos \u2013 crucigrama (hlrnet)<\/a><\/li>\n<\/ol>\n<\/li>\n<li><a href=\"https:\/\/www.youtube.com\/watch?v=5BaXyEe-s0s\">Chico simp\u00e1tico<\/a> (YT \u2013 NEEM A1)\n<ol>\n<li><a href=\"http:\/\/www.ver-taal.com\/ej_pronombresCDCI1.htm\">Los pronombres personales complemento directo e indirecto<\/a> (GR \u2013 Ver-Taal)<\/li>\n<li><a href=\"http:\/\/www.ver-taal.com\/crucigrama_descripcionpersona.htm\">Describir una persona<\/a> (VOC Ver-Taal)<\/li>\n<li><a href=\"https:\/\/www.spanishunicorn.com\/la-descripcion-fisica-en-espanol\/\">La descipci\u00f3n f\u00edsica<\/a> (Spanish Unicorn)<\/li>\n<li><a href=\"https:\/\/blog.hispanic-horizons.org\/nivel-a1\/descripcion-de-personas-a1\/\">Descripci\u00f3n de personas, A1<\/a> | Blog de espa\u00f1ol, Hispanic Horizons<\/li>\n<li><a href=\"https:\/\/www.profedeele.es\/actividad\/funciones\/descripcion-fisico-espanol\/\">Descripci\u00f3n del f\u00edsico en espa\u00f1ol<\/a> \u00bb ProfeDeELE.es<\/li>\n<li><a href=\"https:\/\/arche-ele.com\/descripciones-a1-fisicasydecaracter-en-espanol\">Descripci\u00f3n de personas<\/a> (Arche-ele)<\/li>\n<li><a class=\"broken_link\" href=\"https:\/\/www.youtube.com\/playlist?list=PLYYn8ySg7EAQRuExry7IQlr2tGWxg97Ts\">\u00bfQuedamos?<\/a> (YT)<\/li>\n<li><a href=\"http:\/\/hlrnet.com\/ej\/ele1c4tuusted-recdial.htm\">Reconstituir di\u00e1logos<\/a> (hlrnet)<\/li>\n<li><a href=\"http:\/\/hlrnet.com\/ej\/ele1m4tu-usted.htm\">De t\u00fa a usted<\/a> (hlrnet)<\/li>\n<li><a href=\"http:\/\/hlrnet.com\/ej\/ele1m4usted-tu.htm\">De usted a t\u00fa<\/a> (hlrnet)<\/li>\n<li><a href=\"http:\/\/hlrnet.com\/ej\/ele1c4usted-tu.htm\">de formal a informal<\/a> (hlrnet)<\/li>\n<li><a href=\"http:\/\/hlrnet.com\/ej\/ele1c4tu-usted.htm\">De informal a formal (hlrnet)<\/a><\/li>\n<li><a href=\"http:\/\/hlrnet.com\/ej\/ele1m12findesemana.htm\">El fin de semana \u2013 asociar (hlrnet)<\/a><\/li>\n<li><a href=\"http:\/\/hlrnet.com\/ej\/ele1m12frecuencia.htm\">Frecuencia \u2013 ordenar (hlrnet)<\/a><\/li>\n<li><a href=\"http:\/\/hlrnet.com\/ej\/conjugaciones1.zip\">Conjugaciones (hlrnet)<\/a><\/li>\n<\/ol>\n<\/li>\n<li><a href=\"https:\/\/www.youtube.com\/watch?v=X_gV8_GiRyI\">\u00bfQu\u00e9 meto en la maleta?<\/a> (YT \u2013 NEEM A1)\n<ol>\n<li><a href=\"http:\/\/www.ver-taal.com\/voc_ropa.htm\">La ropa<\/a> (Voc-VT)<\/li>\n<li><a href=\"http:\/\/www.ver-taal.com\/ej_posesivos1.htm\">Adjetivos posesivos<\/a> (GR \u2013 VT)<\/li>\n<li><a href=\"http:\/\/www.ver-taal.com\/ej_posesivos2.htm\">Pronombres posesivos<\/a> (GR \u2013 VT)<\/li>\n<li><a href=\"http:\/\/www.ver-taal.com\/ej_interrogativos1.htm\">Los interrogativos<\/a> (GR \u2013 VT)<\/li>\n<li><a href=\"https:\/\/www.profedeele.es\/actividad\/tiempo-atmosferico\/\">Vocabulario del clima y tiempo atmosf\u00e9rico<\/a> (ProfeDeELE)<\/li>\n<li><a href=\"https:\/\/lenguajeyotrasluces.wordpress.com\/2014\/11\/30\/ropa-y-complementos\/\">Ropa y complementos<\/a> | lenguaje y otras luces<\/li>\n<\/ol>\n<\/li>\n<li><a href=\"https:\/\/www.youtube.com\/watch?v=0uHSg3sltOs\">Me encuentro fatal<\/a> (YT \u2013 VideoELE A1)\n<ol>\n<li><a href=\"https:\/\/www.profedeele.es\/actividad\/vocabulario\/las-partes-del-cuerpo-humano\/\">Vocabulario del cuerpo humano<\/a> (ProfeDeEle)<\/li>\n<li><a href=\"http:\/\/www.ver-taal.com\/voc_cuerpo.htm\">El cuerpo y la salud<\/a> (VOC-VT)<\/li>\n<li><a href=\"https:\/\/www.youtube.com\/watch?v=Gw5LFm01Q2o&amp;list=PL29747CBC28F65045&amp;index=17\">El cuerpo<\/a> (YT \u2013 VideoELE A1)<\/li>\n<li><a href=\"http:\/\/www.ver-taal.com\/vocpr_dentista1.htm\">En la consulta del dentista<\/a> (VT)<\/li>\n<li><a href=\"http:\/\/www.ver-taal.com\/ej_imperativotu_20120520.htm\">Imperativo 1<\/a> (GR \u2013 VT)<\/li>\n<li><a href=\"http:\/\/www.ver-taal.com\/ej_imperativotu_20120922.htm\">Imperativo 2<\/a> (GR \u2013 VT)<\/li>\n<li><a href=\"http:\/\/www.ver-taal.com\/ej_gerundio1.htm\">\u00bfQu\u00e9 est\u00e1n haciendo? Afirmativo<\/a> (GR \u2013 VT)<\/li>\n<li><a href=\"http:\/\/www.ver-taal.com\/ej_gerundio2.htm\">\u00bfQu\u00e9 est\u00e1n haciendo? negativo<\/a> (GR \u2013 VT)<\/li>\n<li><a href=\"http:\/\/www.ver-taal.com\/ej_imperativousted_20120522.htm\">Consejos imperativo de cortes\u00eda<\/a> (GR \u2013 VT)<\/li>\n<\/ol>\n<\/li>\n<li><a href=\"https:\/\/www.youtube.com\/watch?v=ODvNPnCFnko\">Profesiones<\/a> (YT \u2013 VideoELE A1)\n<ol>\n<li><a href=\"https:\/\/www.spanishunicorn.com\/profesiones-en-espanol\/\">Profesiones<\/a> (SpanishUnicorn)<\/li>\n<li><a href=\"http:\/\/www.ver-taal.com\/voc_trabajo.htm\">El trabajo<\/a> (Voc &#8211; VT)<\/li>\n<li><a href=\"http:\/\/hlrnet.com\/ej\/ele1c3tiendasyprofesiones.htm\">Tiendas y profesiones<\/a> (hlrnet)<\/li>\n<li><a href=\"https:\/\/aprenderespanol.org\/vocabulario\/profesiones-gente.html\">Profesiones<\/a> (voc &#8211; Aprenderespanol)<\/li>\n<\/ol>\n<\/li>\n<li><a href=\"https:\/\/www.youtube.com\/watch?v=SjYulMoe6mM&amp;list=PLdzqcdsXmqB-rm1okCmewbhi9ULF8f4Gn&amp;index=19&amp;t=0s&amp;app=desktop\">Buen viaje<\/a> (YT \u2013 NEEM B\u00e1sico)\n<ol>\n<li><a href=\"https:\/\/aprenderespanol.org\/verbos\/imperativo.html\">Imperativo<\/a> (GR-Aprenderespanol)<\/li>\n<li><a href=\"http:\/\/hlrnet.com\/ej\/ele1m3numeros20-100escribirnumeros.htm\">n\u00fameros del 20 al 100: escribir n\u00fameros (hlrnet)<\/a><\/li>\n<li><a href=\"http:\/\/www.ver-taal.com\/voc_ocio.htm\">El ocio<\/a> (Ver-Taal)<\/li>\n<li><a href=\"http:\/\/www.ver-taal.com\/voc_tiempo1.htm\">El tiempo que hace<\/a> (Ver-Taal)<\/li>\n<li><a href=\"http:\/\/www.ver-taal.com\/mem_tiempo.htm\">El tiempo meteorol\u00f3gico<\/a> (Ver-Taal)<\/li>\n<\/ol>\n<\/li>\n<li><a href=\"https:\/\/www.youtube.com\/watch?v=JJPIRRwvENo\">\u00bfQu\u00e9 hiciste ayer?<\/a> (YT \u2013 NEEM A1) \u2013 El pasado\n<ol>\n<li><a href=\"https:\/\/www.youtube.com\/watch?v=_Bt5l0zCnkM\">El fin de semana pasado<\/a> (YT \u2013 VideELE A2)<\/li>\n<li><a href=\"http:\/\/hlrnet.com\/ej\/ele1m15indef-form1.htm\">El indefinido \u2013 formaci\u00f3n 1<\/a> (hlrnet)<\/li>\n<li><a href=\"http:\/\/hlrnet.com\/ej\/ele1m15indef-form2.htm\">15: el indefinido \u2013 formaci\u00f3n 2 (hlrnet)<\/a><\/li>\n<\/ol>\n<\/li>\n<li>El futuro\n<ol>\n<li><a href=\"https:\/\/www.youtube.com\/watch?v=Wp-2mUymvIA\">Planes fin de semana<\/a> (YT \u2013 Hablemos ELE A1)<\/li>\n<li>\u00bf<a href=\"http:\/\/www.ver-taal.com\/ej_futuro_20130316.htm\">C\u00f3mo ser\u00e1n las ciudades del futuro?<\/a> (GR \u2013 VT)<\/li>\n<\/ol>\n<\/li>\n<li>Las compras\n<ol>\n<li><a href=\"https:\/\/www.profe-de-espanol.de\/2016\/10\/20\/tiendas-y-lugares-en-la-ciudad\/\">TIENDAS Y LUGARES EN LA CIUDAD<\/a> (Voc &#8211; Profe-de-espa\u00f1ol.de)<\/li>\n<li><a href=\"https:\/\/www.youtube.com\/watch?v=Sq2a9eq7yj8\">Hacer la compra en espa\u00f1ol | Vocabulario de la comida (YT)<\/a><\/li>\n<li><a href=\"http:\/\/www.ver-taal.com\/noticias_20101117_haciendolacompra.htm\">Ejercicio de escucha: Haciendo la compra<\/a> (Ver-Taal)<\/li>\n<li><a href=\"https:\/\/www.ailmadrid.com\/es\/juego-vocabulario-tiendas-clase-ele-a1\/\">Juego de vocabulario de las tiendas para la clase ELE de A1<\/a> (Voc &#8211; AIL)<\/li>\n<li><a href=\"https:\/\/www.youtube.com\/watch?v=-TNGfae_hD4&amp;list=PLYYn8ySg7EAS0bTW3fFR4QA9Ox_HwF9h-\">Tienda de ropa (subt\u00edtulos)<\/a> (Voc -YT)<\/li>\n<li>Tiendas. (latino) Nivel A1.<\/li>\n<\/ol>\n<\/li>\n<\/ol>\n<p>Seguimos con <a href=\"https:\/\/hlrnet.com\/sites\/alt164\/aprender-espanol-sin-manual-a2\/\">un nivel A2<\/a><\/p>\n<p>M\u00e1s\u2026<\/p>\n<ul>\n<li><a href=\"https:\/\/www.fundacionmontemadrid.es\/\">Manual de Espa\u00f1ol para Inmigrantes<\/a> \u2014 Fundaci\u00f3n Montemadrid\n<ul>\n<li><a href=\"https:\/\/hlrnet.com\/sites\/alt164\/files\/2021\/10\/Manual-de-alfabetizacio\u0301n-Co\u0301mo-se-dice-nivel-A1_logo-nuevo.pdf\">Co\u0301mo se dice<\/a><\/li>\n<li><a href=\"https:\/\/www.fundacionmontemadrid.es\/wp-content\/uploads\/2018\/07\/Audio-%C2%BFC%C3%B3mo-se-dice...-Nivel-A1-1.zip\">Audio Nivel-A1-1<\/a><\/li>\n<\/ul>\n<\/li>\n<li><a href=\"http:\/\/www.ub.edu\/guiaconversa\/\">Gu\u00eda de conversaci\u00f3n universitaria<\/a>\n<ul>\n<li><a href=\"https:\/\/hlrnet.com\/sites\/sp\/files\/2019\/02\/merged.pdf\">PDF<\/a><\/li>\n<\/ul>\n<\/li>\n<li><a href=\"https:\/\/www.hlrnet.com\/sites\/taller\">Taller de autonom\u00eda<\/a><\/li>\n<li><a href=\"https:\/\/hlrnet.com\/sites\/alt164\/cursos-en-linea-sitios-para-aprendices\/\">Cursos en l\u00ednea<\/a><\/li>\n<li><a href=\"https:\/\/hlrnet.com\/sites\/alt164\/ensenar-el-espanol-sin-manual\/\">Recursos para profesores que tienen que ense\u00f1ar sin material<\/a><\/li>\n<li>Podcasts\n<ul>\n<li><a href=\"https:\/\/www.youtube.com\/playlist?list=PLUKlJas17MPjEkmt-94rSsap3Ntedy3sc\">Tapas de espa\u00f1ol<\/a><\/li>\n<li><a href=\"https:\/\/www.youtube.com\/watch?v=CMqqf6jWr2o\">T\u00edo Spanish<\/a><\/li>\n<\/ul>\n<\/li>\n<\/ul>\n<\/div>\n","protected":false},"excerpt":{"rendered":"<p>Direcci\u00f3n corta: <a href=\"http:\/\/tinyurl.com\/sin-manual\" class=\"autohyperlink\">tinyurl.com\/sin-manual<\/a> Una pista para aprender el espa\u00f1ol sin manual. Empezamos por un nivel A1(+) Hola, \u00bfqu\u00e9 tal? (YT \u2013 NEEM A1) Primera clase de espa\u00f1ol (YT \u2013 VideoELE A1) Saludar \u2013 texto (hlrnet) Saludos \u2013 ordenar (hlrnet) El alfabeto Het Spaanse alfabet (esfacil.eu) Pronunciaci\u00f3n \u2013 personajes (YT \u2013<\/p>\n","protected":false},"author":1,"featured_media":0,"parent":0,"menu_order":0,"comment_status":"closed","ping_status":"closed","template":"","meta":{"iawp_total_views":363,"footnotes":"","_wp_rev_ctl_limit":""},"class_list":["post-15319","page","type-page","status-publish","hentry"],"publishpress_future_action":{"enabled":false,"date":"2026-05-04 06:56:23","action":"change-status","newStatus":"draft","terms":[],"taxonomy":"","extraData":[]},"publishpress_future_workflow_manual_trigger":{"enabledWorkflows":[]},"_links":{"self":[{"href":"https:\/\/hlrnet.com\/sites\/alt164\/wp-json\/wp\/v2\/pages\/15319","targetHints":{"allow":["GET"]}}],"collection":[{"href":"https:\/\/hlrnet.com\/sites\/alt164\/wp-json\/wp\/v2\/pages"}],"about":[{"href":"https:\/\/hlrnet.com\/sites\/alt164\/wp-json\/wp\/v2\/types\/page"}],"author":[{"embeddable":true,"href":"https:\/\/hlrnet.com\/sites\/alt164\/wp-json\/wp\/v2\/users\/1"}],"replies":[{"embeddable":true,"href":"https:\/\/hlrnet.com\/sites\/alt164\/wp-json\/wp\/v2\/comments?post=15319"}],"version-history":[{"count":4,"href":"https:\/\/hlrnet.com\/sites\/alt164\/wp-json\/wp\/v2\/pages\/15319\/revisions"}],"predecessor-version":[{"id":27245,"href":"https:\/\/hlrnet.com\/sites\/alt164\/wp-json\/wp\/v2\/pages\/15319\/revisions\/27245"}],"wp:attachment":[{"href":"https:\/\/hlrnet.com\/sites\/alt164\/wp-json\/wp\/v2\/media?parent=15319"}],"curies":[{"name":"wp","href":"https:\/\/api.w.org\/{rel}","templated":true}]}}