{"id":13867,"date":"2019-11-28T20:41:37","date_gmt":"2019-11-28T20:41:37","guid":{"rendered":"https:\/\/hlrnet.com\/sites\/alt164\/?page_id=13867"},"modified":"2023-12-27T18:54:16","modified_gmt":"2023-12-27T18:54:16","slug":"revistas-de-linguistica","status":"publish","type":"page","link":"https:\/\/hlrnet.com\/sites\/alt164\/revistas-de-linguistica\/","title":{"rendered":"Revistas de ling\u00fc\u00edstica"},"content":{"rendered":"<ul>\n<li>Revistas de ling\u00fc\u00edstica \/ filolog\u00eda\n<ul>\n<li><a href=\"http:\/\/www.adversus.org\/\">Adversus<\/a>: revista de semi\u00f3tica<\/li>\n<li><a href=\"https:\/\/www.uacm.edu.mx\/andamios\">Andamios, Revista de Investigaci\u00f3n Social<\/a><\/li>\n<li><a href=\"https:\/\/www.boletinfilologia.uchile.cl\/\">Bolet\u00edn de Filolog\u00eda de la Universidad de Chile<\/a><\/li>\n<li><a href=\"https:\/\/septentrio.uit.no\/index.php\/borealis\/\">Borealis. An International Journal of Hispanic Linguistics<\/a><\/li>\n<li><a href=\"https:\/\/bulletinhispanique.revues.org\/\">Bulletin hispanique<\/a><\/li>\n<li><a href=\"https:\/\/www.revistas.usp.br\/caracol\/index\">Caracol<\/a><\/li>\n<li><a href=\"https:\/\/cvc.cervantes.es\/literatura\/cauce\/\">Cauce: Revista de Filolog\u00eda, Comunicaci\u00f3n y sus Did\u00e1cticas<\/a><\/li>\n<li><a href=\"https:\/\/www.educatt.it\/libri\/centroamericana\/\">Centroamericana<\/a>: Rivista della Cattedra di Lingua e Letterature ispanoamericane<\/li>\n<li><a href=\"https:\/\/colindancias.uvt.ro\/\">Colindancias. Revista de la Red de Hispanistas de Europa Central<\/a><\/li>\n<li><a href=\"https:\/\/confluenze.cib.unibo.it\/\">Confluenze. Rivista di Studi Iberoamericani<\/a><\/li>\n<li><a href=\"http:\/\/www.lacoronica.org\/\">La cor\u00f3nica: A Journal of Medieval Spanish Language and Literature<\/a><\/li>\n<li><a href=\"https:\/\/cuadernoscanela.org\/\">Cuadernos CANELA (Confederaci\u00f3n Acad\u00e9mica Nipona, Espa\u00f1ola y Latinoamericana)<\/a><\/li>\n<li><a href=\"https:\/\/cuadernoslinguistica.colmex.mx\/\">Cuadernos de Ling\u00fc\u00edstica de El Colegio de M\u00e9xico<\/a><\/li>\n<li><a href=\"https:\/\/www.redalyc.org\/revista.oa?id=3222\">Cuadernos de Ling\u00fc\u00edstica Hisp\u00e1nica<\/a><\/li>\n<li><a href=\"https:\/\/dirasathispanicas.org\/\">Dir\u0101s\u0101t Hisp\u0101nicas. Revista Tunecina de Estudios Hisp\u00e1nicos (T\u00fanez)<\/a><\/li>\n<li><a href=\"https:\/\/cvc.cervantes.es\/lengua\/eaesla\/\">E-Aesla. Revista digital de ling\u00fc\u00edstica aplicada<\/a><\/li>\n<li><a href=\"https:\/\/www.ehumanista.ucsb.edu\/\">eHumanista. Journal of Iberian Studies<\/a><\/li>\n<li><a href=\"http:\/\/elies.rediris.es\/\" target=\"_blank\" rel=\"noopener noreferrer\">ELIES: Estudios de ling\u00fc\u00edstica del espa\u00f1ol<\/a><\/li>\n<li><a href=\"https:\/\/www.comprensionlectora.es\/\">Esfera: Revista filol\u00f3gica y cultural hispana<\/a><\/li>\n<li><a href=\"https:\/\/e-spania.revues.org\/\">e-Spania<\/a>: Revista Electr\u00f3nica de Estudios Hisp\u00e1nicos<\/li>\n<li><a href=\"https:\/\/infoling.org\/elies\/\">Estudios de Ling\u00fc\u00edstica del Espa\u00f1ol<\/a><\/li>\n<li><a href=\"https:\/\/estudiosfrancoalemanes.wordpress.com\/\">Estudios Franco-Alemanes Revista Internacional de Traducci\u00f3n y Filolog\u00eda<\/a><\/li>\n<li><a href=\"https:\/\/www.brill.com\/products\/series\/foro-hispanico\">Foro Hisp\u00e1nico. Revista Hisp\u00e1nica de Flandes y Holanda<\/a><\/li>\n<li><a href=\"https:\/\/campus.usal.es\/~gesxviii\/gaceta\/\">Gaceta de Estudios del Siglo XVIII<\/a><\/li>\n<li><a href=\"https:\/\/www.anle.us\/132\/Glosas.html\">Glosas<\/a>: una publicaci\u00f3n de la Academia Norteamericana de la Lengua Espan\u0303ola<\/li>\n<li><a href=\"https:\/\/webs.uvigo.es\/hesperia\/\">Hesperia<\/a>: anuario de filolog\u00eda hisp\u00e1nica<\/li>\n<li><a href=\"https:\/\/www.iup.edu\/foreignlanguages\/publications\/hispanic-journal\/\">Hispanic Journal<\/a><\/li>\n<li><a href=\"http:\/\/www.hispanista.com.br\/\">Hispanista. Revista electr\u00f3nica de los hispanistas de Brasil<\/a><\/li>\n<li><a href=\"https:\/\/fhum.um.edu.uy\/publicaciones\/humanidades\/\">Humanidades<\/a><\/li>\n<li><a href=\"https:\/\/www.redalyc.org\/revista.oa?id=2870\">Ib\u00e9rica<\/a>: revista de la Asociaci\u00f3n Europea de Lenguas para Fines Espec\u00edficos<\/li>\n<li><a href=\"https:\/\/www.iberoamericana-vervuert.es\/EditorialColeccion.aspx?C1=Iberoamericana%20(Revista)\">Iberoamericana<\/a>: Ensayos sobre letras, historia y sociedad. Notas. Rese\u00f1as iberoamericanas<\/li>\n<li><a href=\"https:\/\/infoling.org\/revista\/\">Infoling Revista. Bolet\u00edn global de Ling\u00fc\u00edstica hisp\u00e1nica<\/a><\/li>\n<li><a href=\"https:\/\/revistas.ucr.ac.cr\/index.php\/kanina\/issue\/current\">K\u00e1\u00f1ina. Revista de Artes y Letras de la Universidad de Costa Rica<\/a><\/li>\n<li><a href=\"http:\/\/erevistas.saber.ula.ve\/index.php\/lenguayhabla\/index\">Lengua y Habla<\/a>: Revista del Centro de Investigaci\u00f3n y Atenci\u00f3n Ling\u00fc\u00edstica CIAL<\/li>\n<li><a href=\"https:\/\/www.redalyc.org\/revista.oa?id=2651\">MonTI. Monograf\u00edas de Traducci\u00f3n e Interpretaci\u00f3n<\/a><\/li>\n<li><a href=\"https:\/\/www.ogigia.es\/\">Ogigia. Revista electr\u00f3nica de estudios hisp\u00e1nicos<\/a><\/li>\n<li><a href=\"https:\/\/www.grupoilse.org\/\">Oralia. An\u00e1lisis del discurso oral<\/a><\/li>\n<li><a href=\"https:\/\/ojsspdc.ulpgc.es\/ojs\/index.php\/PhilCan\">Philologica Canariensia<\/a>: revista de filolog\u00eda<\/li>\n<li><a href=\"https:\/\/www.apsu.edu\/polifonia\">Polifon\u00eda. Revista acad\u00e9mica de estudios hisp\u00e1nicos<\/a><\/li>\n<li><a href=\"https:\/\/resdi.net\/\">Res Diachronicae Virtual<\/a><\/li>\n<li><a href=\"https:\/\/fh.mdp.edu.ar\/revistas\/index.php\/rescelehis\/index\">Rese\u00f1as CeLeHis. Bolet\u00edn del Centro de Letras Hispanoamericanas <\/a><\/li>\n<li><a href=\"https:\/\/revistaelectronicalenguaje.com\/\">Revista el\u00e9ctronica del lenguaje<\/a><\/li>\n<li><a href=\"https:\/\/ahf-filosofia.es\/\">Revista de Hispanismo Filos\u00f3fico<\/a><\/li>\n<li><a href=\"https:\/\/revistaelectronicalenguaje.com\/\">Revista Electr\u00f3nica del Lenguaje<\/a><\/li>\n<li><a href=\"http:\/\/revista.sel.edu.es\/index.php\/revista\">Revista Espa\u00f1ola de Ling\u00fc\u00edstica (RSEL)<\/a><\/li>\n<li><a href=\"https:\/\/revistes.urv.cat\/index.php\/rile\/index\">Revista Internacional de Lenguas Extranjeras (RILE) \/ International Journal of Foreign Languages<\/a><\/li>\n<li><a href=\"https:\/\/www.arcomuralla.com\/listado_libros.php?seccion_actual=Revista+Ling%FCistica+Espa%F1ola+Actual&amp;SectionsId_=22\">Revista Ling\u00fcistica Espa\u00f1ola Actual<\/a><\/li>\n<li><a href=\"https:\/\/publicaciones.sociales.uba.ar\/index.php\/lis\">Revista LIS \u2013 Letra, imagen, sonido. Ciudad mediatizada<\/a><\/li>\n<li><a href=\"https:\/\/www.nebrija.com\/revista-linguistica\/\">Revista Nebrija de Ling\u00fc\u00edstica Aplicada a la Ense\u00f1anza de las Lenguas<\/a><\/li>\n<li><a href=\"https:\/\/www.raco.cat\/index.php\/Scriptura\/index\">Scriptura: Anuario de estudios literarios hisp\u00e1nicos<\/a><\/li>\n<li><a href=\"https:\/\/e-revistas.uc3m.es\/index.php\/SEM\/index\">Semiosfera<\/a><\/li>\n<li><a href=\"http:\/\/revistascientificas.filo.uba.ar\/index.php\/sys\">Signo y Se\u00f1a<\/a><\/li>\n<li><a href=\"https:\/\/www.uco.es\/ucopress\/ojs\/index.php\/skopos\/index\">Skopos. Revista Internacional de Traducci\u00f3n e Interpretaci\u00f3n<\/a><\/li>\n<li><a href=\"https:\/\/benjamins.com\/#catalog\/journals\/sic\/main\">Spanish in Context<\/a><\/li>\n<li><a href=\"https:\/\/riviste.unimi.it\/index.php\/tintas\/index\">Tintas. Quaderni di Letterature iberiche e iberoamericane<\/a><\/li>\n<li><a href=\"https:\/\/www.tonosdigital.com\/\">TonosDigital: Revista electr\u00f3nica de estudios filol\u00f3gicos<\/a><\/li>\n<li><a href=\"https:\/\/www.semiotica.buap.mx\/\">T\u00f3picos del Seminario. Revista de Semi\u00f3tica<\/a><\/li>\n<\/ul>\n<\/li>\n<\/ul>\n","protected":false},"excerpt":{"rendered":"<p>Revistas de ling\u00fc\u00edstica \/ filolog\u00eda Adversus: revista de semi\u00f3tica Andamios, Revista de Investigaci\u00f3n Social Bolet\u00edn de Filolog\u00eda de la Universidad de Chile Borealis. An International Journal of Hispanic Linguistics Bulletin hispanique Caracol Cauce: Revista de Filolog\u00eda, Comunicaci\u00f3n y sus Did\u00e1cticas Centroamericana: Rivista della Cattedra di Lingua e Letterature ispanoamericane Colindancias.<\/p>\n","protected":false},"author":1,"featured_media":0,"parent":0,"menu_order":0,"comment_status":"closed","ping_status":"closed","template":"","meta":{"iawp_total_views":14,"footnotes":"","_wp_rev_ctl_limit":""},"class_list":["post-13867","page","type-page","status-publish","hentry"],"publishpress_future_action":{"enabled":false,"date":"2026-05-04 02:41:23","action":"change-status","newStatus":"draft","terms":[],"taxonomy":"","extraData":[]},"publishpress_future_workflow_manual_trigger":{"enabledWorkflows":[]},"_links":{"self":[{"href":"https:\/\/hlrnet.com\/sites\/alt164\/wp-json\/wp\/v2\/pages\/13867","targetHints":{"allow":["GET"]}}],"collection":[{"href":"https:\/\/hlrnet.com\/sites\/alt164\/wp-json\/wp\/v2\/pages"}],"about":[{"href":"https:\/\/hlrnet.com\/sites\/alt164\/wp-json\/wp\/v2\/types\/page"}],"author":[{"embeddable":true,"href":"https:\/\/hlrnet.com\/sites\/alt164\/wp-json\/wp\/v2\/users\/1"}],"replies":[{"embeddable":true,"href":"https:\/\/hlrnet.com\/sites\/alt164\/wp-json\/wp\/v2\/comments?post=13867"}],"version-history":[{"count":0,"href":"https:\/\/hlrnet.com\/sites\/alt164\/wp-json\/wp\/v2\/pages\/13867\/revisions"}],"wp:attachment":[{"href":"https:\/\/hlrnet.com\/sites\/alt164\/wp-json\/wp\/v2\/media?parent=13867"}],"curies":[{"name":"wp","href":"https:\/\/api.w.org\/{rel}","templated":true}]}}