{"id":13860,"date":"2019-11-28T20:36:30","date_gmt":"2019-11-28T20:36:30","guid":{"rendered":"https:\/\/hlrnet.com\/sites\/alt164\/?page_id=13860"},"modified":"2026-04-16T11:52:18","modified_gmt":"2026-04-16T11:52:18","slug":"corpus","status":"publish","type":"page","link":"https:\/\/hlrnet.com\/sites\/alt164\/corpus\/","title":{"rendered":"Corpus"},"content":{"rendered":"<ul>\n<li>Puede ser interesante <a href=\"https:\/\/aepe.eu\/corpus-de-espanol\/\">la lista de AEPE<\/a> y\u00a0 <a href=\"https:\/\/www.corpusfinder.ugent.be\/\">El Corpus Finder de la Universidad de Gante<\/a><\/li>\n<li><a href=\"http:\/\/adesse.uvigo.es\/\">ADESSE<\/a> es una base de datos de verbos y construcciones verbales del espa\u00f1ol con el an\u00e1lisis sint\u00e1ctico-sem\u00e1ntico de un corpus<\/li>\n<li><a href=\"http:\/\/www.bds.usc.es\/\">Base de Datos Sint\u00e1cticos del espa\u00f1ol actual (BDS)<\/a><\/li>\n<li><a href=\"http:\/\/www.hispanicseminary.org\/t&amp;c\/lex\/index.htm\">Biblioteca Digital de Textos del Espa\u00f1ol Antiguo<\/a><\/li>\n<li><a href=\"http:\/\/cvc.cervantes.es\/lengua\/voces_hispanicas\/\">Cat\u00e1logo de voces hisp\u00e1nicas<\/a><\/li>\n<li><a href=\"https:\/\/rae.es\/recursos\/banco-de-datos\/cdh\">CDH: Nuevo diccionario hist\u00f3rico del espa\u00f1ol<\/a><\/li>\n<li><a href=\"http:\/\/cedel2.learnercorpora.com\/\">CEDEL2<\/a>: Corpus Escrito del Espa\u00f1ol L2<\/li>\n<li><a href=\"http:\/\/www.lllf.uam.es\/ESP\/Chiede.html\">CHIEDE<\/a>: Corpus de Habla Infantil Espont\u00e1nea del Espa\u00f1ol<\/li>\n<li><a href=\"https:\/\/www.corpuscodea.es\/\">Codea+<\/a>: corpus de documentos espa\u00f1oles anteriores a 1900<\/li>\n<li><a href=\"https:\/\/mele.web.uah.es\/materiales-ele\/\">CORANE<\/a>: Corpus de textos escritos para el an\u00e1lisis de errores de aprendices de E\/LE<\/li>\n<li><a href=\"http:\/\/corpus.rae.es\/cordenet.html\">CORDE: Corpus Diacr\u00f3nico del Espa\u00f1ol (RAE)<\/a><\/li>\n<li><a href=\"http:\/\/lablita.it\/app\/cordial\/\">C-Or-Dial: Corpus oral did\u00e1ctico anotado ling\u00fc\u00edsticamente<\/a><\/li>\n<li><a href=\"https:\/\/rae.es\/recursos\/banco-de-datos\/corpes-xxi\">Corpes XXI: Corpus del espa\u00f1ol del siglo XXI<\/a> (RAE)<\/li>\n<li><a href=\"https:\/\/corpuscuenta.wordpress.com\/\">Corpus Cuenta<\/a> Corpus en Espa\u00f1ol de Narraciones y Testimonios Autobiogr\u00e1ficos<\/li>\n<li><a href=\"https:\/\/www.cervantes.es\/lengua_y_ensenanza\/tecnologia_espanol\/caes.htm\">Corpus de aprendices de espa\u00f1ol (CAES)<\/a><\/li>\n<li><a href=\"https:\/\/www.rae.es\/recursos\/banco-de-datos\/cdh\">Corpus del Nuevo diccionario hist\u00f3rico del espa\u00f1ol<\/a> (CDH) (RAE)<\/li>\n<li><a href=\"http:\/\/www.corpusdelespanol.org\/\" target=\"_blank\" rel=\"noopener noreferrer\"><strong>Corpus del espa\u00f1ol<\/strong><\/a>: corpus que puede servir de base para saber c\u00f3mo se usa una forma<\/li>\n<li><a href=\"https:\/\/web.archive.org\/web\/20220120103545\/http:\/\/www.lllf.uam.es\/~fmarcos\/informes\/corpus\/corpusix.html\">Corpus de referencia del espa\u00f1ol contempor\u00e1neo<\/a><\/li>\n<li><a href=\"https:\/\/codiech.ucm.cl\/\">Corpus Diacr\u00f3nico del Espa\u00f1ol de Chile (CoDiECh)<\/a><\/li>\n<li><a href=\"https:\/\/corp.visl.dk\/cqp.es.html\">Corpuseye<\/a>: acceso a varios corpus<\/li>\n<li><a href=\"https:\/\/www.rae.es\/banco-de-datos\/crea\">CREA: Corpus de Referencia del Espa\u00f1ol Actual (RAE)<\/a><\/li>\n<li><a href=\"https:\/\/www.rae.es\/recursos\/banco-de-datos\/fichero-general\">Fichero general de la Real Academia Espa\u00f1ola<\/a><\/li>\n<li><a href=\"http:\/\/www.hemero.es\/\">Hemero.es<\/a><\/li>\n<li><a href=\"https:\/\/textred.spanport.wisc.edu\/lexico_hispanoamericano\/index.html\">L\u00e9xico hispanoamericano 1493\u20131993<\/a><\/li>\n<li><a href=\"http:\/\/www.splloc.soton.ac.uk\/\">Spanish Learner Language Oral Corpora (SPLLOC)<\/a><\/li>\n<li><a href=\"http:\/\/spraakbanken.gu.se\/konk\/rom2\/\">SOL Spanish Online<\/a><\/li>\n<\/ul>\n","protected":false},"excerpt":{"rendered":"<p>Puede ser interesante la lista de AEPE y\u00a0 El Corpus Finder de la Universidad de Gante ADESSE es una base de datos de verbos y construcciones verbales del espa\u00f1ol con el an\u00e1lisis sint\u00e1ctico-sem\u00e1ntico de un corpus Base de Datos Sint\u00e1cticos del espa\u00f1ol actual (BDS) Biblioteca Digital de Textos del Espa\u00f1ol<\/p>\n","protected":false},"author":1,"featured_media":0,"parent":0,"menu_order":0,"comment_status":"closed","ping_status":"closed","template":"","meta":{"iawp_total_views":2,"footnotes":"","_wp_rev_ctl_limit":""},"class_list":["post-13860","page","type-page","status-publish","hentry"],"publishpress_future_action":{"enabled":false,"date":"2026-04-30 15:44:37","action":"change-status","newStatus":"draft","terms":[],"taxonomy":"","extraData":[]},"publishpress_future_workflow_manual_trigger":{"enabledWorkflows":[]},"_links":{"self":[{"href":"https:\/\/hlrnet.com\/sites\/alt164\/wp-json\/wp\/v2\/pages\/13860","targetHints":{"allow":["GET"]}}],"collection":[{"href":"https:\/\/hlrnet.com\/sites\/alt164\/wp-json\/wp\/v2\/pages"}],"about":[{"href":"https:\/\/hlrnet.com\/sites\/alt164\/wp-json\/wp\/v2\/types\/page"}],"author":[{"embeddable":true,"href":"https:\/\/hlrnet.com\/sites\/alt164\/wp-json\/wp\/v2\/users\/1"}],"replies":[{"embeddable":true,"href":"https:\/\/hlrnet.com\/sites\/alt164\/wp-json\/wp\/v2\/comments?post=13860"}],"version-history":[{"count":4,"href":"https:\/\/hlrnet.com\/sites\/alt164\/wp-json\/wp\/v2\/pages\/13860\/revisions"}],"predecessor-version":[{"id":27881,"href":"https:\/\/hlrnet.com\/sites\/alt164\/wp-json\/wp\/v2\/pages\/13860\/revisions\/27881"}],"wp:attachment":[{"href":"https:\/\/hlrnet.com\/sites\/alt164\/wp-json\/wp\/v2\/media?parent=13860"}],"curies":[{"name":"wp","href":"https:\/\/api.w.org\/{rel}","templated":true}]}}