{"id":13856,"date":"2019-11-28T20:31:55","date_gmt":"2019-11-28T20:31:55","guid":{"rendered":"https:\/\/hlrnet.com\/sites\/alt164\/?page_id=13856"},"modified":"2026-02-14T20:27:02","modified_gmt":"2026-02-14T20:27:02","slug":"diccionarios-y-lexico","status":"publish","type":"page","link":"https:\/\/hlrnet.com\/sites\/alt164\/diccionarios-y-lexico\/","title":{"rendered":"Diccionarios y l\u00e9xico"},"content":{"rendered":"<ul>\n<li>Diccionarios: listas\n<ul>\n<li><a href=\"https:\/\/cvc.cervantes.es\/\">Centro Virtual Cervantes<\/a><\/li>\n<li><a href=\"https:\/\/www.cuadernoscervantes.com\/diccionarios.html\" target=\"_blank\" rel=\"noopener noreferrer\">Cuadernos Cervantes: enlaces a diccionarios<\/a><\/li>\n<\/ul>\n<\/li>\n<li>Diccionarios en l\u00ednea\n<ul>\n<li>Tambi\u00e9n tengo una <a href=\"file:\/\/\/C:\/Users\/hlr\/OneDrive\/-MAIN-\/ladict.htm\">p\u00e1gina dedicada a los diccionarios<\/a>.<\/li>\n<li>Est\u00e1 la lista de <a href=\"https:\/\/www.elcastellano.org\/diccio.html\">El Castellano<\/a><\/li>\n<li><a href=\"https:\/\/www.asihablamos.com\/\">AsiHablamos<\/a>: diccionario latinoamericano<\/li>\n<li><a href=\"https:\/\/aulex.org\/\">Aulex<\/a><\/li>\n<li><a href=\"https:\/\/cvc.cervantes.es\/lengua\/biblioteca_fraseologica\/\">Biblioteca fraseol\u00f3gica y paremiol\u00f3gica <\/a><\/li>\n<li><a href=\"https:\/\/www.buscapalabra.com\/\">Buscapalabra<\/a>: buscar las palabras que se pueden formar con una serie de letras\n<ul>\n<li><a href=\"https:\/\/www.buscapalabra.com\/sinonimos-y-antonimos.html\">Sin\u00f3nimos y ant\u00f3nimos<\/a><\/li>\n<li><a href=\"https:\/\/www.buscapalabra.com\/rimar-palabras.html\">Diccionario de rimas<\/a><\/li>\n<li>Conjuagor de verbos<\/li>\n<\/ul>\n<\/li>\n<li><span class=\"lpLexEntryName\"><a href=\"https:\/\/college.holycross.edu\/projects\/cineglos\/\">Cineglos<\/a> <\/span><span class=\"lpGlossSpanish\">es un glosario audiovisual de terminolog\u00eda cinematogr\u00e1fica dise\u00f1ado para estudiantes y profesores del cine en espa\u00f1ol<\/span><\/li>\n<li><a href=\"http:\/\/combidigilex.usc.gal\/\">CombiDigiLex<\/a> es un sistema de informaci\u00f3n l\u00e9xico-gramatical digital multiling\u00fce alem\u00e1n, espa\u00f1ol, portugu\u00e9s<\/li>\n<li><a href=\"http:\/\/etimologias.dechile.net\/\">DECEL: diccionario etimol\u00f3gico castellano en l\u00ednea<\/a><\/li>\n<li><a href=\"https:\/\/www.definicion.de\">Definici\u00f3n.de<\/a><\/li>\n<li><a href=\"https:\/\/www.fbbva.es\/diccionario\/\">Diccionario de la BBVA<\/a><\/li>\n<li><a href=\"https:\/\/www.diccionariovisual.net\/\">Diccionario visual<\/a><\/li>\n<li><a href=\"https:\/\/www.elcastellano.org\/miyara\">Diccionario argentino-espa\u00f1ol<\/a> (Alberto Miyara)<\/li>\n<li><a href=\"http:\/\/iula.upf.edu\/rec\/daele\/\">Diccionario de aprendizaje del Espa\u00f1ol como Lengua Estranjera<\/a> (DAELE)<\/li>\n<li><a href=\"https:\/\/www.rae.es\/\" target=\"_blank\" rel=\"noopener noreferrer\">Diccionarios de la RAE<\/a>\u00a0(DLE = Diccionario de la Lengua Espa\u00f1ola)<\/li>\n<li><a href=\"https:\/\/es.bab.la\/diccionario\/\">Diccionario bab.la<\/a><\/li>\n<li><a href=\"https:\/\/www.diclib.com\/cgi-bin\/d1.cgi?l=es&amp;base=moliner&amp;page=showindex\">Diccionario Mar\u00eda Moliner<\/a><\/li>\n<li><a href=\"https:\/\/www.dicciomed.es\/\">Dicciomed<\/a>: diccionario m\u00e9dico<\/li>\n<li><a href=\"http:\/\/www.dpde.es\/\">Diccionario de part\u00edculas discursivas del espa\u00f1ol<\/a><\/li>\n<li><a href=\"https:\/\/diesgital.com\/\">Diccionario Digital del espa\u00f1ol (DIDES)<\/a><\/li>\n<li><a href=\"http:\/\/diccionario.untref.edu.ar\/\">Diccionario Latinoamericano de la Lengua Espa\u00f1ola (UNTREF)<\/a><\/li>\n<li><a href=\"https:\/\/buscon.rae.es\/dpdI\/\">Diccionario panhisp\u00e1nico de dudas<\/a><\/li>\n<li><a href=\"https:\/\/www.diccionarios.com\/\" target=\"_blank\" rel=\"noopener noreferrer\">Diccionarios.com<\/a><\/li>\n<li><a href=\"https:\/\/www.elmundo.es\/diccionarios\/\" target=\"_blank\" rel=\"noopener noreferrer\">Diccionarios de El Mundo<\/a><\/li>\n<li><a href=\"https:\/\/www.diccionariosms.com\/\">Diccionario SMS<\/a><\/li>\n<li><a href=\"https:\/\/buscon.rae.es\/dpdI\/\">Diccionario panhisp\u00e1nico de dudas<\/a> (RAE)<\/li>\n<li><a href=\"https:\/\/dptm.es\/\">Diccionario panhisp\u00e1nico de t\u00e9rminos m\u00e9dicos<\/a><\/li>\n<li><a href=\"https:\/\/www.ikonet.com\/es\/diccionariovisual\/\">Diccionario visual (ikonet)<\/a><\/li>\n<li><a href=\"http:\/\/diccionariofacil.org\/\">Diccionario f\u00e1cil<\/a><\/li>\n<li><a href=\"https:\/\/www.ikonet.com\/es\/diccionariovisual\/\">Diccionario visual<\/a><\/li>\n<li><a href=\"https:\/\/www.usc.es\/gl\/proxectos\/diconale\/aleman\/\">DICONALE<\/a>: diccionario conceptual del alem\u00e1n y espa\u00f1ol<\/li>\n<li><a href=\"https:\/\/dirae.es\/\">DIRAE: diccionario inverso<\/a> (de la definici\u00f3n a la palabra)<\/li>\n<li>Crucigramas y similares\n<ul>\n<li><a href=\"http:\/\/www.xworddictionary.com\/diccionario-crucigramista\/\">Diccionario crucigramista<\/a><\/li>\n<li><a href=\"https:\/\/www.palabrasque.com\/\">Laspalabrasque<\/a><\/li>\n<li><a href=\"https:\/\/palabras-con.org\/\">Palabras-con<\/a><\/li>\n<li><a href=\"https:\/\/www.palabrascon.com\/\">Palabrascon<\/a><\/li>\n<li><a href=\"https:\/\/www.palabrasque.com\/\">Palabrasque<\/a><\/li>\n<\/ul>\n<\/li>\n<li>Derecho\n<ul>\n<li><a href=\"https:\/\/dej.rae.es\/\">Diccionario del Espa\u00f1ol Jur\u00eddico (RAE)<\/a><\/li>\n<li><a href=\"https:\/\/www.buenosaires.gob.ar\/justiciayseguridad\/diccionario-juridido\">Diccionario Jur\u00eddico (BBAA)<\/a><\/li>\n<li><a href=\"http:\/\/www.diccionariojuridico.mx\/\">Diccionario Jur\u00eddico (MX)<\/a><\/li>\n<li><a href=\"https:\/\/www.lenguajejuridico.com\/\">Lenguaje Jur\u00eddico<\/a><\/li>\n<\/ul>\n<\/li>\n<li><a href=\"https:\/\/www.educalingo.com\">Educalingo<\/a><\/li>\n<li>Enclave RAE<\/li>\n<li><a href=\"https:\/\/www.travlang.com\/\">Espa\u00f1ol para viajeros<\/a> (Travlang)<\/li>\n<li><a href=\"https:\/\/www.falsefriends.org\/\">False Friends<\/a>: diccionario de falsos amigos ingl\u00e9s-espa\u00f1ol<\/li>\n<li><a href=\"https:\/\/www.frasesmania.com\/\">Frasesmania<\/a><\/li>\n<li><a href=\"https:\/\/geolexi.cervantes.es\/\">Geolexi<\/a><\/li>\n<li><a href=\"https:\/\/www.ati.es\/novatica\/glointv2.html\" target=\"_blank\" rel=\"noopener noreferrer\">Glosario b\u00e1sico ingl\u00e9s-espa\u00f1ol para usuarios de Internet<\/a> de ATI<\/li>\n<li><a href=\"https:\/\/www.glosarium.com\/\" target=\"_blank\" rel=\"noopener noreferrer\">Glosarium<\/a>: la web de los diccionarios gratis<\/li>\n<li><a href=\"https:\/\/goodrae.es\/\">Goodrae<\/a>: diccionario hipertextual e inverso<\/li>\n<li><a href=\"https:\/\/iate.europa.eu\/\">IATE \u2013 La base de datos terminol\u00f3gica multiling\u00fce de la EU<\/a><\/li>\n<li><a href=\"https:\/\/inspirassion.com\/es\/\">Inspirassion<\/a><\/li>\n<li><a href=\"https:\/\/www.pdictionary.com\/spanish\/\">Internet Picture Dictionary Spanish<\/a><\/li>\n<li><a href=\"https:\/\/www.lexicool.com\/\" target=\"_blank\" rel=\"noopener noreferrer\">Lexicool<\/a> (con <a href=\"https:\/\/www.lexicool.com\/translate.asp?IL=3\" target=\"_blank\" rel=\"noopener noreferrer\">traducci\u00f3n en l\u00ednea<\/a>)<\/li>\n<li><a href=\"https:\/\/www.anle.us\/proyectos\/libsus\/\">LiBSUS \u2013 Bibliograf\u00eda ling\u00fc\u00edstica del espa\u00f1ol en los Estados Unidos <\/a><\/li>\n<li><a href=\"https:\/\/365palabras.blogspot.com\/\">La llave del mundo<\/a><\/li>\n<li><a href=\"https:\/\/www.linguee.es\/\">Linguee<\/a>: diccionario y buscador de traducciones<\/li>\n<li><a href=\"https:\/\/www.logos.it\/query.html\" target=\"_blank\" rel=\"noopener noreferrer\">Logos<\/a><\/li>\n<li><a href=\"https:\/\/www.diclib.com\/cgi-bin\/d1.cgi?l=en&amp;base=moliner&amp;page=showindex\">Mar\u00eda Moliner<\/a><\/li>\n<li><a href=\"https:\/\/elmundo.es\/diccionarios\/\">El Mundo<\/a>: espa\u00f1ol, sin\u00f3nimos, ingl\u00e9s, franc\u00e9s y medicina<\/li>\n<li><a href=\"https:\/\/es.pons.com\/traducci%C3%B3n\">Pons diccionarios en l\u00ednea<\/a><\/li>\n<li>Profesor en l\u00ednea: <a href=\"https:\/\/www.profesorenlinea.cl\/castellano\/Prefijos.htm\">prefijos<\/a> \u2013 <a href=\"https:\/\/www.profesorenlinea.cl\/castellano\/Sufijos.htm\">sufijos<\/a><\/li>\n<li>Rimas\n<ul>\n<li><a href=\"https:\/\/cronopista.com\/\">Cronopista \u2013 M&amp;E diccionario de rimas<\/a> (con <a href=\"https:\/\/sourceforge.net\/projects\/diccionariorima\/\">programa<\/a>)<\/li>\n<li><a href=\"https:\/\/www.rimador.net\/\">Rimador<\/a><\/li>\n<\/ul>\n<\/li>\n<li>Scrabble\n<ul>\n<li><a href=\"https:\/\/ortograf.ws\/\">Ortograf.ws<\/a><\/li>\n<\/ul>\n<\/li>\n<li><a href=\"https:\/\/www.sinonimia.net\/\">Sinonimia<\/a>: sin\u00f3nimos<\/li>\n<li><a href=\"https:\/\/www.sin\u00f3nimo.es\/\">Sin\u00f3nimo.es<\/a><\/li>\n<li><a href=\"https:\/\/www.sinonimos.org\/\">Sin\u00f3nimos.org<\/a><\/li>\n<li><a href=\"https:\/\/www.sinonimosgratis.com\/\">Sin\u00f3nimos gratis<\/a><\/li>\n<li><a href=\"https:\/\/servicios.elpais.com\/diccionarios\/sinonimos-antonimos\/\">Sin\u00f3nimos y ant\u00f3nimos (El Pa\u00eds)<\/a><\/li>\n<li><a href=\"https:\/\/www.sinonimosonline.com\/\">Sin\u00f3nimos online<\/a><\/li>\n<li><a href=\"https:\/\/www.spanishdict.com\/traductor\">SpanishDict<\/a><\/li>\n<li><a href=\"https:\/\/www.dicts.info\/picture-dictionary.php\">Spanish Picture Dictionary<\/a><\/li>\n<li><a href=\"https:\/\/tesoro.pr\/busqueda\">Tesoro lexicogr\u00e1fico de Puerto Rico<\/a><\/li>\n<li><a href=\"https:\/\/pti-esciencia.csic.es\/project\/teresia-portal-de-acceso-a-terminologias-en-espana-y-servicios-de-inteligencia-artificial\/\">TeresIA<\/a>: punto de encuentro (metabuscador) para las terminolog\u00edas en espa\u00f1ol<\/li>\n<li><a href=\"http:\/\/www.visualdictionaryonline.com\/\">Visual Dictionary Online<\/a><\/li>\n<li><a href=\"https:\/\/www.vox.es\/\" target=\"_blank\" rel=\"noopener noreferrer\">Vox<\/a><\/li>\n<li><a href=\"https:\/\/es.wiktionary.org\/\" target=\"_blank\" rel=\"noopener noreferrer\">Wikcionario<\/a>, un proyecto colaborativo para producir un diccionario multiling\u00fce gratuito en cada lengua<\/li>\n<li><a href=\"https:\/\/es.wiktionary.org\/wiki\/Categor%C3%ADa:ES:Locuciones\">Wiktionary: locuciones<\/a><\/li>\n<li><a href=\"https:\/\/wordnavigator.com\/es\/\">WordNavigator<\/a>: ayuda para crucigramas<\/li>\n<li><a href=\"https:\/\/www.wordreference.com\/definicion\/\" target=\"_blank\" rel=\"noopener noreferrer\">WordReference<\/a>: definiciones, sin\u00f3nimos, espa\u00f1ol-franc\u00e9s\/ingl\u00e9s<\/li>\n<li><a href=\"https:\/\/www.wordreference.com\/sinonimos\/\">WordReference<\/a>: sin\u00f3nimos y ant\u00f3nimos<\/li>\n<li><a href=\"https:\/\/www.woxikon.es\/\">Woxikon<\/a><\/li>\n<li>Anagramas\n<ul>\n<li><a href=\"https:\/\/es.anagramme-expert.com\/\">Anagramme Expert<\/a><\/li>\n<li><a href=\"https:\/\/ingesanagram.appspot.com\/\">Inge\u2019s Anagram Generator<\/a><\/li>\n<li><a href=\"https:\/\/palabr.as\/generador-anagramas\">Palabr.as<\/a><\/li>\n<li><a href=\"https:\/\/www.palabrascon.com\/anagramas.php\">Palabrascon<\/a><\/li>\n<\/ul>\n<\/li>\n<\/ul>\n<\/li>\n<li>Refranes y dichos\n<ul>\n<li><a href=\"https:\/\/citasyfrases.net\/\">Citas y frases<\/a><\/li>\n<li><a href=\"https:\/\/www.citasyproverbios.com\/\">Citas y Proverbios<\/a><\/li>\n<li><a href=\"https:\/\/www.frasesgo.com\/\">Frases go<\/a><\/li>\n<li><a href=\"https:\/\/www.frasesmania.com\/\">Frasesmania<\/a><\/li>\n<li><a href=\"https:\/\/www.literato.es\/\">Literato<\/a>: frases, citas, poemas y mensajes<\/li>\n<li><a href=\"https:\/\/www.lopaisa.com\/refranes.html\">Lo Paisa: refranes<\/a><\/li>\n<li><a href=\"https:\/\/www.nuestrocastellano.com\/\">Nuestro castellano<\/a>: diccionario de refranes populares castellanos<\/li>\n<li><a href=\"https:\/\/es.wikiquote.org\/wiki\/Proverbios_espa%C3%B1oles_%28A%29\">Proverbios espa\u00f1oles<\/a> (Wikiquote)<\/li>\n<li><a href=\"https:\/\/www.refranerocastellano.com\/\">Refranero castellano<\/a><\/li>\n<li><a href=\"https:\/\/cvc.cervantes.es\/lengua\/refranero\/Default.aspx\">Refranero multiling\u00fce (CVC)<\/a><\/li>\n<li><a href=\"https:\/\/cvc.cervantes.es\/lengua\/refranero\">Refranero Multiling\u00fce<\/a> (CVC)<\/li>\n<li><a href=\"https:\/\/refranes.dechile.net\/\">Refranes de Chile<\/a><\/li>\n<\/ul>\n<\/li>\n<li>Diccionarios: programas \/ software\n<ul>\n<li><a href=\"https:\/\/www.tecapro.com\/\">Spanglish<\/a>: diccionario interactivo ingl\u00e9s-espa\u00f1ol<\/li>\n<li><a href=\"https:\/\/www.zirano.com\/\" target=\"_blank\" rel=\"noopener noreferrer\">Zirano<\/a>: diccionario electr\u00f3nica (con fichas pedag\u00f3gicas)<\/li>\n<\/ul>\n<\/li>\n<li>Vocabulario \u2013 l\u00e9xico\n<ul>\n<li><a href=\"https:\/\/capsuladelengua.wordpress.com\/\">C\u00e1psulas de lengua<\/a>: historias de palabras y expresiones idiom\u00e1ticas castellanas<\/li>\n<li><a href=\"https:\/\/erasmusv.wordpress.com\/\">Expresiones espa\u00f1olas para Erasmus en apuros<\/a><\/li>\n<li><a href=\"https:\/\/falsosamigos.com\/\">FalsosAmigos<\/a><\/li>\n<\/ul>\n<\/li>\n<\/ul>\n<p>&nbsp;<\/p>\n<div id=\"simple-translate\" class=\"simple-translate-system-theme\">\n<div>\n<div class=\"simple-translate-button isShow\" style=\"background-image: url('moz-extension:\/\/4fe9cde6-e923-4f4e-95a2-0682052323f6\/icons\/512.png'); height: 22px; width: 22px; top: 1747px; left: 84px;\"><\/div>\n<div class=\"simple-translate-panel \" style=\"width: 300px; height: 200px; top: 0px; left: 0px; font-size: 13px;\">\n<div class=\"simple-translate-result-wrapper\" style=\"overflow: hidden;\">\n<div class=\"simple-translate-move\" draggable=\"true\"><\/div>\n<div class=\"simple-translate-result-contents\">\n<p class=\"simple-translate-result\" dir=\"auto\">\n<p class=\"simple-translate-candidate\" dir=\"auto\">\n<\/div>\n<\/div>\n<\/div>\n<\/div>\n<\/div>\n","protected":false},"excerpt":{"rendered":"<p>Diccionarios: listas Centro Virtual Cervantes Cuadernos Cervantes: enlaces a diccionarios Diccionarios en l\u00ednea Tambi\u00e9n tengo una p\u00e1gina dedicada a los diccionarios. Est\u00e1 la lista de El Castellano AsiHablamos: diccionario latinoamericano Aulex Biblioteca fraseol\u00f3gica y paremiol\u00f3gica Buscapalabra: buscar las palabras que se pueden formar con una serie de letras Sin\u00f3nimos y<\/p>\n","protected":false},"author":1,"featured_media":0,"parent":0,"menu_order":0,"comment_status":"closed","ping_status":"closed","template":"","meta":{"iawp_total_views":21,"footnotes":"","_wp_rev_ctl_limit":""},"class_list":["post-13856","page","type-page","status-publish","hentry"],"publishpress_future_action":{"enabled":false,"date":"2026-05-04 04:25:03","action":"change-status","newStatus":"draft","terms":[],"taxonomy":"","extraData":[]},"publishpress_future_workflow_manual_trigger":{"enabledWorkflows":[]},"_links":{"self":[{"href":"https:\/\/hlrnet.com\/sites\/alt164\/wp-json\/wp\/v2\/pages\/13856","targetHints":{"allow":["GET"]}}],"collection":[{"href":"https:\/\/hlrnet.com\/sites\/alt164\/wp-json\/wp\/v2\/pages"}],"about":[{"href":"https:\/\/hlrnet.com\/sites\/alt164\/wp-json\/wp\/v2\/types\/page"}],"author":[{"embeddable":true,"href":"https:\/\/hlrnet.com\/sites\/alt164\/wp-json\/wp\/v2\/users\/1"}],"replies":[{"embeddable":true,"href":"https:\/\/hlrnet.com\/sites\/alt164\/wp-json\/wp\/v2\/comments?post=13856"}],"version-history":[{"count":4,"href":"https:\/\/hlrnet.com\/sites\/alt164\/wp-json\/wp\/v2\/pages\/13856\/revisions"}],"predecessor-version":[{"id":27620,"href":"https:\/\/hlrnet.com\/sites\/alt164\/wp-json\/wp\/v2\/pages\/13856\/revisions\/27620"}],"wp:attachment":[{"href":"https:\/\/hlrnet.com\/sites\/alt164\/wp-json\/wp\/v2\/media?parent=13856"}],"curies":[{"name":"wp","href":"https:\/\/api.w.org\/{rel}","templated":true}]}}