{"id":13489,"date":"2019-07-18T10:59:14","date_gmt":"2019-07-18T10:59:14","guid":{"rendered":"https:\/\/hlrnet.com\/sites\/alt164\/?page_id=13489"},"modified":"2019-12-22T15:21:11","modified_gmt":"2019-12-22T15:21:11","slug":"tecnologia-e-innovacion","status":"publish","type":"page","link":"https:\/\/hlrnet.com\/sites\/alt164\/tecnologia-e-innovacion\/","title":{"rendered":"Tecnolog\u00eda e innovaci\u00f3n: actualidad en directo"},"content":{"rendered":"<div id='Tecnolog\u00eda' class='widgets_on_page wop_tiny1  wop_small1  wop_medium1  wop_large1  wop_wide1'>\n\t\t\t<ul><li id=\"rss-37\" class=\"widget widget_rss\"><h2 class=\"widgettitle\"><a class=\"rsswidget rss-widget-feed\" href=\"http:\/\/www.kathleenamorris.com\/feed\/\"><img decoding=\"async\" class=\"rss-widget-icon\" style=\"border:0\" width=\"14\" height=\"14\" src=\"https:\/\/hlrnet.com\/sites\/alt164\/wp-includes\/images\/rss.png\" alt=\"RSS\" loading=\"lazy\" \/><\/a> <a class=\"rsswidget rss-widget-title\" href=\"https:\/\/kathleenamorris.com\/\">Morris<\/a><\/h2><ul><li><a class='rsswidget' href='https:\/\/kathleenamorris.com\/2025\/10\/24\/still-learning-still-writing\/'>Still Learning, Still Writing<\/a><\/li><li><a class='rsswidget' href='https:\/\/kathleenamorris.com\/2020\/04\/07\/maths-games-children\/'>20 Maths Games For Young Children: Free eBook<\/a><\/li><li><a class='rsswidget' href='https:\/\/kathleenamorris.com\/2020\/03\/13\/teaching-online-school-closures\/'>My Ultimate Guide To Teaching Online Due To School Closures<\/a><\/li><li><a class='rsswidget' href='https:\/\/kathleenamorris.com\/2020\/02\/27\/duolingo\/'>Duolingo In The Classroom (And What I Learnt From Over A Year Of Daily Use)<\/a><\/li><li><a class='rsswidget' href='https:\/\/kathleenamorris.com\/2020\/01\/20\/copyright-creative-commons\/'>A Beginner\u2019s Guide To Copyright And Creative Commons (Simple Explanation For Teachers And Students)<\/a><\/li><li><a class='rsswidget' href='https:\/\/kathleenamorris.com\/2019\/05\/16\/internet-safety-parents\/'>10 Internet Safety Tips for Parents (How to Help Your Child to be Safe Online)<\/a><\/li><li><a class='rsswidget' href='https:\/\/kathleenamorris.com\/2019\/04\/30\/email\/'>12 Tips For Teachers Communicating With Parents Via Email (With Poster)<\/a><\/li><li><a class='rsswidget' href='https:\/\/kathleenamorris.com\/2019\/04\/16\/photos-for-class\/'>Find Free Images For Students On Photos For Class (With How-To Posters)<\/a><\/li><li><a class='rsswidget' href='https:\/\/kathleenamorris.com\/2019\/04\/10\/loom-screencast\/'>Loom: Bring Learning Alive With Screencasting In The Classroom<\/a><\/li><li><a class='rsswidget' href='https:\/\/kathleenamorris.com\/2019\/03\/12\/internet-safety\/'>Teaching Digital Citizenship: 10 Internet Safety Tips For Students (With Posters)<\/a><\/li><\/ul><\/li><li id=\"rss-39\" class=\"widget widget_rss\"><h2 class=\"widgettitle\"><a class=\"rsswidget rss-widget-feed\" href=\"https:\/\/www.fluentu.com\/blog\/feed\/\"><img decoding=\"async\" class=\"rss-widget-icon\" style=\"border:0\" width=\"14\" height=\"14\" src=\"https:\/\/hlrnet.com\/sites\/alt164\/wp-includes\/images\/rss.png\" alt=\"RSS\" loading=\"lazy\" \/><\/a> <a class=\"rsswidget rss-widget-title\" href=\"https:\/\/www.fluentu.com\/blog\">Fluentu<\/a><\/h2><ul><li><a class='rsswidget' href='https:\/\/www.fluentu.com\/blog\/chinese\/best-sites-for-learning-chinese\/'>Top 10 Best Sites for Learning Chinese in 2025<\/a><\/li><li><a class='rsswidget' href='https:\/\/www.fluentu.com\/blog\/spanish\/10-best-sites-for-learning-spanish\/'>The 10 Best Websites for Learning Spanish in 2025<\/a><\/li><li><a class='rsswidget' href='https:\/\/www.fluentu.com\/blog\/reviews\/glossika\/'>Glossika Review: Excellent for Learning Naturally and In-context, but Can Get Repetitive<\/a><\/li><li><a class='rsswidget' href='https:\/\/www.fluentu.com\/blog\/reviews\/langotalk\/'>Langotalk Review: Excellent Online Immersion Practice, but Can\u2019t Replace Real Conversations<\/a><\/li><li><a class='rsswidget' href='https:\/\/www.fluentu.com\/blog\/reviews\/open-culture\/'>Open Culture Review: Great for Uncommon Languages, but Won\u2019t Take You Very Far<\/a><\/li><li><a class='rsswidget' href='https:\/\/www.fluentu.com\/blog\/reviews\/dreaming-spanish\/'>Dreaming Spanish Review: The Best Resource for Comprehensible Input, But Speaking is Undervalued<\/a><\/li><li><a class='rsswidget' href='https:\/\/www.fluentu.com\/blog\/reviews\/coffee-break-languages\/'>Coffee Break Languages Review: Takes You to the Advanced Level, but Pricey<\/a><\/li><li><a class='rsswidget' href='https:\/\/www.fluentu.com\/blog\/reviews\/elsa-speak\/'>ELSA Speak Review: High-Tech AI App for Developing an American English Accent<\/a><\/li><li><a class='rsswidget' href='https:\/\/www.fluentu.com\/blog\/reviews\/language-reactor\/'>Language Reactor Review: Lots of Video Content but Some Learning Skills Not Covered<\/a><\/li><li><a class='rsswidget' href='https:\/\/www.fluentu.com\/blog\/reviews\/mandarin-blueprint\/'>Mandarin Blueprint Review: Can Get You Fluent, But at a High Price<\/a><\/li><\/ul><\/li><li id=\"rss-41\" class=\"widget widget_rss\"><h2 class=\"widgettitle\"><a class=\"rsswidget rss-widget-feed\" href=\"https:\/\/luz-tic.blogspot.com\/feeds\/posts\/default?alt=rss\"><img decoding=\"async\" class=\"rss-widget-icon\" style=\"border:0\" width=\"14\" height=\"14\" src=\"https:\/\/hlrnet.com\/sites\/alt164\/wp-includes\/images\/rss.png\" alt=\"RSS\" loading=\"lazy\" \/><\/a> <a class=\"rsswidget rss-widget-title\" href=\"https:\/\/luz-tic.blogspot.com\/\">Luz-Tic<\/a><\/h2><ul><li><a class='rsswidget' href='https:\/\/luz-tic.blogspot.com\/2018\/09\/descargar-online-video-y-audio-youtube.html'>Descargar online v\u00eddeo y audio Youtube<\/a><\/li><li><a class='rsswidget' href='https:\/\/luz-tic.blogspot.com\/2018\/06\/generador-de-horarios-para-centros.html'>Generador de horarios para centros educativos de c\u00f3digo abierto.<\/a><\/li><li><a class='rsswidget' href='https:\/\/luz-tic.blogspot.com\/2013\/03\/crear-y-compartir-historias-basadas-en.html'>Crear historias basadas en mapas.<\/a><\/li><li><a class='rsswidget' href='https:\/\/luz-tic.blogspot.com\/2017\/05\/revisar-nuevas-opciones-de-privacidad-y.html'>Revisar nuevas opciones de privacidad y seguridad de Twitter.<\/a><\/li><li><a class='rsswidget' href='https:\/\/luz-tic.blogspot.com\/2011\/07\/eliminar-el-sonido-de-la-publicidad-en.html'>Eliminar el sonido de la publicidad en las webs y blogs.<\/a><\/li><li><a class='rsswidget' href='https:\/\/luz-tic.blogspot.com\/2017\/04\/evitar-que-el-navegador-pregunte-si.html'>Evitar que el navegador pregunte si deseas guardar contrase\u00f1a<\/a><\/li><li><a class='rsswidget' href='https:\/\/luz-tic.blogspot.com\/2016\/04\/selfies-y-grabaciones-con-filtros-y.html'>Self\u00edes y grabaciones con filtros y calidad<\/a><\/li><li><a class='rsswidget' href='https:\/\/luz-tic.blogspot.com\/2015\/11\/saber-que-datos-nuestros-conoce-google.html'>Saber que datos nuestros conoce google.<\/a><\/li><li><a class='rsswidget' href='https:\/\/luz-tic.blogspot.com\/2015\/11\/colorear-y-ver-resultado-de-dibujo-en.html'>Colorear y ver resultado de dibujo en 3D animado.<\/a><\/li><li><a class='rsswidget' href='https:\/\/luz-tic.blogspot.com\/2015\/11\/mejorar-habilidades-de-lectoescritura.html'>Mejorar habilidades de lectoescritura.<\/a><\/li><\/ul><\/li><li id=\"rss-42\" class=\"widget widget_rss\"><h2 class=\"widgettitle\"><a class=\"rsswidget rss-widget-feed\" href=\"https:\/\/parapnte.educacion.navarra.es\/feed\/\"><img decoding=\"async\" class=\"rss-widget-icon\" style=\"border:0\" width=\"14\" height=\"14\" src=\"https:\/\/hlrnet.com\/sites\/alt164\/wp-includes\/images\/rss.png\" alt=\"RSS\" loading=\"lazy\" \/><\/a> <a class=\"rsswidget rss-widget-title\" href=\"\">ParaPNTE<\/a><\/h2><\/li><li id=\"rss-43\" class=\"widget widget_rss\"><h2 class=\"widgettitle\"><a class=\"rsswidget rss-widget-feed\" href=\"https:\/\/idiomastic.wordpress.com\/feed\/\"><img decoding=\"async\" class=\"rss-widget-icon\" style=\"border:0\" width=\"14\" height=\"14\" src=\"https:\/\/hlrnet.com\/sites\/alt164\/wp-includes\/images\/rss.png\" alt=\"RSS\" loading=\"lazy\" \/><\/a> <a class=\"rsswidget rss-widget-title\" href=\"https:\/\/idiomastic.wordpress.com\/\">Idiomastic<\/a><\/h2><ul><li><a class='rsswidget' href='https:\/\/idiomastic.wordpress.com\/2024\/01\/06\/revising-the-past-perfect\/'>Revising the past perfect<\/a><\/li><li><a class='rsswidget' href='https:\/\/idiomastic.wordpress.com\/2023\/10\/15\/present-and-future-verb-forms-b2\/'>Present and future verb forms \u2013 B2<\/a><\/li><li><a class='rsswidget' href='https:\/\/idiomastic.wordpress.com\/2023\/01\/30\/so-such\/'>So &amp; Such<\/a><\/li><li><a class='rsswidget' href='https:\/\/idiomastic.wordpress.com\/2020\/11\/14\/results-in-google-forms-quizzes\/'>Results in Google forms quizzes<\/a><\/li><li><a class='rsswidget' href='https:\/\/idiomastic.wordpress.com\/2019\/09\/22\/adding-texts-to-hot-potatoes-activities\/'>Adding texts to Hot Potatoes activities<\/a><\/li><li><a class='rsswidget' href='https:\/\/idiomastic.wordpress.com\/2019\/09\/10\/jcloze-giving-feedback-and-answer-key\/'>Jcloze \u2013 Giving feedback and answer key<\/a><\/li><li><a class='rsswidget' href='https:\/\/idiomastic.wordpress.com\/2019\/04\/14\/edpuzzle-for-video-listening-comprehension\/'>Edpuzzle for video listening comprehension<\/a><\/li><li><a class='rsswidget' href='https:\/\/idiomastic.wordpress.com\/2019\/01\/26\/create-language-tests-with-googleforms\/'>Create language tests with GoogleForms<\/a><\/li><li><a class='rsswidget' href='https:\/\/idiomastic.wordpress.com\/2018\/05\/07\/sentence-race-using-socrative\/'>Sentence race using Socrative<\/a><\/li><li><a class='rsswidget' href='https:\/\/idiomastic.wordpress.com\/2017\/11\/17\/specific-vocabulary-gapfill-in-a-song\/'>Specific vocabulary gapfill in a song<\/a><\/li><\/ul><\/li><li id=\"rss-44\" class=\"widget widget_rss\"><h2 class=\"widgettitle\"><a class=\"rsswidget rss-widget-feed\" href=\"https:\/\/www.educaciontrespuntocero.com\/feed\"><img decoding=\"async\" class=\"rss-widget-icon\" style=\"border:0\" width=\"14\" height=\"14\" src=\"https:\/\/hlrnet.com\/sites\/alt164\/wp-includes\/images\/rss.png\" alt=\"RSS\" loading=\"lazy\" \/><\/a> <a class=\"rsswidget rss-widget-title\" href=\"https:\/\/www.educaciontrespuntocero.com\/\">Educacion 3.0<\/a><\/h2><ul><li><a class='rsswidget' href='https:\/\/www.educaciontrespuntocero.com\/libros\/libros-sobre-el-embarazo\/'>Si vas a ser madre, estos libros sobre el embarazo te interesan<\/a><\/li><li><a class='rsswidget' href='https:\/\/www.educaciontrespuntocero.com\/recursos\/acoso-escolar-o-bullying\/'>Recursos para ayudar a combatir el acoso escolar o Bullying<\/a><\/li><li><a class='rsswidget' href='https:\/\/www.educaciontrespuntocero.com\/libros\/libros-de-astronomia\/'>Descubre todos los secretos de la Astronom\u00eda con estos libros<\/a><\/li><li><a class='rsswidget' href='https:\/\/www.educaciontrespuntocero.com\/recursos\/ecosistema-educativo-edelvives-learning-experience\/'>Materiales, tecnolog\u00eda e IA al servicio de la diversidad en el aula<\/a><\/li><li><a class='rsswidget' href='https:\/\/www.educaciontrespuntocero.com\/tecnologia\/pasatiempos-con-ia\/'>8 herramientas gratis para crear acertijos, crucigramas y sopas de letras con ayuda de la IA<\/a><\/li><li><a class='rsswidget' href='https:\/\/www.educaciontrespuntocero.com\/noticias\/ratios-jornada-lectiva-docente\/'>Bajada de las ratios por aula y l\u00edmite legal a la carga lectiva docente: estas son las claves del nuevo proyecto de Ley\u00a0<\/a><\/li><li><a class='rsswidget' href='https:\/\/www.educaciontrespuntocero.com\/entrevistas\/editorial-combel-robot\/'>\u201cCuando una historia convierte lo cotidiano en una aventura, la motivaci\u00f3n por leer aparece por s\u00ed sola\u201d<\/a><\/li><li><a class='rsswidget' href='https:\/\/www.educaciontrespuntocero.com\/recursos\/como-citar-en-apa-7\/'>C\u00f3mo citar en APA 7: ense\u00f1a a tu alumnado a trabajar con rigor acad\u00e9mico<\/a><\/li><li><a class='rsswidget' href='https:\/\/www.educaciontrespuntocero.com\/noticias\/comedor-escolar-proyecto-educativo\/'>Patri Psic\u00f3loga: \u201cEl comedor escolar es un lugar de aprendizaje m\u00e1s\u201d<\/a><\/li><li><a class='rsswidget' href='https:\/\/www.educaciontrespuntocero.com\/tecnologia\/lapices-opticos\/'>Los mejores l\u00e1pices \u00f3pticos (activos y pasivos) para tablets y m\u00f3viles<\/a><\/li><\/ul><\/li><li id=\"rss-45\" class=\"widget widget_rss\"><h2 class=\"widgettitle\"><a class=\"rsswidget rss-widget-feed\" href=\"http:\/\/feeds.feedblitz.com\/freetech4teachers\"><img decoding=\"async\" class=\"rss-widget-icon\" style=\"border:0\" width=\"14\" height=\"14\" src=\"https:\/\/hlrnet.com\/sites\/alt164\/wp-includes\/images\/rss.png\" alt=\"RSS\" loading=\"lazy\" \/><\/a> <a class=\"rsswidget rss-widget-title\" href=\"\">Free Tech for Teachers<\/a><\/h2><\/li><\/ul><\/div><!-- widgets_on_page -->\n","protected":false},"excerpt":{"rendered":"","protected":false},"author":1,"featured_media":0,"parent":0,"menu_order":0,"comment_status":"closed","ping_status":"closed","template":"","meta":{"iawp_total_views":2,"footnotes":"","_wp_rev_ctl_limit":""},"class_list":["post-13489","page","type-page","status-publish","hentry"],"publishpress_future_action":{"enabled":false,"date":"2026-04-30 15:54:17","action":"change-status","newStatus":"draft","terms":[],"taxonomy":"","extraData":[]},"publishpress_future_workflow_manual_trigger":{"enabledWorkflows":[]},"_links":{"self":[{"href":"https:\/\/hlrnet.com\/sites\/alt164\/wp-json\/wp\/v2\/pages\/13489","targetHints":{"allow":["GET"]}}],"collection":[{"href":"https:\/\/hlrnet.com\/sites\/alt164\/wp-json\/wp\/v2\/pages"}],"about":[{"href":"https:\/\/hlrnet.com\/sites\/alt164\/wp-json\/wp\/v2\/types\/page"}],"author":[{"embeddable":true,"href":"https:\/\/hlrnet.com\/sites\/alt164\/wp-json\/wp\/v2\/users\/1"}],"replies":[{"embeddable":true,"href":"https:\/\/hlrnet.com\/sites\/alt164\/wp-json\/wp\/v2\/comments?post=13489"}],"version-history":[{"count":0,"href":"https:\/\/hlrnet.com\/sites\/alt164\/wp-json\/wp\/v2\/pages\/13489\/revisions"}],"wp:attachment":[{"href":"https:\/\/hlrnet.com\/sites\/alt164\/wp-json\/wp\/v2\/media?parent=13489"}],"curies":[{"name":"wp","href":"https:\/\/api.w.org\/{rel}","templated":true}]}}