{"id":12632,"date":"2018-09-29T18:21:07","date_gmt":"2018-09-29T18:21:07","guid":{"rendered":"https:\/\/hlrnet.com\/sites\/alt164\/?page_id=12632"},"modified":"2025-06-12T08:38:57","modified_gmt":"2025-06-12T08:38:57","slug":"actualidades-literarias","status":"publish","type":"page","link":"https:\/\/hlrnet.com\/sites\/alt164\/actualidades-literarias\/","title":{"rendered":"Actualidades literarias"},"content":{"rendered":"<p><strong>El Pa\u00eds<\/strong><\/p>\n<div class=\"wprss_ajax\" data-id=\"rss3ef3e36c6c\"><img loading=\"lazy\" decoding=\"async\" src=\"https:\/\/hlrnet.com\/sites\/alt164\/wp-content\/plugins\/wp-rss-retriever\/inc\/imgs\/ajax-loader.gif\" alt=\"Loading RSS Feed\" width=\"16\" height=\"16\"><\/div>\n<p><strong>Libr\u00fajulia<\/strong><\/p>\n<div class=\"wprss_ajax\" data-id=\"rss87be7a4360\"><img loading=\"lazy\" decoding=\"async\" src=\"https:\/\/hlrnet.com\/sites\/alt164\/wp-content\/plugins\/wp-rss-retriever\/inc\/imgs\/ajax-loader.gif\" alt=\"Loading RSS Feed\" width=\"16\" height=\"16\"><\/div>\n<p><strong>El Mundo Cultura<\/strong><\/p>\n<div class=\"wprss_ajax\" data-id=\"rss6d16a8d2d2\"><img loading=\"lazy\" decoding=\"async\" src=\"https:\/\/hlrnet.com\/sites\/alt164\/wp-content\/plugins\/wp-rss-retriever\/inc\/imgs\/ajax-loader.gif\" alt=\"Loading RSS Feed\" width=\"16\" height=\"16\"><\/div>\n<p><strong>Libros y literatura<\/strong><\/p>\n<div class=\"wprss_ajax\" data-id=\"rss39b58b80fe\"><img loading=\"lazy\" decoding=\"async\" src=\"https:\/\/hlrnet.com\/sites\/alt164\/wp-content\/plugins\/wp-rss-retriever\/inc\/imgs\/ajax-loader.gif\" alt=\"Loading RSS Feed\" width=\"16\" height=\"16\"><\/div>\n<p><strong>Estandarte<\/strong><\/p>\n<div class=\"wprss_ajax\" data-id=\"rss35f0320afb\"><img loading=\"lazy\" decoding=\"async\" src=\"https:\/\/hlrnet.com\/sites\/alt164\/wp-content\/plugins\/wp-rss-retriever\/inc\/imgs\/ajax-loader.gif\" alt=\"Loading RSS Feed\" width=\"16\" height=\"16\"><\/div>\n<p><strong>Lecturalia<\/strong><\/p>\n<div class=\"wprss_ajax\" data-id=\"rss8508b43a58\"><img loading=\"lazy\" decoding=\"async\" src=\"https:\/\/hlrnet.com\/sites\/alt164\/wp-content\/plugins\/wp-rss-retriever\/inc\/imgs\/ajax-loader.gif\" alt=\"Loading RSS Feed\" width=\"16\" height=\"16\"><\/div>\n<p><strong>El Placer de la Lectura<\/strong><\/p>\n<div class=\"wprss_ajax\" data-id=\"rss55567c02b2\"><img loading=\"lazy\" decoding=\"async\" src=\"https:\/\/hlrnet.com\/sites\/alt164\/wp-content\/plugins\/wp-rss-retriever\/inc\/imgs\/ajax-loader.gif\" alt=\"Loading RSS Feed\" width=\"16\" height=\"16\"><\/div>\n<p><strong>Qu\u00e9 leer<\/strong><\/p>\n<div class=\"wprss_ajax\" data-id=\"rss307b7f7556\"><img loading=\"lazy\" decoding=\"async\" src=\"https:\/\/hlrnet.com\/sites\/alt164\/wp-content\/plugins\/wp-rss-retriever\/inc\/imgs\/ajax-loader.gif\" alt=\"Loading RSS Feed\" width=\"16\" height=\"16\"><\/div>\n<p><strong>La Sexta<\/strong><\/p>\n<div class=\"wprss_ajax\" data-id=\"rss3e3fc23d5d\"><img loading=\"lazy\" decoding=\"async\" src=\"https:\/\/hlrnet.com\/sites\/alt164\/wp-content\/plugins\/wp-rss-retriever\/inc\/imgs\/ajax-loader.gif\" alt=\"Loading RSS Feed\" width=\"16\" height=\"16\"><\/div>\n<p>Y entre los muchos canales de Youtube:<\/p>\n<ul>\n<li>Almuzara Libros<br \/>\n<a href=\"https:\/\/www.youtube.com\/channel\/UCO1iwRYrvuebkrM3HPElHow\" class=\"autohyperlink\">www.youtube.com\/channel\/UCO1iwRYrvuebkrM3HPElHow<\/a><\/li>\n<li>C\u00e1tedra Alfonso Reyes<br \/>\n<a href=\"https:\/\/www.youtube.com\/channel\/UCGcrawQTpRuT6p7PO4UFZOw\" class=\"autohyperlink\">www.youtube.com\/channel\/UCGcrawQTpRuT6p7PO4UFZOw<\/a><\/li>\n<li>Covadonga Talleres Literarios<br \/>\n<a href=\"https:\/\/www.youtube.com\/user\/TLiterariosOnline\" class=\"autohyperlink\">www.youtube.com\/user\/TLiterariosOnline<\/a><\/li>\n<li>Cr\u00f3nicas de Magrat<br \/>\n<a href=\"https:\/\/www.youtube.com\/channel\/UCGaMl2kAz8wyovEScxnWwmg\" class=\"autohyperlink\">www.youtube.com\/channel\/UCGaMl2kAz8wyovEScxnWwmg<\/a><\/li>\n<li>Devorando literatura<br \/>\n<a href=\"https:\/\/www.youtube.com\/user\/devorandoliteatura\" class=\"autohyperlink\">www.youtube.com\/user\/devorandoliteatura<\/a><\/li>\n<li>Dina Oltra<br \/>\n<a href=\"https:\/\/www.youtube.com\/channel\/UCM-Uuy23Pp-13II4iujDM6Q\" class=\"autohyperlink\">www.youtube.com\/channel\/UCM-Uuy23Pp-13II4iujDM6Q<\/a><\/li>\n<li>Elizondo ediciones<br \/>\n<a href=\"https:\/\/www.youtube.com\/channel\/UCY3haUr0hMh3qAobamkTu8Q\" class=\"autohyperlink\">www.youtube.com\/channel\/UCY3haUr0hMh3qAobamkTu8Q<\/a><\/li>\n<li>Hera ediciones<br \/>\n<a href=\"https:\/\/www.youtube.com\/user\/Heraediciones\" class=\"autohyperlink\">www.youtube.com\/user\/Heraediciones<\/a><\/li>\n<li>Laspalabrasdefa<br \/>\n<a href=\"https:\/\/www.youtube.com\/user\/laspalabrasdefa\" class=\"autohyperlink\">www.youtube.com\/user\/laspalabrasdefa<\/a><\/li>\n<li>Libros de Mar\u00eda Antonieta<br \/>\n<a href=\"https:\/\/www.youtube.com\/user\/Maria19R\" class=\"autohyperlink\">www.youtube.com\/user\/Maria19R<\/a><\/li>\n<li>Literatura y mundo editorial<br \/>\n<a href=\"https:\/\/www.youtube.com\/watch?v=IinQBo5d2wE&#038;list=PLIusxYw1AzjrCXqTyaKGDxHV1SQbVrkBh\" class=\"autohyperlink\">www.youtube.com\/watch?v=IinQBo5d2wE&#038;list=PLIusxYw1AzjrCXqTyaKGDxHV1SQbVrkBh<\/a><\/li>\n<li>Planetadelibros<br \/>\n<a href=\"https:\/\/www.youtube.com\/user\/planetadelibros\" class=\"autohyperlink\">www.youtube.com\/user\/planetadelibros<\/a><\/li>\n<li>Todos mis libros<br \/>\n<a href=\"https:\/\/www.youtube.com\/channel\/UCTDDJS-3OQA4RV3iAczlgiQ\" class=\"autohyperlink\">www.youtube.com\/channel\/UCTDDJS-3OQA4RV3iAczlgiQ<\/a><\/li>\n<li>Vivlios<br \/>\n<a href=\"https:\/\/www.youtube.com\/user\/bookmoviestv\" class=\"autohyperlink\">www.youtube.com\/user\/bookmoviestv<\/a><\/li>\n<\/ul>\n","protected":false},"excerpt":{"rendered":"<p>El Pa\u00eds Libr\u00fajulia El Mundo Cultura Libros y literatura Estandarte Lecturalia El Placer de la Lectura Qu\u00e9 leer La Sexta Y entre los muchos canales de Youtube: Almuzara Libros <a href=\"http:\/\/www.youtube.com\/channel\/UCO1iwRYrvuebkrM3HPElHow\" class=\"autohyperlink\">www.youtube.com\/channel\/UCO1iwRYrvuebkrM3HPElHow<\/a> C\u00e1tedra Alfonso Reyes <a href=\"http:\/\/www.youtube.com\/channel\/UCGcrawQTpRuT6p7PO4UFZOw\" class=\"autohyperlink\">www.youtube.com\/channel\/UCGcrawQTpRuT6p7PO4UFZOw<\/a> Covadonga Talleres Literarios <a href=\"http:\/\/www.youtube.com\/user\/TLiterariosOnline\" class=\"autohyperlink\">www.youtube.com\/user\/TLiterariosOnline<\/a> Cr\u00f3nicas de Magrat <a href=\"http:\/\/www.youtube.com\/channel\/UCGaMl2kAz8wyovEScxnWwmg\" class=\"autohyperlink\">www.youtube.com\/channel\/UCGaMl2kAz8wyovEScxnWwmg<\/a> Devorando literatura <a href=\"http:\/\/www.youtube.com\/user\/devorandoliteatura\" class=\"autohyperlink\">www.youtube.com\/user\/devorandoliteatura<\/a> Dina Oltra <a href=\"http:\/\/www.youtube.com\/channel\/UCM-Uuy23Pp-13II4iujDM6Q\" class=\"autohyperlink\">www.youtube.com\/channel\/UCM-Uuy23Pp-13II4iujDM6Q<\/a> Elizondo ediciones<\/p>\n","protected":false},"author":1,"featured_media":0,"parent":0,"menu_order":0,"comment_status":"closed","ping_status":"closed","template":"","meta":{"iawp_total_views":19,"footnotes":"","_wp_rev_ctl_limit":""},"class_list":["post-12632","page","type-page","status-publish","hentry"],"publishpress_future_action":{"enabled":false,"date":"2026-05-04 05:54:09","action":"change-status","newStatus":"draft","terms":[],"taxonomy":"","extraData":[]},"publishpress_future_workflow_manual_trigger":{"enabledWorkflows":[]},"_links":{"self":[{"href":"https:\/\/hlrnet.com\/sites\/alt164\/wp-json\/wp\/v2\/pages\/12632","targetHints":{"allow":["GET"]}}],"collection":[{"href":"https:\/\/hlrnet.com\/sites\/alt164\/wp-json\/wp\/v2\/pages"}],"about":[{"href":"https:\/\/hlrnet.com\/sites\/alt164\/wp-json\/wp\/v2\/types\/page"}],"author":[{"embeddable":true,"href":"https:\/\/hlrnet.com\/sites\/alt164\/wp-json\/wp\/v2\/users\/1"}],"replies":[{"embeddable":true,"href":"https:\/\/hlrnet.com\/sites\/alt164\/wp-json\/wp\/v2\/comments?post=12632"}],"version-history":[{"count":3,"href":"https:\/\/hlrnet.com\/sites\/alt164\/wp-json\/wp\/v2\/pages\/12632\/revisions"}],"predecessor-version":[{"id":26596,"href":"https:\/\/hlrnet.com\/sites\/alt164\/wp-json\/wp\/v2\/pages\/12632\/revisions\/26596"}],"wp:attachment":[{"href":"https:\/\/hlrnet.com\/sites\/alt164\/wp-json\/wp\/v2\/media?parent=12632"}],"curies":[{"name":"wp","href":"https:\/\/api.w.org\/{rel}","templated":true}]}}