{"id":11802,"date":"2018-04-19T17:16:43","date_gmt":"2018-04-19T17:16:43","guid":{"rendered":"http:\/\/hlrnet.com\/sites\/alt164\/?page_id=11802"},"modified":"2026-02-14T20:24:51","modified_gmt":"2026-02-14T20:24:51","slug":"buscadores","status":"publish","type":"page","link":"https:\/\/hlrnet.com\/sites\/alt164\/buscadores\/","title":{"rendered":"Buscadores"},"content":{"rendered":"<ul>\n<li>Buscadores\n<ul>\n<li><a href=\"https:\/\/www.accesoperu.com\/\" target=\"_blank\" rel=\"noopener\">AccesoPer\u00fa<\/a><\/li>\n<li><a href=\"https:\/\/www.antena.cl\/\" target=\"_blank\" rel=\"noopener\">Antena<\/a> (Chile)<\/li>\n<li><a href=\"https:\/\/www.cibercentro.com\/\" target=\"_blank\" rel=\"noopener\">CiberCentro<\/a> (por regiones)<\/li>\n<li><a href=\"https:\/\/www.buscador.com.mx\/\" target=\"_blank\" rel=\"noopener\">Club Planeta Buscador<\/a><\/li>\n<li><a href=\"https:\/\/www.hispavista.com\/\" target=\"_blank\" rel=\"noopener\">Hispavista<\/a><\/li>\n<li><a href=\"https:\/\/www.listin.com\/\" target=\"_blank\" rel=\"noopener\">Listin<\/a> &#8211; para encontrar direcciones electr\u00f3nicas<\/li>\n<li><a href=\"https:\/\/www.orihuela.net\/\" target=\"_blank\" rel=\"noopener\">Orihuela.net<\/a><\/li>\n<li><a href=\"https:\/\/www.paginasamarillas.es\/\" target=\"_blank\" rel=\"noopener\">P\u00e1ginas amarillas<\/a> (Espa\u00f1a)<\/li>\n<li><a href=\"https:\/\/www.tagoror.com\/\" target=\"_blank\" rel=\"noopener\">Tagoror<\/a><\/li>\n<li><a href=\"https:\/\/www.terra.com\/\" target=\"_blank\" rel=\"noopener\">Terra<\/a> (con buscadores en varios pa\u00edses)<\/li>\n<li><a href=\"https:\/\/www.yahoo.es\/\" target=\"_blank\" rel=\"noopener\">Yahoo en espa\u00f1ol<\/a>\n<ul>\n<li><a href=\"https:\/\/mx.yahoo.com\/\" target=\"_blank\" rel=\"noopener\">Yahoo! M\u00e9xico<\/a><\/li>\n<\/ul>\n<\/li>\n<\/ul>\n<\/li>\n<\/ul>\n<span class=\"last-modified-timestamp\">Feb 14, 2026 @ 8:24 pm<\/span>\n","protected":false},"excerpt":{"rendered":"<p>Buscadores AccesoPer\u00fa Antena (Chile) CiberCentro (por regiones) Club Planeta Buscador Hispavista Listin &#8211; para encontrar direcciones electr\u00f3nicas <a href=\"http:\/\/Orihuela.net\" class=\"autohyperlink\">Orihuela.net<\/a> P\u00e1ginas amarillas (Espa\u00f1a) Tagoror Terra (con buscadores en varios pa\u00edses) Yahoo en espa\u00f1ol Yahoo! M\u00e9xico<\/p>\n","protected":false},"author":1,"featured_media":0,"parent":0,"menu_order":0,"comment_status":"closed","ping_status":"closed","template":"","meta":{"iawp_total_views":5,"footnotes":"","_wp_rev_ctl_limit":""},"class_list":["post-11802","page","type-page","status-publish","hentry"],"publishpress_future_action":{"enabled":false,"date":"2026-05-04 05:37:01","action":"change-status","newStatus":"draft","terms":[],"taxonomy":"","extraData":[]},"publishpress_future_workflow_manual_trigger":{"enabledWorkflows":[]},"_links":{"self":[{"href":"https:\/\/hlrnet.com\/sites\/alt164\/wp-json\/wp\/v2\/pages\/11802","targetHints":{"allow":["GET"]}}],"collection":[{"href":"https:\/\/hlrnet.com\/sites\/alt164\/wp-json\/wp\/v2\/pages"}],"about":[{"href":"https:\/\/hlrnet.com\/sites\/alt164\/wp-json\/wp\/v2\/types\/page"}],"author":[{"embeddable":true,"href":"https:\/\/hlrnet.com\/sites\/alt164\/wp-json\/wp\/v2\/users\/1"}],"replies":[{"embeddable":true,"href":"https:\/\/hlrnet.com\/sites\/alt164\/wp-json\/wp\/v2\/comments?post=11802"}],"version-history":[{"count":4,"href":"https:\/\/hlrnet.com\/sites\/alt164\/wp-json\/wp\/v2\/pages\/11802\/revisions"}],"predecessor-version":[{"id":27615,"href":"https:\/\/hlrnet.com\/sites\/alt164\/wp-json\/wp\/v2\/pages\/11802\/revisions\/27615"}],"wp:attachment":[{"href":"https:\/\/hlrnet.com\/sites\/alt164\/wp-json\/wp\/v2\/media?parent=11802"}],"curies":[{"name":"wp","href":"https:\/\/api.w.org\/{rel}","templated":true}]}}