{"id":11800,"date":"2018-04-19T17:16:24","date_gmt":"2018-04-19T17:16:24","guid":{"rendered":"http:\/\/hlrnet.com\/sites\/alt164\/?page_id=11800"},"modified":"2024-12-24T13:22:04","modified_gmt":"2024-12-24T13:22:04","slug":"cajon-de-sastre","status":"publish","type":"page","link":"https:\/\/hlrnet.com\/sites\/alt164\/cajon-de-sastre\/","title":{"rendered":"Caj\u00f3n de sastre"},"content":{"rendered":"<ul>\n<li><a href=\"https:\/\/becas.com\/\">Becas.com<\/a><\/li>\n<li><a href=\"https:\/\/www.ces.es\/\" target=\"_blank\" rel=\"noopener noreferrer\">Consejo Econ\u00f3mico y Social de Espa\u00f1a<\/a><\/li>\n<li><a href=\"https:\/\/hlrnet.com\/sites\/alt164\/conocimiento-educacion\/\">Conocimiento y educaci\u00f3n<\/a><\/li>\n<li>Tecnolog\u00eda en clase\n<ul>\n<li><a href=\"https:\/\/www.colourmylearning.com\/\">Colour my learning<\/a> (ingl\u00e9s)<\/li>\n<li><a href=\"https:\/\/jjdeharo.blogspot.com\/\">Educativa<\/a>: blog sobre calidad e innovaci\u00f3n en la educaci\u00f3n secundaria<\/li>\n<li><a href=\"https:\/\/www.enlanubetic.com.es\/\">En la nube TIC<\/a><\/li>\n<li><a href=\"https:\/\/franherrera.com\/\">franherrera.com<\/a>: apuntes sobre la mutaci\u00f3n, el aprendizaje y las redes<\/li>\n<li><a href=\"https:\/\/victoriadospuntocero.wordpress.com\/\">Victoria 2.0<\/a>: un blog sobre ense\u00f1anza y nuevas tecnolog\u00edas<\/li>\n<\/ul>\n<\/li>\n<li>Consumir\n<ul>\n<li><a href=\"https:\/\/www.ropas.com.es\/\">Compra y Moda<\/a><\/li>\n<li><a href=\"https:\/\/www.consuclub.com\/\">ConsuClub<\/a><\/li>\n<li><a href=\"https:\/\/www.consumer.es\/\" target=\"_blank\" rel=\"noopener noreferrer\">Consumer: portal de consumo<\/a> (Eroski)<\/li>\n<li><a href=\"https:\/\/www.facua.org\/\" target=\"_blank\" rel=\"noopener noreferrer\">Facua.org<\/a>: Consumidores en acci\u00f3n<\/li>\n<li><a href=\"https:\/\/www.segundamano.es\/\">SegundaMano<\/a>: anuncios clasificados<\/li>\n<\/ul>\n<\/li>\n<li>Deporte\n<ul>\n<li><a href=\"https:\/\/www.rfef.es\/\">Real Federaci\u00f3n Espa\u00f1ola de F\u00fatbol<\/a><\/li>\n<li><a href=\"https:\/\/www.rfevb.com\/\">Real Federaci\u00f3n Espa\u00f1ola de Voleibol<\/a><\/li>\n<li><a href=\"https:\/\/www.tododxts.com\/\">Tododxts<\/a><\/li>\n<li>Noticias\n<ul>\n<li><a href=\"https:\/\/www.20minutos.es\/\">20minutos<\/a><\/li>\n<li><a href=\"https:\/\/www.as.com\/\">As<\/a><\/li>\n<li><a href=\"https:\/\/www.liderendeportes.com\/\">L\u00edder en deportes<\/a><\/li>\n<li><a href=\"https:\/\/www.marca.com\/\">Marca<\/a><\/li>\n<li><a href=\"https:\/\/www.que.es\/deportes\/\">Que<\/a><\/li>\n<li><a href=\"https:\/\/www.rtve.es\/deportes\/\">RTVE<\/a><\/li>\n<\/ul>\n<\/li>\n<\/ul>\n<\/li>\n<li>Derecho y legislaci\u00f3n\n<ul>\n<li><a href=\"https:\/\/www.euroresidentes.com\/\" target=\"_blank\" rel=\"noopener noreferrer\">Euroresidentes<\/a><\/li>\n<li><a href=\"https:\/\/juridicas.com\/\" target=\"_blank\" rel=\"noopener noreferrer\">Juridicas.com<\/a><\/li>\n<li><a href=\"https:\/\/www.abogacia.es\/\">Abogacia espa\u00f1ola<\/a><\/li>\n<li><a href=\"https:\/\/vlex.com\/\" target=\"_blank\" rel=\"noopener noreferrer\">V|Lex<\/a><\/li>\n<\/ul>\n<\/li>\n<li><a href=\"https:\/\/diarioti.com\/\" target=\"_blank\" rel=\"noopener noreferrer\">Diario TI Tecnolog\u00eda de la Informaci\u00f3n<\/a><\/li>\n<li><a href=\"https:\/\/www.edualter.org\/\">EduAlter<\/a>: red de recursos en educaci\u00f3n para la paz, el desarrollo y la interculturalidad<\/li>\n<li>Encuestas y tests que pueden servir para la conversaci\u00f3n\n<ul>\n<li><a href=\"https:\/\/www.enfemenino.com\/\">EnFeminino<\/a><\/li>\n<li><a href=\"https:\/\/www.psicoactiva.com\/\">PsicoActiva<\/a><\/li>\n<li><a href=\"https:\/\/www.psicologia-online.com\/test\/index.shtml\">Psicolog\u00eda online<\/a><\/li>\n<\/ul>\n<\/li>\n<li>Estad\u00edsticas\n<ul>\n<li><a href=\"https:\/\/www.datosmundial.com\/\">DatosMundial<\/a><\/li>\n<li><a href=\"http:\/\/lanic.utexas.edu\/\" target=\"_blank\" rel=\"noopener noreferrer\">LANIC<\/a> (Am\u00e9rica) &#8211; con apartado de <a href=\"http:\/\/lanic.utexas.edu\/la\/region\/statistics\/\" target=\"_blank\" rel=\"noopener noreferrer\">estad\u00edsticas por regi\u00f3n<\/a><\/li>\n<li>Institutos de estad\u00edstica\n<ul>\n<li><a href=\"https:\/\/www.ine.es\/\" target=\"_blank\" rel=\"noopener noreferrer\">Espa\u00f1a<\/a>\n<ul>\n<li><a href=\"https:\/\/www.idescat.cat\/\" target=\"_blank\" rel=\"noopener noreferrer\">Catalu\u00f1a<\/a><\/li>\n<li><a href=\"https:\/\/www.eustat.es\/\" target=\"_blank\" rel=\"noopener noreferrer\">Pa\u00eds Vasco<\/a><\/li>\n<\/ul>\n<\/li>\n<li><a href=\"https:\/\/www.dane.gov.co\/\" target=\"_blank\" rel=\"noopener noreferrer\">Colombia<\/a><\/li>\n<li><a href=\"https:\/\/www.inegi.org.mx\/\" target=\"_blank\" rel=\"noopener noreferrer\">M\u00e9xico<\/a><\/li>\n<li><a href=\"https:\/\/www.inei.gob.pe\/\" target=\"_blank\" rel=\"noopener noreferrer\">Per\u00fa<\/a><\/li>\n<li><a href=\"https:\/\/www.ine.gub.uy\/\" target=\"_blank\" rel=\"noopener noreferrer\">Uruguay<\/a><\/li>\n<li>y<\/li>\n<li><a href=\"https:\/\/data.europa.eu\/euodp\/en\/data\">Europa Open Data Portal<\/a><\/li>\n<li><a href=\"https:\/\/index.okfn.org\/\">Global Open Data Index<\/a><\/li>\n<li><a href=\"https:\/\/www.statista.com\/\">Statista<\/a><\/li>\n<li><a href=\"https:\/\/www.wikidata.org\/wiki\/Wikidata:Main_Page\">Wikidata<\/a><\/li>\n<\/ul>\n<\/li>\n<\/ul>\n<\/li>\n<li><a href=\"https:\/\/fidescu.org\/\">FIDESCU<\/a>: Fundaci\u00f3n para la investigaci\u00f3n y desarrollo de la cultura espa\u00f1ola<\/li>\n<li><a href=\"https:\/\/filosofia.org\/\">Filosof\u00eda en espa\u00f1ol<\/a><\/li>\n<li>Familia y educaci\u00f3n\n<ul>\n<li><a href=\"https:\/\/www.anar.org\/\" target=\"_blank\" rel=\"noopener noreferrer\">Fundaci\u00f3n ANAR<\/a>: ayuda a ni\u00f1os y adolescentes en riesgo<\/li>\n<li><a href=\"https:\/\/www.mibebeyyo.com\/\">Mi beb\u00e9 y yo<\/a><\/li>\n<li><a href=\"https:\/\/larevistamujer.com\/\" target=\"_blank\" rel=\"noopener noreferrer\">Revista Mujer<\/a><\/li>\n<\/ul>\n<\/li>\n<li>Frases\n<ul>\n<li><a href=\"https:\/\/www.frasalia.com\/\">Frasalia<\/a>: frases c\u00e9lebres<\/li>\n<li><a href=\"https:\/\/www.frasess.net\/\">Frasess<\/a><\/li>\n<li><a href=\"https:\/\/www.ofrases.com\/\">Ofrases<\/a><\/li>\n<li><a href=\"https:\/\/es.wikiquote.org\/\">Wikiquote<\/a><\/li>\n<\/ul>\n<\/li>\n<li><a href=\"https:\/\/www.gonzoo.com\/\">Gonzoo<\/a>: <strong>medio de informaci\u00f3n<\/strong> enfocado a los j\u00f3venes<\/li>\n<li>Grupos y asociaciones\n<ul>\n<li><a href=\"https:\/\/www.abia.be\/\">ABIA &#8211; Asociaci\u00f3n belgo ibero americana<\/a><\/li>\n<li><a href=\"https:\/\/www.europarl.europa.eu\/intcoop\/eurolat\/default_es.htm\">Asamblea Parlamentaria Euro-Latinoamericana<\/a><\/li>\n<li><a href=\"https:\/\/www.asbru.blogspot.com\/\">Asbru: Asturianos en Bruselas<\/a><\/li>\n<li><a href=\"https:\/\/www.casanica.org\/\">Casa Nicaragua<\/a> (Lieja)<\/li>\n<li><a href=\"https:\/\/www.catolico.org\/\" target=\"_blank\" rel=\"noopener noreferrer\">Catolico.org<\/a><\/li>\n<li><a href=\"https:\/\/www.latentation.be\/\">Centro Galego de Bruxelas<\/a><\/li>\n<li><a href=\"https:\/\/www.contactomagazine.com\/\" target=\"_blank\" rel=\"noopener noreferrer\">Contactomagazine, revista para latinos<\/a><\/li>\n<\/ul>\n<ul>\n<li><a href=\"https:\/\/www.hispagenda.com\/\" target=\"_blank\" rel=\"noopener noreferrer\">Hispagenda<\/a>: la gu\u00eda digital de los espa\u00f1oles en B\u00e9lgica<\/li>\n<li><a href=\"https:\/\/www.musulmanesandaluces.org\/\" target=\"_blank\" rel=\"noopener noreferrer\">Musulmanes andaluces<\/a><\/li>\n<\/ul>\n<\/li>\n<li>HistoriaLago<\/li>\n<li><a href=\"file:\/\/\/C:\/Users\/hlr\/OneDrive\/-MAIN-\/humores.htm\">Humor en espa\u00f1ol<\/a><\/li>\n<li><a href=\"https:\/\/www.infoagro.com\/\" target=\"_blank\" rel=\"noopener noreferrer\">Infoagro<\/a>: agricultura<\/li>\n<li><a href=\"https:\/\/www.intermonoxfam.org\/\">Interm\u00f3n Oxfam<\/a><\/li>\n<li>Juegos y diversi\u00f3n\n<ul>\n<li><a href=\"https:\/\/www.jugarconjuegos.com\/\">Jugar con juegos<\/a><\/li>\n<li><a href=\"https:\/\/www.rapidoyfacil.es\/\">RyF<\/a>: \u00abjuego de rol r\u00e1pido y f\u00e1cil\u00bb<\/li>\n<\/ul>\n<\/li>\n<li><a href=\"file:\/\/\/C:\/Users\/hlr\/OneDrive\/-MAIN-\/spmeteo.htm\">Meteorolog\u00eda y medio ambiente<\/a> (hlrnet)<\/li>\n<li><a href=\"https:\/\/www.minijuegos.com\/\" target=\"_blank\" rel=\"noopener noreferrer\">MiniJuegos<\/a><\/li>\n<li><a href=\"https:\/\/www.mundolatino.org\/\" target=\"_blank\" rel=\"noopener noreferrer\">Mundo Latino<\/a>: portal dedicada a la lengua y a las culturas hispanas (pero tambi\u00e9n tiene <a href=\"https:\/\/www.mundolatino.org\/\" target=\"_blank\" rel=\"noopener noreferrer\">buscadores y contenidos<\/a>)<\/li>\n<li><a href=\"https:\/\/www.muyinteresante.es\/\">Muy interesante<\/a><\/li>\n<li><a href=\"https:\/\/www.ongawa.org\/\">Ongawa<\/a>: ingenier\u00eda para el desarrollo humano<\/li>\n<li><a href=\"https:\/\/www.paginasamarillas.es\/\">PaginasAmarillas<\/a><\/li>\n<li>Para ni\u00f1os\n<ul>\n<li><a href=\"https:\/\/www.cartoonnetwork.es\/\" target=\"_blank\" rel=\"noopener noreferrer\">CartoonNetwork<\/a><\/li>\n<li><a href=\"https:\/\/www.chicomania.com\/\" target=\"_blank\" rel=\"noopener noreferrer\">Chicoman\u00eda<\/a><\/li>\n<li><a href=\"https:\/\/www.chicos.net\/\" target=\"_blank\" rel=\"noopener noreferrer\">Chicos.net<\/a><\/li>\n<li><a href=\"https:\/\/www.leemeuncuento.com.ar\/\" target=\"_blank\" rel=\"noopener noreferrer\">L\u00e9eme un cuento<\/a><\/li>\n<li><a href=\"https:\/\/www.pipoclub.com\/\" target=\"_blank\" rel=\"noopener noreferrer\">Pipoclub<\/a><\/li>\n<\/ul>\n<\/li>\n<li><a href=\"https:\/\/www.parquedeatracciones.es\/\" target=\"_blank\" rel=\"noopener noreferrer\">Parque de Atracciones<\/a> (Madrid)<\/li>\n<li><a href=\"https:\/\/www.elrefugio.org\/\">El Refugio<\/a>: sociedad protectora de animales<\/li>\n<li>Religi\u00f3n\n<ul>\n<li><a href=\"https:\/\/www.devocionario.com\/\">Devocionario cat\u00f3lico<\/a><\/li>\n<\/ul>\n<\/li>\n<li><a href=\"https:\/\/www.sgae.es\/\" target=\"_blank\" rel=\"noopener noreferrer\">SGAE &#8211; Sociedad General de Autores y Editores<\/a><\/li>\n<li><a href=\"https:\/\/www.spaindata.com\/directorio\/esp\/\" target=\"_blank\" rel=\"noopener noreferrer\">SpainData<\/a>: directorio que selecciona noticias y actualidad, turismo y viajes, inmobiliaria, econom\u00eda, pol\u00edtica y cultura.<\/li>\n<li><a class=\"over\" href=\"file:\/\/\/C:\/Users\/hlr\/OneDrive\/-MAIN-\/sptecno.htm\">Tecnolog\u00eda e inform\u00e1tica<\/a><\/li>\n<li><a href=\"https:\/\/www.telva.com\/\">Telva<\/a>: portal con blogs, comunidad, foros, chat, &#8230;<\/li>\n<li><a href=\"https:\/\/www.trotta.es\/\" target=\"_blank\" rel=\"noopener noreferrer\">Trotta: editorial<\/a> (derecho, filosof\u00eda, religi\u00f3n, medio ambiente, ciencias b\u00edblicas y orientales)<\/li>\n<li><a href=\"https:\/\/es.wikihow.com\/\">Wikihow<\/a><\/li>\n<\/ul>\n<span class=\"last-modified-timestamp\">Dic 24, 2024 @ 1:22 pm<\/span>\n","protected":false},"excerpt":{"rendered":"<p><a href=\"http:\/\/Becas.com\" class=\"autohyperlink\">Becas.com<\/a> Consejo Econ\u00f3mico y Social de Espa\u00f1a Conocimiento y educaci\u00f3n Tecnolog\u00eda en clase Colour my learning (ingl\u00e9s) Educativa: blog sobre calidad e innovaci\u00f3n en la educaci\u00f3n secundaria En la nube TIC <a href=\"http:\/\/franherrera.com\" class=\"autohyperlink\">franherrera.com<\/a>: apuntes sobre la mutaci\u00f3n, el aprendizaje y las redes Victoria 2.0: un blog sobre ense\u00f1anza y nuevas tecnolog\u00edas<\/p>\n","protected":false},"author":1,"featured_media":0,"parent":0,"menu_order":0,"comment_status":"closed","ping_status":"closed","template":"","meta":{"iawp_total_views":1,"footnotes":"","_wp_rev_ctl_limit":""},"class_list":["post-11800","page","type-page","status-publish","hentry"],"publishpress_future_action":{"enabled":false,"date":"2026-05-07 17:06:35","action":"change-status","newStatus":"draft","terms":[],"taxonomy":"","extraData":[]},"publishpress_future_workflow_manual_trigger":{"enabledWorkflows":[]},"_links":{"self":[{"href":"https:\/\/hlrnet.com\/sites\/alt164\/wp-json\/wp\/v2\/pages\/11800","targetHints":{"allow":["GET"]}}],"collection":[{"href":"https:\/\/hlrnet.com\/sites\/alt164\/wp-json\/wp\/v2\/pages"}],"about":[{"href":"https:\/\/hlrnet.com\/sites\/alt164\/wp-json\/wp\/v2\/types\/page"}],"author":[{"embeddable":true,"href":"https:\/\/hlrnet.com\/sites\/alt164\/wp-json\/wp\/v2\/users\/1"}],"replies":[{"embeddable":true,"href":"https:\/\/hlrnet.com\/sites\/alt164\/wp-json\/wp\/v2\/comments?post=11800"}],"version-history":[{"count":4,"href":"https:\/\/hlrnet.com\/sites\/alt164\/wp-json\/wp\/v2\/pages\/11800\/revisions"}],"predecessor-version":[{"id":26028,"href":"https:\/\/hlrnet.com\/sites\/alt164\/wp-json\/wp\/v2\/pages\/11800\/revisions\/26028"}],"wp:attachment":[{"href":"https:\/\/hlrnet.com\/sites\/alt164\/wp-json\/wp\/v2\/media?parent=11800"}],"curies":[{"name":"wp","href":"https:\/\/api.w.org\/{rel}","templated":true}]}}