{"id":11792,"date":"2018-04-19T17:14:59","date_gmt":"2018-04-19T17:14:59","guid":{"rendered":"http:\/\/hlrnet.com\/sites\/alt164\/?page_id=11792"},"modified":"2026-02-14T20:24:10","modified_gmt":"2026-02-14T20:24:10","slug":"la-cocina","status":"publish","type":"page","link":"https:\/\/hlrnet.com\/sites\/alt164\/la-cocina\/","title":{"rendered":"La cocina"},"content":{"rendered":"<ul>\n<li><a href=\"https:\/\/www.afuegolento.com\/\" target=\"_blank\" rel=\"noopener noreferrer\">A Fuego Lento<\/a><\/li>\n<li><a href=\"https:\/\/www.alimentacion.es\/\">Alimentaci\u00f3n.es<\/a><\/li>\n<li><a href=\"https:\/\/www.alimente.elconfidencial.com\/\">Alimente + Salud<\/a> (El Confidencial)<\/li>\n<li><a href=\"https:\/\/www.arecetas.com\/\">Arecetas<\/a><\/li>\n<li><a href=\"https:\/\/www.canalcocina.es\/\">Canal Cocina<\/a><\/li>\n<li><a href=\"https:\/\/www.conpan.es\/\">ConPan<\/a><\/li>\n<li><a href=\"https:\/\/cuandololacocina.blogspot.com.es\/\">Cuando Lola Cocina<\/a><\/li>\n<li><a href=\"https:\/\/www.directoalpaladar.com\/\">Directo al Paladar<\/a><\/li>\n<li><a href=\"https:\/\/www.esmas.com\/mujer\/cocina\/\" target=\"_blank\" rel=\"noopener noreferrer\">Esmas cocina<\/a><\/li>\n<li><a href=\"https:\/\/www.gallinablanca.es\/\" target=\"_blank\" rel=\"noopener noreferrer\">Gallina Blanca<\/a>: recetas de cocina<\/li>\n<li><a href=\"https:\/\/www.gastronomiavasca.net\/\" target=\"_blank\" rel=\"noopener noreferrer\">Gastronomiavasca<\/a><\/li>\n<li><a href=\"https:\/\/www.hogarutil.com\/\">Hogarutil<\/a><\/li>\n<li><a href=\"https:\/\/www.lomejordelagastronomia.com\/\" target=\"_blank\" rel=\"noopener noreferrer\">Lo mejor de la gastronom\u00eda<\/a><\/li>\n<li><a href=\"https:\/\/www.midietacojea.com\/\">Mi dieta cojea<\/a>: blog de nutrici\u00f3n y diet\u00e9tica<\/li>\n<li><a href=\"https:\/\/mundorecetas.com\/\" target=\"_blank\" rel=\"noopener noreferrer\">MundoRecetas<\/a><\/li>\n<li><a href=\"https:\/\/www.elmundo.es\/metropoli\/elmundovino.html\">MundoVino<\/a><\/li>\n<li><a href=\"https:\/\/www.patrimonio-gastronomico.com\/\" target=\"_blank\" rel=\"noopener noreferrer\">Patrimonio gastron\u00f3mico<\/a><\/li>\n<li><a href=\"https:\/\/www.protocolo.org\/\">Protocolo y Etiqueta<\/a><\/li>\n<li>Listas de restaurantes\n<ul>\n<li><a href=\"https:\/\/www.bcnrestaurantes.com\/\">Bcn Restaurantes<\/a><\/li>\n<li><a href=\"https:\/\/www.restaurantes.com\/\">Restaurantes.com<\/a><\/li>\n<li><a href=\"https:\/\/www.restaurantesmadrid.com\/\">RestaurantesMadrid<\/a><\/li>\n<li><a href=\"https:\/\/www.eltenedor.es\/\">ElTenedor<\/a><\/li>\n<li><a href=\"https:\/\/viaresto.com\/\">ViaRest\u00f3<\/a> (AR)<\/li>\n<\/ul>\n<\/li>\n<li><a href=\"https:\/\/saborgourmet.com\/\">SaborGourmet<\/a><\/li>\n<li><a href=\"https:\/\/tapasmagazine.es\/\">Tapas magazine<\/a><\/li>\n<li>Algunos productos agroalimentarios (con recetas etc.)\n<ul>\n<li><a href=\"https:\/\/www.avicsa.com\/\">Avicsa<\/a><\/li>\n<li><a href=\"https:\/\/www.dehesa-extremadura.com\/\" target=\"_blank\" rel=\"noopener noreferrer\">Dehesa de Extremadura<\/a><\/li>\n<li><a href=\"https:\/\/www.cerezadeljerte.org\/\" target=\"_blank\" rel=\"noopener noreferrer\">Picota &#8211; cereza del Jerte<\/a><\/li>\n<li><a href=\"https:\/\/www.vinasdelvero.es\/\" target=\"_blank\" rel=\"noopener noreferrer\">Vi\u00f1as del Vero<\/a><\/li>\n<\/ul>\n<\/li>\n<\/ul>\n<span class=\"last-modified-timestamp\">Feb 14, 2026 @ 8:24 pm<\/span>\n","protected":false},"excerpt":{"rendered":"<p>A Fuego Lento Alimentaci\u00f3n.es Alimente + Salud (El Confidencial) Arecetas Canal Cocina ConPan Cuando Lola Cocina Directo al Paladar Esmas cocina Gallina Blanca: recetas de cocina Gastronomiavasca Hogarutil Lo mejor de la gastronom\u00eda Mi dieta cojea: blog de nutrici\u00f3n y diet\u00e9tica MundoRecetas MundoVino Patrimonio gastron\u00f3mico Protocolo y Etiqueta Listas de<\/p>\n","protected":false},"author":1,"featured_media":0,"parent":0,"menu_order":0,"comment_status":"closed","ping_status":"closed","template":"","meta":{"iawp_total_views":8,"footnotes":"","_wp_rev_ctl_limit":""},"class_list":["post-11792","page","type-page","status-publish","hentry"],"publishpress_future_action":{"enabled":false,"date":"2026-05-04 06:45:48","action":"change-status","newStatus":"draft","terms":[],"taxonomy":"","extraData":[]},"publishpress_future_workflow_manual_trigger":{"enabledWorkflows":[]},"_links":{"self":[{"href":"https:\/\/hlrnet.com\/sites\/alt164\/wp-json\/wp\/v2\/pages\/11792","targetHints":{"allow":["GET"]}}],"collection":[{"href":"https:\/\/hlrnet.com\/sites\/alt164\/wp-json\/wp\/v2\/pages"}],"about":[{"href":"https:\/\/hlrnet.com\/sites\/alt164\/wp-json\/wp\/v2\/types\/page"}],"author":[{"embeddable":true,"href":"https:\/\/hlrnet.com\/sites\/alt164\/wp-json\/wp\/v2\/users\/1"}],"replies":[{"embeddable":true,"href":"https:\/\/hlrnet.com\/sites\/alt164\/wp-json\/wp\/v2\/comments?post=11792"}],"version-history":[{"count":4,"href":"https:\/\/hlrnet.com\/sites\/alt164\/wp-json\/wp\/v2\/pages\/11792\/revisions"}],"predecessor-version":[{"id":27612,"href":"https:\/\/hlrnet.com\/sites\/alt164\/wp-json\/wp\/v2\/pages\/11792\/revisions\/27612"}],"wp:attachment":[{"href":"https:\/\/hlrnet.com\/sites\/alt164\/wp-json\/wp\/v2\/media?parent=11792"}],"curies":[{"name":"wp","href":"https:\/\/api.w.org\/{rel}","templated":true}]}}