{"id":11782,"date":"2018-04-19T17:13:06","date_gmt":"2018-04-19T17:13:06","guid":{"rendered":"http:\/\/hlrnet.com\/sites\/alt164\/?page_id=11782"},"modified":"2024-12-24T13:28:52","modified_gmt":"2024-12-24T13:28:52","slug":"espacio-web-en-espanol","status":"publish","type":"page","link":"https:\/\/hlrnet.com\/sites\/alt164\/espacio-web-en-espanol\/","title":{"rendered":"Espacio web en espa\u00f1ol"},"content":{"rendered":"<ul>\n<li>Espacio web se puede conseguir en\n<ul>\n<li><a href=\"https:\/\/www.4d2.net\/\" target=\"_blank\" rel=\"noopener noreferrer\">4d2.net<\/a> (<i>tu_nombre<\/i>.4d2.net)<\/li>\n<li><a href=\"https:\/\/www.miconstructorweb.com\/\">MiConstructorWeb<\/a><\/li>\n<\/ul>\n<\/li>\n<li>Blogs en espa\u00f1ol\n<ul>\n<li><a href=\"https:\/\/bitacoras.com\/\">Bit\u00e1coras.com<\/a>: blogging en espa\u00f1ol<\/li>\n<li><a href=\"https:\/\/www.blogia.com\/\">Blogia<\/a><\/li>\n<li><a href=\"https:\/\/blogs.miarroba.es\/\">Miarroba<\/a><\/li>\n<li><a href=\"https:\/\/es.wordpress.com\/\">WordPress<\/a><\/li>\n<\/ul>\n<\/li>\n<\/ul>\n<span class=\"last-modified-timestamp\">Dic 24, 2024 @ 1:28 pm<\/span>\n","protected":false},"excerpt":{"rendered":"<p>Espacio web se puede conseguir en <a href=\"http:\/\/4d2.net\" class=\"autohyperlink\">4d2.net<\/a> (tu_nombre.4d2.net) MiConstructorWeb Blogs en espa\u00f1ol Bit\u00e1coras.com: blogging en espa\u00f1ol Blogia Miarroba WordPress<\/p>\n","protected":false},"author":1,"featured_media":0,"parent":0,"menu_order":0,"comment_status":"closed","ping_status":"closed","template":"","meta":{"iawp_total_views":5,"footnotes":"","_wp_rev_ctl_limit":""},"class_list":["post-11782","page","type-page","status-publish","hentry"],"publishpress_future_action":{"enabled":false,"date":"2026-05-04 01:02:04","action":"change-status","newStatus":"draft","terms":[],"taxonomy":"","extraData":[]},"publishpress_future_workflow_manual_trigger":{"enabledWorkflows":[]},"_links":{"self":[{"href":"https:\/\/hlrnet.com\/sites\/alt164\/wp-json\/wp\/v2\/pages\/11782","targetHints":{"allow":["GET"]}}],"collection":[{"href":"https:\/\/hlrnet.com\/sites\/alt164\/wp-json\/wp\/v2\/pages"}],"about":[{"href":"https:\/\/hlrnet.com\/sites\/alt164\/wp-json\/wp\/v2\/types\/page"}],"author":[{"embeddable":true,"href":"https:\/\/hlrnet.com\/sites\/alt164\/wp-json\/wp\/v2\/users\/1"}],"replies":[{"embeddable":true,"href":"https:\/\/hlrnet.com\/sites\/alt164\/wp-json\/wp\/v2\/comments?post=11782"}],"version-history":[{"count":4,"href":"https:\/\/hlrnet.com\/sites\/alt164\/wp-json\/wp\/v2\/pages\/11782\/revisions"}],"predecessor-version":[{"id":26052,"href":"https:\/\/hlrnet.com\/sites\/alt164\/wp-json\/wp\/v2\/pages\/11782\/revisions\/26052"}],"wp:attachment":[{"href":"https:\/\/hlrnet.com\/sites\/alt164\/wp-json\/wp\/v2\/media?parent=11782"}],"curies":[{"name":"wp","href":"https:\/\/api.w.org\/{rel}","templated":true}]}}