{"id":11780,"date":"2018-04-19T17:12:49","date_gmt":"2018-04-19T17:12:49","guid":{"rendered":"http:\/\/hlrnet.com\/sites\/alt164\/?page_id=11780"},"modified":"2024-04-26T06:48:36","modified_gmt":"2024-04-26T06:48:36","slug":"el-euskera-en-internet","status":"publish","type":"page","link":"https:\/\/hlrnet.com\/sites\/alt164\/el-euskera-en-internet\/","title":{"rendered":"El euskera en internet"},"content":{"rendered":"<ul>\n<li><a href=\"https:\/\/www.berria.info\/\" target=\"_blank\" rel=\"noopener noreferrer\">Berria<\/a><\/li>\n<li><a href=\"https:\/\/www.camaragipuzkoa.com\/\" target=\"_blank\" rel=\"noopener noreferrer\">C\u00e1mara de Gipuzkoa<\/a><\/li>\n<li><a href=\"http:\/\/servicios.elcorreodigital.com\/euskera\/\" target=\"_blank\" rel=\"noopener noreferrer\">Curso Deusto de euskera<\/a> (El Correo Digital)<\/li>\n<li>Diccionarios\n<ul>\n<li><a href=\"https:\/\/eu.wikipedia.org\/wiki\/Azala\" target=\"_blank\" rel=\"noopener noreferrer\">Wikipedia<\/a><\/li>\n<\/ul>\n<\/li>\n<li><a href=\"https:\/\/www.eitb.eus\/\" target=\"_blank\" rel=\"noopener noreferrer\">Eitb &#8211; Euskal Irrati Telebista<\/a><\/li>\n<li><a href=\"http:\/\/www.eizie.org\/\" target=\"_blank\" rel=\"noopener noreferrer\">EIZIE<\/a>: la asociaci\u00f3n de traductores, correctores e int\u00e9rpretes de lengua vasca<\/li>\n<li><a href=\"https:\/\/www.gara.net\/\" target=\"_blank\" rel=\"noopener noreferrer\">Gara.net<\/a><\/li>\n<li><a href=\"https:\/\/www.guggenheim-bilbao.es\/\" target=\"_blank\" rel=\"noopener noreferrer\">Guggenheim Bilbao<\/a><\/li>\n<li><a href=\"https:\/\/www.santurtzieus.com\/gela_irekia\/materialak\/ikastaro\/iniciacion\/hasiera.htm\" target=\"_blank\" rel=\"noopener noreferrer\">Iniciaci\u00f3n al euskera<\/a><\/li>\n<li><a href=\"https:\/\/www.kaixo.com\/\" target=\"_blank\" rel=\"noopener noreferrer\">Kaixo (buscador)<\/a><\/li>\n<li><a href=\"https:\/\/www.librezale.org\/\" target=\"_blank\" rel=\"noopener noreferrer\">Librezale<\/a>: tecnolog\u00eda<\/li>\n<li><a href=\"https:\/\/www.mondragon.edu\/\" target=\"_blank\" rel=\"noopener noreferrer\">Mondragon Unibertsitatea<\/a><\/li>\n<li>Prensa\n<ul>\n<li><a href=\"https:\/\/www.berria.info\/\">Berria<\/a><\/li>\n<\/ul>\n<\/li>\n<li><a href=\"http:\/\/www.ametza.com\/bbk\/htdocs\/hasiera.htm\" target=\"_blank\" rel=\"noopener noreferrer\">Refranes (Gotzon Garate)<\/a><\/li>\n<li><a href=\"https:\/\/www.ehu.es\/\" target=\"_blank\" rel=\"noopener noreferrer\">Universidad del Pa\u00eds Vasco<\/a><\/li>\n<li><a href=\"https:\/\/www.google.be\/search?client=opera&amp;q=site%3Aeus&amp;sourceid=opera&amp;ie=UTF-8&amp;oe=UTF-8\">El dominio .EUS<\/a><\/li>\n<\/ul>\n<span class=\"last-modified-timestamp\">Abr 26, 2024 @ 6:48 am<\/span>\n","protected":false},"excerpt":{"rendered":"<p>Berria C\u00e1mara de Gipuzkoa Curso Deusto de euskera (El Correo Digital) Diccionarios Wikipedia Eitb &#8211; Euskal Irrati Telebista EIZIE: la asociaci\u00f3n de traductores, correctores e int\u00e9rpretes de lengua vasca <a href=\"http:\/\/Gara.net\" class=\"autohyperlink\">Gara.net<\/a> Guggenheim Bilbao Iniciaci\u00f3n al euskera Kaixo (buscador) Librezale: tecnolog\u00eda Mondragon Unibertsitatea Prensa Berria Refranes (Gotzon Garate) Universidad del Pa\u00eds Vasco<\/p>\n","protected":false},"author":1,"featured_media":0,"parent":0,"menu_order":0,"comment_status":"closed","ping_status":"closed","template":"","meta":{"iawp_total_views":0,"footnotes":"","_wp_rev_ctl_limit":""},"class_list":["post-11780","page","type-page","status-publish","hentry"],"publishpress_future_action":{"enabled":false,"date":"2026-05-04 01:01:20","action":"change-status","newStatus":"draft","terms":[],"taxonomy":"","extraData":[]},"publishpress_future_workflow_manual_trigger":{"enabledWorkflows":[]},"_links":{"self":[{"href":"https:\/\/hlrnet.com\/sites\/alt164\/wp-json\/wp\/v2\/pages\/11780","targetHints":{"allow":["GET"]}}],"collection":[{"href":"https:\/\/hlrnet.com\/sites\/alt164\/wp-json\/wp\/v2\/pages"}],"about":[{"href":"https:\/\/hlrnet.com\/sites\/alt164\/wp-json\/wp\/v2\/types\/page"}],"author":[{"embeddable":true,"href":"https:\/\/hlrnet.com\/sites\/alt164\/wp-json\/wp\/v2\/users\/1"}],"replies":[{"embeddable":true,"href":"https:\/\/hlrnet.com\/sites\/alt164\/wp-json\/wp\/v2\/comments?post=11780"}],"version-history":[{"count":3,"href":"https:\/\/hlrnet.com\/sites\/alt164\/wp-json\/wp\/v2\/pages\/11780\/revisions"}],"predecessor-version":[{"id":24780,"href":"https:\/\/hlrnet.com\/sites\/alt164\/wp-json\/wp\/v2\/pages\/11780\/revisions\/24780"}],"wp:attachment":[{"href":"https:\/\/hlrnet.com\/sites\/alt164\/wp-json\/wp\/v2\/media?parent=11780"}],"curies":[{"name":"wp","href":"https:\/\/api.w.org\/{rel}","templated":true}]}}