{"id":11778,"date":"2018-04-19T17:12:33","date_gmt":"2018-04-19T17:12:33","guid":{"rendered":"http:\/\/hlrnet.com\/sites\/alt164\/?page_id=11778"},"modified":"2026-02-14T20:23:03","modified_gmt":"2026-02-14T20:23:03","slug":"filosofia","status":"publish","type":"page","link":"https:\/\/hlrnet.com\/sites\/alt164\/filosofia\/","title":{"rendered":"Filosof\u00eda"},"content":{"rendered":"<ul>\n<li>Sitios generales\n<ul>\n<li><a href=\"https:\/\/boulesis.com\/\" target=\"_blank\" rel=\"noopener noreferrer\"><strong>Boulesis<\/strong><\/a>: recursos educativos para la filosof\u00eda<\/li>\n<li><a href=\"https:\/\/www.cibernous.com\/\" target=\"_blank\" rel=\"noopener noreferrer\"><strong>Cibernous<\/strong><\/a>: web de filosof\u00eda en espa\u00f1ol<\/li>\n<li><a href=\"https:\/\/dialektika.org\/\">Dialektika<\/a>: filosof\u00eda, cultura y sociedad<\/li>\n<li><a href=\"https:\/\/filosofia.org\/\" target=\"_blank\" rel=\"noopener noreferrer\">Filosof\u00eda.org<\/a>: proyecto Filosof\u00eda en Internet \/ con enciclopedias<\/li>\n<li><a href=\"https:\/\/www.filosofiahoy.es\/\">Filosof\u00eda Hoy<\/a><\/li>\n<li><a href=\"https:\/\/www.monografias.com\/filosofia\">Monograf\u00edas: filosof\u00eda<\/a><\/li>\n<li><a href=\"https:\/\/www.philosophica.info\/\">Philosophica<\/a>: enciclopedia filos\u00f3fica on line<\/li>\n<li><a href=\"https:\/\/www.webdianoia.com\/\" target=\"_blank\" rel=\"noopener noreferrer\"><strong>Webdianoia<\/strong><\/a>: historia de la filosof\u00eda &#8211; la filosof\u00eda en el bachillerato<\/li>\n<\/ul>\n<\/li>\n<li>Historia de la filosof\u00eda\n<ul>\n<li><a href=\"https:\/\/www.ensayistas.org\/antologia\/\">Antolog\u00eda del pensamiento hispano<\/a><\/li>\n<li><a href=\"https:\/\/www.filosofia.org\/filomat\/index.htm\" target=\"_blank\" rel=\"noopener noreferrer\">Diccionario filos\u00f3fico <\/a><\/li>\n<\/ul>\n<\/li>\n<li>Disciplinas\n<ul>\n<li><a href=\"https:\/\/sofime.eu\/\">Sociedad de filosof\u00eda medieval<\/a><\/li>\n<\/ul>\n<\/li>\n<li>Fil\u00f3sofos\n<ul>\n<li><a href=\"https:\/\/www.e-torredebabel.com\/Historia-de-la-filosofia\/Filosofiacontemporanea\/Ortega\/Principal-Ortega-y-Gasset.htm\">Ortega y Gasset<\/a><\/li>\n<li><a href=\"https:\/\/www.biografiasyvidas.com\/biografia\/s\/seneca.htm\">S\u00e9neca<\/a><\/li>\n<li><a href=\"https:\/\/eugeniotrias.com\/\">Eugenio Tr\u00edas<\/a><\/li>\n<\/ul>\n<\/li>\n<li>Revistas\n<ul>\n<li><a href=\"https:\/\/critica.filosoficas.unam.mx\/\">Cr\u00edtica<\/a><\/li>\n<li><a href=\"https:\/\/www.filosofia.net\/materiales\/\" target=\"_blank\" rel=\"noopener noreferrer\">Cuaderno de Materiales<\/a><\/li>\n<li><a href=\"https:\/\/www.observacionesfilosoficas.net\/\">Observaciones filos\u00f3ficas<\/a><\/li>\n<li><a href=\"https:\/\/ahf-filosofia.es\/\">Revista de Hispanismo Filos\u00f3fico<\/a><\/li>\n<li><a href=\"https:\/\/www.observacionesfilosoficas.net\/\">Revista Observaciones Filos\u00f3ficas<\/a><\/li>\n<\/ul>\n<\/li>\n<li>Asociaciones\n<ul>\n<li><a href=\"https:\/\/www.fgbueno.es\/\">Fundaci\u00f3n Gustavo Bueno<\/a><\/li>\n<\/ul>\n<\/li>\n<li>Formaciones\n<ul>\n<li><a href=\"https:\/\/www.ifs.csic.es\/\" target=\"_blank\" rel=\"noopener noreferrer\">Instituto de Filosof\u00eda (Madrid)<\/a><\/li>\n<li><a href=\"https:\/\/www.uned.es\/\">UNED<\/a><\/li>\n<li><a href=\"https:\/\/www.ugr.es\/~filosofi\/\" target=\"_blank\" rel=\"noopener noreferrer\">Universidad de Granada<\/a><\/li>\n<li><a href=\"https:\/\/www.um.es\/facfilos\/\" target=\"_blank\" rel=\"noopener noreferrer\">Universidad de Murcia<\/a><\/li>\n<\/ul>\n<\/li>\n<li>Otros\n<ul>\n<li><a href=\"https:\/\/www.youtube.com\/channel\/UCBgi-68fpmF6yIEDOqd4kPw\">Adictos a la Filosof\u00eda<\/a> (YouTube)<\/li>\n<li><a href=\"https:\/\/www.fgbueno.es\/edi\/bfe.htm\">Biblioteca Filosof\u00eda en espa\u00f1ol<\/a><\/li>\n<li><a href=\"https:\/\/www.bloghemia.com\/\">Bloghemia<\/a><\/li>\n<li><a href=\"https:\/\/www.filosofia.cu\/\">Filosof\u00eda cubana<\/a><\/li>\n<li><a href=\"http:\/\/filosofia-y-lo-que-surja.net\/\">Filosof\u00eda y lo que surja<\/a><\/li>\n<\/ul>\n<\/li>\n<\/ul>\n<span class=\"last-modified-timestamp\">Feb 14, 2026 @ 8:23 pm<\/span>\n","protected":false},"excerpt":{"rendered":"<p>Sitios generales Boulesis: recursos educativos para la filosof\u00eda Cibernous: web de filosof\u00eda en espa\u00f1ol Dialektika: filosof\u00eda, cultura y sociedad Filosof\u00eda.org: proyecto Filosof\u00eda en Internet \/ con enciclopedias Filosof\u00eda Hoy Monograf\u00edas: filosof\u00eda Philosophica: enciclopedia filos\u00f3fica on line Webdianoia: historia de la filosof\u00eda &#8211; la filosof\u00eda en el bachillerato Historia de la<\/p>\n","protected":false},"author":1,"featured_media":0,"parent":0,"menu_order":0,"comment_status":"closed","ping_status":"closed","template":"","meta":{"iawp_total_views":2,"footnotes":"","_wp_rev_ctl_limit":""},"class_list":["post-11778","page","type-page","status-publish","hentry"],"publishpress_future_action":{"enabled":false,"date":"2026-05-04 04:19:53","action":"change-status","newStatus":"draft","terms":[],"taxonomy":"","extraData":[]},"publishpress_future_workflow_manual_trigger":{"enabledWorkflows":[]},"_links":{"self":[{"href":"https:\/\/hlrnet.com\/sites\/alt164\/wp-json\/wp\/v2\/pages\/11778","targetHints":{"allow":["GET"]}}],"collection":[{"href":"https:\/\/hlrnet.com\/sites\/alt164\/wp-json\/wp\/v2\/pages"}],"about":[{"href":"https:\/\/hlrnet.com\/sites\/alt164\/wp-json\/wp\/v2\/types\/page"}],"author":[{"embeddable":true,"href":"https:\/\/hlrnet.com\/sites\/alt164\/wp-json\/wp\/v2\/users\/1"}],"replies":[{"embeddable":true,"href":"https:\/\/hlrnet.com\/sites\/alt164\/wp-json\/wp\/v2\/comments?post=11778"}],"version-history":[{"count":4,"href":"https:\/\/hlrnet.com\/sites\/alt164\/wp-json\/wp\/v2\/pages\/11778\/revisions"}],"predecessor-version":[{"id":27609,"href":"https:\/\/hlrnet.com\/sites\/alt164\/wp-json\/wp\/v2\/pages\/11778\/revisions\/27609"}],"wp:attachment":[{"href":"https:\/\/hlrnet.com\/sites\/alt164\/wp-json\/wp\/v2\/media?parent=11778"}],"curies":[{"name":"wp","href":"https:\/\/api.w.org\/{rel}","templated":true}]}}