{"id":11772,"date":"2018-04-19T17:11:19","date_gmt":"2018-04-19T17:11:19","guid":{"rendered":"http:\/\/hlrnet.com\/sites\/alt164\/?page_id=11772"},"modified":"2026-02-14T20:19:59","modified_gmt":"2026-02-14T20:19:59","slug":"lenguas-indigenas-en-internet","status":"publish","type":"page","link":"https:\/\/hlrnet.com\/sites\/alt164\/lenguas-indigenas-en-internet\/","title":{"rendered":"Lenguas ind\u00edgenas en internet"},"content":{"rendered":"<p>General<\/p>\n<ul>\n<li><a href=\"https:\/\/ailla.utexas.org\/\">Archive of Indigenous Languages of Latin America (AILLA)<\/a><\/li>\n<li><a href=\"https:\/\/bdpi.cultura.gob.pe\/\">Base de datos de pueblos ind\u00edgenas u originales (BDPI)<\/a><\/li>\n<li><a href=\"https:\/\/aulex.org\/\">Diccionarios en l\u00ednea Aulex<\/a><\/li>\n<li><a href=\"https:\/\/pueblosoriginarios.com\/\">Pueblos Originarios de Am\u00e9rica<\/a><\/li>\n<li><a href=\"https:\/\/www.serindigena.cl\/\" target=\"_blank\" rel=\"noopener noreferrer\">SerIndigena.CL<\/a><\/li>\n<li><a href=\"https:\/\/mexico.sil.org\/es\">SIL M\u00e9xico<\/a><\/li>\n<li><a href=\"https:\/\/www.sup-infor.com\/\" target=\"_blank\" rel=\"noopener noreferrer\">Sup-Infor: editorial de textos<\/a><\/li>\n<\/ul>\n<p>Lenguas<\/p>\n<ul>\n<li>Aymara\n<ul>\n<li><a href=\"https:\/\/bdpi.cultura.gob.pe\/\">Aimara | BDPI<\/a><\/li>\n<li><a href=\"https:\/\/es.wikipedia.org\/wiki\/Idioma_aimara\">Idioma aimara<\/a> &#8211; Wikipedia, la enciclopedia libre<\/li>\n<li><a href=\"http:\/\/www.memoriachilena.gob.cl\/602\/w3-article-93605.html\">Lengua aymara<\/a> &#8211; Memoria Chilena, Biblioteca Nacional de Chile<\/li>\n<li><a href=\"https:\/\/www.sorosoro.org\/es\/familia-de-lengua-aimara\/\">Familia de lengua aimara<\/a> &#8211; Sorosoro Sorosoro<\/li>\n<li><a href=\"https:\/\/www.aymara.org\/\" target=\"_blank\" rel=\"noopener noreferrer\">Aymara.org<\/a><\/li>\n<li><a href=\"http:\/\/www.proel.org\/index.php?pagina=mundo\/amerindia\/andinoec\/aymara\">Promotora Espa\u00f1ola de Ling\u00fc\u00edstica &#8211; Familia Aimara<\/a><\/li>\n<li><a href=\"https:\/\/www.pueblosoriginarios.gob.cl\/lenguas-indigenas-en-chile\/lengua-aymara\">Lengua aymara<\/a> | Subdirecci\u00f3n Nacional de Pueblos Originarios<\/li>\n<li><a href=\"https:\/\/www.ilcanet.org\/\">ILCA &#8211; Instituto de Lengua y Cultura Aymara<\/a><\/li>\n<li><a href=\"https:\/\/www.omniglot.com\/writing\/aymara.htm\">Omniglot<\/a><\/li>\n<\/ul>\n<\/li>\n<li>Guaran\u00ed\n<ul>\n<li><a href=\"https:\/\/acceso.ku.edu\/unidad8\/almanaque\/guarani.shtml\">El guaran\u00ed<\/a> | Acceso KU<\/li>\n<li><a href=\"https:\/\/es.wikipedia.org\/wiki\/Idioma_guaran%C3%AD\">Idioma guaran\u00ed<\/a> &#8211; Wikipedia, la enciclopedia libre<\/li>\n<li><a href=\"https:\/\/news.un.org\/es\/story\/2019\/02\/1451281\">La lengua guaran\u00ed, orgullo de un pa\u00eds<\/a> | Noticias ONU<\/li>\n<li><a href=\"https:\/\/www.staff.uni-mainz.de\/lustig\/guarani\/dicc\/woertlok.htm\" target=\"_blank\" rel=\"noopener noreferrer\">Diccionario guaran\u00ed interactivo<\/a><\/li>\n<li><a href=\"https:\/\/es.wikibooks.org\/wiki\/Guaran%C3%AD\">Guaran\u00ed<\/a> &#8211; Wikilibros<\/li>\n<\/ul>\n<\/li>\n<li>Mapuche\n<ul>\n<li><a href=\"https:\/\/www.mapuche.nl\/\">Diccionario espa\u00f1ol &#8211; mapuche<\/a><\/li>\n<\/ul>\n<\/li>\n<li>Mixteco\n<ul>\n<li><a href=\"https:\/\/es.wikipedia.org\/wiki\/Lenguas_otomangueanas\">Lenguas otomangues<\/a><\/li>\n<li><a href=\"https:\/\/es.wikipedia.org\/wiki\/Lenguas_mixtecas\">Lenguas mixtecas<\/a> &#8211; Wikipedia, la enciclopedia libre<\/li>\n<li><a href=\"http:\/\/sic.gob.mx\/ficha.php?table=inali_li&amp;table_id=59\">Mixteco : Lenguas ind\u00edgenas M\u00e9xico : Sistema de Informaci\u00f3n Cultural-Secretar\u00eda de Cultura<\/a><\/li>\n<li><a href=\"http:\/\/atlas.inpi.gob.mx\/4964-2\/\">Mixtecos \u2013 Lengua &#8211; Atlas de los Pueblos Ind\u00edgenas de M\u00e9xico. INPI<\/a><\/li>\n<li><a href=\"https:\/\/es.wiktionary.org\/wiki\/mixteco\">Wikcionario<\/a><\/li>\n<li><a href=\"https:\/\/es.wikipedia.org\/wiki\/Idioma_mixteco\">Wikipedia<\/a><\/li>\n<\/ul>\n<\/li>\n<li>Nahuatl\n<ul>\n<li><a href=\"https:\/\/es.wikipedia.org\/wiki\/N%C3%A1huatl\">N\u00e1huatl<\/a> &#8211; Wikipedia, la enciclopedia libre<\/li>\n<li><a href=\"https:\/\/es.wikipedia.org\/wiki\/Idioma_n%C3%A1huat\">Idioma n\u00e1huat<\/a> &#8211; Wikipedia, la enciclopedia libre<\/li>\n<li><a href=\"https:\/\/mexico.sil.org\/es\/lengua_cultura\/nahuatl\">Familia n\u00e1huatl<\/a> | SIL M\u00e9xico<\/li>\n<li><a href=\"http:\/\/www.mexica.net\/nahuatl\/literatusp.html\" target=\"_blank\" rel=\"noopener noreferrer\">Literatura nahua<\/a><\/li>\n<li><a href=\"http:\/\/www.elem.mx\/estgrp\/datos\/1363\">Literaturas en lengua n\u00e1huatl &#8211; Detalle de Est\u00e9ticas y Grupos &#8211; Enciclopedia de la Literatura en M\u00e9xico<\/a> &#8211; FLM &#8211; CONACULTA<\/li>\n<li><a href=\"https:\/\/bdpi.cultura.gob.pe\/lenguas\/nahua\">Nahua<\/a> | BDPI<\/li>\n<li><a href=\"http:\/\/sic.gob.mx\/ficha.php?table=inali_li&amp;table_id=5\">Nahuatl : Lenguas ind\u00edgenas M\u00e9xico : Sistema de Informaci\u00f3n Cultural-Secretar\u00eda de Cultura<\/a><\/li>\n<li><a href=\"https:\/\/www.turimexico.com\/mexico-y-su-historia\/los-aztecas\/la-lengua-nahuatl\/\">La Lengua N\u00e1huatl<\/a> &#8211; TuriMexico<\/li>\n<\/ul>\n<\/li>\n<li><b><a href=\"https:\/\/hlrnet.com\/sites\/alt164\/el-quechua-en-internet\/\" target=\"_blank\" rel=\"noopener noreferrer\">Quechua<\/a><\/b><\/li>\n<\/ul>\n<span class=\"last-modified-timestamp\">Feb 14, 2026 @ 8:19 pm<\/span>\n","protected":false},"excerpt":{"rendered":"<p>General Archive of Indigenous Languages of Latin America (AILLA) Base de datos de pueblos ind\u00edgenas u originales (BDPI) Diccionarios en l\u00ednea Aulex Pueblos Originarios de Am\u00e9rica SerIndigena.CL SIL M\u00e9xico Sup-Infor: editorial de textos Lenguas Aymara Aimara | BDPI Idioma aimara &#8211; Wikipedia, la enciclopedia libre Lengua aymara &#8211; Memoria Chilena,<\/p>\n","protected":false},"author":1,"featured_media":0,"parent":0,"menu_order":0,"comment_status":"closed","ping_status":"closed","template":"","meta":{"iawp_total_views":0,"footnotes":"","_wp_rev_ctl_limit":""},"class_list":["post-11772","page","type-page","status-publish","hentry"],"publishpress_future_action":{"enabled":false,"date":"2026-05-04 04:20:20","action":"change-status","newStatus":"draft","terms":[],"taxonomy":"","extraData":[]},"publishpress_future_workflow_manual_trigger":{"enabledWorkflows":[]},"_links":{"self":[{"href":"https:\/\/hlrnet.com\/sites\/alt164\/wp-json\/wp\/v2\/pages\/11772","targetHints":{"allow":["GET"]}}],"collection":[{"href":"https:\/\/hlrnet.com\/sites\/alt164\/wp-json\/wp\/v2\/pages"}],"about":[{"href":"https:\/\/hlrnet.com\/sites\/alt164\/wp-json\/wp\/v2\/types\/page"}],"author":[{"embeddable":true,"href":"https:\/\/hlrnet.com\/sites\/alt164\/wp-json\/wp\/v2\/users\/1"}],"replies":[{"embeddable":true,"href":"https:\/\/hlrnet.com\/sites\/alt164\/wp-json\/wp\/v2\/comments?post=11772"}],"version-history":[{"count":4,"href":"https:\/\/hlrnet.com\/sites\/alt164\/wp-json\/wp\/v2\/pages\/11772\/revisions"}],"predecessor-version":[{"id":27607,"href":"https:\/\/hlrnet.com\/sites\/alt164\/wp-json\/wp\/v2\/pages\/11772\/revisions\/27607"}],"wp:attachment":[{"href":"https:\/\/hlrnet.com\/sites\/alt164\/wp-json\/wp\/v2\/media?parent=11772"}],"curies":[{"name":"wp","href":"https:\/\/api.w.org\/{rel}","templated":true}]}}