{"id":11770,"date":"2018-04-19T17:10:53","date_gmt":"2018-04-19T17:10:53","guid":{"rendered":"http:\/\/hlrnet.com\/sites\/alt164\/?page_id=11770"},"modified":"2025-12-05T10:40:45","modified_gmt":"2025-12-05T10:40:45","slug":"instituciones-y-universidades","status":"publish","type":"page","link":"https:\/\/hlrnet.com\/sites\/alt164\/instituciones-y-universidades\/","title":{"rendered":"Instituciones y Universidades"},"content":{"rendered":"<ul>\n<li>Recursos\n<ul>\n<li><a href=\"https:\/\/www.bne.es\/\" target=\"_blank\" rel=\"noopener\">Biblioteca Nacional<\/a> (Madrid)<\/li>\n<li><a href=\"https:\/\/hispana.mcu.es\/\">Hispana<\/a>: directorio y recolector de recursos digitales<\/li>\n<li>El <a href=\"https:\/\/www.ine.es\/\" target=\"_blank\" rel=\"noopener\">Instituto Nacional de Estad\u00edstica<\/a> proporciona datos interesantes sobre la sociedad espa\u00f1ola actual.<\/li>\n<li>El <a href=\"https:\/\/www.cervantes.es\/\" target=\"_blank\" rel=\"noopener\">Instituto Cervantes<\/a> organiza los ex\u00e1menes de los Diplomas del espa\u00f1ol como lengua extranjera. Hay pruebas en l\u00ednea, adem\u00e1s de foros de discusi\u00f3n sobre did\u00e1ctica y gram\u00e1tica.<\/li>\n<li><a href=\"https:\/\/www.educacionyfp.gob.es\" target=\"_blank\" rel=\"noopener\">Ministerio de Educaci\u00f3n y Formaci\u00f3n Profesional<\/a> (Madrid)<\/li>\n<\/ul>\n<\/li>\n<li>Escuelas privadas\n<ul>\n<li><a href=\"https:\/\/www.fedele.org\/\">FEDELE &#8211; Federaci\u00f3n de escuelas de espa\u00f1ol lengua extranjera<\/a><\/li>\n<li><a href=\"https:\/\/www.spaansleren.nl\/\" target=\"_blank\" rel=\"noopener\">Spaans Leren Amsterdam<\/a><\/li>\n<li><a href=\"https:\/\/www.studyspanish.com\/\" target=\"_blank\" rel=\"noopener\">Study Spanish<\/a><\/li>\n<\/ul>\n<\/li>\n<li>Universidades\n<ul>\n<li><a href=\"https:\/\/www.stuveo.com\/\">Stuveo: buscador de grados universitarios<\/a><\/li>\n<li><a href=\"https:\/\/www.udima.es\/\">Universidad a Distancia de Madrid (UDIMA)<\/a><\/li>\n<li><a href=\"https:\/\/www.uam.es\/\" target=\"_blank\" rel=\"noopener\">Universidad Aut\u00f3noma de Madrid<\/a><\/li>\n<li><a href=\"https:\/\/www.nebrija.es\/\" target=\"_blank\" rel=\"noopener\">Universidad Antonio de Nebrija (Madrid)<\/a><\/li>\n<li><a href=\"https:\/\/www.ucm.es\/\" target=\"_blank\" rel=\"noopener\">Universidad Complutense de Madrid<\/a>\n<ul>\n<li><a href=\"https:\/\/eprints.ucm.es\/\">E-Prints Complutense<\/a><\/li>\n<\/ul>\n<\/li>\n<li><a href=\"https:\/\/www.uimp.es\/\" target=\"_blank\" rel=\"noopener\">Universidad Internacional Men\u00e9ndez Pelayo<\/a><\/li>\n<li><a href=\"https:\/\/www.unir.net\/\">Universidad Internacional de La Rioja<\/a><\/li>\n<li><a href=\"https:\/\/www.upc.es\/\" target=\"_blank\" rel=\"noopener\">Universidad Polit\u00e8cnica de Catalunya<\/a><\/li>\n<li><a href=\"https:\/\/www.upm.es\/\" target=\"_blank\" rel=\"noopener\">Universidad Polit\u00e9cnica de Madrid<\/a><\/li>\n<li><a href=\"https:\/\/www.uc3m.es\/\" target=\"_blank\" rel=\"noopener\">Universidad Carlos III de Madrid<\/a><\/li>\n<li><a href=\"https:\/\/www.ua.es\/\" target=\"_blank\" rel=\"noopener\">Universidad de Alicante<\/a><\/li>\n<li><a href=\"https:\/\/www.ual.es\/\" target=\"_blank\" rel=\"noopener\">Universidad de Almer\u00eda<\/a><\/li>\n<li><a href=\"https:\/\/www.ub.edu\/\" target=\"_blank\" rel=\"noopener\">Universidad de Barcelona<\/a><\/li>\n<li><a href=\"https:\/\/www.uca.es\/\" target=\"_blank\" rel=\"noopener\">Universidad de C\u00e1diz<\/a><\/li>\n<li><a href=\"https:\/\/www.uji.es\/\" target=\"_blank\" rel=\"noopener\">Universidad de Castell\u00f3n<\/a><\/li>\n<li><a href=\"https:\/\/www.uco.es\/\" target=\"_blank\" rel=\"noopener\">Universidad de C\u00f3rdoba<\/a><\/li>\n<li><a href=\"https:\/\/www.deusto.es\/\">Universidad de Deusto<\/a> (Bilbao)<\/li>\n<li><a href=\"https:\/\/www.unex.es\/\">Universidad de Extremadura<\/a><\/li>\n<li><a href=\"https:\/\/www.udg.edu\/\" target=\"_blank\" rel=\"noopener\">Universidad de Girona<\/a><\/li>\n<li><a href=\"https:\/\/www.ugr.es\/\" target=\"_blank\" rel=\"noopener\">Universidad de Granada<\/a><\/li>\n<li><a href=\"https:\/\/www.udl.es\/\" target=\"_blank\" rel=\"noopener\">Universidad de Lleida<\/a><\/li>\n<li><a href=\"https:\/\/www.uma.es\/\" target=\"_blank\" rel=\"noopener\">Universidad de M\u00e1laga<\/a><\/li>\n<li><a href=\"https:\/\/www.um.es\/\" target=\"_blank\" rel=\"noopener\">Universidad de Murcia<\/a><\/li>\n<li><a href=\"https:\/\/www.unavarra.es\/\" target=\"_blank\" rel=\"noopener\">Universidad de Navarra<\/a><\/li>\n<li><a href=\"https:\/\/www.uniovi.es\/\" target=\"_blank\" rel=\"noopener\">Universidad de Oviedo<\/a><\/li>\n<li><a href=\"https:\/\/www.usc.es\/\" target=\"_blank\" rel=\"noopener\">Universidad de Santiago de Compostela<\/a><\/li>\n<li><a href=\"https:\/\/www.uv.es\/\" target=\"_blank\" rel=\"noopener\">Universidad de Valencia<\/a><\/li>\n<li><a href=\"https:\/\/www.uvigo.es\/\" target=\"_blank\" rel=\"noopener\">Universidad de Vigo<\/a><\/li>\n<li><a href=\"https:\/\/www.unizar.es\/\" target=\"_blank\" rel=\"noopener\">Universidad de Zaragoza<\/a><\/li>\n<li><a href=\"https:\/\/www.url.edu\/\">Universitat Ramon Llull<\/a><\/li>\n<li><a href=\"https:\/\/www.urjc.es\/\">Universidad Rey Juan Carlos<\/a> (Aranjuez)<\/li>\n<li><a href=\"https:\/\/www.uned.es\/\" target=\"_blank\" rel=\"noopener\">Universidad Nacional de Educaci\u00f3n a Distancia<\/a><\/li>\n<li><a href=\"https:\/\/www.nebrija.com\/\">Universidad Nebrija<\/a><\/li>\n<\/ul>\n<\/li>\n<li>Relacionado\n<ul>\n<li><a href=\"https:\/\/www.csic.es\/\">CSIC: Consejo Superior de Investigaci\u00f3n Cient\u00edfica<\/a><\/li>\n<li><a href=\"https:\/\/www.rediris.es\/\" target=\"_blank\" rel=\"noopener\">RedIris<\/a><\/li>\n<li><a href=\"https:\/\/www.rebiun.org\/\">REBIUN : Red de bibliotecas universitarias<\/a><\/li>\n<li><a href=\"https:\/\/www.rau.edu.uy\/\" target=\"_blank\" rel=\"noopener\">Red Acad\u00e9mica del Uruguay<\/a><\/li>\n<li><a href=\"https:\/\/www.universia.es\/\">Universia<\/a>: portal de las universidades espa\u00f1olas<\/li>\n<\/ul>\n<\/li>\n<\/ul>\n<span class=\"last-modified-timestamp\">Dic 5, 2025 @ 10:40 am<\/span>\n","protected":false},"excerpt":{"rendered":"<p>Recursos Biblioteca Nacional (Madrid) Hispana: directorio y recolector de recursos digitales El Instituto Nacional de Estad\u00edstica proporciona datos interesantes sobre la sociedad espa\u00f1ola actual. El Instituto Cervantes organiza los ex\u00e1menes de los Diplomas del espa\u00f1ol como lengua extranjera. Hay pruebas en l\u00ednea, adem\u00e1s de foros de discusi\u00f3n sobre did\u00e1ctica y<\/p>\n","protected":false},"author":1,"featured_media":0,"parent":0,"menu_order":0,"comment_status":"closed","ping_status":"closed","template":"","meta":{"iawp_total_views":2,"footnotes":"","_wp_rev_ctl_limit":""},"class_list":["post-11770","page","type-page","status-publish","hentry"],"publishpress_future_action":{"enabled":false,"date":"2026-05-04 04:32:36","action":"change-status","newStatus":"draft","terms":[],"taxonomy":"","extraData":[]},"publishpress_future_workflow_manual_trigger":{"enabledWorkflows":[]},"_links":{"self":[{"href":"https:\/\/hlrnet.com\/sites\/alt164\/wp-json\/wp\/v2\/pages\/11770","targetHints":{"allow":["GET"]}}],"collection":[{"href":"https:\/\/hlrnet.com\/sites\/alt164\/wp-json\/wp\/v2\/pages"}],"about":[{"href":"https:\/\/hlrnet.com\/sites\/alt164\/wp-json\/wp\/v2\/types\/page"}],"author":[{"embeddable":true,"href":"https:\/\/hlrnet.com\/sites\/alt164\/wp-json\/wp\/v2\/users\/1"}],"replies":[{"embeddable":true,"href":"https:\/\/hlrnet.com\/sites\/alt164\/wp-json\/wp\/v2\/comments?post=11770"}],"version-history":[{"count":2,"href":"https:\/\/hlrnet.com\/sites\/alt164\/wp-json\/wp\/v2\/pages\/11770\/revisions"}],"predecessor-version":[{"id":27155,"href":"https:\/\/hlrnet.com\/sites\/alt164\/wp-json\/wp\/v2\/pages\/11770\/revisions\/27155"}],"wp:attachment":[{"href":"https:\/\/hlrnet.com\/sites\/alt164\/wp-json\/wp\/v2\/media?parent=11770"}],"curies":[{"name":"wp","href":"https:\/\/api.w.org\/{rel}","templated":true}]}}