{"id":11768,"date":"2018-04-19T17:10:13","date_gmt":"2018-04-19T17:10:13","guid":{"rendered":"http:\/\/hlrnet.com\/sites\/alt164\/?page_id=11768"},"modified":"2026-02-14T20:35:34","modified_gmt":"2026-02-14T20:35:34","slug":"la-lengua-espanola-en-internet","status":"publish","type":"page","link":"https:\/\/hlrnet.com\/sites\/alt164\/la-lengua-espanola-en-internet\/","title":{"rendered":"La lengua espa\u00f1ola en Internet"},"content":{"rendered":"<ul>\n<li>Pronunciaci\u00f3n &#8211; fon\u00e9tica y fonolog\u00eda\n<ul>\n<li><a href=\"https:\/\/foneticafonologia.blogspot.com.es\/\">Fon\u00e9tica y fonolog\u00eda<\/a><\/li>\n<li><a href=\"https:\/\/www.respublicae.net\/lengua\/silabas\/index.php\">Res Publica: Silabeador y Transcriptor Fon\u00e9tico y Fonol\u00f3gico<\/a><\/li>\n<li><a href=\"https:\/\/www.aucel.com\/pln\/transbase.html\">Transcriptor fon\u00e9tico autom\u00e1tico del espa\u00f1ol<\/a><\/li>\n<\/ul>\n<\/li>\n<li><a href=\"https:\/\/hlrnet.com\/sites\/alt164\/diccionarios-y-lexico\/\">Diccionarios &gt;&gt;<\/a><\/li>\n<li><a href=\"https:\/\/hlrnet.com\/sites\/alt164\/corpus\/\">Corpus &gt;&gt;<\/a><\/li>\n<li><a href=\"https:\/\/hlrnet.com\/sites\/alt164\/gramatica-y-dudas\/\">Gram\u00e1tica y dudas &gt;&gt;<\/a><\/li>\n<li><a href=\"https:\/\/hlrnet.com\/sites\/alt164\/asociaciones-de-profesores-ele-y-revistas-de-ele\/\">Asociaciones de profesores ELE y revistas de ELE &gt;&gt;<\/a><\/li>\n<li><a href=\"https:\/\/hlrnet.com\/sites\/alt164\/revistas-de-linguistica\/\">Revistas de ling\u00fc\u00edstica &gt;&gt;<\/a><\/li>\n<li>Consejer\u00edas de Educaci\u00f3n\n<ul>\n<li><a href=\"https:\/\/www.educacionfpydeportes.gob.es\/alemania\/portada.html\">Alemania<\/a><\/li>\n<li><a href=\"https:\/\/www.educacionfpydeportes.gob.es\/belgica\/portada.html\">B\u00e9lgica y Pa\u00edses Bajos<\/a><\/li>\n<li><a href=\"https:\/\/www.educacionfpydeportes.gob.es\/brasil\/oficinasycentros\/oficinas-educacion.html\">Brasil<\/a><\/li>\n<li><a href=\"https:\/\/www.educacionfpydeportes.gob.es\/francia\/portada.html\">Francia<\/a><\/li>\n<li><a href=\"https:\/\/www.educacionfpydeportes.gob.es\/mexico\/portada.html\">M\u00e9xico, Centroam\u00e9rica y Caribe<\/a><\/li>\n<\/ul>\n<\/li>\n<li><a href=\"https:\/\/hlrnet.com\/sites\/alt164\/materiales-de-clase\/\">Materiales &gt;&gt;<\/a><\/li>\n<li><a href=\"https:\/\/hlrnet.com\/sites\/alt164\/estudias-de-la-lengua\/\">Estudios de la lengua &gt;&gt;<\/a><\/li>\n<li><strong><a href=\"https:\/\/hlrnet.com\/sites\/alt164\/cursos-en-linea-sitios-para-aprendices\/\">Para estudiantes<\/a><\/strong><\/li>\n<li>Formaci\u00f3n de profesores\n<ul>\n<li><a href=\"https:\/\/www.alcalingua.com\/\">Alcalingua<\/a><\/li>\n<li><a href=\"https:\/\/cfp.cervantes.es\/\">Programa de formaci\u00f3n del Instituto Cervantes<\/a><\/li>\n<\/ul>\n<\/li>\n<li>Cursos\n<ul>\n<li><a href=\"https:\/\/www.eoi.es\/\">Escuela Oficial de Idiomas<\/a><\/li>\n<\/ul>\n<\/li>\n<li>Certificados\n<ul>\n<li><a href=\"https:\/\/cvc.cervantes.es\/aula\/dele\" target=\"_blank\" rel=\"noopener noreferrer\">DELE<\/a>: Certificado inicial, diploma basico, diploma superior. Con muestras de ex\u00e1menes.<\/li>\n<li><a href=\"https:\/\/modeloexamendele.com\/\">Modelo examen DELE<\/a><\/li>\n<li><a href=\"https:\/\/www.dele.org\/\" target=\"_blank\" rel=\"noopener noreferrer\">Dele.org<\/a><\/li>\n<li><a href=\"https:\/\/www.siele.org\/\">SIELE<\/a>: examen\/certificado adaptativo<\/li>\n<\/ul>\n<\/li>\n<li>Traducci\u00f3n\n<ul>\n<li><a href=\"https:\/\/www.aipti.org\/\">oti: asociaci\u00f3n internacional de la traducci\u00f3n y de la interpretaci\u00f3n<\/a><\/li>\n<li><a href=\"https:\/\/www.asetrad.org\/\">Asetrad: Asocaci\u00f3n espa\u00f1ola de traductores, correctores e int\u00e9rpretes<\/a><\/li>\n<li><a href=\"https:\/\/www.realiter.net\/\">Realiter: red panlatina de terminolog\u00eda<\/a><\/li>\n<\/ul>\n<\/li>\n<li>Otros\n<ul>\n<li><a href=\"https:\/\/terceragramatica.com\/\">3Gram<\/a>: mec\u00e1nica de la comunicaci\u00f3n<\/li>\n<li><a href=\"https:\/\/www.academia.org.mx\/\">Academia mexicana de la lengua<\/a><\/li>\n<li><a href=\"https:\/\/www.academiapr.org\/\">Academia puertorrique\u00f1a de la lengua<\/a><\/li>\n<li><a href=\"https:\/\/algarabia.com\/\">Algarab\u00eda<\/a><\/li>\n<li><a href=\"https:\/\/www.asale.org\/\">ASALE<\/a>: Asociaci\u00f3n de Academias de la Lengua Espa\u00f1ola<\/li>\n<li><a href=\"https:\/\/www.asilim.org\/\">Asilim: Asociaci\u00f3n para la Integraci\u00f3n Ling\u00fc\u00edstica del Inmigrante en Madrid<\/a><\/li>\n<li><a href=\"https:\/\/antoniodenebrija.elcastellano.org\/\">Asociaci\u00f3n cultural Antonio de Nebrija<\/a><\/li>\n<li><a href=\"https:\/\/atareados.blogspot.com\/\">Atareados<\/a>: cuaderno de bit\u00e1cora dedicado a las Tareas 2.0 en ELE elaborado por Emilia Conejo y la editorial Difusi\u00f3n<\/li>\n<li><a href=\"https:\/\/cvc.cervantes.es\/aula\/\" target=\"_blank\" rel=\"noopener noreferrer\">Aula de lengua (Instituto Cervantes)<\/a><\/li>\n<li><a href=\"https:\/\/aula-ele.blogspot.com\/\">Aula-ELE<\/a>: aula de espa\u00f1ol lengua espa\u00f1ola<\/li>\n<li><a href=\"https:\/\/www.aulaintercultural.org\/\">Aula Intercultural<\/a><\/li>\n<li><a href=\"https:\/\/www.blinklearning.com\/\">Blinklearning<\/a>: plataforma com\u00fan de editoriales<\/li>\n<li><a href=\"https:\/\/blog.lengua-e.com\/\">Blog de lengua<\/a><\/li>\n<li><a href=\"https:\/\/belinmorales.jimdo.com\/\">Clases de Cristina Morales<\/a><\/li>\n<li><a href=\"https:\/\/www.cervantesvirtual.com\/\" target=\"_blank\" rel=\"noopener noreferrer\">Biblioteca virtual Miguel de Cervantes<\/a><\/li>\n<li><a href=\"https:\/\/www.youtube.com\/channel\/UCbOeiqwzIjq8Z3spBDOQ6jw\/\">Blog de lengua (YT)<\/a><\/li>\n<li><a href=\"https:\/\/blog.lengua-e.com\/\">Blog de la lengua espa\u00f1ola<\/a><\/li>\n<li><a href=\"https:\/\/www.elcastellano.org\/\" target=\"_blank\" rel=\"noopener noreferrer\">El castellano: P\u00e1gina del Idioma Espa\u00f1ol<\/a><\/li>\n<li><a href=\"https:\/\/cela-ve.com\/\" target=\"_blank\" rel=\"noopener noreferrer\">CELA Isla Margarita<\/a>: test your Spanish online, some free on line lessons<\/li>\n<li><a href=\"https:\/\/www.clasedeele.es\/\">Clase de ELE<\/a><\/li>\n<li><a href=\"https:\/\/www.comunicativo.net\/\" target=\"_blank\" rel=\"noopener noreferrer\">Comunicativo.net<\/a>: Recursos de ELE, Para aprender espa\u00f1ol, Utilidades para profesores<\/li>\n<li><a href=\"https:\/\/www.cursosprofesoresespanol.com\/\">Cursosprofesoresespanol.com<\/a><\/li>\n<li><a href=\"https:\/\/www.luisdorrego.com\/\" target=\"_blank\" rel=\"noopener noreferrer\">Luis Dorrego<\/a><\/li>\n<li><a href=\"https:\/\/andreagavio.com\/\">Educar con idiomas<\/a><\/li>\n<li><a href=\"https:\/\/www.ejemplode.com\/\">ejemplode<\/a>: ejemplos da varias cosas, entre las cuales cartas y otros textos escritos<\/li>\n<li><a href=\"https:\/\/www.ejemplosde.com\/\">EjemploSde<\/a><\/li>\n<li><a href=\"https:\/\/www.eldigoras.com\/ling01basa03.html\" target=\"_blank\" rel=\"noopener noreferrer\">eld\u00edgoras<\/a>: recursos para la ense\u00f1anza de ELE<\/li>\n<li><a href=\"https:\/\/espanolenamerica.wordpress.com\/\">Espa\u00f1ol en Am\u00e9rica<\/a> (blog)<\/li>\n<li><a href=\"https:\/\/espanolparainmigrantes.wordpress.com\/\">Espa\u00f1ol para inmigrantes<\/a><\/li>\n<li><a href=\"https:\/\/www.knm.fi\/babelnet\/index.htm\" target=\"_blank\" rel=\"noopener noreferrer\">Espa\u00f1ol con Carlitos (Babelnet)<\/a><\/li>\n<li><a href=\"https:\/\/www.arcocomunicaciones.com\/fdle\/\" target=\"_blank\" rel=\"noopener noreferrer\">FDLE &#8211; Fomento y Difusi\u00f3n de la Lengua Espa\u00f1ola<\/a><\/li>\n<li><a href=\"https:\/\/fedele.org\/\">Fedele<\/a>: federaci\u00f3n de escuelas de espa\u00f1ol como lengua extranjera<\/li>\n<li><a href=\"https:\/\/www.fundacioncomillas.es\/\">Fundaci\u00f3n Comillas<\/a><\/li>\n<li><a href=\"https:\/\/gramaticaparacarmencita.com\/\">Gram\u00e1tica para Carmencita<\/a><\/li>\n<li><a href=\"https:\/\/pot-pourri.fltr.ucl.ac.be\/gra\/exercices\/default.htm\" target=\"_blank\" rel=\"noopener noreferrer\">Gram@clicando<\/a><\/li>\n<li><a href=\"https:\/\/www.hablandodeele.com\/\">Hablandodeele<\/a><\/li>\n<li><a href=\"http:\/\/www.hispanoteca.eu\/\">Hispanoteca<\/a> &#8211; Portal de lengua y cultura hispanas<\/li>\n<li><a href=\"https:\/\/www.holandalucia.com\/\">Holandaluc\u00eda<\/a><\/li>\n<li><a href=\"https:\/\/www.elhuevodechocolate.com\/\" target=\"_blank\" rel=\"noopener noreferrer\">El Huevo de chocolate<\/a>: acertijos, adivinanzas, canciones, chistes, cuentos, enlaces, f\u00e1bulas, juegos, mitolog\u00eda, juegos, poes\u00eda &#8230; para ni\u00f1os<\/li>\n<li><a href=\"https:\/\/bruselas.cervantes.es\/\">Instituto Cervantes de Bruselas\u00a0<\/a><\/li>\n<li><a href=\"https:\/\/linguriosa.com\/\">Linguriosa<\/a>: blog de una ling\u00fcista<\/li>\n<li><a href=\"https:\/\/makelele.wordpress.com\/\" target=\"_blank\" rel=\"noopener noreferrer\">Makel.ele<\/a>: blog de una profesora holandesa<\/li>\n<li><a href=\"https:\/\/sites.google.com\/site\/marcruzpinolub\/\">Mar Cruz Pi\u00f1ol<\/a><\/li>\n<li><a href=\"https:\/\/www.medicalspanish.com\/\">Medical Spanish<\/a><\/li>\n<li><a href=\"https:\/\/www.mundolatino.org\/\" target=\"_blank\" rel=\"noopener noreferrer\">Nuestro idioma de cada d\u00eda<\/a> (Mundo Latino)<\/li>\n<li><a href=\"https:\/\/oralitat.upf.edu\/es\/oralitat-herramientas-y-recursos-para-aprender-a-hablar-en-publico\/\">Oralitat: Herramientas y recursos educativos para aprender a hablar en p\u00fablico<\/a><\/li>\n<li><a href=\"https:\/\/profesoresdeele.org\/\">Profesores de ELE<\/a><\/li>\n<li><a href=\"https:\/\/www.rae.es\/\" target=\"_blank\" rel=\"noopener noreferrer\">Real Academia Espa\u00f1ola<\/a>\n<ul>\n<li><a href=\"https:\/\/addendaetcorrigenda.blogia.com\/\" target=\"_blank\" rel=\"noopener noreferrer\">Addenda &amp; Corrigenda<\/a>: un blog con propuestas de enmiendas<\/li>\n<\/ul>\n<\/li>\n<li><a href=\"file:\/\/\/C:\/Users\/hlr\/OneDrive\/-MAIN-\/somosortografiayliteratura.blogspot.com\">Somos ortograf\u00eda y literatura<\/a><\/li>\n<li><a href=\"https:\/\/www.spanisch-live.de\/\" target=\"_blank\" rel=\"noopener noreferrer\">Spanisch Live<\/a><\/li>\n<li><a href=\"https:\/\/www.spanishnewyork.com\/\" target=\"_blank\" rel=\"noopener noreferrer\">Spanish New York<\/a><\/li>\n<li><a href=\"https:\/\/tuercadepino.blogspot.be\/\">Tuerca de pino<\/a>: vivencias de una profesora de espa\u00f1ol en Londres<\/li>\n<li><a href=\"https:\/\/arantxatarrero.com\/\">Arantxa Terrero: Profesora de Lengua, Literatura, Comentario de Texto y Espa\u00f1ol para Extrajeros<\/a><\/li>\n<li><a href=\"https:\/\/rea.ccdmd.qc.ca\/ri\/aztecas\/\" target=\"_blank\" rel=\"noopener noreferrer\">Viaje al pasado: los aztecas<\/a> (los tiempos del pasado)<\/li>\n<li><a href=\"https:\/\/escabias.wordpress.com\/\">VidaELE<\/a>. un lugar donde compartir experiencias y recursos alternativos para la ense\u00f1anza de ELE<\/li>\n<li><a href=\"https:\/\/www.videoele.com\/\">VideoEle<\/a>: v\u00eddeos para aprender espa\u00f1ol lengua extranjera<\/li>\n<li><a href=\"https:\/\/search.yahoo.com\/search?p=learning+spanish\" target=\"_blank\" rel=\"noopener noreferrer\">Yahoo: learning Spanish<\/a> &#8211; para tener informaciones m\u00e1s actuales<\/li>\n<li><a href=\"https:\/\/zachary-jones.com\/zambombazo\/\">Zambombazo<\/a>: fun Spanish worksheets<\/li>\n<li><a href=\"https:\/\/www.zonaele.com\/\" target=\"_blank\" rel=\"noopener noreferrer\">Zona ELE<\/a><\/li>\n<\/ul>\n<\/li>\n<li>Variantes del espa\u00f1ol \/ otras lenguas espa\u00f1olas: <a href=\"https:\/\/www.lenguayprensa.uma.es\/\">Lengua y prensa<\/a> \/\u00a0 <a href=\"file:\/\/\/C:\/Users\/hlr\/OneDrive\/-MAIN-\/spbable.htm\">bable<\/a> &#8211; <a href=\"file:\/\/\/C:\/Users\/hlr\/OneDrive\/-MAIN-\/spcata.htm\">catal\u00e1n<\/a> &#8211; <a href=\"file:\/\/\/C:\/Users\/hlr\/OneDrive\/-MAIN-\/spgaleg.htm\">gallego<\/a> &#8211; <a href=\"file:\/\/\/C:\/Users\/hlr\/OneDrive\/-MAIN-\/speusk.htm\">euskera<\/a> \/ <a href=\"file:\/\/\/C:\/Users\/hlr\/OneDrive\/-MAIN-\/spindigena.htm\">lenguas ind\u00edgenas americanas<\/a>\n<ul>\n<li><a href=\"https:\/\/www.academiaaragonesadelalengua.org\/\">Academia aragonesa de la lengua<\/a><\/li>\n<li><a href=\"https:\/\/www.aragonesasi.com\/aragones\/index.php\" target=\"_blank\" rel=\"noopener noreferrer\">Arag\u00f3n es as\u00ed<\/a><\/li>\n<li><a href=\"https:\/\/www.consello.org\/\" target=\"_blank\" rel=\"noopener noreferrer\">Consello d&#8217;a Fabla Aragonesa<\/a><\/li>\n<li><a href=\"https:\/\/dialects.its.uiowa.edu\/\">Dialectos del espa\u00f1ol<\/a> (Univ. Iowa)<\/li>\n<li><a href=\"https:\/\/www.asale.org\/recursos\/diccionarios\/damer\">Diccionario de americanismos<\/a> (ASALE)<\/li>\n<li><a href=\"https:\/\/es.wikipedia.org\/wiki\/Idiomas_de_Espa%C3%B1a\/\">Idiomas de Espa\u00f1a<\/a> (Wikipedia)<\/li>\n<li><a href=\"https:\/\/www.jergasdehablahispana.org\/\" target=\"_blank\" rel=\"noopener noreferrer\">Jergas de habla hispana<\/a><\/li>\n<li><a href=\"http:\/\/www.proel.org\/\" target=\"_blank\" rel=\"noopener noreferrer\">Proel<\/a>: promotora espa\u00f1ola de ling\u00fc\u00edstica (para impulsar el desarrollo ling\u00fc\u00edstico de las lenguas minoritarias)<\/li>\n<li><a href=\"https:\/\/www.unionromani.org\/\" target=\"_blank\" rel=\"noopener noreferrer\">Uni\u00f3n roman\u00ed<\/a>: uni\u00f3n del pueblo gitano<\/li>\n<\/ul>\n<\/li>\n<li><a name=\"spanglish\"><\/a>El spanglish\n<ul>\n<li><a href=\"https:\/\/www.pocho.com\/\" target=\"_blank\" rel=\"noopener noreferrer\">Pocho<\/a><\/li>\n<li><a href=\"https:\/\/espanglishchat.com\/\" target=\"_blank\" rel=\"noopener noreferrer\">Spanglish Chat<\/a><\/li>\n<\/ul>\n<\/li>\n<li>El <a name=\"argot\"><\/a>argot [<a href=\"https:\/\/hlrnet.com\/sites\/alt164\/el-espanol-coloquial\/\">m\u00e1s sobre el espa\u00f1ol coloquial<\/a>]\n<ul>\n<li><a href=\"http:\/\/coloquialmente.com\/\">Coloquialmente<\/a><\/li>\n<li><a href=\"https:\/\/www.jergasdehablahispana.org\/\" target=\"_blank\" rel=\"noopener noreferrer\">Diccionario de argot de la droga<\/a><\/li>\n<li><a href=\"https:\/\/coloquial.es\/es\/\">Espa\u00f1ol coloquial<\/a><\/li>\n<li><a href=\"https:\/\/www.jergasdehablahispana.org\/\" target=\"_blank\" rel=\"noopener noreferrer\">Jergas de habla hispana<\/a><\/li>\n<li><a href=\"https:\/\/es.wikipedia.org\/wiki\/Lenguaje_soez\">Lenguaje soez<\/a> (Wikipedia)<\/li>\n<li><a href=\"https:\/\/erasmusv.wordpress.com\/lista-de-expresiones-espanolas\/\">Lista de expresiones<\/a><\/li>\n<\/ul>\n<\/li>\n<li>Insultos y palabras malsonantes\n<ul>\n<li><a href=\"https:\/\/pensamientocritico.wordpress.com\/2008\/04\/26\/modismos-y-expresiones-vulgares-linguisticas\/\">Modismos y expresiones vulgares ling\u00fc\u00edsticas<\/a><\/li>\n<li><a href=\"https:\/\/es.wiktionary.org\/wiki\/Categor%C3%ADa:ES:T%C3%A9rminos_malsonantes\">Wikcionario<\/a><\/li>\n<\/ul>\n<\/li>\n<li>Existen algunas listas dedicadas al espa\u00f1ol:\n<ul>\n<li><a href=\"https:\/\/www.rediris.es\/list\/info\/hispania.html\" target=\"_blank\" rel=\"noopener noreferrer\">Hispania<\/a><\/li>\n<li><a href=\"https:\/\/www.rediris.es\/list\/info\/traduccion.html\">Traducci\u00f3n<\/a><\/li>\n<li><a href=\"https:\/\/www.elcastellano.org\/palabra.php\">La palabra del d\u00eda<\/a><\/li>\n<\/ul>\n<\/li>\n<\/ul>\n<span class=\"last-modified-timestamp\">Feb 14, 2026 @ 8:35 pm<\/span>\n","protected":false},"excerpt":{"rendered":"<p>Pronunciaci\u00f3n &#8211; fon\u00e9tica y fonolog\u00eda Fon\u00e9tica y fonolog\u00eda Res Publica: Silabeador y Transcriptor Fon\u00e9tico y Fonol\u00f3gico Transcriptor fon\u00e9tico autom\u00e1tico del espa\u00f1ol Diccionarios &gt;&gt; Corpus &gt;&gt; Gram\u00e1tica y dudas &gt;&gt; Asociaciones de profesores ELE y revistas de ELE &gt;&gt; Revistas de ling\u00fc\u00edstica &gt;&gt; Consejer\u00edas de Educaci\u00f3n Alemania B\u00e9lgica y Pa\u00edses Bajos<\/p>\n","protected":false},"author":1,"featured_media":0,"parent":0,"menu_order":0,"comment_status":"closed","ping_status":"closed","template":"","meta":{"iawp_total_views":15,"footnotes":"","_wp_rev_ctl_limit":""},"class_list":["post-11768","page","type-page","status-publish","hentry"],"publishpress_future_action":{"enabled":false,"date":"2026-05-04 05:54:08","action":"change-status","newStatus":"draft","terms":[],"taxonomy":"","extraData":[]},"publishpress_future_workflow_manual_trigger":{"enabledWorkflows":[]},"_links":{"self":[{"href":"https:\/\/hlrnet.com\/sites\/alt164\/wp-json\/wp\/v2\/pages\/11768","targetHints":{"allow":["GET"]}}],"collection":[{"href":"https:\/\/hlrnet.com\/sites\/alt164\/wp-json\/wp\/v2\/pages"}],"about":[{"href":"https:\/\/hlrnet.com\/sites\/alt164\/wp-json\/wp\/v2\/types\/page"}],"author":[{"embeddable":true,"href":"https:\/\/hlrnet.com\/sites\/alt164\/wp-json\/wp\/v2\/users\/1"}],"replies":[{"embeddable":true,"href":"https:\/\/hlrnet.com\/sites\/alt164\/wp-json\/wp\/v2\/comments?post=11768"}],"version-history":[{"count":4,"href":"https:\/\/hlrnet.com\/sites\/alt164\/wp-json\/wp\/v2\/pages\/11768\/revisions"}],"predecessor-version":[{"id":27638,"href":"https:\/\/hlrnet.com\/sites\/alt164\/wp-json\/wp\/v2\/pages\/11768\/revisions\/27638"}],"wp:attachment":[{"href":"https:\/\/hlrnet.com\/sites\/alt164\/wp-json\/wp\/v2\/media?parent=11768"}],"curies":[{"name":"wp","href":"https:\/\/api.w.org\/{rel}","templated":true}]}}